{"id":6478,"date":"2019-06-12T23:02:21","date_gmt":"2019-06-12T23:02:21","guid":{"rendered":"https:\/\/en.yeeply.com\/?page_id=6478"},"modified":"2025-04-09T12:19:11","modified_gmt":"2025-04-09T10:19:11","slug":"note-legali","status":"publish","type":"page","link":"https:\/\/yeeply.com\/it\/note-legali\/","title":{"rendered":"Note legali"},"content":{"rendered":"\n<section class=\"wp-block-uagb-section uagb-section__wrap uagb-section__background-undefined alignwide uagb-block-bd50d8ca hero-legal\"><div class=\"uagb-section__overlay\"><\/div><div class=\"uagb-section__inner-wrap\">\n<h1 class=\"wp-block-heading has-text-align-center hero-legal\">Avviso Legale<\/h1>\n<\/div><\/section>\n\n\n\n<section class=\"wp-block-uagb-section uagb-section__wrap uagb-section__background-undefined uagb-block-27ebea4b section-full section-legal\"><div class=\"uagb-section__overlay\"><\/div><div class=\"uagb-section__inner-wrap\">\n<p><strong>Yeeply Mobile, S.L.<\/strong>\u00a0\u00e8 titolare del Codice fiscale B98487333, \u00e8 una societ\u00e0 di diritto spagnolo, iscritta nel Registro delle Imprese di di Madrid, pagina M-846084, IRUS: 100165942565, Sec. 8. Questa societ\u00e0 \u00e8 titolare del nome di dominio\u00a0<a href=\"https:\/\/www.yeeply.com\/\">www.yeeply.com<\/a>\u00a0(di seguito, il\u00a0<strong>\u201csito web\u201d<\/strong>).<\/p>\n\n\n\n<p class=\"legal-notice-anchors\"><strong>Indirizzo:<\/strong><\/p>\n\n\n\n<p>P\u00ba de la Castellana 259D<\/p>\n\n\n\n<p> Planta 18, Torre Emperador&nbsp; Madrid<\/p>\n\n\n\n<p class=\"legal-notice-anchors\">Telefono:\u00a0<a href=\"tel:+34912868220\">+34912868220<\/a><\/p>\n\n\n\n<p class=\"legal-notice-anchors\">E-mail:&nbsp;<a href=\"mailto:info@yeeply.com\">info@yeeply.com<\/a><\/p>\n\n\n\n<h2 class=\"wp-block-heading\">1. Condizioni Generali di Uso<\/h2>\n\n\n\n<p>1.1. L&#8217;utente accede volontariamente a questo sito web, il che implica che lo utilizzer\u00e0 in conformit\u00e0 con il presente avviso legale, la legge, la morale, la buona fede e\/o le buone abitudini.<\/p>\n\n\n\n<p>1.2. L&#8217;utilizzo di questo sito suppone l&#8217;accettazione di questo avviso legale.<\/p>\n\n\n\n<p>1.3. Le pagine web di questo sito possono essere visitate liberamente dagli utenti e non richiedono previa iscrizione o la registrazione degli utenti, tranne in caso di entrare in un\u2019area privata per professionisti o fornitori di servizi e clienti dove sar\u00e0 necessaria la creazione di un profilo e il corrispondente ottenimento di un nome di utente e una password.<\/p>\n\n\n\n<p>1.4. Yeeply Mobile, S.L. si riserva il diritto di modificare senza preavviso il contenuto di questo avviso legale, quindi, e per un corretto utilizzo del sito web, consigliamo di visitare periodicamente questa sezione.<\/p>\n\n\n\n<h2 class=\"wp-block-heading\">2. Propriet\u00e0 Intellettuale e Industriale<\/h2>\n\n\n\n<p>\u00a9 2019, Yeeply Mobile, S.L. Tutti i diritti riservati.<\/p>\n\n\n\n<p>2.1. Questo sito Web e i contenuti inclusi in esso: articoli, testi, immagini, loghi, marchi, pulsanti, software, ecc. sono protetti dalla legislazione vigente in materia di propriet\u00e0 industriale e intellettuale e sono di propriet\u00e0 di Yeeply Mobile, S.L. o di terzi che autorizzano il loro uso a Yeeply Mobile, S.L., essendo espressamente vietato lo sfruttamento senza l&#8217;autorizzazione di Yeeply Mobile, S.L.<\/p>\n\n\n\n<p>2.2. L&#8217;accesso a questo sito web non suppone, in nessun caso, l\u2019ottenimento da parte degli utenti di nessun diritto di propriet\u00e0 sui contenuti che figurano in esso.<\/p>\n\n\n\n<p>2.3. Yeeply Mobile, S.L. si riserva il diritto di modificare, aggiornare o cancellare qualsiasi contenuto di questo sito web, in qualsiasi momento e senza preavviso.<\/p>\n\n\n\n<p>2.4. Questi dati sono anche validi per la pagina fan di&nbsp;<a href=\"https:\/\/www.facebook.com\/YeeplyMobile\/\">https:\/\/www.facebook.com\/YeeplyMobile\/<\/a>, Twitter&nbsp;<a href=\"https:\/\/twitter.com\/Yeeply_it\">https:\/\/twitter.com\/Yeeply_it<\/a>, LinkedIn&nbsp;<a href=\"https:\/\/www.linkedin.com\/company\/yeeply\">https:\/\/www.linkedin.com\/company\/yeeply<\/a><\/p>\n\n\n\n<h2 class=\"wp-block-heading\">3. Limitazione della responsabilit\u00e0<\/h2>\n\n\n\n<p>3.1. Yeeply Mobile, S.L. si riserva il diritto di interrompere l&#8217;accesso al suo sito web, nonch\u00e9 alla fornitura di qualsiasi servizio tramite di esso in qualsiasi momento e senza preavviso, per motivi tecnici, di sicurezza, di manutenzione o per qualsiasi altra causa.<\/p>\n\n\n\n<p>3.2. Yeeply Mobile, S.L. non sar\u00e0 responsabile in caso di interruzione del servizio, ritardo o malfunzionamento, o altri inconvenienti avvenuti per cause al di fuori del controllo di Yeeply Mobile, S.L. e\/o dovuti a un&#8217;azione dolosa o colpevole da parte dall&#8217;utente e\/o originati per cause di forza maggiore.<\/p>\n\n\n\n<p>3.3. Le informazioni contenute in questo sito web potrebbero non essere corrette, nonostante gli sforzi effettuati per la loro accuratezza e il loro aggiornamento. Di conseguenza, Yeeply Mobile, S.L. non \u00e8 responsabile degli errori contenuti, n\u00e9 dei danni o le perdite derivanti dal suo utilizzo.<\/p>\n\n\n\n<p>3.4. Questo sito Web pu\u00f2 contenere collegamenti ad altri siti web del cui contenuto, utilit\u00e0 o accuratezza non pu\u00f2 essere ritenuta responsabile Yeeply Mobile, S.L. L&#8217;incorporazione di un collegamento in questo sito web non pu\u00f2 essere considerata una raccomandazione di uso agli utenti, la decisione di utilizzarli \u00e8 responsabilit\u00e0 di essi.<\/p>\n\n\n\n<p>3.5. Yeeply Mobile, S.L. non \u00e8 responsabile dei danni derivanti dall&#8217;uso di questo sito web o dei suoi contenuti, e non garantisce l&#8217;assenza di virus o l&#8217;impossibilit\u00e0 di causare danni ai sistemi informatici dell&#8217;utente.<\/p>\n\n\n\n<p>3.6. Yeeply Mobile, S.L. non \u00e8 responsabile del maluso che pu\u00f2 essere fatto di questo sito web.<\/p>\n\n\n\n<h2 class=\"wp-block-heading\">4. Legislazione Applicabile e Tribunali Competenti<\/h2>\n\n\n\n<p>4.1. Le condizioni di questo sito web e le relazioni tra l&#8217;utente e Yeeply Mobile, S.L. saranno regolate dalla legislazione e la giurisdizione spagnola.<\/p>\n\n\n\n<p>4.2. Per le eventuali discrepanze che possano sorgere tra l&#8217;utente e Yeeply Mobile, S.L. entrambe le parti si rivolgeranno alle Corti e i Tribunali della citt\u00e0 di Valencia (Spagna).<\/p>\n\n\n\n<h2 class=\"wp-block-heading\">5. Modifica e revisione<\/h2>\n\n\n\n<p>Yeeply Mobile, S.L. si riserva il diritto di rivedere e\/o modificare in ogni momento le presenti condizioni aggiornando il presente avviso legale. L&#8217;utente sar\u00e0 impegnato da tali revisioni, di conseguenza, raccomandiamo visitare periodicamente l&#8217;avviso legale per conoscere le condizioni vigenti in ogni momento.<\/p>\n\n\n\n<p>Nel caso in cui qualsiasi clausola di questo avviso legale sia annullata o ritenuta nulla, il resto delle condizioni non saranno colpite, e conserveranno pienamente la loro validit\u00e0 e vigenza, ai sensi della normativa vigente di applicazione in ogni momento.<\/p>\n\n\n\n<hr class=\"wp-block-separator has-css-opacity\"\/>\n\n\n\n<p>Ultimo aggiornamento: Marzo 2025<\/p>\n<\/div><\/section>\n","protected":false},"excerpt":{"rendered":"","protected":false},"author":35,"featured_media":0,"parent":0,"menu_order":0,"comment_status":"closed","ping_status":"closed","template":"","meta":{"inline_featured_image":false,"_uag_custom_page_level_css":"","footnotes":""},"categories":[],"class_list":["post-6478","page","type-page","status-publish","hentry"],"yoast_head":"<!-- This site is optimized with the Yoast SEO plugin v27.4 - https:\/\/yoast.com\/product\/yoast-seo-wordpress\/ -->\n<title>Note legali | Yeeply<\/title>\n<meta name=\"description\" content=\"Note legali\" \/>\n<meta name=\"robots\" content=\"noindex, follow\" \/>\n<meta property=\"og:locale\" content=\"it_IT\" \/>\n<meta property=\"og:type\" content=\"article\" \/>\n<meta property=\"og:title\" content=\"Note legali | Yeeply\" \/>\n<meta property=\"og:description\" content=\"Note legali\" \/>\n<meta property=\"og:url\" content=\"https:\/\/yeeply.com\/it\/note-legali\/\" \/>\n<meta property=\"og:site_name\" content=\"Yeeply\" \/>\n<meta property=\"article:publisher\" content=\"https:\/\/www.facebook.com\/YeeplyMobile\/\" \/>\n<meta property=\"article:modified_time\" content=\"2025-04-09T10:19:11+00:00\" \/>\n<meta name=\"twitter:card\" content=\"summary_large_image\" \/>\n<meta name=\"twitter:site\" content=\"@Yeeply_EN\" \/>\n<meta name=\"twitter:label1\" content=\"Tempo di lettura stimato\" \/>\n\t<meta name=\"twitter:data1\" content=\"4 minuti\" \/>\n<script type=\"application\/ld+json\" class=\"yoast-schema-graph\">{\"@context\":\"https:\\\/\\\/schema.org\",\"@graph\":[{\"@type\":\"WebPage\",\"@id\":\"https:\\\/\\\/yeeply.com\\\/it\\\/note-legali\\\/\",\"url\":\"https:\\\/\\\/yeeply.com\\\/it\\\/note-legali\\\/\",\"name\":\"Note legali | Yeeply\",\"isPartOf\":{\"@id\":\"https:\\\/\\\/yeeply.com\\\/it\\\/#website\"},\"datePublished\":\"2019-06-12T23:02:21+00:00\",\"dateModified\":\"2025-04-09T10:19:11+00:00\",\"description\":\"Note legali\",\"breadcrumb\":{\"@id\":\"https:\\\/\\\/yeeply.com\\\/it\\\/note-legali\\\/#breadcrumb\"},\"inLanguage\":\"it-IT\",\"potentialAction\":[{\"@type\":\"ReadAction\",\"target\":[\"https:\\\/\\\/yeeply.com\\\/it\\\/note-legali\\\/\"]}]},{\"@type\":\"BreadcrumbList\",\"@id\":\"https:\\\/\\\/yeeply.com\\\/it\\\/note-legali\\\/#breadcrumb\",\"itemListElement\":[{\"@type\":\"ListItem\",\"position\":1,\"name\":\"Home\",\"item\":\"https:\\\/\\\/yeeply.com\\\/it\\\/\"},{\"@type\":\"ListItem\",\"position\":2,\"name\":\"Note legali\"}]},{\"@type\":\"WebSite\",\"@id\":\"https:\\\/\\\/yeeply.com\\\/it\\\/#website\",\"url\":\"https:\\\/\\\/yeeply.com\\\/it\\\/\",\"name\":\"Yeeply\",\"description\":\"A platform for the development of digital projects\",\"publisher\":{\"@id\":\"https:\\\/\\\/yeeply.com\\\/it\\\/#organization\"},\"potentialAction\":[{\"@type\":\"SearchAction\",\"target\":{\"@type\":\"EntryPoint\",\"urlTemplate\":\"https:\\\/\\\/yeeply.com\\\/it\\\/?s={search_term_string}\"},\"query-input\":{\"@type\":\"PropertyValueSpecification\",\"valueRequired\":true,\"valueName\":\"search_term_string\"}}],\"inLanguage\":\"it-IT\"},{\"@type\":\"Organization\",\"@id\":\"https:\\\/\\\/yeeply.com\\\/it\\\/#organization\",\"name\":\"Yeeply\",\"url\":\"https:\\\/\\\/yeeply.com\\\/it\\\/\",\"logo\":{\"@type\":\"ImageObject\",\"inLanguage\":\"it-IT\",\"@id\":\"https:\\\/\\\/yeeply.com\\\/it\\\/#\\\/schema\\\/logo\\\/image\\\/\",\"url\":\"https:\\\/\\\/yeeply.com\\\/it\\\/wp-content\\\/uploads\\\/2019\\\/05\\\/logo_yeeply_black@2x.png\",\"contentUrl\":\"https:\\\/\\\/yeeply.com\\\/it\\\/wp-content\\\/uploads\\\/2019\\\/05\\\/logo_yeeply_black@2x.png\",\"width\":360,\"height\":120,\"caption\":\"Yeeply\"},\"image\":{\"@id\":\"https:\\\/\\\/yeeply.com\\\/it\\\/#\\\/schema\\\/logo\\\/image\\\/\"},\"sameAs\":[\"https:\\\/\\\/www.facebook.com\\\/YeeplyMobile\\\/\",\"https:\\\/\\\/x.com\\\/Yeeply_EN\",\"https:\\\/\\\/www.linkedin.com\\\/company\\\/yeeply\"]}]}<\/script>\n<!-- \/ Yoast SEO plugin. -->","yoast_head_json":{"title":"Note legali | Yeeply","description":"Note legali","robots":{"index":"noindex","follow":"follow"},"og_locale":"it_IT","og_type":"article","og_title":"Note legali | Yeeply","og_description":"Note legali","og_url":"https:\/\/yeeply.com\/it\/note-legali\/","og_site_name":"Yeeply","article_publisher":"https:\/\/www.facebook.com\/YeeplyMobile\/","article_modified_time":"2025-04-09T10:19:11+00:00","twitter_card":"summary_large_image","twitter_site":"@Yeeply_EN","twitter_misc":{"Tempo di lettura stimato":"4 minuti"},"schema":{"@context":"https:\/\/schema.org","@graph":[{"@type":"WebPage","@id":"https:\/\/yeeply.com\/it\/note-legali\/","url":"https:\/\/yeeply.com\/it\/note-legali\/","name":"Note legali | Yeeply","isPartOf":{"@id":"https:\/\/yeeply.com\/it\/#website"},"datePublished":"2019-06-12T23:02:21+00:00","dateModified":"2025-04-09T10:19:11+00:00","description":"Note legali","breadcrumb":{"@id":"https:\/\/yeeply.com\/it\/note-legali\/#breadcrumb"},"inLanguage":"it-IT","potentialAction":[{"@type":"ReadAction","target":["https:\/\/yeeply.com\/it\/note-legali\/"]}]},{"@type":"BreadcrumbList","@id":"https:\/\/yeeply.com\/it\/note-legali\/#breadcrumb","itemListElement":[{"@type":"ListItem","position":1,"name":"Home","item":"https:\/\/yeeply.com\/it\/"},{"@type":"ListItem","position":2,"name":"Note legali"}]},{"@type":"WebSite","@id":"https:\/\/yeeply.com\/it\/#website","url":"https:\/\/yeeply.com\/it\/","name":"Yeeply","description":"A platform for the development of digital projects","publisher":{"@id":"https:\/\/yeeply.com\/it\/#organization"},"potentialAction":[{"@type":"SearchAction","target":{"@type":"EntryPoint","urlTemplate":"https:\/\/yeeply.com\/it\/?s={search_term_string}"},"query-input":{"@type":"PropertyValueSpecification","valueRequired":true,"valueName":"search_term_string"}}],"inLanguage":"it-IT"},{"@type":"Organization","@id":"https:\/\/yeeply.com\/it\/#organization","name":"Yeeply","url":"https:\/\/yeeply.com\/it\/","logo":{"@type":"ImageObject","inLanguage":"it-IT","@id":"https:\/\/yeeply.com\/it\/#\/schema\/logo\/image\/","url":"https:\/\/yeeply.com\/it\/wp-content\/uploads\/2019\/05\/logo_yeeply_black@2x.png","contentUrl":"https:\/\/yeeply.com\/it\/wp-content\/uploads\/2019\/05\/logo_yeeply_black@2x.png","width":360,"height":120,"caption":"Yeeply"},"image":{"@id":"https:\/\/yeeply.com\/it\/#\/schema\/logo\/image\/"},"sameAs":["https:\/\/www.facebook.com\/YeeplyMobile\/","https:\/\/x.com\/Yeeply_EN","https:\/\/www.linkedin.com\/company\/yeeply"]}]}},"uagb_featured_image_src":{"full":false,"thumbnail":false,"medium":false,"medium_large":false,"large":false,"1536x1536":false,"2048x2048":false,"gform-image-choice-sm":false,"gform-image-choice-md":false,"gform-image-choice-lg":false},"uagb_author_info":{"display_name":"Lucia Bravo","author_link":"https:\/\/yeeply.com\/it\/author\/lucia-bravo\/"},"uagb_comment_info":0,"uagb_excerpt":null,"_links":{"self":[{"href":"https:\/\/yeeply.com\/it\/wp-json\/wp\/v2\/pages\/6478","targetHints":{"allow":["GET"]}}],"collection":[{"href":"https:\/\/yeeply.com\/it\/wp-json\/wp\/v2\/pages"}],"about":[{"href":"https:\/\/yeeply.com\/it\/wp-json\/wp\/v2\/types\/page"}],"author":[{"embeddable":true,"href":"https:\/\/yeeply.com\/it\/wp-json\/wp\/v2\/users\/35"}],"replies":[{"embeddable":true,"href":"https:\/\/yeeply.com\/it\/wp-json\/wp\/v2\/comments?post=6478"}],"version-history":[{"count":4,"href":"https:\/\/yeeply.com\/it\/wp-json\/wp\/v2\/pages\/6478\/revisions"}],"predecessor-version":[{"id":15175,"href":"https:\/\/yeeply.com\/it\/wp-json\/wp\/v2\/pages\/6478\/revisions\/15175"}],"wp:attachment":[{"href":"https:\/\/yeeply.com\/it\/wp-json\/wp\/v2\/media?parent=6478"}],"wp:term":[{"taxonomy":"category","embeddable":true,"href":"https:\/\/yeeply.com\/it\/wp-json\/wp\/v2\/categories?post=6478"}],"curies":[{"name":"wp","href":"https:\/\/api.w.org\/{rel}","templated":true}]}}