{"id":6237,"date":"2019-05-27T14:43:57","date_gmt":"2019-05-27T14:43:57","guid":{"rendered":"https:\/\/en.yeeply.com\/?page_id=6237"},"modified":"2025-04-09T12:21:24","modified_gmt":"2025-04-09T10:21:24","slug":"politica-di-privacy","status":"publish","type":"page","link":"https:\/\/yeeply.com\/it\/politica-di-privacy\/","title":{"rendered":"Politica sulla Privacy"},"content":{"rendered":"\n<section class=\"wp-block-uagb-section uagb-section__wrap uagb-section__background-undefined alignfull uagb-block-19390a91 hero-legal\"><div class=\"uagb-section__overlay\"><\/div><div class=\"uagb-section__inner-wrap\">\n<h1 class=\"wp-block-heading has-text-align-center\">Politica sulla Privacy<\/h1>\n<\/div><\/section>\n\n\n\n<section class=\"wp-block-uagb-section uagb-section__wrap uagb-section__background-undefined uagb-block-d167c1ce section-full section-legal\"><div class=\"uagb-section__overlay\"><\/div><div class=\"uagb-section__inner-wrap\">\n<p>Yeeply Mobile, S.L. (di seguito, denominata collettivamente e indistintamente&nbsp;<strong>&#8220;Yeeply&#8221;<\/strong>,&nbsp;<strong>&#8220;noi&#8221;<\/strong>,&nbsp;<strong>&#8220;nostro&#8221;<\/strong>&nbsp;o&nbsp;<strong>&#8220;ci&#8221;<\/strong>), \u00e8 una societ\u00e0 il cui obiettivo \u00e8 la ricerca e la selezione del professionista o del fornitore di servizi pi\u00f9 idoneo per incaricarsi dello sviluppo dei progetti concreti richiesti dai suoi clienti.<\/p>\n\n\n\n<p>Consideriamo importante la privacy delle persone, sia dei visitatori del nostro sito web&nbsp;<a href=\"https:\/\/www.yeeply.com\/\">www.yeeply.com<\/a>&nbsp;(di seguito, il&nbsp;<strong>&#8220;sito web&#8221;<\/strong>) che di qualsiasi altra persona interessata che ci fornisca informazioni attraverso di esso, i cui dati siano trattati da Yeeply come parte della fornitura di servizi (di seguito e congiuntamente,&nbsp;<strong>&#8220;voi&#8221;<\/strong>&nbsp;o&nbsp;<strong>&#8220;utente&#8221;<\/strong>&nbsp;e in plurale,&nbsp;<strong>&#8220;voi&#8221;<\/strong>&nbsp;o&nbsp;<strong>&#8220;utenti&#8221;<\/strong>). In questo senso, Yeeply si impegna a trattare i dati dell&#8217;utente in conformit\u00e0 con la normativa applicabile sulla protezione dei dati personali e in vigore in ogni momento. In particolare, Yeeply rispetter\u00e0 le premesse stabilite nel Regolamento (UE) 2016\/679 del Parlamento Europeo e del Consiglio, del 27 aprile 2016, sulla protezione delle persone fisiche con riguardo al trattamento dei dati personali e la libera la diffusione di questi dati, che abroga la Direttiva 95\/46\/CE, la Legge Organica 3\/2019, del 5 dicembre, sulla protezione dei dati personali e la garanzia dei diritti digitali, nonch\u00e9 quei regolamenti correlati, e qualsiasi altro, di applicazione in vigore in ogni momento.<\/p>\n\n\n\n<p>Pertanto, Yeeply informa sulla sua Politica sulla Privacy, al fine di rendere consapevoli gli utenti sul trattamento dei loro dati, nonch\u00e9 sui principi fondamentali della protezione dei dati personali che applica. Nonostante ci\u00f2, alcuni servizi forniti o che possono essere forniti in futuro nel sito web potrebbero contenere condizioni di utilizzo particolari con disposizioni in materia di protezione dei dati personali che prevalgono su questa Politica sulla Privacy.<\/p>\n\n\n\n<p>In questo senso, invitiamo tutti gli utenti a leggere attentamente la presente Politica sulla Privacy al fine di essere informati sulle regole e le pratiche che abbiamo sviluppato per proteggere i dati personali e per conoscere meglio i nostri rapporti con terzi che potrebbero avere accesso a tali dati.<\/p>\n\n\n\n<p>In ogni caso, l&#8217;utente \u00e8 l&#8217;unico responsabile delle informazioni che fornisce nel sito web e se in futuro Yeeply desidera utilizzarle per scopi diversi da quelli indicati, vi informeremo di questi nuovi scopi e chiederemo il vostro consenso, se necessario.<\/p>\n\n\n\n<p>Quando utilizza il nostro sito web, l\u2019utente ammette che ha letto e accetta la nostra Politica sulla Privacy e il nostro Avviso Legale e Politica di Cookies.<\/p>\n\n\n\n<h2 class=\"wp-block-heading\">1. Chi \u00e8 il responsabile del trattamento?<\/h2>\n\n\n\n<p>Dati di contatto del responsabile del trattamento: Yeeply Mobile, S.L., con NIF (Codice Fiscale) numero B98487333 e domicilio in in Calle Abetos, 39, 28223 Pozuelo de Alarc\u00f3n-Madrid (Spagna), E-mail:\u00a0<a href=\"mailto:privacy@yeeply.com\">privacy@yeeply.com<\/a>.<\/p>\n\n\n\n<h2 class=\"wp-block-heading\">2. Quali sono i diritti di protezione dei dati degli utenti?<\/h2>\n\n\n\n<p>Gli utenti possono chiedere i seguenti diritti:<\/p>\n\n\n\n<ul class=\"wp-block-list\">\n<li>Diritto di chiedere l&#8217;accesso ai dati personali: potrete chiedere a Yeeply se sta trattando i vostri dati e, in caso affermativo, acceder a essi.<\/li>\n\n\n\n<li>Diritto di chiedere la loro rettifica se i dati sono inesatti, o completare i dati incompleti.<\/li>\n\n\n\n<li>Diritto di chiedere la cancellazione dei vostri dati.<\/li>\n\n\n\n<li>Diritto di chiedere la limitazione del loro trattamento: in questo caso li conserveremo soltanto per l&#8217;esercizio o la difesa dei reclami.<\/li>\n\n\n\n<li>Diritto di opporsi al trattamento: Yeeply non utilizzer\u00e0 i dati personali, tranne quando essi debbano continuare a essere trattati per motivi legittimi o per l&#8217;esercizio o la difesa di possibili reclami.<\/li>\n\n\n\n<li>Diritto alla portabilit\u00e0 dei dati: nel caso in cui l&#8217;utente desideri che i suoi dati vengano trattati da un altro responsabile del trattamento, Yeeply faciliter\u00e0 il trasferimento dei suoi dati al nuovo responsabile.<\/li>\n\n\n\n<li>Diritto di non essere oggetto di una decisione basata esclusivamente sul trattamento automatizzato dei dati personali.<\/li>\n<\/ul>\n\n\n\n<p>Se l&#8217;utente ha dato il suo consenso per uno scopo specifico, potr\u00e0 ritirare questo consenso quando lo desidera, senza che questo incida sulla legalit\u00e0 del trattamento basato sul consenso prima del suo ritiro.<\/p>\n\n\n\n<p>Per esercitare i propri diritti, gli utenti dovranno inviare una comunicazione scritta alla sede legale di Yeeply o all&#8217;indirizzo e-mail indicato nella sezione 1 di questa Politica sulla Privacy, includendo in entrambi i casi una fotocopia del loro documento d\u2019identit\u00e0 o altro documento di identificazione equivalente.<\/p>\n\n\n\n<h2 class=\"wp-block-heading\">3. Come si pu\u00f2 presentare un reclamo all&#8217;Agenzia spagnola per la Protezione dei Dati?<\/h2>\n\n\n\n<p>Il proprietario dei dati pu\u00f2 utilizzare i modelli e i formulari sui diritti di cui al punto precedente presenti sul sito ufficiale dell&#8217;Agenzia Spagnola per la Protezione dei Dati (<a href=\"http:\/\/www.agpd.es\/portalwebAGPD\/CanalDelCiudadano\/ejercicio_derechos\/index-ides-idphp.php\">http:\/\/www.agpd.es\/portalwebAGPD\/CanalDelCiudadano\/ejercicio_derechos\/index-ides-idphp.php<\/a>).<\/p>\n\n\n\n<p>Reclamo all&#8217;Autorit\u00e0 di Controllo: se ritenete che Yeeply sta trattando i vostri dati personali in modo inappropriato, potete indirizzare i vostri reclami a Yeeply o all&#8217;Autorit\u00e0 di Controllo corrispondente. In Spagna dovete indirizzarli all&#8217;Agenzia Spagnola per la Protezione dei Dati.<\/p>\n\n\n\n<h2 class=\"wp-block-heading\">4. In che casi raccogliamo dati personali su di voi e di che tipo sono?<\/h2>\n\n\n\n<p>In base alla presente Politica sulla Privacy, vengono considerati &#8220;dati personali&#8221; qualsiasi informazione che vi identifichi o che possa essere utilizzata per identificarvi, per esempio il nome, l\u2019indirizzo, il numero di telefono o l\u2019indirizzo e-mail.<\/p>\n\n\n\n<p>Se decidete di fornirci i vostri dati personali, Yeeply potr\u00e0 usare i dati che figurano in ognuno dei modelli che compilerete o quelli che fornirete nei diversi conti di posta elettronica che Yeeply metta a vostra disposizione per mettervi in contatto con noi.<\/p>\n\n\n\n<p>Questi dati vengono trattati quando interagite con Yeeply; quando partecipate o se chiedete di partecipare ad attivit\u00e0 vincolate a Yeeply, come la fornitura di servizi; quando interagite con il sito web e vi chiede di fornire informazioni personali, come descritto nella presente Politica sulla Privacy; quando vi iscrivete nel nostro sito web.<\/p>\n\n\n\n<h2 class=\"wp-block-heading\">5. Come utilizziamo i dati personali degli utenti?<\/h2>\n\n\n\n<p>Yeeply comunica agli utenti in questione che i dati personali che ci forniscono e che otteniamo saranno trattati sotto la responsabilit\u00e0 di Yeeply, essendo utilizzati ai fini di:<\/p>\n\n\n\n<ul class=\"wp-block-list\">\n<li>Rispondere alle domande o richieste di informazioni che possano fare gli utenti del sito web;<\/li>\n\n\n\n<li>Fornire i nostri servizi, secondo le condizioni stabilite tra Yeeply e gli utenti del sito web in ogni caso;<\/li>\n\n\n\n<li>Nel caso in cui abbiate segnato la casella corrispondente per questi fini, tenervi informati tramite l\u2019invio di notifiche\/newsletter via e-mail e\/o altri mezzi elettronici, il cui contenuto tratter\u00e0 principalmente sui nostri servizi e attivit\u00e0, progetti, aggiornamenti o nuove caratteristiche e funzioni del nostro sito web.<\/li>\n\n\n\n<li>Nel caso in cui ci inviate il vostro CV, per poter gestire i nostri processi di selezione del personale in base ai dati personali che ci avrete fornito.<\/li>\n\n\n\n<li>Utilizzarli per qualsiasi altro scopo richiesto o consentito dalla legislazione applicabile o per il quale abbiate dato il vostro consenso.<\/li>\n<\/ul>\n\n\n\n<h2 class=\"wp-block-heading\">6. Perch\u00e9 trattiamo i vostri dati personali?<\/h2>\n\n\n\n<p>Yeeply pu\u00f2 trattare i vostri dati personali in base a una delle seguenti basi legali: (a) fini commerciali legittimi; (b) quando abbiate dato il vostro consenso; (c) se \u00e8 necessario per adempiere agli obblighi legali di Yeeply e (d) se \u00e8 necessario per l&#8217;adempimento di un contratto di cui siate parte.<\/p>\n\n\n\n<h2 class=\"wp-block-heading\">7. Chi pu\u00f2 accedere ai vostri dati personali?<\/h2>\n\n\n\n<p>A seconda dei fini per cui vengono raccolte le informazioni personali, possono accedere a queste informazioni, indistintamente, le seguenti persone:<\/p>\n\n\n\n<ul class=\"wp-block-list\">\n<li>Personale autorizzato di Yeeply o dei suoi rappresentanti agenti in nome di Yeeply, fatte salve le leggi di protezione dei dati applicabili;<\/li>\n\n\n\n<li>Autorit\u00e0 di regolamentazione o altri soggetti terzi in conformit\u00e0 con le leggi applicabili;<\/li>\n\n\n\n<li>Terzi (fornitori di servizi che trattano le informazioni come responsabili del trattamento dei dati, sotto le istruzioni di Yeeply). Tutto questo solo dopo aver applicato le misure necessarie per garantire che possiamo condividere queste informazioni in conformit\u00e0 con le leggi applicabili sulla protezione dei dati.<\/li>\n<\/ul>\n\n\n\n<p>Yeeply comunicher\u00e0 i vostri dati a terzi ai sensi degli obblighi legali che corrispondano in ogni caso.<\/p>\n\n\n\n<p>Inoltre, in determinati casi, e sempre a condizione che abbiamo ottenuto il vostro consenso preventivo e specifico, Yeeply vi informer\u00e0 che i vostri dati potranno essere comunicati al resto delle societ\u00e0 del vostro gruppo per i fini determinati in ogni caso. Anche a quegli enti finanziari e\/o di credito con i quali Yeeply abbia un accordo per l&#8217;ottenimento dei crediti ipotecari a condizioni vantaggiose per i clienti di Yeeply.<\/p>\n\n\n\n<h2 class=\"wp-block-heading\">8. Dove vengono trattati i vostri dati personali?<\/h2>\n\n\n\n<p>Yeeply non far\u00e0 dei trasferimenti di dati personali fuori dello Spazio Economico Europeo (SEE). Nel caso in cui tali trasferimenti vengano effettuati, Yeeply lo far\u00e0 dentro del rispetto delle leggi applicabili sulla protezione dei dati. Indipendentemente dal luogo dove vengano raccolti o elaborati i vostri dati personali, Yeeply provvede e garantisce che i fornitori di servizi manterranno le misure amministrative, tecniche e fisiche appropriate per proteggere le informazioni su di voi.<\/p>\n\n\n\n<p>Per ulteriori informazioni sull&#8217;uso dei modelli di contratto da parte di Yeeply, vi preghiamo di contattare con noi a&nbsp;<a href=\"mailto:privacy@yeeply.com\">privacy@yeeply.com<\/a>.<\/p>\n\n\n\n<h2 class=\"wp-block-heading\">9. Come proteggiamo i vostri dati personali?<\/h2>\n\n\n\n<p>Abbiamo implementato le misure tecniche necessarie per proteggere i dati e le informazioni da perdite accidentali, accesso, utilizzo e divulgazione non autorizzati. Tuttavia, nonostante l\u2019attuazione diligente di tali misure, l&#8217;utente deve sapere che le misure di sicurezza non sono inespugnabili. Yeeply non \u00e8 responsabile per le attuazioni di terzi che, violando queste misure, accedano ai suddetti dati e informazioni.<\/p>\n\n\n\n<h2 class=\"wp-block-heading\">10. Durante quanto tempo conserveremmo i vostri dati personali?<\/h2>\n\n\n\n<p>Yeeply tratta i vostri dati personali durante il periodo necessario per adempire i fini stabiliti nella presente Politica sulla Privacy, nonch\u00e9 per conservare le vostre informazioni personali ai sensi delle disposizioni delle leggi e delle normative pertinenti.<\/p>\n\n\n\n<p>Il criterio che seguiamo per questo viene determinato da:<\/p>\n\n\n\n<ul class=\"wp-block-list\">\n<li>Lo scopo dei dati raccolti e il compimento di tale fine.<\/li>\n\n\n\n<li>Le ragioni per le quali i dati vengono raccolti: ad esempio, in caso di consenso, potete revocarlo in qualsiasi momento.<\/li>\n\n\n\n<li>I dati personali dei candidati nei processi di selezione (la vita privataCV) sono conservati come regola generale per un massimo di dodici (12) mesi dalla fine di ogni procedura, a meno che l\u2019 interessato non rinnovi la sua autorizzazione per conservarli per un periodo superiore.<\/li>\n\n\n\n<li>Termini di conservazione obbligatori secondo i requisiti contrattuali e legali.<\/li>\n<\/ul>\n\n\n\n<p>Tenete presente che in alcuni casi Yeeply \u00e8 obbligato a conservare determinate informazioni su di voi.<\/p>\n\n\n\n<h2 class=\"wp-block-heading\">11. Riservatezza<\/h2>\n\n\n\n<p>I professionisti che lavorano in Yeeply e che hanno alcun tipo di intervento nei servizi forniti all&#8217;utente, si impegnano a non divulgare o utilizzare le informazioni a cui hanno accesso. Le informazioni fornite dall&#8217;utente saranno, in ogni caso, considerate riservate, e non potranno essere utilizzate per scopi diversi da quelli relativi alla gestione delle loro richieste e ai servizi contrattati a Yeeply, se del caso. In questo senso, ci impegniamo a non divulgare n\u00e9 rivelare informazioni sull&#8217;utente.<\/p>\n\n\n\n<h2 class=\"wp-block-heading\">12. Marketing diretto<\/h2>\n\n\n\n<p>Non useremo i dati personali degli utenti per fini di marketing diretto senza avere prima il loro consenso.<\/p>\n\n\n\n<p>Se in qualsiasi momento decidete di smettere di ricevere informazioni commerciali o promozionali da Yeeply, potete, senza costi aggiuntivi e senza dover fornire una giustificazione, annullare l&#8217;iscrizione alle campagne di marketing diretto e opporvi al trattamento futuro dei dati personali per i suddetti fini inviandoci un\u2019e-mail a&nbsp;<a href=\"mailto:privacy@yeeply.com\">privacy@yeeply.com<\/a>&nbsp;o premendo il tasto &#8220;opt-out&#8221; (annullare l&#8217;iscrizione) nell&#8217;oggetto dell&#8217;e-mail. Potete inoltre utilizzare la procedura di annullamento dell&#8217;iscrizione fornita in qualsiasi messaggio promozionale ricevuto da Yeeply.<\/p>\n\n\n\n<p>Tenete presente che, anche se decidete di non iscrivervi o di annullare l&#8217;iscrizione alle e-mail promozionali o alle newsletter, \u00e8 comunque possibile che dobbiamo contattarvi in riferimento a informazioni importanti di tipo non commerciale, come la risoluzione di problemi, il rilevamento o la prevenzione di errori.<\/p>\n\n\n\n<h2 class=\"wp-block-heading\">13. Presa di decisioni automatizzata<\/h2>\n\n\n\n<p>Non useremo processi di presa di decisioni automatizzati, inclusa la elaborazione di profili (profiling), a meno che non vi autorizzate esplicitamente a farlo. In questo caso, vi informeremo sulla logica utilizzata nella presa di decisioni, nonch\u00e9 sul significato e le conseguenze previste di questo trattamento per voi.<\/p>\n\n\n\n<h2 class=\"wp-block-heading\">14. Collegamenti ad altri siti web<\/h2>\n\n\n\n<p>Nei siti web di Yeeply ci sono o potrebbero esserci collegamenti ad altri siti web che consideriamo potenzialmente utili e informativi per voi. Tuttavia, abbiate presente che non guarantiamo o raccomandiamo il contenuto o i servizi dei suddetti siti web, n\u00e9 siamo responsabili delle loro politiche sulla privacy. E&#8217; imporante che vengano lette le politiche sulla privacy di tutti i siti che visitate . Ricordate che quanto indicato in questa Politica sulla Privacy si applica soltanto ai dati raccolti e\/o trattati da Yeeply.<\/p>\n\n\n\n<h2 class=\"wp-block-heading\">15. Modifiche e integrit\u00e0 della nostra Politica sulla Privacy<\/h2>\n\n\n\n<p>Utilizzeremo i vostri dati personali solo come stabilito nella Politica sulla Privacy in vigore al momento della raccolta dei vostri dati personali. Yeeply si riserva il diritto di modificare la presente Politica sulla Privacy in qualsiasi momento, pubblicando tali modifiche sul nostro sito web, e quindi vi consigliamo di visitarla ogni volta che accedete alla Politica sulla Privacy. Se in qualsiasi momento decidiamo di utilizzare i dati personali in un modo diverso a quanto dichiarato al momento del loro ottenimento, vi informeremo via e-mail, a condizione che abbiamo il vostro e-mail. A quel caso, vi daremo la possibilit\u00e0 di autorizzare altri usi o divulgazioni dei dati personali che ci avete forniti prima della modifica della nostra Politica sulla Privacy.<\/p>\n\n\n\n<hr class=\"wp-block-separator has-css-opacity\"\/>\n\n\n\n<p>Ultimo aggiornamento: Marzo 2025<\/p>\n<\/div><\/section>\n","protected":false},"excerpt":{"rendered":"","protected":false},"author":35,"featured_media":0,"parent":0,"menu_order":0,"comment_status":"closed","ping_status":"closed","template":"","meta":{"inline_featured_image":false,"_uag_custom_page_level_css":"","footnotes":""},"categories":[],"class_list":["post-6237","page","type-page","status-publish","hentry"],"yoast_head":"<!-- This site is optimized with the Yoast SEO plugin v27.3 - https:\/\/yoast.com\/product\/yoast-seo-wordpress\/ -->\n<title>Politica di Privacy - Yeeply<\/title>\n<meta name=\"description\" content=\"Politica di Privacy e di protezione dei dati della piattaforma Yeeply.\" \/>\n<meta name=\"robots\" content=\"noindex, follow\" \/>\n<meta property=\"og:locale\" content=\"it_IT\" \/>\n<meta property=\"og:type\" content=\"article\" \/>\n<meta property=\"og:title\" content=\"Politica di Privacy - Yeeply\" \/>\n<meta property=\"og:description\" content=\"Politica di Privacy e di protezione dei dati della piattaforma Yeeply.\" \/>\n<meta property=\"og:url\" content=\"https:\/\/yeeply.com\/it\/politica-di-privacy\/\" \/>\n<meta property=\"og:site_name\" content=\"Yeeply\" \/>\n<meta property=\"article:publisher\" content=\"https:\/\/www.facebook.com\/YeeplyMobile\/\" \/>\n<meta property=\"article:modified_time\" content=\"2025-04-09T10:21:24+00:00\" \/>\n<meta name=\"twitter:card\" content=\"summary_large_image\" \/>\n<meta name=\"twitter:site\" content=\"@Yeeply_EN\" \/>\n<meta name=\"twitter:label1\" content=\"Tempo di lettura stimato\" \/>\n\t<meta name=\"twitter:data1\" content=\"12 minuti\" \/>\n<script type=\"application\/ld+json\" class=\"yoast-schema-graph\">{\"@context\":\"https:\\\/\\\/schema.org\",\"@graph\":[{\"@type\":\"WebPage\",\"@id\":\"https:\\\/\\\/yeeply.com\\\/it\\\/politica-di-privacy\\\/\",\"url\":\"https:\\\/\\\/yeeply.com\\\/it\\\/politica-di-privacy\\\/\",\"name\":\"Politica di Privacy - Yeeply\",\"isPartOf\":{\"@id\":\"https:\\\/\\\/yeeply.com\\\/it\\\/#website\"},\"datePublished\":\"2019-05-27T14:43:57+00:00\",\"dateModified\":\"2025-04-09T10:21:24+00:00\",\"description\":\"Politica di Privacy e di protezione dei dati della piattaforma Yeeply.\",\"breadcrumb\":{\"@id\":\"https:\\\/\\\/yeeply.com\\\/it\\\/politica-di-privacy\\\/#breadcrumb\"},\"inLanguage\":\"it-IT\",\"potentialAction\":[{\"@type\":\"ReadAction\",\"target\":[\"https:\\\/\\\/yeeply.com\\\/it\\\/politica-di-privacy\\\/\"]}]},{\"@type\":\"BreadcrumbList\",\"@id\":\"https:\\\/\\\/yeeply.com\\\/it\\\/politica-di-privacy\\\/#breadcrumb\",\"itemListElement\":[{\"@type\":\"ListItem\",\"position\":1,\"name\":\"Home\",\"item\":\"https:\\\/\\\/yeeply.com\\\/it\\\/\"},{\"@type\":\"ListItem\",\"position\":2,\"name\":\"Politica sulla Privacy\"}]},{\"@type\":\"WebSite\",\"@id\":\"https:\\\/\\\/yeeply.com\\\/it\\\/#website\",\"url\":\"https:\\\/\\\/yeeply.com\\\/it\\\/\",\"name\":\"Yeeply\",\"description\":\"A platform for the development of digital projects\",\"publisher\":{\"@id\":\"https:\\\/\\\/yeeply.com\\\/it\\\/#organization\"},\"potentialAction\":[{\"@type\":\"SearchAction\",\"target\":{\"@type\":\"EntryPoint\",\"urlTemplate\":\"https:\\\/\\\/yeeply.com\\\/it\\\/?s={search_term_string}\"},\"query-input\":{\"@type\":\"PropertyValueSpecification\",\"valueRequired\":true,\"valueName\":\"search_term_string\"}}],\"inLanguage\":\"it-IT\"},{\"@type\":\"Organization\",\"@id\":\"https:\\\/\\\/yeeply.com\\\/it\\\/#organization\",\"name\":\"Yeeply\",\"url\":\"https:\\\/\\\/yeeply.com\\\/it\\\/\",\"logo\":{\"@type\":\"ImageObject\",\"inLanguage\":\"it-IT\",\"@id\":\"https:\\\/\\\/yeeply.com\\\/it\\\/#\\\/schema\\\/logo\\\/image\\\/\",\"url\":\"https:\\\/\\\/yeeply.com\\\/it\\\/wp-content\\\/uploads\\\/2019\\\/05\\\/logo_yeeply_black@2x.png\",\"contentUrl\":\"https:\\\/\\\/yeeply.com\\\/it\\\/wp-content\\\/uploads\\\/2019\\\/05\\\/logo_yeeply_black@2x.png\",\"width\":360,\"height\":120,\"caption\":\"Yeeply\"},\"image\":{\"@id\":\"https:\\\/\\\/yeeply.com\\\/it\\\/#\\\/schema\\\/logo\\\/image\\\/\"},\"sameAs\":[\"https:\\\/\\\/www.facebook.com\\\/YeeplyMobile\\\/\",\"https:\\\/\\\/x.com\\\/Yeeply_EN\",\"https:\\\/\\\/www.linkedin.com\\\/company\\\/yeeply\"]}]}<\/script>\n<!-- \/ Yoast SEO plugin. -->","yoast_head_json":{"title":"Politica di Privacy - Yeeply","description":"Politica di Privacy e di protezione dei dati della piattaforma Yeeply.","robots":{"index":"noindex","follow":"follow"},"og_locale":"it_IT","og_type":"article","og_title":"Politica di Privacy - Yeeply","og_description":"Politica di Privacy e di protezione dei dati della piattaforma Yeeply.","og_url":"https:\/\/yeeply.com\/it\/politica-di-privacy\/","og_site_name":"Yeeply","article_publisher":"https:\/\/www.facebook.com\/YeeplyMobile\/","article_modified_time":"2025-04-09T10:21:24+00:00","twitter_card":"summary_large_image","twitter_site":"@Yeeply_EN","twitter_misc":{"Tempo di lettura stimato":"12 minuti"},"schema":{"@context":"https:\/\/schema.org","@graph":[{"@type":"WebPage","@id":"https:\/\/yeeply.com\/it\/politica-di-privacy\/","url":"https:\/\/yeeply.com\/it\/politica-di-privacy\/","name":"Politica di Privacy - Yeeply","isPartOf":{"@id":"https:\/\/yeeply.com\/it\/#website"},"datePublished":"2019-05-27T14:43:57+00:00","dateModified":"2025-04-09T10:21:24+00:00","description":"Politica di Privacy e di protezione dei dati della piattaforma Yeeply.","breadcrumb":{"@id":"https:\/\/yeeply.com\/it\/politica-di-privacy\/#breadcrumb"},"inLanguage":"it-IT","potentialAction":[{"@type":"ReadAction","target":["https:\/\/yeeply.com\/it\/politica-di-privacy\/"]}]},{"@type":"BreadcrumbList","@id":"https:\/\/yeeply.com\/it\/politica-di-privacy\/#breadcrumb","itemListElement":[{"@type":"ListItem","position":1,"name":"Home","item":"https:\/\/yeeply.com\/it\/"},{"@type":"ListItem","position":2,"name":"Politica sulla Privacy"}]},{"@type":"WebSite","@id":"https:\/\/yeeply.com\/it\/#website","url":"https:\/\/yeeply.com\/it\/","name":"Yeeply","description":"A platform for the development of digital projects","publisher":{"@id":"https:\/\/yeeply.com\/it\/#organization"},"potentialAction":[{"@type":"SearchAction","target":{"@type":"EntryPoint","urlTemplate":"https:\/\/yeeply.com\/it\/?s={search_term_string}"},"query-input":{"@type":"PropertyValueSpecification","valueRequired":true,"valueName":"search_term_string"}}],"inLanguage":"it-IT"},{"@type":"Organization","@id":"https:\/\/yeeply.com\/it\/#organization","name":"Yeeply","url":"https:\/\/yeeply.com\/it\/","logo":{"@type":"ImageObject","inLanguage":"it-IT","@id":"https:\/\/yeeply.com\/it\/#\/schema\/logo\/image\/","url":"https:\/\/yeeply.com\/it\/wp-content\/uploads\/2019\/05\/logo_yeeply_black@2x.png","contentUrl":"https:\/\/yeeply.com\/it\/wp-content\/uploads\/2019\/05\/logo_yeeply_black@2x.png","width":360,"height":120,"caption":"Yeeply"},"image":{"@id":"https:\/\/yeeply.com\/it\/#\/schema\/logo\/image\/"},"sameAs":["https:\/\/www.facebook.com\/YeeplyMobile\/","https:\/\/x.com\/Yeeply_EN","https:\/\/www.linkedin.com\/company\/yeeply"]}]}},"uagb_featured_image_src":{"full":false,"thumbnail":false,"medium":false,"medium_large":false,"large":false,"1536x1536":false,"2048x2048":false,"gform-image-choice-sm":false,"gform-image-choice-md":false,"gform-image-choice-lg":false},"uagb_author_info":{"display_name":"Lucia Bravo","author_link":"https:\/\/yeeply.com\/it\/author\/lucia-bravo\/"},"uagb_comment_info":0,"uagb_excerpt":null,"_links":{"self":[{"href":"https:\/\/yeeply.com\/it\/wp-json\/wp\/v2\/pages\/6237","targetHints":{"allow":["GET"]}}],"collection":[{"href":"https:\/\/yeeply.com\/it\/wp-json\/wp\/v2\/pages"}],"about":[{"href":"https:\/\/yeeply.com\/it\/wp-json\/wp\/v2\/types\/page"}],"author":[{"embeddable":true,"href":"https:\/\/yeeply.com\/it\/wp-json\/wp\/v2\/users\/35"}],"replies":[{"embeddable":true,"href":"https:\/\/yeeply.com\/it\/wp-json\/wp\/v2\/comments?post=6237"}],"version-history":[{"count":2,"href":"https:\/\/yeeply.com\/it\/wp-json\/wp\/v2\/pages\/6237\/revisions"}],"predecessor-version":[{"id":15178,"href":"https:\/\/yeeply.com\/it\/wp-json\/wp\/v2\/pages\/6237\/revisions\/15178"}],"wp:attachment":[{"href":"https:\/\/yeeply.com\/it\/wp-json\/wp\/v2\/media?parent=6237"}],"wp:term":[{"taxonomy":"category","embeddable":true,"href":"https:\/\/yeeply.com\/it\/wp-json\/wp\/v2\/categories?post=6237"}],"curies":[{"name":"wp","href":"https:\/\/api.w.org\/{rel}","templated":true}]}}