{"id":6228,"date":"2019-05-27T14:08:41","date_gmt":"2019-05-27T14:08:41","guid":{"rendered":"https:\/\/en.yeeply.com\/?page_id=6228"},"modified":"2021-10-25T08:51:37","modified_gmt":"2021-10-25T06:51:37","slug":"lavoro","status":"publish","type":"page","link":"https:\/\/yeeply.com\/it\/lavoro\/","title":{"rendered":"Posizioni aperte"},"content":{"rendered":"\n<div class=\"wp-block-cover alignfull has-very-light-gray-background-color page-hero hero-careers\" style=\"background-image:url(https:\/\/yeeply.com\/it\/wp-content\/uploads\/2019\/05\/img_bg_empleo.jpg);background-position:50% 50%\"><div class=\"wp-block-cover__inner-container is-layout-flow wp-block-cover-is-layout-flow\">\n<h1 class=\"has-text-align-left wp-block-heading\">LAVORA CON NOI<\/h1>\n\n\n\n<p class=\"quote\">Credo fortemente che se ti prendi cura dei tuoi dipendenti, loro si prenderanno cura della tua azienda.<\/p>\n\n\n\n<p class=\"has-text-align-right\"><strong>Richard Branson<\/strong><br><em>Fondatore e Presidente del gruppo Virgin<\/em><\/p>\n\n\n\n<p><\/p>\n<\/div><\/div>\n\n\n\n<section class=\"wp-block-uagb-section uagb-section__wrap uagb-section__background-undefined uagb-block-b1ee93e4 section-full\"><div class=\"uagb-section__overlay\"><\/div><div class=\"uagb-section__inner-wrap\">\n<h2 class=\"has-text-align-center wp-block-heading\">In Yeeply ci prendiamo cura del nostro staff<\/h2>\n\n\n\n<p>Siamo perfettamente d&#8217;accordo con Richard Branson. I dipendenti e lo staff sono prioritari, ci prendiamo cura di loro e li facciamo sentire come se fossero a casa. Lavorando in Yeeply, oltre a permetterti di apprendere molte cose, hai una serie di vantaggi.<\/p>\n\n\n\n<div class=\"wp-block-toolset-view\">\n\n\n<div id=\"wpv-view-layout-6275\" class=\"js-wpv-view-layout js-wpv-layout-responsive js-wpv-view-layout-6275\" data-viewnumber=\"6275\" data-pagination=\"{&quot;id&quot;:&quot;6275&quot;,&quot;query&quot;:&quot;normal&quot;,&quot;type&quot;:&quot;disabled&quot;,&quot;effect&quot;:&quot;fade&quot;,&quot;duration&quot;:500,&quot;speed&quot;:5,&quot;pause_on_hover&quot;:&quot;disabled&quot;,&quot;stop_rollover&quot;:&quot;false&quot;,&quot;cache_pages&quot;:&quot;enabled&quot;,&quot;preload_images&quot;:&quot;enabled&quot;,&quot;preload_pages&quot;:&quot;enabled&quot;,&quot;preload_reach&quot;:1,&quot;spinner&quot;:&quot;builtin&quot;,&quot;spinner_image&quot;:&quot;https:\/\/www.yeeply.com\/en\/wp-content\/plugins\/wp-views\/embedded\/res\/img\/ajax-loader.gif&quot;,&quot;callback_next&quot;:&quot;&quot;,&quot;manage_history&quot;:&quot;enabled&quot;,&quot;has_controls_in_form&quot;:&quot;disabled&quot;,&quot;infinite_tolerance&quot;:&quot;0&quot;,&quot;max_pages&quot;:0,&quot;page&quot;:1,&quot;base_permalink&quot;:&quot;\/it\/wp-json\/wp\/v2\/pages\/6228?wpv_view_count=6275&amp;wpv_paged=WPV_PAGE_NUM&quot;,&quot;loop&quot;:{&quot;type&quot;:&quot;&quot;,&quot;name&quot;:&quot;&quot;,&quot;data&quot;:[],&quot;id&quot;:0}}\" data-permalink=\"\/it\/wp-json\/wp\/v2\/pages\/6228?wpv_view_count=6275\">\n\n\t\n\t\n<div class=\"advantages-container\">\n\t\n\t\t<div class=\"single-advantage\">\n  <div class=\"advantage-img\"><img fetchpriority=\"high\" fetchpriority=\"high\" fetchpriority=\"high\" decoding=\"async\" width=\"306\" height=\"306\" src=\"https:\/\/yeeply.com\/it\/wp-content\/uploads\/2019\/05\/img_employment_ambiente.png\" class=\"attachment-full size-full wp-post-image\" alt=\"img_employment_ambiente\" srcset=\"https:\/\/yeeply.com\/it\/wp-content\/uploads\/2019\/05\/img_employment_ambiente.png 306w, https:\/\/yeeply.com\/it\/wp-content\/uploads\/2019\/05\/img_employment_ambiente-150x150.png 150w, https:\/\/yeeply.com\/it\/wp-content\/uploads\/2019\/05\/img_employment_ambiente-300x300.png 300w\" sizes=\"(max-width: 306px) 100vw, 306px\" \/>\n    <div class=\"advantage-hover\"><p>In Yeeply si respira un ambiente giovane ed internazionale. L&#8217;et\u00e0 media \u00e8 27 anni e ci sono 5 diverse nazionalit\u00e0.<\/p>\n<\/div>\n  <\/div>\n  <h3 class=\"advantage-title\">Ambiente giovane<\/h3>\n<\/div>\n\t\n\t\t<div class=\"single-advantage\">\n  <div class=\"advantage-img\"><img decoding=\"async\" width=\"306\" height=\"306\" src=\"https:\/\/yeeply.com\/it\/wp-content\/uploads\/2019\/05\/img_employment_formacion.png\" class=\"attachment-full size-full wp-post-image\" alt=\"img_employment_formacion\" srcset=\"https:\/\/yeeply.com\/it\/wp-content\/uploads\/2019\/05\/img_employment_formacion.png 306w, https:\/\/yeeply.com\/it\/wp-content\/uploads\/2019\/05\/img_employment_formacion-150x150.png 150w, https:\/\/yeeply.com\/it\/wp-content\/uploads\/2019\/05\/img_employment_formacion-300x300.png 300w\" sizes=\"(max-width: 306px) 100vw, 306px\" \/>\n    <div class=\"advantage-hover\"><p>La formazione \u00e8 l&#8217;elemento chiave per un&#8217;azienda di successo e in Yeeply puntiamo alla formazione specifica e continua del nostro staff.<\/p>\n<\/div>\n  <\/div>\n  <h3 class=\"advantage-title\">Formazione<\/h3>\n<\/div>\n\t\n\t\t<div class=\"single-advantage\">\n  <div class=\"advantage-img\"><img decoding=\"async\" width=\"306\" height=\"306\" src=\"https:\/\/yeeply.com\/it\/wp-content\/uploads\/2019\/05\/img_employment_eventos.png\" class=\"attachment-full size-full wp-post-image\" alt=\"img_employment_eventos\" srcset=\"https:\/\/yeeply.com\/it\/wp-content\/uploads\/2019\/05\/img_employment_eventos.png 306w, https:\/\/yeeply.com\/it\/wp-content\/uploads\/2019\/05\/img_employment_eventos-150x150.png 150w, https:\/\/yeeply.com\/it\/wp-content\/uploads\/2019\/05\/img_employment_eventos-300x300.png 300w\" sizes=\"(max-width: 306px) 100vw, 306px\" \/>\n    <div class=\"advantage-hover\"><p>Partecipiamo attivamente a giornate formative ed eventi legati a startup, business, marketing o tecnologia.<\/p>\n<\/div>\n  <\/div>\n  <h3 class=\"advantage-title\">Eventi<\/h3>\n<\/div>\n\t\n\t\t<div class=\"single-advantage\">\n  <div class=\"advantage-img\"><img loading=\"lazy\" loading=\"lazy\" loading=\"lazy\" decoding=\"async\" width=\"306\" height=\"306\" src=\"https:\/\/yeeply.com\/it\/wp-content\/uploads\/2019\/05\/img_employment_yeeplyday.png\" class=\"attachment-full size-full wp-post-image\" alt=\"img_employment_yeeplyday\" srcset=\"https:\/\/yeeply.com\/it\/wp-content\/uploads\/2019\/05\/img_employment_yeeplyday.png 306w, https:\/\/yeeply.com\/it\/wp-content\/uploads\/2019\/05\/img_employment_yeeplyday-150x150.png 150w, https:\/\/yeeply.com\/it\/wp-content\/uploads\/2019\/05\/img_employment_yeeplyday-300x300.png 300w\" sizes=\"auto, (max-width: 306px) 100vw, 306px\" \/>\n    <div class=\"advantage-hover\"><p>Nessuno del nostro staff vuole perdersi un Yeeply Day, il giorno in cui tutti si riuniscono per passare assieme la giornata fuori dall&#8217;ufficio.<\/p>\n<\/div>\n  <\/div>\n  <h3 class=\"advantage-title\">Yeeply Day<\/h3>\n<\/div>\n\t\n\t\t<div class=\"single-advantage\">\n  <div class=\"advantage-img\"><img loading=\"lazy\" loading=\"lazy\" loading=\"lazy\" decoding=\"async\" width=\"306\" height=\"306\" src=\"https:\/\/yeeply.com\/it\/wp-content\/uploads\/2019\/05\/img_employment_brunch.png\" class=\"attachment-full size-full wp-post-image\" alt=\"img_employment_brunch\" srcset=\"https:\/\/yeeply.com\/it\/wp-content\/uploads\/2019\/05\/img_employment_brunch.png 306w, https:\/\/yeeply.com\/it\/wp-content\/uploads\/2019\/05\/img_employment_brunch-150x150.png 150w, https:\/\/yeeply.com\/it\/wp-content\/uploads\/2019\/05\/img_employment_brunch-300x300.png 300w\" sizes=\"auto, (max-width: 306px) 100vw, 306px\" \/>\n    <div class=\"advantage-hover\"><p>Il venerd\u00ec \u00e8 la giornata del Yeeply Brunch! Uno di noi organizza un brunch per tutti i colleghi, da consumare mentre si chiacchera di tematiche importanti.<\/p>\n<\/div>\n  <\/div>\n  <h3 class=\"advantage-title\">Yeeply Brunch<\/h3>\n<\/div>\n\t\n\t\t<div class=\"single-advantage\">\n  <div class=\"advantage-img\"><img loading=\"lazy\" loading=\"lazy\" loading=\"lazy\" decoding=\"async\" width=\"306\" height=\"306\" src=\"https:\/\/yeeply.com\/it\/wp-content\/uploads\/2019\/05\/img_employment_pingpong.png\" class=\"attachment-full size-full wp-post-image\" alt=\"img_employment_pingpong\" srcset=\"https:\/\/yeeply.com\/it\/wp-content\/uploads\/2019\/05\/img_employment_pingpong.png 306w, https:\/\/yeeply.com\/it\/wp-content\/uploads\/2019\/05\/img_employment_pingpong-150x150.png 150w, https:\/\/yeeply.com\/it\/wp-content\/uploads\/2019\/05\/img_employment_pingpong-300x300.png 300w\" sizes=\"auto, (max-width: 306px) 100vw, 306px\" \/>\n    <div class=\"advantage-hover\"><p>Una vera fonte di energia e buon umore per il nostro staff. Per\u00f2 attenzione se sei molto bravo, ai capi non piace perdere&#8230;<\/p>\n<\/div>\n  <\/div>\n  <h3 class=\"advantage-title\">Ping Pong<\/h3>\n<\/div>\n\t\n\t\t<div class=\"single-advantage\">\n  <div class=\"advantage-img\"><img loading=\"lazy\" loading=\"lazy\" loading=\"lazy\" decoding=\"async\" width=\"306\" height=\"306\" src=\"https:\/\/yeeply.com\/it\/wp-content\/uploads\/2019\/05\/img_employment_deportes.png\" class=\"attachment-full size-full wp-post-image\" alt=\"img_employment_deportes\" srcset=\"https:\/\/yeeply.com\/it\/wp-content\/uploads\/2019\/05\/img_employment_deportes.png 306w, https:\/\/yeeply.com\/it\/wp-content\/uploads\/2019\/05\/img_employment_deportes-150x150.png 150w, https:\/\/yeeply.com\/it\/wp-content\/uploads\/2019\/05\/img_employment_deportes-300x300.png 300w\" sizes=\"auto, (max-width: 306px) 100vw, 306px\" \/>\n    <div class=\"advantage-hover\"><p>Abbiamo a disposizione le installazioni sportive dell&#8217;Universit\u00e0 Politecnica di Valencia. Un vero lusso per gli amanti dello sport.<\/p>\n<\/div>\n  <\/div>\n  <h3 class=\"advantage-title\">Installazioni sportive UPV<\/h3>\n<\/div>\n\t\n\t\t<div class=\"single-advantage\">\n  <div class=\"advantage-img\"><img loading=\"lazy\" loading=\"lazy\" loading=\"lazy\" decoding=\"async\" width=\"306\" height=\"306\" src=\"https:\/\/yeeply.com\/it\/wp-content\/uploads\/2019\/05\/img_employment_cafe.png\" class=\"attachment-full size-full wp-post-image\" alt=\"img_employment_cafe\" srcset=\"https:\/\/yeeply.com\/it\/wp-content\/uploads\/2019\/05\/img_employment_cafe.png 306w, https:\/\/yeeply.com\/it\/wp-content\/uploads\/2019\/05\/img_employment_cafe-150x150.png 150w, https:\/\/yeeply.com\/it\/wp-content\/uploads\/2019\/05\/img_employment_cafe-300x300.png 300w\" sizes=\"auto, (max-width: 306px) 100vw, 306px\" \/>\n    <div class=\"advantage-hover\"><p>Ci piace far star bene i nostri dipendenti e per questo mettiamo a loro disposizione caff\u00e8, latte, t\u00e8 e frutta.<\/p>\n<\/div>\n  <\/div>\n  <h3 class=\"advantage-title\">Caff\u00e8, latte, t\u00e8 e frutta<\/h3>\n<\/div>\n\t\n\t\t<div class=\"single-advantage\">\n  <div class=\"advantage-img\"><img loading=\"lazy\" loading=\"lazy\" loading=\"lazy\" decoding=\"async\" width=\"306\" height=\"306\" src=\"https:\/\/yeeply.com\/it\/wp-content\/uploads\/2019\/05\/img_employment_parking.png\" class=\"attachment-full size-full wp-post-image\" alt=\"img_employment_parking\" srcset=\"https:\/\/yeeply.com\/it\/wp-content\/uploads\/2019\/05\/img_employment_parking.png 306w, https:\/\/yeeply.com\/it\/wp-content\/uploads\/2019\/05\/img_employment_parking-150x150.png 150w, https:\/\/yeeply.com\/it\/wp-content\/uploads\/2019\/05\/img_employment_parking-300x300.png 300w\" sizes=\"auto, (max-width: 306px) 100vw, 306px\" \/>\n    <div class=\"advantage-hover\"><p>Facile accesso con i mezzi di trasporto. Oltre all&#8217;accesso con tram e bus, se usi la macchina non avrai problemi di parcheggio.<\/p>\n<\/div>\n  <\/div>\n  <h3 class=\"advantage-title\">Parcheggio<\/h3>\n<\/div>\n\t\n  <\/div>\n\t\n\t\n\t\n<\/div>\n<\/div>\n<\/div><\/section>\n\n\n\n<section class=\"wp-block-uagb-section uagb-section__wrap uagb-section__background-undefined uagb-block-3d219a09 section-full grey-section section-opinions\"><div class=\"uagb-section__overlay\"><\/div><div class=\"uagb-section__inner-wrap\">\n<h2 class=\"has-text-align-center wp-block-heading\">Cosa dicono i nostri dipendenti?<\/h2>\n\n\n\n<div class=\"wp-block-toolset-view\">\n\n\n<div id=\"wpv-view-layout-6334\" class=\"js-wpv-view-layout js-wpv-layout-responsive js-wpv-view-layout-6334\" data-viewnumber=\"6334\" data-pagination=\"{&quot;id&quot;:&quot;6334&quot;,&quot;query&quot;:&quot;normal&quot;,&quot;type&quot;:&quot;disabled&quot;,&quot;effect&quot;:&quot;fade&quot;,&quot;duration&quot;:500,&quot;speed&quot;:5,&quot;pause_on_hover&quot;:&quot;disabled&quot;,&quot;stop_rollover&quot;:&quot;false&quot;,&quot;cache_pages&quot;:&quot;enabled&quot;,&quot;preload_images&quot;:&quot;enabled&quot;,&quot;preload_pages&quot;:&quot;enabled&quot;,&quot;preload_reach&quot;:1,&quot;spinner&quot;:&quot;builtin&quot;,&quot;spinner_image&quot;:&quot;https:\/\/www.yeeply.com\/en\/wp-content\/plugins\/wp-views\/embedded\/res\/img\/ajax-loader.gif&quot;,&quot;callback_next&quot;:&quot;&quot;,&quot;manage_history&quot;:&quot;enabled&quot;,&quot;has_controls_in_form&quot;:&quot;disabled&quot;,&quot;infinite_tolerance&quot;:&quot;0&quot;,&quot;max_pages&quot;:0,&quot;page&quot;:1,&quot;base_permalink&quot;:&quot;\/it\/wp-json\/wp\/v2\/pages\/6228?wpv_view_count=6334&amp;wpv_paged=WPV_PAGE_NUM&quot;,&quot;loop&quot;:{&quot;type&quot;:&quot;&quot;,&quot;name&quot;:&quot;&quot;,&quot;data&quot;:[],&quot;id&quot;:0}}\" data-permalink=\"\/it\/wp-json\/wp\/v2\/pages\/6228?wpv_view_count=6334\">\n\n\t\n\t\n<div class=\"swiper-container\">\n<div class=\"employees-slideshow-wrapper swiper-wrapper\">\n\t\n\t\t<div class=\"single-employee-opinion swiper-slide\">\n  <div class=\"employee-opinion-img\">\n  <img loading=\"lazy\" loading=\"lazy\" loading=\"lazy\" decoding=\"async\" width=\"350\" height=\"350\" src=\"https:\/\/yeeply.com\/it\/wp-content\/uploads\/2019\/06\/opinion_fer.png\" class=\"attachment-full size-full wp-post-image\" alt=\"opinion_fer\" srcset=\"https:\/\/yeeply.com\/it\/wp-content\/uploads\/2019\/06\/opinion_fer.png 350w, https:\/\/yeeply.com\/it\/wp-content\/uploads\/2019\/06\/opinion_fer-150x150.png 150w, https:\/\/yeeply.com\/it\/wp-content\/uploads\/2019\/06\/opinion_fer-300x300.png 300w\" sizes=\"auto, (max-width: 350px) 100vw, 350px\" \/>\n  <\/div>\n  <div class=\"employee-opinion-content\">\n  <div class=\"employee-opinion-text\"><p>L&#8217;ambiente di lavoro \u00e8 piacevole. Per me i colleghi sono degli amici, sempre disponibili ad aiutarmi quando ho bisogno.<\/p>\n<p>L&#8217;azienda \u00e8 giovane e lavora in un mercato molto interessante ed in costante cambiamento.<\/p>\n<\/div>\n  <p class=\"employee-opinion-employee\">Fernando Ballester<\/p>\n  <p class=\"employee-opinion-position\">Business Development<\/p>\n  <\/div>\n<\/div>\n\t\n\t\t<div class=\"single-employee-opinion swiper-slide\">\n  <div class=\"employee-opinion-img\">\n  <img loading=\"lazy\" loading=\"lazy\" loading=\"lazy\" decoding=\"async\" width=\"350\" height=\"350\" src=\"https:\/\/yeeply.com\/it\/wp-content\/uploads\/2019\/06\/opinion_maria.png\" class=\"attachment-full size-full wp-post-image\" alt=\"opinion_maria\" srcset=\"https:\/\/yeeply.com\/it\/wp-content\/uploads\/2019\/06\/opinion_maria.png 350w, https:\/\/yeeply.com\/it\/wp-content\/uploads\/2019\/06\/opinion_maria-150x150.png 150w, https:\/\/yeeply.com\/it\/wp-content\/uploads\/2019\/06\/opinion_maria-300x300.png 300w\" sizes=\"auto, (max-width: 350px) 100vw, 350px\" \/>\n  <\/div>\n  <div class=\"employee-opinion-content\">\n  <div class=\"employee-opinion-text\"><p>La nostra voglia di lavorare, di crescere e di ottenere grandi cose insieme sono una buona motivazione per venire a lavorare a Yeeply.<\/p>\n<p>Quello che pi\u00f9 mi piace di Yeeply \u00e8 l&#8217;ambiente piacevole che si respira in ufficio ed i colleghi.<\/p>\n<\/div>\n  <p class=\"employee-opinion-employee\">Mar\u00eda P\u00e9rez<\/p>\n  <p class=\"employee-opinion-position\">Amministrazione e Finanza<\/p>\n  <\/div>\n<\/div>\n\t\n\t\t<div class=\"single-employee-opinion swiper-slide\">\n  <div class=\"employee-opinion-img\">\n  <img loading=\"lazy\" loading=\"lazy\" loading=\"lazy\" decoding=\"async\" width=\"350\" height=\"350\" src=\"https:\/\/yeeply.com\/it\/wp-content\/uploads\/2019\/06\/opinion_sergio.png\" class=\"attachment-full size-full wp-post-image\" alt=\"opinion_sergio\" srcset=\"https:\/\/yeeply.com\/it\/wp-content\/uploads\/2019\/06\/opinion_sergio.png 350w, https:\/\/yeeply.com\/it\/wp-content\/uploads\/2019\/06\/opinion_sergio-150x150.png 150w, https:\/\/yeeply.com\/it\/wp-content\/uploads\/2019\/06\/opinion_sergio-300x300.png 300w\" sizes=\"auto, (max-width: 350px) 100vw, 350px\" \/>\n  <\/div>\n  <div class=\"employee-opinion-content\">\n  <div class=\"employee-opinion-text\"><p>Lavorare in Yeeply \u00e8 un&#8217;esperienza unica. La buona relazione che esiste tra i lavoratori ed i capi \u00e8 uno dei punti forti dell&#8217;azienda.<\/p>\n<p>Le giornate passano volando e ogni giorno ci sono cose nuove da imparare.<\/p>\n<\/div>\n  <p class=\"employee-opinion-employee\">Sergio Benavent<\/p>\n  <p class=\"employee-opinion-position\">Web Developer<\/p>\n  <\/div>\n<\/div>\n\t\n\t\t<div class=\"single-employee-opinion swiper-slide\">\n  <div class=\"employee-opinion-img\">\n  <img loading=\"lazy\" loading=\"lazy\" loading=\"lazy\" decoding=\"async\" width=\"350\" height=\"350\" src=\"https:\/\/yeeply.com\/it\/wp-content\/uploads\/2019\/06\/opinion_javi.png\" class=\"attachment-full size-full wp-post-image\" alt=\"opinion_javi\" srcset=\"https:\/\/yeeply.com\/it\/wp-content\/uploads\/2019\/06\/opinion_javi.png 350w, https:\/\/yeeply.com\/it\/wp-content\/uploads\/2019\/06\/opinion_javi-150x150.png 150w, https:\/\/yeeply.com\/it\/wp-content\/uploads\/2019\/06\/opinion_javi-300x300.png 300w\" sizes=\"auto, (max-width: 350px) 100vw, 350px\" \/>\n  <\/div>\n  <div class=\"employee-opinion-content\">\n  <div class=\"employee-opinion-text\"><p>Lavoro da vari anni con Yeeply e ci\u00f2 indica il mio grado di soddisfazione.<\/p>\n<p>\u00c8 una startup con un ambiente molto piacevole. Mi trovo bene con i miei colleghi e adoro sfidarli a ping pong.<\/p>\n<\/div>\n  <p class=\"employee-opinion-employee\">Javier Motos<\/p>\n  <p class=\"employee-opinion-position\">Web Developer<\/p>\n  <\/div>\n<\/div>\n\t\n<\/div>\n    <div class=\"swiper-button-next\"><\/div>\n    <div class=\"swiper-button-prev\"><\/div>\n<\/div>\n\t\n\t\n\t\n<\/div>\n<\/div>\n<\/div><\/section>\n\n\n\n<div class=\"wp-block-cover aligncenter has-parallax home-click-to-action career-click-to-action\" style=\"background-image:url(https:\/\/yeeply.com\/it\/wp-content\/uploads\/2019\/05\/img_support.jpg)\"><div class=\"wp-block-cover__inner-container is-layout-flow wp-block-cover-is-layout-flow\">\n<h2 class=\"has-text-align-center wp-block-heading\">Pronto per lavorare con noi?<\/h2>\n\n\n\n<div class=\"wp-block-button aligncenter btn-blue\"><a class=\"wp-block-button__link\" href=\"mailto:careers@yeeply.com?subject=Work%20with%20us\">VOGLIO LAVORARE IN YEEPLY<\/a><\/div>\n<\/div><\/div>\n","protected":false},"excerpt":{"rendered":"","protected":false},"author":35,"featured_media":0,"parent":0,"menu_order":0,"comment_status":"closed","ping_status":"closed","template":"","meta":{"inline_featured_image":false,"_uag_custom_page_level_css":"","footnotes":""},"categories":[],"class_list":["post-6228","page","type-page","status-publish","hentry"],"yoast_head":"<!-- This site is optimized with the Yoast SEO plugin v27.4 - https:\/\/yoast.com\/product\/yoast-seo-wordpress\/ -->\n<title>Lavora con noi - Yeeply<\/title>\n<meta name=\"description\" content=\"In Yeeply, ci prendiamo cura del nostro team e dei nostri dipendenti. Ambiente giovane, formazione ed eventi sono alcuni dei nostri valori.\" \/>\n<meta name=\"robots\" content=\"index, follow, max-snippet:-1, max-image-preview:large, max-video-preview:-1\" \/>\n<link rel=\"canonical\" href=\"https:\/\/yeeply.com\/it\/lavoro\/\" \/>\n<meta property=\"og:locale\" content=\"it_IT\" \/>\n<meta property=\"og:type\" content=\"article\" \/>\n<meta property=\"og:title\" content=\"Lavora con noi - Yeeply\" \/>\n<meta property=\"og:description\" content=\"In Yeeply, ci prendiamo cura del nostro team e dei nostri dipendenti. Ambiente giovane, formazione ed eventi sono alcuni dei nostri valori.\" \/>\n<meta property=\"og:url\" content=\"https:\/\/yeeply.com\/it\/lavoro\/\" \/>\n<meta property=\"og:site_name\" content=\"Yeeply\" \/>\n<meta property=\"article:publisher\" content=\"https:\/\/www.facebook.com\/YeeplyMobile\/\" \/>\n<meta property=\"article:modified_time\" content=\"2021-10-25T06:51:37+00:00\" \/>\n<meta name=\"twitter:card\" content=\"summary_large_image\" \/>\n<meta name=\"twitter:site\" content=\"@Yeeply_EN\" \/>\n<meta name=\"twitter:label1\" content=\"Tempo di lettura stimato\" \/>\n\t<meta name=\"twitter:data1\" content=\"1 minuto\" \/>\n<script type=\"application\/ld+json\" class=\"yoast-schema-graph\">{\"@context\":\"https:\\\/\\\/schema.org\",\"@graph\":[{\"@type\":\"WebPage\",\"@id\":\"https:\\\/\\\/yeeply.com\\\/it\\\/lavoro\\\/\",\"url\":\"https:\\\/\\\/yeeply.com\\\/it\\\/lavoro\\\/\",\"name\":\"Lavora con noi - Yeeply\",\"isPartOf\":{\"@id\":\"https:\\\/\\\/yeeply.com\\\/it\\\/#website\"},\"datePublished\":\"2019-05-27T14:08:41+00:00\",\"dateModified\":\"2021-10-25T06:51:37+00:00\",\"description\":\"In Yeeply, ci prendiamo cura del nostro team e dei nostri dipendenti. Ambiente giovane, formazione ed eventi sono alcuni dei nostri valori.\",\"breadcrumb\":{\"@id\":\"https:\\\/\\\/yeeply.com\\\/it\\\/lavoro\\\/#breadcrumb\"},\"inLanguage\":\"it-IT\",\"potentialAction\":[{\"@type\":\"ReadAction\",\"target\":[\"https:\\\/\\\/yeeply.com\\\/it\\\/lavoro\\\/\"]}]},{\"@type\":\"BreadcrumbList\",\"@id\":\"https:\\\/\\\/yeeply.com\\\/it\\\/lavoro\\\/#breadcrumb\",\"itemListElement\":[{\"@type\":\"ListItem\",\"position\":1,\"name\":\"Home\",\"item\":\"https:\\\/\\\/yeeply.com\\\/it\\\/\"},{\"@type\":\"ListItem\",\"position\":2,\"name\":\"Posizioni aperte\"}]},{\"@type\":\"WebSite\",\"@id\":\"https:\\\/\\\/yeeply.com\\\/it\\\/#website\",\"url\":\"https:\\\/\\\/yeeply.com\\\/it\\\/\",\"name\":\"Yeeply\",\"description\":\"A platform for the development of digital projects\",\"publisher\":{\"@id\":\"https:\\\/\\\/yeeply.com\\\/it\\\/#organization\"},\"potentialAction\":[{\"@type\":\"SearchAction\",\"target\":{\"@type\":\"EntryPoint\",\"urlTemplate\":\"https:\\\/\\\/yeeply.com\\\/it\\\/?s={search_term_string}\"},\"query-input\":{\"@type\":\"PropertyValueSpecification\",\"valueRequired\":true,\"valueName\":\"search_term_string\"}}],\"inLanguage\":\"it-IT\"},{\"@type\":\"Organization\",\"@id\":\"https:\\\/\\\/yeeply.com\\\/it\\\/#organization\",\"name\":\"Yeeply\",\"url\":\"https:\\\/\\\/yeeply.com\\\/it\\\/\",\"logo\":{\"@type\":\"ImageObject\",\"inLanguage\":\"it-IT\",\"@id\":\"https:\\\/\\\/yeeply.com\\\/it\\\/#\\\/schema\\\/logo\\\/image\\\/\",\"url\":\"https:\\\/\\\/yeeply.com\\\/it\\\/wp-content\\\/uploads\\\/2019\\\/05\\\/logo_yeeply_black@2x.png\",\"contentUrl\":\"https:\\\/\\\/yeeply.com\\\/it\\\/wp-content\\\/uploads\\\/2019\\\/05\\\/logo_yeeply_black@2x.png\",\"width\":360,\"height\":120,\"caption\":\"Yeeply\"},\"image\":{\"@id\":\"https:\\\/\\\/yeeply.com\\\/it\\\/#\\\/schema\\\/logo\\\/image\\\/\"},\"sameAs\":[\"https:\\\/\\\/www.facebook.com\\\/YeeplyMobile\\\/\",\"https:\\\/\\\/x.com\\\/Yeeply_EN\",\"https:\\\/\\\/www.linkedin.com\\\/company\\\/yeeply\"]}]}<\/script>\n<!-- \/ Yoast SEO plugin. -->","yoast_head_json":{"title":"Lavora con noi - Yeeply","description":"In Yeeply, ci prendiamo cura del nostro team e dei nostri dipendenti. Ambiente giovane, formazione ed eventi sono alcuni dei nostri valori.","robots":{"index":"index","follow":"follow","max-snippet":"max-snippet:-1","max-image-preview":"max-image-preview:large","max-video-preview":"max-video-preview:-1"},"canonical":"https:\/\/yeeply.com\/it\/lavoro\/","og_locale":"it_IT","og_type":"article","og_title":"Lavora con noi - Yeeply","og_description":"In Yeeply, ci prendiamo cura del nostro team e dei nostri dipendenti. Ambiente giovane, formazione ed eventi sono alcuni dei nostri valori.","og_url":"https:\/\/yeeply.com\/it\/lavoro\/","og_site_name":"Yeeply","article_publisher":"https:\/\/www.facebook.com\/YeeplyMobile\/","article_modified_time":"2021-10-25T06:51:37+00:00","twitter_card":"summary_large_image","twitter_site":"@Yeeply_EN","twitter_misc":{"Tempo di lettura stimato":"1 minuto"},"schema":{"@context":"https:\/\/schema.org","@graph":[{"@type":"WebPage","@id":"https:\/\/yeeply.com\/it\/lavoro\/","url":"https:\/\/yeeply.com\/it\/lavoro\/","name":"Lavora con noi - Yeeply","isPartOf":{"@id":"https:\/\/yeeply.com\/it\/#website"},"datePublished":"2019-05-27T14:08:41+00:00","dateModified":"2021-10-25T06:51:37+00:00","description":"In Yeeply, ci prendiamo cura del nostro team e dei nostri dipendenti. Ambiente giovane, formazione ed eventi sono alcuni dei nostri valori.","breadcrumb":{"@id":"https:\/\/yeeply.com\/it\/lavoro\/#breadcrumb"},"inLanguage":"it-IT","potentialAction":[{"@type":"ReadAction","target":["https:\/\/yeeply.com\/it\/lavoro\/"]}]},{"@type":"BreadcrumbList","@id":"https:\/\/yeeply.com\/it\/lavoro\/#breadcrumb","itemListElement":[{"@type":"ListItem","position":1,"name":"Home","item":"https:\/\/yeeply.com\/it\/"},{"@type":"ListItem","position":2,"name":"Posizioni aperte"}]},{"@type":"WebSite","@id":"https:\/\/yeeply.com\/it\/#website","url":"https:\/\/yeeply.com\/it\/","name":"Yeeply","description":"A platform for the development of digital projects","publisher":{"@id":"https:\/\/yeeply.com\/it\/#organization"},"potentialAction":[{"@type":"SearchAction","target":{"@type":"EntryPoint","urlTemplate":"https:\/\/yeeply.com\/it\/?s={search_term_string}"},"query-input":{"@type":"PropertyValueSpecification","valueRequired":true,"valueName":"search_term_string"}}],"inLanguage":"it-IT"},{"@type":"Organization","@id":"https:\/\/yeeply.com\/it\/#organization","name":"Yeeply","url":"https:\/\/yeeply.com\/it\/","logo":{"@type":"ImageObject","inLanguage":"it-IT","@id":"https:\/\/yeeply.com\/it\/#\/schema\/logo\/image\/","url":"https:\/\/yeeply.com\/it\/wp-content\/uploads\/2019\/05\/logo_yeeply_black@2x.png","contentUrl":"https:\/\/yeeply.com\/it\/wp-content\/uploads\/2019\/05\/logo_yeeply_black@2x.png","width":360,"height":120,"caption":"Yeeply"},"image":{"@id":"https:\/\/yeeply.com\/it\/#\/schema\/logo\/image\/"},"sameAs":["https:\/\/www.facebook.com\/YeeplyMobile\/","https:\/\/x.com\/Yeeply_EN","https:\/\/www.linkedin.com\/company\/yeeply"]}]}},"uagb_featured_image_src":{"full":false,"thumbnail":false,"medium":false,"medium_large":false,"large":false,"1536x1536":false,"2048x2048":false,"gform-image-choice-sm":false,"gform-image-choice-md":false,"gform-image-choice-lg":false},"uagb_author_info":{"display_name":"Lucia Bravo","author_link":"https:\/\/yeeply.com\/it\/author\/lucia-bravo\/"},"uagb_comment_info":0,"uagb_excerpt":null,"_links":{"self":[{"href":"https:\/\/yeeply.com\/it\/wp-json\/wp\/v2\/pages\/6228","targetHints":{"allow":["GET"]}}],"collection":[{"href":"https:\/\/yeeply.com\/it\/wp-json\/wp\/v2\/pages"}],"about":[{"href":"https:\/\/yeeply.com\/it\/wp-json\/wp\/v2\/types\/page"}],"author":[{"embeddable":true,"href":"https:\/\/yeeply.com\/it\/wp-json\/wp\/v2\/users\/35"}],"replies":[{"embeddable":true,"href":"https:\/\/yeeply.com\/it\/wp-json\/wp\/v2\/comments?post=6228"}],"version-history":[{"count":1,"href":"https:\/\/yeeply.com\/it\/wp-json\/wp\/v2\/pages\/6228\/revisions"}],"predecessor-version":[{"id":13171,"href":"https:\/\/yeeply.com\/it\/wp-json\/wp\/v2\/pages\/6228\/revisions\/13171"}],"wp:attachment":[{"href":"https:\/\/yeeply.com\/it\/wp-json\/wp\/v2\/media?parent=6228"}],"wp:term":[{"taxonomy":"category","embeddable":true,"href":"https:\/\/yeeply.com\/it\/wp-json\/wp\/v2\/categories?post=6228"}],"curies":[{"name":"wp","href":"https:\/\/api.w.org\/{rel}","templated":true}]}}