{"id":11317,"date":"2020-06-01T11:13:39","date_gmt":"2020-06-01T11:13:39","guid":{"rendered":"https:\/\/yeeply.com\/it\/?page_id=11317"},"modified":"2020-06-05T13:44:28","modified_gmt":"2020-06-05T13:44:28","slug":"t4t-iscrizione-newsletter","status":"publish","type":"page","link":"https:\/\/yeeply.com\/it\/landing\/t4t-iscrizione-newsletter\/","title":{"rendered":"LP T4T"},"content":{"rendered":"\n<section class=\"wp-block-uagb-section uagb-section__wrap uagb-section__background-undefined uagb-block-263de314-85c4-4501-860b-68c1110b03ad lp-template\"><div class=\"uagb-section__overlay\"><\/div><div class=\"uagb-section__inner-wrap\">\n<div class=\"wp-block-image\"><figure class=\"aligncenter size-large is-resized\"><img decoding=\"async\" src=\"https:\/\/yeeply.com\/it\/wp-content\/uploads\/2020\/06\/t4t-yeeply-logo.png\" alt=\"t4t-yeeply-logo\" class=\"wp-image-11318\" width=\"173\" height=\"38\" srcset=\"https:\/\/yeeply.com\/it\/wp-content\/uploads\/2020\/06\/t4t-yeeply-logo.png 346w, https:\/\/yeeply.com\/it\/wp-content\/uploads\/2020\/06\/t4t-yeeply-logo-300x66.png 300w\" sizes=\"(max-width: 173px) 100vw, 173px\" \/><\/figure><\/div>\n\n\n<style>.wp-block-kadence-advancedheading.kt-adv-heading_b57839-46, .wp-block-kadence-advancedheading.kt-adv-heading_b57839-46[data-kb-block=\"kb-adv-heading_b57839-46\"]{text-align:center;font-style:normal;}.wp-block-kadence-advancedheading.kt-adv-heading_b57839-46 mark.kt-highlight, .wp-block-kadence-advancedheading.kt-adv-heading_b57839-46[data-kb-block=\"kb-adv-heading_b57839-46\"] mark.kt-highlight{font-style:normal;color:#f76a0c;-webkit-box-decoration-break:clone;box-decoration-break:clone;padding-top:0px;padding-right:0px;padding-bottom:0px;padding-left:0px;}<\/style>\n<h2 id=\"kt-adv-heading_b57839-46\" class=\"kt-adv-heading_b57839-46 wp-block-kadence-advancedheading\" style=\"text-align:center\">Iscriviti alla newsletter di Yeeply<\/h2>\n\n\n\n<p class=\"has-text-align-center\">T4T \u00e8 la newsletter di Yeeply, un riassunto mensile di novit\u00e0 interessanti per chi \u00e8&nbsp;<strong>Thirsty for Tech<\/strong>, ovvero assetato di tecnologia. All&#8217;interno, troverai tendenze, sviluppi e casi di successo in esclusiva per il tuo settore. Lasciaci i tuoi dati se non vuoi perderla?.<\/p>\n\n\n<style>.wp-block-kadence-spacer.kt-block-spacer-_6a6474-10 .kt-block-spacer{height:40px;}.wp-block-kadence-spacer.kt-block-spacer-_6a6474-10 .kt-divider{border-top-width:1px;height:1px;border-top-color:#eee;width:80%;border-top-style:solid;}<\/style>\n<div class=\"wp-block-kadence-spacer aligncenter kt-block-spacer-_6a6474-10\"><div class=\"kt-block-spacer kt-block-spacer-halign-center\" style=\"height:40px\"><\/div><\/div>\n\n\n<script type=\"text\/javascript\" src=\"https:\/\/mautic.yeeply.com\/form\/generate.js?id=40\"><\/script>\n<\/div><\/section>\n","protected":false},"excerpt":{"rendered":"","protected":false},"author":35,"featured_media":11320,"parent":11076,"menu_order":0,"comment_status":"closed","ping_status":"closed","template":"","meta":{"inline_featured_image":false,"_uag_custom_page_level_css":"","footnotes":""},"categories":[],"class_list":["post-11317","page","type-page","status-publish","has-post-thumbnail","hentry"],"yoast_head":"<!-- This site is optimized with the Yoast SEO plugin v27.4 - https:\/\/yoast.com\/product\/yoast-seo-wordpress\/ -->\n<title>T4T |\u00a0Iscriviti alla newsletter mensile di Yeeply!<\/title>\n<meta name=\"description\" content=\"All&#039;interno, troverai un riassunto mensile di novit\u00e0 scelte per chi \u00e8 Thirsty for Tech, ovvero assetato di tecnologia. Non perdertela, iscriviti ?.\" \/>\n<meta name=\"robots\" content=\"noindex, follow\" \/>\n<meta property=\"og:locale\" content=\"it_IT\" \/>\n<meta property=\"og:type\" content=\"article\" \/>\n<meta property=\"og:title\" content=\"T4T |\u00a0Iscriviti alla newsletter mensile di Yeeply!\" \/>\n<meta property=\"og:description\" content=\"All&#039;interno, troverai un riassunto mensile di novit\u00e0 scelte per chi \u00e8 Thirsty for Tech, ovvero assetato di tecnologia. Non perdertela, iscriviti ?.\" \/>\n<meta property=\"og:url\" content=\"https:\/\/yeeply.com\/it\/landing\/t4t-iscrizione-newsletter\/\" \/>\n<meta property=\"og:site_name\" content=\"Yeeply\" \/>\n<meta property=\"article:publisher\" content=\"https:\/\/www.facebook.com\/YeeplyMobile\/\" \/>\n<meta property=\"article:modified_time\" content=\"2020-06-05T13:44:28+00:00\" \/>\n<meta property=\"og:image\" content=\"https:\/\/yeeply.com\/it\/wp-content\/uploads\/2020\/06\/IT-Suscripcio\u0301n-a-newsletter-T4T.png\" \/>\n\t<meta property=\"og:image:width\" content=\"1200\" \/>\n\t<meta property=\"og:image:height\" content=\"629\" \/>\n\t<meta property=\"og:image:type\" content=\"image\/png\" \/>\n<meta name=\"twitter:card\" content=\"summary_large_image\" \/>\n<meta name=\"twitter:image\" content=\"https:\/\/yeeply.com\/it\/wp-content\/uploads\/2020\/06\/IT-Suscripcio\u0301n-a-newsletter-T4T.png\" \/>\n<meta name=\"twitter:site\" content=\"@Yeeply_EN\" \/>\n<script type=\"application\/ld+json\" class=\"yoast-schema-graph\">{\"@context\":\"https:\\\/\\\/schema.org\",\"@graph\":[{\"@type\":\"WebPage\",\"@id\":\"https:\\\/\\\/yeeply.com\\\/it\\\/landing\\\/t4t-iscrizione-newsletter\\\/\",\"url\":\"https:\\\/\\\/yeeply.com\\\/it\\\/landing\\\/t4t-iscrizione-newsletter\\\/\",\"name\":\"T4T |\u00a0Iscriviti alla newsletter mensile di Yeeply!\",\"isPartOf\":{\"@id\":\"https:\\\/\\\/yeeply.com\\\/it\\\/#website\"},\"primaryImageOfPage\":{\"@id\":\"https:\\\/\\\/yeeply.com\\\/it\\\/landing\\\/t4t-iscrizione-newsletter\\\/#primaryimage\"},\"image\":{\"@id\":\"https:\\\/\\\/yeeply.com\\\/it\\\/landing\\\/t4t-iscrizione-newsletter\\\/#primaryimage\"},\"thumbnailUrl\":\"https:\\\/\\\/yeeply.com\\\/it\\\/wp-content\\\/uploads\\\/2020\\\/06\\\/IT-Suscripcio\u0301n-a-newsletter-T4T.png\",\"datePublished\":\"2020-06-01T11:13:39+00:00\",\"dateModified\":\"2020-06-05T13:44:28+00:00\",\"description\":\"All'interno, troverai un riassunto mensile di novit\u00e0 scelte per chi \u00e8 Thirsty for Tech, ovvero assetato di tecnologia. Non perdertela, iscriviti ?.\",\"breadcrumb\":{\"@id\":\"https:\\\/\\\/yeeply.com\\\/it\\\/landing\\\/t4t-iscrizione-newsletter\\\/#breadcrumb\"},\"inLanguage\":\"it-IT\",\"potentialAction\":[{\"@type\":\"ReadAction\",\"target\":[\"https:\\\/\\\/yeeply.com\\\/it\\\/landing\\\/t4t-iscrizione-newsletter\\\/\"]}]},{\"@type\":\"ImageObject\",\"inLanguage\":\"it-IT\",\"@id\":\"https:\\\/\\\/yeeply.com\\\/it\\\/landing\\\/t4t-iscrizione-newsletter\\\/#primaryimage\",\"url\":\"https:\\\/\\\/yeeply.com\\\/it\\\/wp-content\\\/uploads\\\/2020\\\/06\\\/IT-Suscripcio\u0301n-a-newsletter-T4T.png\",\"contentUrl\":\"https:\\\/\\\/yeeply.com\\\/it\\\/wp-content\\\/uploads\\\/2020\\\/06\\\/IT-Suscripcio\u0301n-a-newsletter-T4T.png\",\"width\":1200,\"height\":629},{\"@type\":\"BreadcrumbList\",\"@id\":\"https:\\\/\\\/yeeply.com\\\/it\\\/landing\\\/t4t-iscrizione-newsletter\\\/#breadcrumb\",\"itemListElement\":[{\"@type\":\"ListItem\",\"position\":1,\"name\":\"Home\",\"item\":\"https:\\\/\\\/yeeply.com\\\/it\\\/\"},{\"@type\":\"ListItem\",\"position\":2,\"name\":\"Landing [NO BORRAR]\",\"item\":\"https:\\\/\\\/yeeply.com\\\/it\\\/landing\\\/\"},{\"@type\":\"ListItem\",\"position\":3,\"name\":\"LP T4T\"}]},{\"@type\":\"WebSite\",\"@id\":\"https:\\\/\\\/yeeply.com\\\/it\\\/#website\",\"url\":\"https:\\\/\\\/yeeply.com\\\/it\\\/\",\"name\":\"Yeeply\",\"description\":\"A platform for the development of digital projects\",\"publisher\":{\"@id\":\"https:\\\/\\\/yeeply.com\\\/it\\\/#organization\"},\"potentialAction\":[{\"@type\":\"SearchAction\",\"target\":{\"@type\":\"EntryPoint\",\"urlTemplate\":\"https:\\\/\\\/yeeply.com\\\/it\\\/?s={search_term_string}\"},\"query-input\":{\"@type\":\"PropertyValueSpecification\",\"valueRequired\":true,\"valueName\":\"search_term_string\"}}],\"inLanguage\":\"it-IT\"},{\"@type\":\"Organization\",\"@id\":\"https:\\\/\\\/yeeply.com\\\/it\\\/#organization\",\"name\":\"Yeeply\",\"url\":\"https:\\\/\\\/yeeply.com\\\/it\\\/\",\"logo\":{\"@type\":\"ImageObject\",\"inLanguage\":\"it-IT\",\"@id\":\"https:\\\/\\\/yeeply.com\\\/it\\\/#\\\/schema\\\/logo\\\/image\\\/\",\"url\":\"https:\\\/\\\/yeeply.com\\\/it\\\/wp-content\\\/uploads\\\/2019\\\/05\\\/logo_yeeply_black@2x.png\",\"contentUrl\":\"https:\\\/\\\/yeeply.com\\\/it\\\/wp-content\\\/uploads\\\/2019\\\/05\\\/logo_yeeply_black@2x.png\",\"width\":360,\"height\":120,\"caption\":\"Yeeply\"},\"image\":{\"@id\":\"https:\\\/\\\/yeeply.com\\\/it\\\/#\\\/schema\\\/logo\\\/image\\\/\"},\"sameAs\":[\"https:\\\/\\\/www.facebook.com\\\/YeeplyMobile\\\/\",\"https:\\\/\\\/x.com\\\/Yeeply_EN\",\"https:\\\/\\\/www.linkedin.com\\\/company\\\/yeeply\"]}]}<\/script>\n<!-- \/ Yoast SEO plugin. -->","yoast_head_json":{"title":"T4T |\u00a0Iscriviti alla newsletter mensile di Yeeply!","description":"All'interno, troverai un riassunto mensile di novit\u00e0 scelte per chi \u00e8 Thirsty for Tech, ovvero assetato di tecnologia. Non perdertela, iscriviti ?.","robots":{"index":"noindex","follow":"follow"},"og_locale":"it_IT","og_type":"article","og_title":"T4T |\u00a0Iscriviti alla newsletter mensile di Yeeply!","og_description":"All'interno, troverai un riassunto mensile di novit\u00e0 scelte per chi \u00e8 Thirsty for Tech, ovvero assetato di tecnologia. Non perdertela, iscriviti ?.","og_url":"https:\/\/yeeply.com\/it\/landing\/t4t-iscrizione-newsletter\/","og_site_name":"Yeeply","article_publisher":"https:\/\/www.facebook.com\/YeeplyMobile\/","article_modified_time":"2020-06-05T13:44:28+00:00","og_image":[{"width":1200,"height":629,"url":"https:\/\/yeeply.com\/it\/wp-content\/uploads\/2020\/06\/IT-Suscripcio\u0301n-a-newsletter-T4T.png","type":"image\/png"}],"twitter_card":"summary_large_image","twitter_image":"https:\/\/yeeply.com\/it\/wp-content\/uploads\/2020\/06\/IT-Suscripcio\u0301n-a-newsletter-T4T.png","twitter_site":"@Yeeply_EN","schema":{"@context":"https:\/\/schema.org","@graph":[{"@type":"WebPage","@id":"https:\/\/yeeply.com\/it\/landing\/t4t-iscrizione-newsletter\/","url":"https:\/\/yeeply.com\/it\/landing\/t4t-iscrizione-newsletter\/","name":"T4T |\u00a0Iscriviti alla newsletter mensile di Yeeply!","isPartOf":{"@id":"https:\/\/yeeply.com\/it\/#website"},"primaryImageOfPage":{"@id":"https:\/\/yeeply.com\/it\/landing\/t4t-iscrizione-newsletter\/#primaryimage"},"image":{"@id":"https:\/\/yeeply.com\/it\/landing\/t4t-iscrizione-newsletter\/#primaryimage"},"thumbnailUrl":"https:\/\/yeeply.com\/it\/wp-content\/uploads\/2020\/06\/IT-Suscripcio\u0301n-a-newsletter-T4T.png","datePublished":"2020-06-01T11:13:39+00:00","dateModified":"2020-06-05T13:44:28+00:00","description":"All'interno, troverai un riassunto mensile di novit\u00e0 scelte per chi \u00e8 Thirsty for Tech, ovvero assetato di tecnologia. Non perdertela, iscriviti ?.","breadcrumb":{"@id":"https:\/\/yeeply.com\/it\/landing\/t4t-iscrizione-newsletter\/#breadcrumb"},"inLanguage":"it-IT","potentialAction":[{"@type":"ReadAction","target":["https:\/\/yeeply.com\/it\/landing\/t4t-iscrizione-newsletter\/"]}]},{"@type":"ImageObject","inLanguage":"it-IT","@id":"https:\/\/yeeply.com\/it\/landing\/t4t-iscrizione-newsletter\/#primaryimage","url":"https:\/\/yeeply.com\/it\/wp-content\/uploads\/2020\/06\/IT-Suscripcio\u0301n-a-newsletter-T4T.png","contentUrl":"https:\/\/yeeply.com\/it\/wp-content\/uploads\/2020\/06\/IT-Suscripcio\u0301n-a-newsletter-T4T.png","width":1200,"height":629},{"@type":"BreadcrumbList","@id":"https:\/\/yeeply.com\/it\/landing\/t4t-iscrizione-newsletter\/#breadcrumb","itemListElement":[{"@type":"ListItem","position":1,"name":"Home","item":"https:\/\/yeeply.com\/it\/"},{"@type":"ListItem","position":2,"name":"Landing [NO BORRAR]","item":"https:\/\/yeeply.com\/it\/landing\/"},{"@type":"ListItem","position":3,"name":"LP T4T"}]},{"@type":"WebSite","@id":"https:\/\/yeeply.com\/it\/#website","url":"https:\/\/yeeply.com\/it\/","name":"Yeeply","description":"A platform for the development of digital projects","publisher":{"@id":"https:\/\/yeeply.com\/it\/#organization"},"potentialAction":[{"@type":"SearchAction","target":{"@type":"EntryPoint","urlTemplate":"https:\/\/yeeply.com\/it\/?s={search_term_string}"},"query-input":{"@type":"PropertyValueSpecification","valueRequired":true,"valueName":"search_term_string"}}],"inLanguage":"it-IT"},{"@type":"Organization","@id":"https:\/\/yeeply.com\/it\/#organization","name":"Yeeply","url":"https:\/\/yeeply.com\/it\/","logo":{"@type":"ImageObject","inLanguage":"it-IT","@id":"https:\/\/yeeply.com\/it\/#\/schema\/logo\/image\/","url":"https:\/\/yeeply.com\/it\/wp-content\/uploads\/2019\/05\/logo_yeeply_black@2x.png","contentUrl":"https:\/\/yeeply.com\/it\/wp-content\/uploads\/2019\/05\/logo_yeeply_black@2x.png","width":360,"height":120,"caption":"Yeeply"},"image":{"@id":"https:\/\/yeeply.com\/it\/#\/schema\/logo\/image\/"},"sameAs":["https:\/\/www.facebook.com\/YeeplyMobile\/","https:\/\/x.com\/Yeeply_EN","https:\/\/www.linkedin.com\/company\/yeeply"]}]}},"uagb_featured_image_src":{"full":["https:\/\/yeeply.com\/it\/wp-content\/uploads\/2020\/06\/IT-Suscripcio\u0301n-a-newsletter-T4T.png",1200,629,false],"thumbnail":["https:\/\/yeeply.com\/it\/wp-content\/uploads\/2020\/06\/IT-Suscripcio\u0301n-a-newsletter-T4T-150x150.png",150,150,true],"medium":["https:\/\/yeeply.com\/it\/wp-content\/uploads\/2020\/06\/IT-Suscripcio\u0301n-a-newsletter-T4T-300x157.png",300,157,true],"medium_large":["https:\/\/yeeply.com\/it\/wp-content\/uploads\/2020\/06\/IT-Suscripcio\u0301n-a-newsletter-T4T-768x403.png",640,336,true],"large":["https:\/\/yeeply.com\/it\/wp-content\/uploads\/2020\/06\/IT-Suscripcio\u0301n-a-newsletter-T4T-1024x537.png",640,336,true],"1536x1536":["https:\/\/yeeply.com\/it\/wp-content\/uploads\/2020\/06\/IT-Suscripcio\u0301n-a-newsletter-T4T.png",1200,629,false],"2048x2048":["https:\/\/yeeply.com\/it\/wp-content\/uploads\/2020\/06\/IT-Suscripcio\u0301n-a-newsletter-T4T.png",1200,629,false],"gform-image-choice-sm":["https:\/\/yeeply.com\/it\/wp-content\/uploads\/2020\/06\/IT-Suscripcio\u0301n-a-newsletter-T4T.png",300,157,false],"gform-image-choice-md":["https:\/\/yeeply.com\/it\/wp-content\/uploads\/2020\/06\/IT-Suscripcio\u0301n-a-newsletter-T4T.png",400,210,false],"gform-image-choice-lg":["https:\/\/yeeply.com\/it\/wp-content\/uploads\/2020\/06\/IT-Suscripcio\u0301n-a-newsletter-T4T.png",600,315,false]},"uagb_author_info":{"display_name":"Lucia Bravo","author_link":"https:\/\/yeeply.com\/it\/author\/lucia-bravo\/"},"uagb_comment_info":0,"uagb_excerpt":null,"_links":{"self":[{"href":"https:\/\/yeeply.com\/it\/wp-json\/wp\/v2\/pages\/11317","targetHints":{"allow":["GET"]}}],"collection":[{"href":"https:\/\/yeeply.com\/it\/wp-json\/wp\/v2\/pages"}],"about":[{"href":"https:\/\/yeeply.com\/it\/wp-json\/wp\/v2\/types\/page"}],"author":[{"embeddable":true,"href":"https:\/\/yeeply.com\/it\/wp-json\/wp\/v2\/users\/35"}],"replies":[{"embeddable":true,"href":"https:\/\/yeeply.com\/it\/wp-json\/wp\/v2\/comments?post=11317"}],"version-history":[{"count":0,"href":"https:\/\/yeeply.com\/it\/wp-json\/wp\/v2\/pages\/11317\/revisions"}],"up":[{"embeddable":true,"href":"https:\/\/yeeply.com\/it\/wp-json\/wp\/v2\/pages\/11076"}],"wp:featuredmedia":[{"embeddable":true,"href":"https:\/\/yeeply.com\/it\/wp-json\/wp\/v2\/media\/11320"}],"wp:attachment":[{"href":"https:\/\/yeeply.com\/it\/wp-json\/wp\/v2\/media?parent=11317"}],"wp:term":[{"taxonomy":"category","embeddable":true,"href":"https:\/\/yeeply.com\/it\/wp-json\/wp\/v2\/categories?post=11317"}],"curies":[{"name":"wp","href":"https:\/\/api.w.org\/{rel}","templated":true}]}}