{"id":11107,"date":"2020-05-11T09:27:32","date_gmt":"2020-05-11T09:27:32","guid":{"rendered":"https:\/\/yeeply.com\/it\/?page_id=11107"},"modified":"2020-11-11T10:42:56","modified_gmt":"2020-11-11T10:42:56","slug":"scarica-caso-successo-laliga","status":"publish","type":"page","link":"https:\/\/yeeply.com\/it\/landing\/scarica-caso-successo-laliga\/","title":{"rendered":"LP &#8211; CS 1 LaLiga"},"content":{"rendered":"\n<section class=\"wp-block-uagb-section uagb-section__wrap uagb-section__background-undefined uagb-block-92dfe80c lp-template\"><div class=\"uagb-section__overlay\"><\/div><div class=\"uagb-section__inner-wrap\">\n<section class=\"wp-block-uagb-columns uagb-columns__wrap uagb-columns__background-undefined uagb-columns__stack-tablet uagb-columns__valign-undefined uagb-columns__gap-10 alignfull uagb-block-d6bebbe8\"><div class=\"uagb-columns__overlay\"><\/div><div class=\"uagb-columns__inner-wrap uagb-columns__columns-2\">\n<div class=\"wp-block-uagb-column uagb-column__wrap uagb-column__background-undefined uagb-column__align-left uagb-block-0add8452\"><div class=\"uagb-column__overlay\"><\/div><div class=\"uagb-column__inner-wrap\">\n<h3 class=\"wp-block-heading\">CASO DI SUCCESSO<\/h3>\n\n\n\n<h2 class=\"wp-block-heading\">Cos\u00ec \u00e8 nata l&#8217;app del gioco LaLiga Fantasy<\/h2>\n\n\n<style>.kb-gallery-id-_36d79d-7a .kadence-blocks-gallery-item .kb-gal-image-radius, .kb-gallery-id-_36d79d-7a .kb-slide-item .kb-gal-image-radius img{border-radius:0px 0px 0px 0px;;}<\/style>\n<div class=\"wp-block-kadence-advancedgallery kb-gallery-wrap-id-_36d79d-7a\"><div class=\"kb-gallery-ul kb-gallery-type-slider kb-gallery-id-_36d79d-7a kb-gallery-caption-style-bottom-hover kb-gallery-filter-none\" data-image-filter=\"none\" data-lightbox-caption=\"true\"><div class=\"kt-blocks-carousel kt-carousel-container-dotstyle-dark\"><div class=\"kt-blocks-carousel-init kb-blocks-slider kt-carousel-arrowstyle-none kt-carousel-dotstyle-dark\" data-slider-anim-speed=\"400\" data-slider-type=\"slider\" data-slider-scroll=\"1\" data-slider-arrows=\"false\" data-slider-dots=\"true\" data-slider-hover-pause=\"false\" data-slider-auto=\"true\" data-slider-speed=\"3000\"><div class=\"kb-slide-item kb-gallery-slide-item\"><div class=\"kadence-blocks-gallery-item\"><div class=\"kadence-blocks-gallery-item-inner\"><figure class=\"kb-gallery-figure kadence-blocks-gallery-item-hide-caption kb-has-image-ratio-inherit\"><div class=\"kb-gal-image-radius\"><div class=\"kb-gallery-image-contain kadence-blocks-gallery-intrinsic kb-gallery-image-ratio-inherit\"><img fetchpriority=\"high\" decoding=\"async\" width=\"294\" height=\"394\" src=\"https:\/\/yeeply.com\/it\/wp-content\/uploads\/2020\/05\/IT-LP-01.png\" alt=\"\" data-full-image=\"https:\/\/yeeply.com\/it\/wp-content\/uploads\/2020\/05\/IT-LP-01.png\" data-light-image=\"https:\/\/yeeply.com\/it\/wp-content\/uploads\/2020\/05\/IT-LP-01.png\" data-id=\"11134\" data-link=\"https:\/\/yeeply.com\/it\/?attachment_id=11134\" class=\"wp-image-11134 skip-lazy\" srcset=\"https:\/\/yeeply.com\/it\/wp-content\/uploads\/2020\/05\/IT-LP-01.png 294w, https:\/\/yeeply.com\/it\/wp-content\/uploads\/2020\/05\/IT-LP-01-224x300.png 224w\" sizes=\"(max-width: 294px) 100vw, 294px\" \/><\/div><\/div><\/figure><\/div><\/div><\/div><div class=\"kb-slide-item kb-gallery-slide-item\"><div class=\"kadence-blocks-gallery-item\"><div class=\"kadence-blocks-gallery-item-inner\"><figure class=\"kb-gallery-figure kadence-blocks-gallery-item-hide-caption kb-has-image-ratio-inherit\"><div class=\"kb-gal-image-radius\"><div class=\"kb-gallery-image-contain kadence-blocks-gallery-intrinsic kb-gallery-image-ratio-inherit\"><img decoding=\"async\" width=\"294\" height=\"394\" src=\"https:\/\/yeeply.com\/it\/wp-content\/uploads\/2020\/05\/IT-LP-02.png\" alt=\"\" data-full-image=\"https:\/\/yeeply.com\/it\/wp-content\/uploads\/2020\/05\/IT-LP-02.png\" data-light-image=\"https:\/\/yeeply.com\/it\/wp-content\/uploads\/2020\/05\/IT-LP-02.png\" data-id=\"11135\" data-link=\"https:\/\/yeeply.com\/it\/?attachment_id=11135\" class=\"wp-image-11135 skip-lazy\" srcset=\"https:\/\/yeeply.com\/it\/wp-content\/uploads\/2020\/05\/IT-LP-02.png 294w, https:\/\/yeeply.com\/it\/wp-content\/uploads\/2020\/05\/IT-LP-02-224x300.png 224w\" sizes=\"(max-width: 294px) 100vw, 294px\" \/><\/div><\/div><\/figure><\/div><\/div><\/div><div class=\"kb-slide-item kb-gallery-slide-item\"><div class=\"kadence-blocks-gallery-item\"><div class=\"kadence-blocks-gallery-item-inner\"><figure class=\"kb-gallery-figure kadence-blocks-gallery-item-hide-caption kb-has-image-ratio-inherit\"><div class=\"kb-gal-image-radius\"><div class=\"kb-gallery-image-contain kadence-blocks-gallery-intrinsic kb-gallery-image-ratio-inherit\"><img decoding=\"async\" width=\"294\" height=\"394\" src=\"https:\/\/yeeply.com\/it\/wp-content\/uploads\/2020\/05\/IT-LP-03.png\" alt=\"\" data-full-image=\"https:\/\/yeeply.com\/it\/wp-content\/uploads\/2020\/05\/IT-LP-03.png\" data-light-image=\"https:\/\/yeeply.com\/it\/wp-content\/uploads\/2020\/05\/IT-LP-03.png\" data-id=\"11136\" data-link=\"https:\/\/yeeply.com\/it\/?attachment_id=11136\" class=\"wp-image-11136 skip-lazy\" srcset=\"https:\/\/yeeply.com\/it\/wp-content\/uploads\/2020\/05\/IT-LP-03.png 294w, https:\/\/yeeply.com\/it\/wp-content\/uploads\/2020\/05\/IT-LP-03-224x300.png 224w\" sizes=\"(max-width: 294px) 100vw, 294px\" \/><\/div><\/div><\/figure><\/div><\/div><\/div><div class=\"kb-slide-item kb-gallery-slide-item\"><div class=\"kadence-blocks-gallery-item\"><div class=\"kadence-blocks-gallery-item-inner\"><figure class=\"kb-gallery-figure kadence-blocks-gallery-item-hide-caption kb-has-image-ratio-inherit\"><div class=\"kb-gal-image-radius\"><div class=\"kb-gallery-image-contain kadence-blocks-gallery-intrinsic kb-gallery-image-ratio-inherit\"><img loading=\"lazy\" decoding=\"async\" width=\"294\" height=\"394\" src=\"https:\/\/yeeply.com\/it\/wp-content\/uploads\/2020\/05\/IT-LP-04.png\" alt=\"\" data-full-image=\"https:\/\/yeeply.com\/it\/wp-content\/uploads\/2020\/05\/IT-LP-04.png\" data-light-image=\"https:\/\/yeeply.com\/it\/wp-content\/uploads\/2020\/05\/IT-LP-04.png\" data-id=\"11137\" data-link=\"https:\/\/yeeply.com\/it\/?attachment_id=11137\" class=\"wp-image-11137 skip-lazy\" srcset=\"https:\/\/yeeply.com\/it\/wp-content\/uploads\/2020\/05\/IT-LP-04.png 294w, https:\/\/yeeply.com\/it\/wp-content\/uploads\/2020\/05\/IT-LP-04-224x300.png 224w\" sizes=\"(max-width: 294px) 100vw, 294px\" \/><\/div><\/div><\/figure><\/div><\/div><\/div><\/div><\/div><\/div><\/div>\n\n\n\n<h4 class=\"wp-block-heading\">In questo caso di successo troverai informazioni su:<\/h4>\n\n\n\n<ul class=\"wp-block-list\"><li>Gli obiettivi iniziali di LaLiga Fantasy<\/li><li>Le distinte fasi del progetto di sviluppo&nbsp;<\/li><li>Il processo di selezione dei professionisti digitali per il progetto<\/li><li>I risultati raggiunti&nbsp; <\/li><\/ul>\n<\/div><\/div>\n\n\n\n<div class=\"wp-block-uagb-column uagb-column__wrap uagb-column__background-color uagb-block-60669f36\"><div class=\"uagb-column__overlay\"><\/div><div class=\"uagb-column__inner-wrap\">\n<h4 class=\"wp-block-heading\"> Inserisci i tuoi dati e ti invieremo l&#8217;ebook! <\/h4>\n\n\n<script type=\"text\/javascript\" src=\"https:\/\/mautic.yeeply.com\/form\/generate.js?id=35\"><\/script>\n<\/div><\/div>\n<\/div><\/section>\n\n\n\n<section class=\"wp-block-uagb-section uagb-section__wrap uagb-section__background-undefined uagb-block-0e9e05b4\"><div class=\"uagb-section__overlay\"><\/div><div class=\"uagb-section__inner-wrap\"><style>.wp-block-kadence-spacer.kt-block-spacer-_bdc90b-50 .kt-block-spacer{height:130px;}.wp-block-kadence-spacer.kt-block-spacer-_bdc90b-50 .kt-divider{border-top-width:1px;height:1px;border-top-color:#eee;width:40%;border-top-style:solid;}<\/style>\n<div class=\"wp-block-kadence-spacer aligncenter kt-block-spacer-_bdc90b-50\"><div class=\"kt-block-spacer kt-block-spacer-halign-center\" style=\"height:130px\"><hr class=\"kt-divider\" style=\"border-top-color:rgba(238, 238, 238, 1);border-top-width:1px;width:40%;border-top-style:solid\"\/><\/div><\/div>\n\n\n\n<p class=\"has-text-align-center\">Condividi questa guida!<\/p>\n\n\n\n<div class=\"wp-block-uagb-social-share uagb-social-share__outer-wrap uagb-social-share__layout-horizontal uagb-block-84ec925c\"><div class=\"uagb-social-share__wrap\">\n<div class=\"wp-block-uagb-social-share-child uagb-ss-repeater uagb-ss__wrapper uagb-block-40955df1\"><a class=\"uagb-ss__link\" data-href=\"https:\/\/www.facebook.com\/sharer.php?u=\" rel=\"nofollow noopener noreferrer\"><span class=\"uagb-ss__source-wrap\"><img decoding=\"async\" class=\"uagb-ss__source-image\" src=\"https:\/\/www.yeeply.com\/wp-content\/uploads\/2020\/04\/facebook-color.png\"\/><\/span><\/a><\/div>\n\n\n\n<div class=\"wp-block-uagb-social-share-child uagb-ss-repeater uagb-ss__wrapper uagb-block-61f61197\"><a class=\"uagb-ss__link\" data-href=\"https:\/\/twitter.com\/share?url=\" rel=\"nofollow noopener noreferrer\"><span class=\"uagb-ss__source-wrap\"><img decoding=\"async\" class=\"uagb-ss__source-image\" src=\"https:\/\/www.yeeply.com\/wp-content\/uploads\/2020\/04\/twitter-color.png\"\/><\/span><\/a><\/div>\n\n\n\n<div class=\"wp-block-uagb-social-share-child uagb-ss-repeater uagb-ss__wrapper uagb-block-fac66d40\"><a class=\"uagb-ss__link\" data-href=\"https:\/\/www.linkedin.com\/shareArticle?url=\" rel=\"nofollow noopener noreferrer\"><span class=\"uagb-ss__source-wrap\"><img decoding=\"async\" class=\"uagb-ss__source-image\" src=\"https:\/\/www.yeeply.com\/wp-content\/uploads\/2020\/04\/linkedin-color.png\"\/><\/span><\/a><\/div>\n\n\n\n<div class=\"wp-block-uagb-social-share-child uagb-ss-repeater uagb-ss__wrapper uagb-block-826b18dc\"><a class=\"uagb-ss__link\" data-href=\"mailto:?body=\" rel=\"nofollow noopener noreferrer\"><span class=\"uagb-ss__source-wrap\"><img decoding=\"async\" class=\"uagb-ss__source-image\" src=\"https:\/\/www.yeeply.com\/wp-content\/uploads\/2020\/04\/email-color.png\"\/><\/span><\/a><\/div>\n<\/div><\/div>\n<\/div><\/section>\n\n\n\n<p><\/p>\n<\/div><\/section>\n","protected":false},"excerpt":{"rendered":"","protected":false},"author":35,"featured_media":11138,"parent":11076,"menu_order":0,"comment_status":"closed","ping_status":"closed","template":"","meta":{"inline_featured_image":false,"_uag_custom_page_level_css":"","footnotes":""},"categories":[],"class_list":["post-11107","page","type-page","status-publish","has-post-thumbnail","hentry"],"yoast_head":"<!-- This site is optimized with the Yoast SEO plugin v27.3 - https:\/\/yoast.com\/product\/yoast-seo-wordpress\/ -->\n<title>LaLiga Fantasy | Scarica la storia di successo di questa app di gioco!<\/title>\n<meta name=\"description\" content=\"\u00c8 cos\u00ec che \u00e8 stato creato il principale gioco di calcio manager in Spagna! Scarica il caso di successo e scopri i dettagli del progetto di sviluppo: obiettivi, risultati...\" \/>\n<meta name=\"robots\" content=\"noindex, follow\" \/>\n<meta property=\"og:locale\" content=\"it_IT\" \/>\n<meta property=\"og:type\" content=\"article\" \/>\n<meta property=\"og:title\" content=\"LaLiga Fantasy | Scarica la storia di successo di questa app di gioco!\" \/>\n<meta property=\"og:description\" content=\"\u00c8 cos\u00ec che \u00e8 stato creato il principale gioco di calcio manager in Spagna! Scarica il caso di successo e scopri i dettagli del progetto di sviluppo: obiettivi, risultati...\" \/>\n<meta property=\"og:url\" content=\"https:\/\/yeeply.com\/it\/landing\/scarica-caso-successo-laliga\/\" \/>\n<meta property=\"og:site_name\" content=\"Yeeply\" \/>\n<meta property=\"article:publisher\" content=\"https:\/\/www.facebook.com\/YeeplyMobile\/\" \/>\n<meta property=\"article:modified_time\" content=\"2020-11-11T10:42:56+00:00\" \/>\n<meta property=\"og:image\" content=\"https:\/\/yeeply.com\/it\/wp-content\/uploads\/2020\/05\/CTAs_CE_YEEPLY_ADS_IT.jpg\" \/>\n\t<meta property=\"og:image:width\" content=\"1024\" \/>\n\t<meta property=\"og:image:height\" content=\"512\" \/>\n\t<meta property=\"og:image:type\" content=\"image\/jpeg\" \/>\n<meta name=\"twitter:card\" content=\"summary_large_image\" \/>\n<meta name=\"twitter:title\" content=\"LaLiga Fantasy | Scarica la storia di successo di questa app di gioco!\" \/>\n<meta name=\"twitter:description\" content=\"\u00c8 cos\u00ec che \u00e8 stato creato il principale gioco di calcio manager in Spagna! Scarica il caso di successo e scopri i dettagli del progetto di sviluppo: obiettivi, risultati...\" \/>\n<meta name=\"twitter:image\" content=\"https:\/\/yeeply.com\/it\/wp-content\/uploads\/2020\/05\/CTAs_CE_YEEPLY_ADS_IT.jpg\" \/>\n<meta name=\"twitter:site\" content=\"@Yeeply_EN\" \/>\n<script type=\"application\/ld+json\" class=\"yoast-schema-graph\">{\"@context\":\"https:\\\/\\\/schema.org\",\"@graph\":[{\"@type\":\"WebPage\",\"@id\":\"https:\\\/\\\/yeeply.com\\\/it\\\/landing\\\/scarica-caso-successo-laliga\\\/\",\"url\":\"https:\\\/\\\/yeeply.com\\\/it\\\/landing\\\/scarica-caso-successo-laliga\\\/\",\"name\":\"LaLiga Fantasy | Scarica la storia di successo di questa app di gioco!\",\"isPartOf\":{\"@id\":\"https:\\\/\\\/yeeply.com\\\/it\\\/#website\"},\"primaryImageOfPage\":{\"@id\":\"https:\\\/\\\/yeeply.com\\\/it\\\/landing\\\/scarica-caso-successo-laliga\\\/#primaryimage\"},\"image\":{\"@id\":\"https:\\\/\\\/yeeply.com\\\/it\\\/landing\\\/scarica-caso-successo-laliga\\\/#primaryimage\"},\"thumbnailUrl\":\"https:\\\/\\\/yeeply.com\\\/it\\\/wp-content\\\/uploads\\\/2020\\\/05\\\/CTAs_CE_YEEPLY_ADS_IT.jpg\",\"datePublished\":\"2020-05-11T09:27:32+00:00\",\"dateModified\":\"2020-11-11T10:42:56+00:00\",\"description\":\"\u00c8 cos\u00ec che \u00e8 stato creato il principale gioco di calcio manager in Spagna! Scarica il caso di successo e scopri i dettagli del progetto di sviluppo: obiettivi, risultati...\",\"breadcrumb\":{\"@id\":\"https:\\\/\\\/yeeply.com\\\/it\\\/landing\\\/scarica-caso-successo-laliga\\\/#breadcrumb\"},\"inLanguage\":\"it-IT\",\"potentialAction\":[{\"@type\":\"ReadAction\",\"target\":[\"https:\\\/\\\/yeeply.com\\\/it\\\/landing\\\/scarica-caso-successo-laliga\\\/\"]}]},{\"@type\":\"ImageObject\",\"inLanguage\":\"it-IT\",\"@id\":\"https:\\\/\\\/yeeply.com\\\/it\\\/landing\\\/scarica-caso-successo-laliga\\\/#primaryimage\",\"url\":\"https:\\\/\\\/yeeply.com\\\/it\\\/wp-content\\\/uploads\\\/2020\\\/05\\\/CTAs_CE_YEEPLY_ADS_IT.jpg\",\"contentUrl\":\"https:\\\/\\\/yeeply.com\\\/it\\\/wp-content\\\/uploads\\\/2020\\\/05\\\/CTAs_CE_YEEPLY_ADS_IT.jpg\",\"width\":1024,\"height\":512},{\"@type\":\"BreadcrumbList\",\"@id\":\"https:\\\/\\\/yeeply.com\\\/it\\\/landing\\\/scarica-caso-successo-laliga\\\/#breadcrumb\",\"itemListElement\":[{\"@type\":\"ListItem\",\"position\":1,\"name\":\"Home\",\"item\":\"https:\\\/\\\/yeeply.com\\\/it\\\/\"},{\"@type\":\"ListItem\",\"position\":2,\"name\":\"Landing [NO BORRAR]\",\"item\":\"https:\\\/\\\/yeeply.com\\\/it\\\/landing\\\/\"},{\"@type\":\"ListItem\",\"position\":3,\"name\":\"LP &#8211; CS 1 LaLiga\"}]},{\"@type\":\"WebSite\",\"@id\":\"https:\\\/\\\/yeeply.com\\\/it\\\/#website\",\"url\":\"https:\\\/\\\/yeeply.com\\\/it\\\/\",\"name\":\"Yeeply\",\"description\":\"A platform for the development of digital projects\",\"publisher\":{\"@id\":\"https:\\\/\\\/yeeply.com\\\/it\\\/#organization\"},\"potentialAction\":[{\"@type\":\"SearchAction\",\"target\":{\"@type\":\"EntryPoint\",\"urlTemplate\":\"https:\\\/\\\/yeeply.com\\\/it\\\/?s={search_term_string}\"},\"query-input\":{\"@type\":\"PropertyValueSpecification\",\"valueRequired\":true,\"valueName\":\"search_term_string\"}}],\"inLanguage\":\"it-IT\"},{\"@type\":\"Organization\",\"@id\":\"https:\\\/\\\/yeeply.com\\\/it\\\/#organization\",\"name\":\"Yeeply\",\"url\":\"https:\\\/\\\/yeeply.com\\\/it\\\/\",\"logo\":{\"@type\":\"ImageObject\",\"inLanguage\":\"it-IT\",\"@id\":\"https:\\\/\\\/yeeply.com\\\/it\\\/#\\\/schema\\\/logo\\\/image\\\/\",\"url\":\"https:\\\/\\\/yeeply.com\\\/it\\\/wp-content\\\/uploads\\\/2019\\\/05\\\/logo_yeeply_black@2x.png\",\"contentUrl\":\"https:\\\/\\\/yeeply.com\\\/it\\\/wp-content\\\/uploads\\\/2019\\\/05\\\/logo_yeeply_black@2x.png\",\"width\":360,\"height\":120,\"caption\":\"Yeeply\"},\"image\":{\"@id\":\"https:\\\/\\\/yeeply.com\\\/it\\\/#\\\/schema\\\/logo\\\/image\\\/\"},\"sameAs\":[\"https:\\\/\\\/www.facebook.com\\\/YeeplyMobile\\\/\",\"https:\\\/\\\/x.com\\\/Yeeply_EN\",\"https:\\\/\\\/www.linkedin.com\\\/company\\\/yeeply\"]}]}<\/script>\n<!-- \/ Yoast SEO plugin. -->","yoast_head_json":{"title":"LaLiga Fantasy | Scarica la storia di successo di questa app di gioco!","description":"\u00c8 cos\u00ec che \u00e8 stato creato il principale gioco di calcio manager in Spagna! Scarica il caso di successo e scopri i dettagli del progetto di sviluppo: obiettivi, risultati...","robots":{"index":"noindex","follow":"follow"},"og_locale":"it_IT","og_type":"article","og_title":"LaLiga Fantasy | Scarica la storia di successo di questa app di gioco!","og_description":"\u00c8 cos\u00ec che \u00e8 stato creato il principale gioco di calcio manager in Spagna! Scarica il caso di successo e scopri i dettagli del progetto di sviluppo: obiettivi, risultati...","og_url":"https:\/\/yeeply.com\/it\/landing\/scarica-caso-successo-laliga\/","og_site_name":"Yeeply","article_publisher":"https:\/\/www.facebook.com\/YeeplyMobile\/","article_modified_time":"2020-11-11T10:42:56+00:00","og_image":[{"width":1024,"height":512,"url":"https:\/\/yeeply.com\/it\/wp-content\/uploads\/2020\/05\/CTAs_CE_YEEPLY_ADS_IT.jpg","type":"image\/jpeg"}],"twitter_card":"summary_large_image","twitter_title":"LaLiga Fantasy | Scarica la storia di successo di questa app di gioco!","twitter_description":"\u00c8 cos\u00ec che \u00e8 stato creato il principale gioco di calcio manager in Spagna! Scarica il caso di successo e scopri i dettagli del progetto di sviluppo: obiettivi, risultati...","twitter_image":"https:\/\/yeeply.com\/it\/wp-content\/uploads\/2020\/05\/CTAs_CE_YEEPLY_ADS_IT.jpg","twitter_site":"@Yeeply_EN","schema":{"@context":"https:\/\/schema.org","@graph":[{"@type":"WebPage","@id":"https:\/\/yeeply.com\/it\/landing\/scarica-caso-successo-laliga\/","url":"https:\/\/yeeply.com\/it\/landing\/scarica-caso-successo-laliga\/","name":"LaLiga Fantasy | Scarica la storia di successo di questa app di gioco!","isPartOf":{"@id":"https:\/\/yeeply.com\/it\/#website"},"primaryImageOfPage":{"@id":"https:\/\/yeeply.com\/it\/landing\/scarica-caso-successo-laliga\/#primaryimage"},"image":{"@id":"https:\/\/yeeply.com\/it\/landing\/scarica-caso-successo-laliga\/#primaryimage"},"thumbnailUrl":"https:\/\/yeeply.com\/it\/wp-content\/uploads\/2020\/05\/CTAs_CE_YEEPLY_ADS_IT.jpg","datePublished":"2020-05-11T09:27:32+00:00","dateModified":"2020-11-11T10:42:56+00:00","description":"\u00c8 cos\u00ec che \u00e8 stato creato il principale gioco di calcio manager in Spagna! Scarica il caso di successo e scopri i dettagli del progetto di sviluppo: obiettivi, risultati...","breadcrumb":{"@id":"https:\/\/yeeply.com\/it\/landing\/scarica-caso-successo-laliga\/#breadcrumb"},"inLanguage":"it-IT","potentialAction":[{"@type":"ReadAction","target":["https:\/\/yeeply.com\/it\/landing\/scarica-caso-successo-laliga\/"]}]},{"@type":"ImageObject","inLanguage":"it-IT","@id":"https:\/\/yeeply.com\/it\/landing\/scarica-caso-successo-laliga\/#primaryimage","url":"https:\/\/yeeply.com\/it\/wp-content\/uploads\/2020\/05\/CTAs_CE_YEEPLY_ADS_IT.jpg","contentUrl":"https:\/\/yeeply.com\/it\/wp-content\/uploads\/2020\/05\/CTAs_CE_YEEPLY_ADS_IT.jpg","width":1024,"height":512},{"@type":"BreadcrumbList","@id":"https:\/\/yeeply.com\/it\/landing\/scarica-caso-successo-laliga\/#breadcrumb","itemListElement":[{"@type":"ListItem","position":1,"name":"Home","item":"https:\/\/yeeply.com\/it\/"},{"@type":"ListItem","position":2,"name":"Landing [NO BORRAR]","item":"https:\/\/yeeply.com\/it\/landing\/"},{"@type":"ListItem","position":3,"name":"LP &#8211; CS 1 LaLiga"}]},{"@type":"WebSite","@id":"https:\/\/yeeply.com\/it\/#website","url":"https:\/\/yeeply.com\/it\/","name":"Yeeply","description":"A platform for the development of digital projects","publisher":{"@id":"https:\/\/yeeply.com\/it\/#organization"},"potentialAction":[{"@type":"SearchAction","target":{"@type":"EntryPoint","urlTemplate":"https:\/\/yeeply.com\/it\/?s={search_term_string}"},"query-input":{"@type":"PropertyValueSpecification","valueRequired":true,"valueName":"search_term_string"}}],"inLanguage":"it-IT"},{"@type":"Organization","@id":"https:\/\/yeeply.com\/it\/#organization","name":"Yeeply","url":"https:\/\/yeeply.com\/it\/","logo":{"@type":"ImageObject","inLanguage":"it-IT","@id":"https:\/\/yeeply.com\/it\/#\/schema\/logo\/image\/","url":"https:\/\/yeeply.com\/it\/wp-content\/uploads\/2019\/05\/logo_yeeply_black@2x.png","contentUrl":"https:\/\/yeeply.com\/it\/wp-content\/uploads\/2019\/05\/logo_yeeply_black@2x.png","width":360,"height":120,"caption":"Yeeply"},"image":{"@id":"https:\/\/yeeply.com\/it\/#\/schema\/logo\/image\/"},"sameAs":["https:\/\/www.facebook.com\/YeeplyMobile\/","https:\/\/x.com\/Yeeply_EN","https:\/\/www.linkedin.com\/company\/yeeply"]}]}},"uagb_featured_image_src":{"full":["https:\/\/yeeply.com\/it\/wp-content\/uploads\/2020\/05\/CTAs_CE_YEEPLY_ADS_IT.jpg",1024,512,false],"thumbnail":["https:\/\/yeeply.com\/it\/wp-content\/uploads\/2020\/05\/CTAs_CE_YEEPLY_ADS_IT-150x150.png",150,150,true],"medium":["https:\/\/yeeply.com\/it\/wp-content\/uploads\/2020\/05\/CTAs_CE_YEEPLY_ADS_IT-300x150.png",300,150,true],"medium_large":["https:\/\/yeeply.com\/it\/wp-content\/uploads\/2020\/05\/CTAs_CE_YEEPLY_ADS_IT-768x384.png",640,320,true],"large":["https:\/\/yeeply.com\/it\/wp-content\/uploads\/2020\/05\/CTAs_CE_YEEPLY_ADS_IT.jpg",640,320,false],"1536x1536":["https:\/\/yeeply.com\/it\/wp-content\/uploads\/2020\/05\/CTAs_CE_YEEPLY_ADS_IT.jpg",1024,512,false],"2048x2048":["https:\/\/yeeply.com\/it\/wp-content\/uploads\/2020\/05\/CTAs_CE_YEEPLY_ADS_IT.jpg",1024,512,false],"gform-image-choice-sm":["https:\/\/yeeply.com\/it\/wp-content\/uploads\/2020\/05\/CTAs_CE_YEEPLY_ADS_IT.jpg",300,150,false],"gform-image-choice-md":["https:\/\/yeeply.com\/it\/wp-content\/uploads\/2020\/05\/CTAs_CE_YEEPLY_ADS_IT.jpg",400,200,false],"gform-image-choice-lg":["https:\/\/yeeply.com\/it\/wp-content\/uploads\/2020\/05\/CTAs_CE_YEEPLY_ADS_IT.jpg",600,300,false]},"uagb_author_info":{"display_name":"Lucia Bravo","author_link":"https:\/\/yeeply.com\/it\/author\/lucia-bravo\/"},"uagb_comment_info":0,"uagb_excerpt":null,"_links":{"self":[{"href":"https:\/\/yeeply.com\/it\/wp-json\/wp\/v2\/pages\/11107","targetHints":{"allow":["GET"]}}],"collection":[{"href":"https:\/\/yeeply.com\/it\/wp-json\/wp\/v2\/pages"}],"about":[{"href":"https:\/\/yeeply.com\/it\/wp-json\/wp\/v2\/types\/page"}],"author":[{"embeddable":true,"href":"https:\/\/yeeply.com\/it\/wp-json\/wp\/v2\/users\/35"}],"replies":[{"embeddable":true,"href":"https:\/\/yeeply.com\/it\/wp-json\/wp\/v2\/comments?post=11107"}],"version-history":[{"count":0,"href":"https:\/\/yeeply.com\/it\/wp-json\/wp\/v2\/pages\/11107\/revisions"}],"up":[{"embeddable":true,"href":"https:\/\/yeeply.com\/it\/wp-json\/wp\/v2\/pages\/11076"}],"wp:featuredmedia":[{"embeddable":true,"href":"https:\/\/yeeply.com\/it\/wp-json\/wp\/v2\/media\/11138"}],"wp:attachment":[{"href":"https:\/\/yeeply.com\/it\/wp-json\/wp\/v2\/media?parent=11107"}],"wp:term":[{"taxonomy":"category","embeddable":true,"href":"https:\/\/yeeply.com\/it\/wp-json\/wp\/v2\/categories?post=11107"}],"curies":[{"name":"wp","href":"https:\/\/api.w.org\/{rel}","templated":true}]}}