{"id":6482,"date":"2019-06-12T23:05:34","date_gmt":"2019-06-12T23:05:34","guid":{"rendered":"https:\/\/en.yeeply.com\/?page_id=6482"},"modified":"2024-09-02T12:24:16","modified_gmt":"2024-09-02T10:24:16","slug":"cookies","status":"publish","type":"page","link":"https:\/\/yeeply.com\/fr\/cookies\/","title":{"rendered":"Cookies | Yeeply"},"content":{"rendered":"\n<section class=\"wp-block-uagb-section uagb-section__wrap uagb-section__background-undefined alignwide uagb-block-a7f802f7-0db1-4c88-813e-a2620e5ccb20 hero-legal\"><div class=\"uagb-section__overlay\"><\/div><div class=\"uagb-section__inner-wrap\">\n<h1 class=\"wp-block-heading has-text-align-center\">Politique de cookies<\/h1>\n<\/div><\/section>\n\n\n\n<section class=\"wp-block-uagb-section uagb-section__wrap uagb-section__background-undefined uagb-block-cea0ff36-5180-4f6c-9fb2-cd51e89a6d17 section-full section-legal\"><div class=\"uagb-section__overlay\"><\/div><div class=\"uagb-section__inner-wrap\">\n<p><strong>Yeeply France SARL<\/strong>&nbsp;utilise des cookies pour le fonctionnement de son site Web accessible \u00e0 partir de&nbsp;<strong>yeeply.com<\/strong><\/p>\n\n\n\n<p>Les cookies sont des fichiers texte contenant de petites quantit\u00e9s d&rsquo;informations t\u00e9l\u00e9charg\u00e9es sur votre ordinateur ou votre dispositif mobile lorsque vous visitez un site Web. Les cookies sont renvoy\u00e9s au site Web original \u00e0 chaque visite ult\u00e9rieure ou \u00e0 un autre site Web les reconnaissant. Les cookies sont utiles car ils permettent \u00e0 un site Web de reconna\u00eetre le dispositif de l&rsquo;utilisateur. Les cookies peuvent remplir diff\u00e9rentes fonctions, telles que permettre une navigation efficace entre les pages, tout en m\u00e9morisant vos pr\u00e9f\u00e9rences et, d\u2019une mani\u00e8re g\u00e9n\u00e9rale, am\u00e9liorer la navigation de l\u2019utilisateur.<\/p>\n\n\n\n<p>En ce qui concerne les&nbsp;<strong>types de cookies<\/strong>, ces derniers sont class\u00e9s en fonction de l&rsquo;entit\u00e9 qui les g\u00e8re. Ainsi, nous avons les n\u00f4tres et ceux de tiers ; selon le d\u00e9lai pendant lequel ils sont actifs, de session ou persistants ; et selon leur objectif, techniques, personnalisation, analyse, publicit\u00e9 et publicit\u00e9 comportementale.<\/p>\n\n\n\n<p><strong>Session :<\/strong>&nbsp;cookies con\u00e7us pour collecter et stocker des donn\u00e9es lorsque l&rsquo;utilisateur acc\u00e8de \u00e0 un site Web. Ils sont utilis\u00e9s pour stocker des informations qui ne sont utiles que pour l\u2019assurance du service demand\u00e9 par l&rsquo;utilisateur, en une seule occasion.<\/p>\n\n\n\n<p><strong>Persistants :<\/strong>&nbsp;les cookies dans lesquels les donn\u00e9es sont toujours stock\u00e9es dans le terminal et peuvent \u00eatre consult\u00e9s et trait\u00e9s pendant une p\u00e9riode d\u00e9finie par la personne responsable du cookie. Le temps peut aller de quelques minutes \u00e0 plusieurs ann\u00e9es.<\/p>\n\n\n\n<p><strong>Technique :<\/strong>&nbsp;ils permettent \u00e0 l&rsquo;utilisateur de naviguer dans un site Web, une plate-forme ou une application et d&rsquo;utiliser les diff\u00e9rentes options ou services existants.<\/p>\n\n\n\n<p><strong>Personnalisation :<\/strong>&nbsp;ils permettent \u00e0 l&rsquo;utilisateur d&rsquo;acc\u00e9der au service avec certaines caract\u00e9ristiques g\u00e9n\u00e9rales pr\u00e9d\u00e9finies bas\u00e9es sur une s\u00e9rie de crit\u00e8res, dans le terminal de l&rsquo;utilisateur.<\/p>\n\n\n\n<p><strong>Analyse :<\/strong>&nbsp;ils permettent au responsable de suivre et d\u2019analyser le comportement des utilisateurs des sites Web auxquels ils sont li\u00e9s.<\/p>\n\n\n\n<p><strong>Publicitaires :<\/strong>&nbsp;ils permettent la gestion, de la mani\u00e8re la plus efficace possible, des espaces publicitaires que l&rsquo;\u00e9diteur a inclus, le cas \u00e9ch\u00e9ant, dans une page Web, une application ou une plate-forme \u00e0 partir de laquelle le service demand\u00e9 est assur\u00e9, en fonction de crit\u00e8res tels que le contenu modifi\u00e9 ou la fr\u00e9quence d&rsquo;affichage des annonces.<\/p>\n\n\n\n<p><strong>Publicit\u00e9 comportementale :<\/strong>&nbsp;ils permettent la gestion des espaces publicitaires que l&rsquo;\u00e9diteur a inclus dans un site Web, une application ou une plate-forme \u00e0 partir de laquelle le service demand\u00e9 est assur\u00e9. Les informations sur le comportement des utilisateurs obtenues gr\u00e2ce \u00e0 l&rsquo;observation continue de leurs habitudes de navigation sont stock\u00e9es, ce qui permet de d\u00e9velopper un profil sp\u00e9cifique pour afficher des publicit\u00e9s bas\u00e9es sur ces profils.<\/p>\n\n\n\n<h2 class=\"wp-block-heading\">D\u00e9sactivation des cookies<\/h2>\n\n\n\n<p>L&rsquo;utilisateur peut d\u00e9cider librement d&rsquo;implanter ou non dans son disque dur nos cookies, ainsi que de leur \u00e9limination, en suivant la proc\u00e9dure \u00e9tablie dans la section d&rsquo;aide de son navigateur. L&rsquo;utilisateur peut \u00e9galement configurer son navigateur pour accepter ou refuser tous les cookies par d\u00e9faut ou pour recevoir un avertissement sur l&rsquo;\u00e9cran de la r\u00e9ception de chaque cookie et d\u00e9cider \u00e0 ce moment de l&rsquo;installer ou non sur son disque dur.<\/p>\n\n\n\n<h3 class=\"wp-block-heading\">Lien pour d\u00e9sactiver les cookies tiers :<\/h3>\n\n\n\n<p><a href=\"https:\/\/tools.google.com\/dlpage\/gaoptout?hl=es\" target=\"_blank\" rel=\"noreferrer noopener\">Google Analytics<\/a><\/p>\n\n\n\n<h3 class=\"wp-block-heading\">Lien pour d\u00e9sactiver les cookies de navigateurs :<\/h3>\n\n\n\n<p><a href=\"https:\/\/support.microsoft.com\/es-es\/help\/17442\/windows-internet-explorer-delete-manage-cookies\" target=\"_blank\" rel=\"noreferrer noopener\">Internet Explorer<\/a><\/p>\n\n\n\n<p><a href=\"https:\/\/support.google.com\/chrome\/answer\/95647?hl=es\" target=\"_blank\" rel=\"noreferrer noopener\">Chrome<\/a><\/p>\n\n\n\n<p><a href=\"http:\/\/support.apple.com\/kb\/HT1677?viewlocale=es_ES\" target=\"_blank\" rel=\"noreferrer noopener\">Safari<\/a><\/p>\n\n\n\n<p><a href=\"https:\/\/support.mozilla.org\/es\/kb\/Borrar%20cookies\" target=\"_blank\" rel=\"noreferrer noopener\">Firefox<\/a><\/p>\n\n\n\n<p><a href=\"https:\/\/www.opera.com\/help\/tutorials\/security\/privacy\/\" target=\"_blank\" rel=\"noreferrer noopener\">Opera<\/a><\/p>\n\n\n\n<p>Si vous souhaitez mieux contr\u00f4ler l\u2019installation des cookies, vous pouvez installer des programmes ou des modules compl\u00e9mentaires dans votre navigateur, appel\u00e9s outils \u00ab Do Not Track \u00bb, qui vous permettront de choisir les cookies que vous souhaitez autoriser.<\/p>\n\n\n\n<p>Le fait que l&rsquo;utilisateur configure son navigateur pour rejeter tous les cookies ou express\u00e9ment nos cookies peut signifier qu&rsquo;il est impossible d&rsquo;acc\u00e9der \u00e0 certains des services et que son exp\u00e9rience sur notre site Web risque d&rsquo;\u00eatre moins satisfaisante.<\/p>\n\n\n\n<p><strong>Yeeply France SARL<\/strong>&nbsp;se r\u00e9serve le droit de modifier la pr\u00e9sente politique de cookies, \u00e0 tout moment, en publiant ces modifications sur notre site Web. Nous vous recommandons donc de consulter notre politique de cookies lors de chaque visite.<\/p>\n\n\n\n<hr class=\"wp-block-separator has-css-opacity\"\/>\n\n\n\n<p>Derni\u00e8re mise \u00e0 jour : Juin 2019<\/p>\n<\/div><\/section>\n","protected":false},"excerpt":{"rendered":"","protected":false},"author":2,"featured_media":0,"parent":0,"menu_order":0,"comment_status":"closed","ping_status":"closed","template":"","meta":{"inline_featured_image":false,"_uag_custom_page_level_css":"","footnotes":""},"categories":[],"class_list":["post-6482","page","type-page","status-publish","hentry"],"yoast_head":"<!-- This site is optimized with the Yoast SEO plugin v27.3 - https:\/\/yoast.com\/product\/yoast-seo-wordpress\/ -->\n<title>Cookies | Yeeply<\/title>\n<meta name=\"description\" content=\"Cookies\" \/>\n<meta name=\"robots\" content=\"noindex, follow\" \/>\n<meta property=\"og:locale\" content=\"fr_FR\" \/>\n<meta property=\"og:type\" content=\"article\" \/>\n<meta property=\"og:title\" content=\"Cookies | Yeeply\" \/>\n<meta property=\"og:description\" content=\"Cookies\" \/>\n<meta property=\"og:url\" content=\"https:\/\/yeeply.com\/fr\/cookies\/\" \/>\n<meta property=\"og:site_name\" content=\"Yeeply\" \/>\n<meta property=\"article:publisher\" content=\"https:\/\/www.facebook.com\/YeeplyMobile\/\" \/>\n<meta property=\"article:modified_time\" content=\"2024-09-02T10:24:16+00:00\" \/>\n<meta name=\"twitter:card\" content=\"summary_large_image\" \/>\n<meta name=\"twitter:site\" content=\"@Yeeply_EN\" \/>\n<meta name=\"twitter:label1\" content=\"Dur\u00e9e de lecture estim\u00e9e\" \/>\n\t<meta name=\"twitter:data1\" content=\"4 minutes\" \/>\n<script type=\"application\/ld+json\" class=\"yoast-schema-graph\">{\"@context\":\"https:\\\/\\\/schema.org\",\"@graph\":[{\"@type\":\"WebPage\",\"@id\":\"https:\\\/\\\/yeeply.com\\\/fr\\\/cookies\\\/\",\"url\":\"https:\\\/\\\/yeeply.com\\\/fr\\\/cookies\\\/\",\"name\":\"Cookies | Yeeply\",\"isPartOf\":{\"@id\":\"https:\\\/\\\/yeeply.com\\\/fr\\\/#website\"},\"datePublished\":\"2019-06-12T23:05:34+00:00\",\"dateModified\":\"2024-09-02T10:24:16+00:00\",\"description\":\"Cookies\",\"breadcrumb\":{\"@id\":\"https:\\\/\\\/yeeply.com\\\/fr\\\/cookies\\\/#breadcrumb\"},\"inLanguage\":\"fr-FR\",\"potentialAction\":[{\"@type\":\"ReadAction\",\"target\":[\"https:\\\/\\\/yeeply.com\\\/fr\\\/cookies\\\/\"]}]},{\"@type\":\"BreadcrumbList\",\"@id\":\"https:\\\/\\\/yeeply.com\\\/fr\\\/cookies\\\/#breadcrumb\",\"itemListElement\":[{\"@type\":\"ListItem\",\"position\":1,\"name\":\"Home\",\"item\":\"https:\\\/\\\/yeeply.com\\\/fr\\\/\"},{\"@type\":\"ListItem\",\"position\":2,\"name\":\"Cookies | Yeeply\"}]},{\"@type\":\"WebSite\",\"@id\":\"https:\\\/\\\/yeeply.com\\\/fr\\\/#website\",\"url\":\"https:\\\/\\\/yeeply.com\\\/fr\\\/\",\"name\":\"Yeeply\",\"description\":\"A platform for the development of digital projects\",\"publisher\":{\"@id\":\"https:\\\/\\\/yeeply.com\\\/fr\\\/#organization\"},\"potentialAction\":[{\"@type\":\"SearchAction\",\"target\":{\"@type\":\"EntryPoint\",\"urlTemplate\":\"https:\\\/\\\/yeeply.com\\\/fr\\\/?s={search_term_string}\"},\"query-input\":{\"@type\":\"PropertyValueSpecification\",\"valueRequired\":true,\"valueName\":\"search_term_string\"}}],\"inLanguage\":\"fr-FR\"},{\"@type\":\"Organization\",\"@id\":\"https:\\\/\\\/yeeply.com\\\/fr\\\/#organization\",\"name\":\"Yeeply\",\"url\":\"https:\\\/\\\/yeeply.com\\\/fr\\\/\",\"logo\":{\"@type\":\"ImageObject\",\"inLanguage\":\"fr-FR\",\"@id\":\"https:\\\/\\\/yeeply.com\\\/fr\\\/#\\\/schema\\\/logo\\\/image\\\/\",\"url\":\"https:\\\/\\\/yeeply.com\\\/fr\\\/wp-content\\\/uploads\\\/2019\\\/05\\\/logo_yeeply_black@2x.png\",\"contentUrl\":\"https:\\\/\\\/yeeply.com\\\/fr\\\/wp-content\\\/uploads\\\/2019\\\/05\\\/logo_yeeply_black@2x.png\",\"width\":360,\"height\":120,\"caption\":\"Yeeply\"},\"image\":{\"@id\":\"https:\\\/\\\/yeeply.com\\\/fr\\\/#\\\/schema\\\/logo\\\/image\\\/\"},\"sameAs\":[\"https:\\\/\\\/www.facebook.com\\\/YeeplyMobile\\\/\",\"https:\\\/\\\/x.com\\\/Yeeply_EN\",\"https:\\\/\\\/www.linkedin.com\\\/company\\\/yeeply\"]}]}<\/script>\n<!-- \/ Yoast SEO plugin. -->","yoast_head_json":{"title":"Cookies | Yeeply","description":"Cookies","robots":{"index":"noindex","follow":"follow"},"og_locale":"fr_FR","og_type":"article","og_title":"Cookies | Yeeply","og_description":"Cookies","og_url":"https:\/\/yeeply.com\/fr\/cookies\/","og_site_name":"Yeeply","article_publisher":"https:\/\/www.facebook.com\/YeeplyMobile\/","article_modified_time":"2024-09-02T10:24:16+00:00","twitter_card":"summary_large_image","twitter_site":"@Yeeply_EN","twitter_misc":{"Dur\u00e9e de lecture estim\u00e9e":"4 minutes"},"schema":{"@context":"https:\/\/schema.org","@graph":[{"@type":"WebPage","@id":"https:\/\/yeeply.com\/fr\/cookies\/","url":"https:\/\/yeeply.com\/fr\/cookies\/","name":"Cookies | Yeeply","isPartOf":{"@id":"https:\/\/yeeply.com\/fr\/#website"},"datePublished":"2019-06-12T23:05:34+00:00","dateModified":"2024-09-02T10:24:16+00:00","description":"Cookies","breadcrumb":{"@id":"https:\/\/yeeply.com\/fr\/cookies\/#breadcrumb"},"inLanguage":"fr-FR","potentialAction":[{"@type":"ReadAction","target":["https:\/\/yeeply.com\/fr\/cookies\/"]}]},{"@type":"BreadcrumbList","@id":"https:\/\/yeeply.com\/fr\/cookies\/#breadcrumb","itemListElement":[{"@type":"ListItem","position":1,"name":"Home","item":"https:\/\/yeeply.com\/fr\/"},{"@type":"ListItem","position":2,"name":"Cookies | Yeeply"}]},{"@type":"WebSite","@id":"https:\/\/yeeply.com\/fr\/#website","url":"https:\/\/yeeply.com\/fr\/","name":"Yeeply","description":"A platform for the development of digital projects","publisher":{"@id":"https:\/\/yeeply.com\/fr\/#organization"},"potentialAction":[{"@type":"SearchAction","target":{"@type":"EntryPoint","urlTemplate":"https:\/\/yeeply.com\/fr\/?s={search_term_string}"},"query-input":{"@type":"PropertyValueSpecification","valueRequired":true,"valueName":"search_term_string"}}],"inLanguage":"fr-FR"},{"@type":"Organization","@id":"https:\/\/yeeply.com\/fr\/#organization","name":"Yeeply","url":"https:\/\/yeeply.com\/fr\/","logo":{"@type":"ImageObject","inLanguage":"fr-FR","@id":"https:\/\/yeeply.com\/fr\/#\/schema\/logo\/image\/","url":"https:\/\/yeeply.com\/fr\/wp-content\/uploads\/2019\/05\/logo_yeeply_black@2x.png","contentUrl":"https:\/\/yeeply.com\/fr\/wp-content\/uploads\/2019\/05\/logo_yeeply_black@2x.png","width":360,"height":120,"caption":"Yeeply"},"image":{"@id":"https:\/\/yeeply.com\/fr\/#\/schema\/logo\/image\/"},"sameAs":["https:\/\/www.facebook.com\/YeeplyMobile\/","https:\/\/x.com\/Yeeply_EN","https:\/\/www.linkedin.com\/company\/yeeply"]}]}},"uagb_featured_image_src":{"full":false,"thumbnail":false,"medium":false,"medium_large":false,"large":false,"1536x1536":false,"2048x2048":false,"gform-image-choice-sm":false,"gform-image-choice-md":false,"gform-image-choice-lg":false},"uagb_author_info":{"display_name":"Yeeply","author_link":"https:\/\/yeeply.com\/fr\/author\/yeeply\/"},"uagb_comment_info":0,"uagb_excerpt":null,"_links":{"self":[{"href":"https:\/\/yeeply.com\/fr\/wp-json\/wp\/v2\/pages\/6482","targetHints":{"allow":["GET"]}}],"collection":[{"href":"https:\/\/yeeply.com\/fr\/wp-json\/wp\/v2\/pages"}],"about":[{"href":"https:\/\/yeeply.com\/fr\/wp-json\/wp\/v2\/types\/page"}],"author":[{"embeddable":true,"href":"https:\/\/yeeply.com\/fr\/wp-json\/wp\/v2\/users\/2"}],"replies":[{"embeddable":true,"href":"https:\/\/yeeply.com\/fr\/wp-json\/wp\/v2\/comments?post=6482"}],"version-history":[{"count":1,"href":"https:\/\/yeeply.com\/fr\/wp-json\/wp\/v2\/pages\/6482\/revisions"}],"predecessor-version":[{"id":18755,"href":"https:\/\/yeeply.com\/fr\/wp-json\/wp\/v2\/pages\/6482\/revisions\/18755"}],"wp:attachment":[{"href":"https:\/\/yeeply.com\/fr\/wp-json\/wp\/v2\/media?parent=6482"}],"wp:term":[{"taxonomy":"category","embeddable":true,"href":"https:\/\/yeeply.com\/fr\/wp-json\/wp\/v2\/categories?post=6482"}],"curies":[{"name":"wp","href":"https:\/\/api.w.org\/{rel}","templated":true}]}}