{"id":6478,"date":"2019-06-12T23:02:21","date_gmt":"2019-06-12T23:02:21","guid":{"rendered":"https:\/\/en.yeeply.com\/?page_id=6478"},"modified":"2025-04-09T11:34:29","modified_gmt":"2025-04-09T09:34:29","slug":"mentions-legales","status":"publish","type":"page","link":"https:\/\/yeeply.com\/fr\/mentions-legales\/","title":{"rendered":"Mentions l\u00e9gales | Yeeply"},"content":{"rendered":"\n<section class=\"wp-block-uagb-section uagb-section__wrap uagb-section__background-undefined alignwide uagb-block-1ba567e2 hero-legal\"><div class=\"uagb-section__overlay\"><\/div><div class=\"uagb-section__inner-wrap\">\n<h1 class=\"wp-block-heading has-text-align-center hero-legal\">Mentions l\u00e9gales<\/h1>\n<\/div><\/section>\n\n\n\n<section class=\"wp-block-uagb-section uagb-section__wrap uagb-section__background-undefined uagb-block-c57e97d1 section-full section-legal\"><div class=\"uagb-section__overlay\"><\/div><div class=\"uagb-section__inner-wrap\">\n<p>YEEPLY MOBILE SL, portant le SIRET B98487333, est une soci\u00e9t\u00e9 de droit espagnol enregistr\u00e9e aupr\u00e8s du Registre de Commerce de Madrid&nbsp;Feuille M-846084, IRUS: 100165942565, Sec. 8. Cette soci\u00e9t\u00e9 est propri\u00e9taire du nom de domaine&nbsp;<a href=\"https:\/\/www.yeeply.com\/\">www.yeeply.com<\/a>&nbsp;(ci-apr\u00e8s, le&nbsp;<strong>\u00ab site Web \u00bb<\/strong>).<\/p>\n\n\n\n<p><strong>Adresse :<\/strong><\/p>\n\n\n\n<p>P\u00ba de la Castellana 259D <\/p>\n\n\n\n<p>Planta 18, Torre Emperador&nbsp; Madrid<\/p>\n\n\n\n<p>T\u00e9l\u00e9phone :&nbsp;<a href=\"tel:+34652023325\">+34912868220<\/a><\/p>\n\n\n\n<p>E-mail :&nbsp;<a href=\"mailto:info@yeeply.com\">info@yeeply.com<\/a><\/p>\n\n\n\n<h2 class=\"wp-block-heading\">1. Conditions g\u00e9n\u00e9rales d&rsquo;utilisation<\/h2>\n\n\n\n<p>1.1. L&rsquo;utilisateur acc\u00e8de volontairement \u00e0 ce site Web, ce qui implique qu&rsquo;il l&rsquo;utilisera conform\u00e9ment \u00e0 la pr\u00e9sente mention l\u00e9gale, \u00e0 la loi, \u00e0 la moralit\u00e9, \u00e0 la bonne foi et\/ ou aux bonnes coutumes.<\/p>\n\n\n\n<p>1.2. L&rsquo;utilisation de ce site Web implique l&rsquo;acceptation de la pr\u00e9sente mention l\u00e9gale.<\/p>\n\n\n\n<p>1.3. Les pages Web de ce site Web peuvent \u00eatre visit\u00e9es librement par les utilisateurs et ne n\u00e9cessitent pas d&rsquo;abonnement pr\u00e9alable, ni l&rsquo;enregistrement des utilisateurs, sauf pour entrer dans le domaine de l&rsquo;espace priv\u00e9 destin\u00e9 aux professionnels ou aux prestataires de services et aux clients o\u00f9 il sera n\u00e9cessaire de cr\u00e9er un profil et d\u2019obtenir un nom d&rsquo;utilisateur et un mot de passe.<\/p>\n\n\n\n<p>1.4. Yeeply Mobile SL se r\u00e9serve le droit de modifier sans pr\u00e9avis le contenu de cette mention l\u00e9gale. Par cons\u00e9quent, et pour une utilisation correcte du site Web, nous vous recommandons de visiter cette section p\u00e9riodiquement.<\/p>\n\n\n\n<h2 class=\"wp-block-heading\">2. Propri\u00e9t\u00e9 intellectuelle et industrielle<\/h2>\n\n\n\n<p>2.1. Ce site et son contenu : articles, textes, images, logos, marques, boutons, logiciels, etc. sont prot\u00e9g\u00e9s par la loi en vigueur sur la propri\u00e9t\u00e9 industrielle et intellectuelle et sont la propri\u00e9t\u00e9 de Yeeply Mobile SL ou de tiers qui en ont autoris\u00e9 l&rsquo;utilisation \u00e0 Yeeply Mobile SLL, en interdisant express\u00e9ment l&rsquo;exploitation sans l&rsquo;autorisation de Yeeply Mobile SL<\/p>\n\n\n\n<p>2.2. L&rsquo;acc\u00e8s \u00e0 ce site Web n&rsquo;implique en aucun cas que les utilisateurs acqui\u00e8rent des droits de propri\u00e9t\u00e9 sur le contenu.<\/p>\n\n\n\n<p>2.3. Yeeply Mobile SL se r\u00e9serve le droit de modifier, mettre \u00e0 jour ou supprimer tout contenu de ce site, \u00e0 tout moment et sans pr\u00e9avis.<\/p>\n\n\n\n<p>2.4. Ces donn\u00e9es sont \u00e9galement valables pour la page de fans Facebook&nbsp;<a href=\"https:\/\/www.facebook.com\/YeeplyMobile\/\">https:\/\/www.facebook.com\/YeeplyMobile\/<\/a>, <br>Twitter&nbsp;<a href=\"https:\/\/twitter.com\/Yeeply_fr\">https:\/\/twitter.com\/Yeeply_fr<\/a>, LinkedIn&nbsp;<a href=\"https:\/\/www.linkedin.com\/company\/yeeply\">https:\/\/www.linkedin.com\/company\/yeeply<\/a>, <br>Google +&nbsp;<a href=\"https:\/\/plus.google.com\/+Yeeply\">https:\/\/plus.google.com\/+Yeeply<\/a>.<\/p>\n\n\n\n<h2 class=\"wp-block-heading\">3. Limitation de responsabilit\u00e9<\/h2>\n\n\n\n<p>3.1. Yeeply Mobile SL se r\u00e9serve le droit d&rsquo;interrompre l&rsquo;acc\u00e8s \u00e0 son site Web, ainsi que la fourniture de tout service par son interm\u00e9diaire, \u00e0 tout moment et sans pr\u00e9avis, que ce soit pour des raisons techniques, de s\u00e9curit\u00e9, de maintenance ou pour toute autre cause.<\/p>\n\n\n\n<p>3.2. Yeeply Mobile SL d\u00e9cline toute responsabilit\u00e9 en cas d&rsquo;interruption du service, de retard ou de dysfonctionnement et autres inconv\u00e9nients qui ont leur origine dans des causes ind\u00e9pendantes de la volont\u00e9 de Yeeply Mobile SL et\/ ou qui sont dues \u00e0 un acte intentionnel ou coupable de l&rsquo;utilisateur et\/ ou ont leur origine pour cause de force majeure.<\/p>\n\n\n\n<p>3.3. Les informations contenues sur ce site peuvent ne pas \u00eatre correctes, malgr\u00e9 les efforts d\u00e9ploy\u00e9s pour en assurer l&rsquo;exactitude et la mise \u00e0 jour. En cons\u00e9quence, Yeeply Mobile SL n&rsquo;est pas tenu responsable des erreurs contenues, ni des dommages ou des pertes r\u00e9sultant de leur utilisation.<\/p>\n\n\n\n<p>3.4. Ce site Web peut contenir des liens vers d\u2019autres sites Web dont le contenu, l\u2019utilit\u00e9 ou l\u2019exactitude n\u2019est pas responsabilit\u00e9 de Yeeply Mobile SL L\u2019incorporation d\u2019un lien sur ce site Web ne peut \u00eatre consid\u00e9r\u00e9e comme une recommandation aux utilisateurs de proc\u00e9der \u00e0 leur utilisation. La d\u00e9cision de les utiliser est la responsabilit\u00e9 de ces derniers.<\/p>\n\n\n\n<p>3.5. Yeeply Mobile SL n&rsquo;est pas responsable des dommages et des pr\u00e9judices r\u00e9sultant de l&rsquo;utilisation de ce site Web ou de son contenu et ne garantit pas l&rsquo;absence de virus ni l&rsquo;impossibilit\u00e9 de causer des dommages aux syst\u00e8mes informatiques de l&rsquo;utilisateur.<\/p>\n\n\n\n<p>3.6. Yeeply Mobile SL n&rsquo;est pas responsable de la mauvaise utilisation de ce site Web.<\/p>\n\n\n\n<h2 class=\"wp-block-heading\">4. Loi applicable et tribunaux comp\u00e9tents<\/h2>\n\n\n\n<p>4.1. Les conditions de ce site Web et les relations entre l&rsquo;utilisateur et Yeeply Mobile SL seront r\u00e9gies par la loi et la juridiction espagnoles.<\/p>\n\n\n\n<p>4.2. Pour r\u00e9soudre les divergences \u00e9ventuelles entre l&rsquo;utilisateur et Yeeply Mobile SL, les deux parties se soumettent aux cours et tribunaux de la ville de Madrid (Espagne).<\/p>\n\n\n\n<h2 class=\"wp-block-heading\">5. Modification et r\u00e9vision<\/h2>\n\n\n\n<p>Yeeply Mobile SL se r\u00e9serve le droit de r\u00e9viser et\/ ou de modifier, \u00e0 tout moment, les pr\u00e9sentes conditions en mettant \u00e0 jour la pr\u00e9sente mention l\u00e9gale. L&rsquo;utilisateur sera li\u00e9 par ces r\u00e9visions et devrait, par cons\u00e9quent, consulter p\u00e9riodiquement la mention l\u00e9gale pour conna\u00eetre, \u00e0 tout moment, les conditions actuelles.<\/p>\n\n\n\n<p>Si l&rsquo;une des clauses de la pr\u00e9sente mention l\u00e9gale \u00e9tait annul\u00e9e ou consid\u00e9r\u00e9e comme nulle, les autres conditions ne seraient pas affect\u00e9es et conserveraient pleinement leur validit\u00e9, conform\u00e9ment \u00e0 la r\u00e9glementation en vigueur.<\/p>\n\n\n\n<hr class=\"wp-block-separator has-css-opacity\"\/>\n\n\n\n<p>Derni\u00e8re mise \u00e0 jour : Mars 2025<\/p>\n<\/div><\/section>\n","protected":false},"excerpt":{"rendered":"","protected":false},"author":2,"featured_media":0,"parent":0,"menu_order":0,"comment_status":"closed","ping_status":"closed","template":"","meta":{"inline_featured_image":false,"_uag_custom_page_level_css":"","footnotes":""},"categories":[],"class_list":["post-6478","page","type-page","status-publish","hentry"],"yoast_head":"<!-- This site is optimized with the Yoast SEO plugin v27.3 - https:\/\/yoast.com\/product\/yoast-seo-wordpress\/ -->\n<title>Mentions l\u00e9gales | Yeeply<\/title>\n<meta name=\"description\" content=\"Mentions l\u00e9gales\" \/>\n<meta name=\"robots\" content=\"noindex, follow\" \/>\n<meta property=\"og:locale\" content=\"fr_FR\" \/>\n<meta property=\"og:type\" content=\"article\" \/>\n<meta property=\"og:title\" content=\"Mentions l\u00e9gales | Yeeply\" \/>\n<meta property=\"og:description\" content=\"Mentions l\u00e9gales\" \/>\n<meta property=\"og:url\" content=\"https:\/\/yeeply.com\/fr\/mentions-legales\/\" \/>\n<meta property=\"og:site_name\" content=\"Yeeply\" \/>\n<meta property=\"article:publisher\" content=\"https:\/\/www.facebook.com\/YeeplyMobile\/\" \/>\n<meta property=\"article:modified_time\" content=\"2025-04-09T09:34:29+00:00\" \/>\n<meta name=\"twitter:card\" content=\"summary_large_image\" \/>\n<meta name=\"twitter:site\" content=\"@Yeeply_EN\" \/>\n<meta name=\"twitter:label1\" content=\"Dur\u00e9e de lecture estim\u00e9e\" \/>\n\t<meta name=\"twitter:data1\" content=\"4 minutes\" \/>\n<script type=\"application\/ld+json\" class=\"yoast-schema-graph\">{\"@context\":\"https:\\\/\\\/schema.org\",\"@graph\":[{\"@type\":\"WebPage\",\"@id\":\"https:\\\/\\\/yeeply.com\\\/fr\\\/mentions-legales\\\/\",\"url\":\"https:\\\/\\\/yeeply.com\\\/fr\\\/mentions-legales\\\/\",\"name\":\"Mentions l\u00e9gales | Yeeply\",\"isPartOf\":{\"@id\":\"https:\\\/\\\/yeeply.com\\\/fr\\\/#website\"},\"datePublished\":\"2019-06-12T23:02:21+00:00\",\"dateModified\":\"2025-04-09T09:34:29+00:00\",\"description\":\"Mentions l\u00e9gales\",\"breadcrumb\":{\"@id\":\"https:\\\/\\\/yeeply.com\\\/fr\\\/mentions-legales\\\/#breadcrumb\"},\"inLanguage\":\"fr-FR\",\"potentialAction\":[{\"@type\":\"ReadAction\",\"target\":[\"https:\\\/\\\/yeeply.com\\\/fr\\\/mentions-legales\\\/\"]}]},{\"@type\":\"BreadcrumbList\",\"@id\":\"https:\\\/\\\/yeeply.com\\\/fr\\\/mentions-legales\\\/#breadcrumb\",\"itemListElement\":[{\"@type\":\"ListItem\",\"position\":1,\"name\":\"Home\",\"item\":\"https:\\\/\\\/yeeply.com\\\/fr\\\/\"},{\"@type\":\"ListItem\",\"position\":2,\"name\":\"Mentions l\u00e9gales | Yeeply\"}]},{\"@type\":\"WebSite\",\"@id\":\"https:\\\/\\\/yeeply.com\\\/fr\\\/#website\",\"url\":\"https:\\\/\\\/yeeply.com\\\/fr\\\/\",\"name\":\"Yeeply\",\"description\":\"A platform for the development of digital projects\",\"publisher\":{\"@id\":\"https:\\\/\\\/yeeply.com\\\/fr\\\/#organization\"},\"potentialAction\":[{\"@type\":\"SearchAction\",\"target\":{\"@type\":\"EntryPoint\",\"urlTemplate\":\"https:\\\/\\\/yeeply.com\\\/fr\\\/?s={search_term_string}\"},\"query-input\":{\"@type\":\"PropertyValueSpecification\",\"valueRequired\":true,\"valueName\":\"search_term_string\"}}],\"inLanguage\":\"fr-FR\"},{\"@type\":\"Organization\",\"@id\":\"https:\\\/\\\/yeeply.com\\\/fr\\\/#organization\",\"name\":\"Yeeply\",\"url\":\"https:\\\/\\\/yeeply.com\\\/fr\\\/\",\"logo\":{\"@type\":\"ImageObject\",\"inLanguage\":\"fr-FR\",\"@id\":\"https:\\\/\\\/yeeply.com\\\/fr\\\/#\\\/schema\\\/logo\\\/image\\\/\",\"url\":\"https:\\\/\\\/yeeply.com\\\/fr\\\/wp-content\\\/uploads\\\/2019\\\/05\\\/logo_yeeply_black@2x.png\",\"contentUrl\":\"https:\\\/\\\/yeeply.com\\\/fr\\\/wp-content\\\/uploads\\\/2019\\\/05\\\/logo_yeeply_black@2x.png\",\"width\":360,\"height\":120,\"caption\":\"Yeeply\"},\"image\":{\"@id\":\"https:\\\/\\\/yeeply.com\\\/fr\\\/#\\\/schema\\\/logo\\\/image\\\/\"},\"sameAs\":[\"https:\\\/\\\/www.facebook.com\\\/YeeplyMobile\\\/\",\"https:\\\/\\\/x.com\\\/Yeeply_EN\",\"https:\\\/\\\/www.linkedin.com\\\/company\\\/yeeply\"]}]}<\/script>\n<!-- \/ Yoast SEO plugin. -->","yoast_head_json":{"title":"Mentions l\u00e9gales | Yeeply","description":"Mentions l\u00e9gales","robots":{"index":"noindex","follow":"follow"},"og_locale":"fr_FR","og_type":"article","og_title":"Mentions l\u00e9gales | Yeeply","og_description":"Mentions l\u00e9gales","og_url":"https:\/\/yeeply.com\/fr\/mentions-legales\/","og_site_name":"Yeeply","article_publisher":"https:\/\/www.facebook.com\/YeeplyMobile\/","article_modified_time":"2025-04-09T09:34:29+00:00","twitter_card":"summary_large_image","twitter_site":"@Yeeply_EN","twitter_misc":{"Dur\u00e9e de lecture estim\u00e9e":"4 minutes"},"schema":{"@context":"https:\/\/schema.org","@graph":[{"@type":"WebPage","@id":"https:\/\/yeeply.com\/fr\/mentions-legales\/","url":"https:\/\/yeeply.com\/fr\/mentions-legales\/","name":"Mentions l\u00e9gales | Yeeply","isPartOf":{"@id":"https:\/\/yeeply.com\/fr\/#website"},"datePublished":"2019-06-12T23:02:21+00:00","dateModified":"2025-04-09T09:34:29+00:00","description":"Mentions l\u00e9gales","breadcrumb":{"@id":"https:\/\/yeeply.com\/fr\/mentions-legales\/#breadcrumb"},"inLanguage":"fr-FR","potentialAction":[{"@type":"ReadAction","target":["https:\/\/yeeply.com\/fr\/mentions-legales\/"]}]},{"@type":"BreadcrumbList","@id":"https:\/\/yeeply.com\/fr\/mentions-legales\/#breadcrumb","itemListElement":[{"@type":"ListItem","position":1,"name":"Home","item":"https:\/\/yeeply.com\/fr\/"},{"@type":"ListItem","position":2,"name":"Mentions l\u00e9gales | Yeeply"}]},{"@type":"WebSite","@id":"https:\/\/yeeply.com\/fr\/#website","url":"https:\/\/yeeply.com\/fr\/","name":"Yeeply","description":"A platform for the development of digital projects","publisher":{"@id":"https:\/\/yeeply.com\/fr\/#organization"},"potentialAction":[{"@type":"SearchAction","target":{"@type":"EntryPoint","urlTemplate":"https:\/\/yeeply.com\/fr\/?s={search_term_string}"},"query-input":{"@type":"PropertyValueSpecification","valueRequired":true,"valueName":"search_term_string"}}],"inLanguage":"fr-FR"},{"@type":"Organization","@id":"https:\/\/yeeply.com\/fr\/#organization","name":"Yeeply","url":"https:\/\/yeeply.com\/fr\/","logo":{"@type":"ImageObject","inLanguage":"fr-FR","@id":"https:\/\/yeeply.com\/fr\/#\/schema\/logo\/image\/","url":"https:\/\/yeeply.com\/fr\/wp-content\/uploads\/2019\/05\/logo_yeeply_black@2x.png","contentUrl":"https:\/\/yeeply.com\/fr\/wp-content\/uploads\/2019\/05\/logo_yeeply_black@2x.png","width":360,"height":120,"caption":"Yeeply"},"image":{"@id":"https:\/\/yeeply.com\/fr\/#\/schema\/logo\/image\/"},"sameAs":["https:\/\/www.facebook.com\/YeeplyMobile\/","https:\/\/x.com\/Yeeply_EN","https:\/\/www.linkedin.com\/company\/yeeply"]}]}},"uagb_featured_image_src":{"full":false,"thumbnail":false,"medium":false,"medium_large":false,"large":false,"1536x1536":false,"2048x2048":false,"gform-image-choice-sm":false,"gform-image-choice-md":false,"gform-image-choice-lg":false},"uagb_author_info":{"display_name":"Yeeply","author_link":"https:\/\/yeeply.com\/fr\/author\/yeeply\/"},"uagb_comment_info":0,"uagb_excerpt":null,"_links":{"self":[{"href":"https:\/\/yeeply.com\/fr\/wp-json\/wp\/v2\/pages\/6478","targetHints":{"allow":["GET"]}}],"collection":[{"href":"https:\/\/yeeply.com\/fr\/wp-json\/wp\/v2\/pages"}],"about":[{"href":"https:\/\/yeeply.com\/fr\/wp-json\/wp\/v2\/types\/page"}],"author":[{"embeddable":true,"href":"https:\/\/yeeply.com\/fr\/wp-json\/wp\/v2\/users\/2"}],"replies":[{"embeddable":true,"href":"https:\/\/yeeply.com\/fr\/wp-json\/wp\/v2\/comments?post=6478"}],"version-history":[{"count":8,"href":"https:\/\/yeeply.com\/fr\/wp-json\/wp\/v2\/pages\/6478\/revisions"}],"predecessor-version":[{"id":19512,"href":"https:\/\/yeeply.com\/fr\/wp-json\/wp\/v2\/pages\/6478\/revisions\/19512"}],"wp:attachment":[{"href":"https:\/\/yeeply.com\/fr\/wp-json\/wp\/v2\/media?parent=6478"}],"wp:term":[{"taxonomy":"category","embeddable":true,"href":"https:\/\/yeeply.com\/fr\/wp-json\/wp\/v2\/categories?post=6478"}],"curies":[{"name":"wp","href":"https:\/\/api.w.org\/{rel}","templated":true}]}}