{"id":6468,"date":"2019-06-12T22:18:07","date_gmt":"2019-06-12T22:18:07","guid":{"rendered":"https:\/\/en.yeeply.com\/?page_id=6468"},"modified":"2024-09-02T12:24:50","modified_gmt":"2024-09-02T10:24:50","slug":"guest-posting","status":"publish","type":"page","link":"https:\/\/yeeply.com\/fr\/blog\/guest-posting\/","title":{"rendered":"Guest Posting"},"content":{"rendered":"\n<section class=\"wp-block-uagb-section uagb-section__wrap uagb-section__background-undefined uagb-block-12908b39-bcf1-4798-bb91-8bff356dc514 guest-posting\"><div class=\"uagb-section__overlay\"><\/div><div class=\"uagb-section__inner-wrap\">\n<h1 class=\"wp-block-heading has-text-align-left\">Bienvenue dans la section Guest Posting de notre blog !<\/h1>\n\n\n\n<p>Saviez-vous que le blog de Yeeply est l\u2019un des blogs technologiques les plus performants d\u2019Europe ? Il nous tient \u00e0 c\u0153ur de partager avec nos lecteurs un contenu authentique et utile.<\/p>\n\n\n\n<p>Par cons\u00e9quent, si vous \u00eates passionn\u00e9 de r\u00e9daction et de tendances technologiques, vous \u00eates au bon endroit. Notre objectif est d\u2019accro\u00eetre le nombre de lecteurs sur notre blog en partageant notre savoir sur un large \u00e9ventail de sujets. C\u2019est pourquoi nous recherchons des auteurs invit\u00e9s qui souhaitent apporter leur contribution aux th\u00e8mes suivants :<\/p>\n\n\n\n<ul class=\"wp-block-list\">\n<li>Intelligence artificielle<\/li>\n\n\n\n<li>Machine learning<\/li>\n\n\n\n<li>Automatisation des processus<\/li>\n\n\n\n<li>Qualit\u00e9 du code<\/li>\n\n\n\n<li>Tendances des langages de programmation<\/li>\n\n\n\n<li>Progressive Web Apps<\/li>\n\n\n\n<li>Cybers\u00e9curit\u00e9<\/li>\n\n\n\n<li>Externalisation<\/li>\n\n\n\n<li>Low-Code Development<\/li>\n\n\n\n<li>Internet des objets<\/li>\n\n\n\n<li>R\u00e9alit\u00e9 virtuelle et r\u00e9alit\u00e9 augment\u00e9e<\/li>\n\n\n\n<li>R\u00e9alit\u00e9 m\u00e9lang\u00e9e<\/li>\n\n\n\n<li>Start-up et entreprises de software<\/li>\n\n\n\n<li>Entretiens avec des acteurs cl\u00e9s de l\u2019industrie technologique<\/li>\n<\/ul>\n\n\n\n<p>Cependant, les nouvelles id\u00e9es sont toujours les bienvenues ! Envoyez-nous votre suggestion de sujets, afin que nous puissions nous assurer qu\u2019ils correspondent \u00e0 notre blog. Nous avons \u00e9galement des lignes directrices concernant les guest posts, pour que notre blog reste pertinent. Elles s\u2019appliquent \u00e0 tous les auteurs invit\u00e9s.<\/p>\n\n\n\n<h2 class=\"wp-block-heading\">Conditions et lignes directrices pour la publication d\u2019articles d\u2019invit\u00e9s<\/h2>\n\n\n\n<p>Les aspects suivants sont requis pour soumettre un article d\u2019invit\u00e9 :<\/p>\n\n\n\n<p>1. L\u2019article doit \u00eatre original et de haute qualit\u00e9. Par cons\u00e9quent, ne soumettez pas de contenu dupliqu\u00e9, enti\u00e8rement ou en partie.<br>2. L\u2019article doit contenir un minimum de 800 mots. Il doit \u00e9galement \u00eatre exempt de fautes d\u2019orthographe et de grammaire.<br>3. Si vous voulez ajouter des images au contenu, assurez-vous qu\u2019elles ne contiennent aucun droit d\u2019auteur.<br>4. Vous pouvez ajouter jusqu\u2019\u00e0 3 liens nofollow par article. Les liens spam ou les liens mal intentionn\u00e9s seront supprim\u00e9s.<br>5. Yeeply se r\u00e9serve le droit de changer certains des liens nofollow en liens dofollow, en fonction de diff\u00e9rents facteurs.<br>6. Yeeply se r\u00e9serve le droit d\u2019apporter les modifications n\u00e9cessaires \u00e0 l\u2019article.<br>7. Une fois votre article publi\u00e9, il devient la propri\u00e9t\u00e9 de Yeeply.com et vous n\u2019\u00eates pas autoris\u00e9 \u00e0 publier le m\u00eame contenu ailleurs.<\/p>\n\n\n\n<h2 class=\"wp-block-heading\">Les avantages d\u2019\u00e9crire un article pour Yeeply<\/h2>\n\n\n\n<p>Avec plus de 150 000 lecteurs mensuels, notre blog continue de gagner en popularit\u00e9. Publier des articles sur notre blog peut donc vous aider \u00e0 renforcer votre marque et votre pr\u00e9sence en ligne. De plus, votre article sera partag\u00e9 avec nos abonn\u00e9s et nos followers sur les r\u00e9seaux sociaux afin de maximiser sa port\u00e9e.<\/p>\n\n\n\n<h2 class=\"wp-block-heading\">Comment soumettre un article d\u2019invit\u00e9<\/h2>\n\n\n\n<p>Si vous \u00eates d\u2019accord avec les lignes directrices de publication, vous pouvez soumettre votre article \u00e0&nbsp;<a href=\"mailto:guestpost@yeeply.com\">guestpost@yeeply.com<\/a>. Nous v\u00e9rifierons votre article et nous assurerons qu\u2019il remplit les conditions requises avant de le publier. Ce processus prend habituellement quelques jours, mais nous vous aviserons par email du statut de votre article.<\/p>\n<\/div><\/section>\n","protected":false},"excerpt":{"rendered":"","protected":false},"author":2,"featured_media":0,"parent":6354,"menu_order":0,"comment_status":"closed","ping_status":"closed","template":"","meta":{"inline_featured_image":false,"_uag_custom_page_level_css":"","footnotes":""},"categories":[],"class_list":["post-6468","page","type-page","status-publish","hentry"],"yoast_head":"<!-- This site is optimized with the Yoast SEO plugin v27.4 - https:\/\/yoast.com\/product\/yoast-seo-wordpress\/ -->\n<title>Bienvenue dans la section Guest Posting de notre blog ! - Blog pour le D\u00e9veloppement d&#039;Applications, web et jeux mobiles<\/title>\n<meta name=\"description\" content=\"Saviez-vous que le blog de Yeeply est l\u2019un des blogs technologiques les plus performants d\u2019Europe ? Il nous tient \u00e0 c\u0153ur de partager avec nos lecteurs un contenu authentique et utile. Par cons\u00e9quent, si vous \u00eates passionn\u00e9 de r\u00e9daction et de tendances technologiques, vous \u00eates au bon endroit. Notre objectif est d\u2019accro\u00eetre le nombre de ...\" \/>\n<meta name=\"robots\" content=\"noindex, follow\" \/>\n<meta property=\"og:locale\" content=\"fr_FR\" \/>\n<meta property=\"og:type\" content=\"article\" \/>\n<meta property=\"og:title\" content=\"Bienvenue dans la section Guest Posting de notre blog ! - Blog pour le D\u00e9veloppement d&#039;Applications, web et jeux mobiles\" \/>\n<meta property=\"og:description\" content=\"Saviez-vous que le blog de Yeeply est l\u2019un des blogs technologiques les plus performants d\u2019Europe ? Il nous tient \u00e0 c\u0153ur de partager avec nos lecteurs un contenu authentique et utile. Par cons\u00e9quent, si vous \u00eates passionn\u00e9 de r\u00e9daction et de tendances technologiques, vous \u00eates au bon endroit. Notre objectif est d\u2019accro\u00eetre le nombre de ...\" \/>\n<meta property=\"og:url\" content=\"https:\/\/yeeply.com\/fr\/blog\/guest-posting\/\" \/>\n<meta property=\"og:site_name\" content=\"Yeeply\" \/>\n<meta property=\"article:publisher\" content=\"https:\/\/www.facebook.com\/YeeplyMobile\/\" \/>\n<meta property=\"article:modified_time\" content=\"2024-09-02T10:24:50+00:00\" \/>\n<meta name=\"twitter:card\" content=\"summary_large_image\" \/>\n<meta name=\"twitter:site\" content=\"@Yeeply_EN\" \/>\n<meta name=\"twitter:label1\" content=\"Dur\u00e9e de lecture estim\u00e9e\" \/>\n\t<meta name=\"twitter:data1\" content=\"3 minutes\" \/>\n<script type=\"application\/ld+json\" class=\"yoast-schema-graph\">{\"@context\":\"https:\\\/\\\/schema.org\",\"@graph\":[{\"@type\":\"WebPage\",\"@id\":\"https:\\\/\\\/yeeply.com\\\/fr\\\/blog\\\/guest-posting\\\/\",\"url\":\"https:\\\/\\\/yeeply.com\\\/fr\\\/blog\\\/guest-posting\\\/\",\"name\":\"Bienvenue dans la section Guest Posting de notre blog ! - Blog pour le D\u00e9veloppement d'Applications, web et jeux mobiles\",\"isPartOf\":{\"@id\":\"https:\\\/\\\/yeeply.com\\\/fr\\\/#website\"},\"datePublished\":\"2019-06-12T22:18:07+00:00\",\"dateModified\":\"2024-09-02T10:24:50+00:00\",\"description\":\"Saviez-vous que le blog de Yeeply est l\u2019un des blogs technologiques les plus performants d\u2019Europe ? Il nous tient \u00e0 c\u0153ur de partager avec nos lecteurs un contenu authentique et utile. Par cons\u00e9quent, si vous \u00eates passionn\u00e9 de r\u00e9daction et de tendances technologiques, vous \u00eates au bon endroit. Notre objectif est d\u2019accro\u00eetre le nombre de ...\",\"breadcrumb\":{\"@id\":\"https:\\\/\\\/yeeply.com\\\/fr\\\/blog\\\/guest-posting\\\/#breadcrumb\"},\"inLanguage\":\"fr-FR\",\"potentialAction\":[{\"@type\":\"ReadAction\",\"target\":[\"https:\\\/\\\/yeeply.com\\\/fr\\\/blog\\\/guest-posting\\\/\"]}]},{\"@type\":\"BreadcrumbList\",\"@id\":\"https:\\\/\\\/yeeply.com\\\/fr\\\/blog\\\/guest-posting\\\/#breadcrumb\",\"itemListElement\":[{\"@type\":\"ListItem\",\"position\":1,\"name\":\"Home\",\"item\":\"https:\\\/\\\/yeeply.com\\\/fr\\\/\"},{\"@type\":\"ListItem\",\"position\":2,\"name\":\"Blog\",\"item\":\"https:\\\/\\\/yeeply.com\\\/fr\\\/blog\\\/\"},{\"@type\":\"ListItem\",\"position\":3,\"name\":\"Guest Posting\"}]},{\"@type\":\"WebSite\",\"@id\":\"https:\\\/\\\/yeeply.com\\\/fr\\\/#website\",\"url\":\"https:\\\/\\\/yeeply.com\\\/fr\\\/\",\"name\":\"Yeeply\",\"description\":\"A platform for the development of digital projects\",\"publisher\":{\"@id\":\"https:\\\/\\\/yeeply.com\\\/fr\\\/#organization\"},\"potentialAction\":[{\"@type\":\"SearchAction\",\"target\":{\"@type\":\"EntryPoint\",\"urlTemplate\":\"https:\\\/\\\/yeeply.com\\\/fr\\\/?s={search_term_string}\"},\"query-input\":{\"@type\":\"PropertyValueSpecification\",\"valueRequired\":true,\"valueName\":\"search_term_string\"}}],\"inLanguage\":\"fr-FR\"},{\"@type\":\"Organization\",\"@id\":\"https:\\\/\\\/yeeply.com\\\/fr\\\/#organization\",\"name\":\"Yeeply\",\"url\":\"https:\\\/\\\/yeeply.com\\\/fr\\\/\",\"logo\":{\"@type\":\"ImageObject\",\"inLanguage\":\"fr-FR\",\"@id\":\"https:\\\/\\\/yeeply.com\\\/fr\\\/#\\\/schema\\\/logo\\\/image\\\/\",\"url\":\"https:\\\/\\\/yeeply.com\\\/fr\\\/wp-content\\\/uploads\\\/2019\\\/05\\\/logo_yeeply_black@2x.png\",\"contentUrl\":\"https:\\\/\\\/yeeply.com\\\/fr\\\/wp-content\\\/uploads\\\/2019\\\/05\\\/logo_yeeply_black@2x.png\",\"width\":360,\"height\":120,\"caption\":\"Yeeply\"},\"image\":{\"@id\":\"https:\\\/\\\/yeeply.com\\\/fr\\\/#\\\/schema\\\/logo\\\/image\\\/\"},\"sameAs\":[\"https:\\\/\\\/www.facebook.com\\\/YeeplyMobile\\\/\",\"https:\\\/\\\/x.com\\\/Yeeply_EN\",\"https:\\\/\\\/www.linkedin.com\\\/company\\\/yeeply\"]}]}<\/script>\n<!-- \/ Yoast SEO plugin. -->","yoast_head_json":{"title":"Bienvenue dans la section Guest Posting de notre blog ! - Blog pour le D\u00e9veloppement d'Applications, web et jeux mobiles","description":"Saviez-vous que le blog de Yeeply est l\u2019un des blogs technologiques les plus performants d\u2019Europe ? Il nous tient \u00e0 c\u0153ur de partager avec nos lecteurs un contenu authentique et utile. Par cons\u00e9quent, si vous \u00eates passionn\u00e9 de r\u00e9daction et de tendances technologiques, vous \u00eates au bon endroit. Notre objectif est d\u2019accro\u00eetre le nombre de ...","robots":{"index":"noindex","follow":"follow"},"og_locale":"fr_FR","og_type":"article","og_title":"Bienvenue dans la section Guest Posting de notre blog ! - Blog pour le D\u00e9veloppement d'Applications, web et jeux mobiles","og_description":"Saviez-vous que le blog de Yeeply est l\u2019un des blogs technologiques les plus performants d\u2019Europe ? Il nous tient \u00e0 c\u0153ur de partager avec nos lecteurs un contenu authentique et utile. Par cons\u00e9quent, si vous \u00eates passionn\u00e9 de r\u00e9daction et de tendances technologiques, vous \u00eates au bon endroit. Notre objectif est d\u2019accro\u00eetre le nombre de ...","og_url":"https:\/\/yeeply.com\/fr\/blog\/guest-posting\/","og_site_name":"Yeeply","article_publisher":"https:\/\/www.facebook.com\/YeeplyMobile\/","article_modified_time":"2024-09-02T10:24:50+00:00","twitter_card":"summary_large_image","twitter_site":"@Yeeply_EN","twitter_misc":{"Dur\u00e9e de lecture estim\u00e9e":"3 minutes"},"schema":{"@context":"https:\/\/schema.org","@graph":[{"@type":"WebPage","@id":"https:\/\/yeeply.com\/fr\/blog\/guest-posting\/","url":"https:\/\/yeeply.com\/fr\/blog\/guest-posting\/","name":"Bienvenue dans la section Guest Posting de notre blog ! - Blog pour le D\u00e9veloppement d'Applications, web et jeux mobiles","isPartOf":{"@id":"https:\/\/yeeply.com\/fr\/#website"},"datePublished":"2019-06-12T22:18:07+00:00","dateModified":"2024-09-02T10:24:50+00:00","description":"Saviez-vous que le blog de Yeeply est l\u2019un des blogs technologiques les plus performants d\u2019Europe ? Il nous tient \u00e0 c\u0153ur de partager avec nos lecteurs un contenu authentique et utile. Par cons\u00e9quent, si vous \u00eates passionn\u00e9 de r\u00e9daction et de tendances technologiques, vous \u00eates au bon endroit. Notre objectif est d\u2019accro\u00eetre le nombre de ...","breadcrumb":{"@id":"https:\/\/yeeply.com\/fr\/blog\/guest-posting\/#breadcrumb"},"inLanguage":"fr-FR","potentialAction":[{"@type":"ReadAction","target":["https:\/\/yeeply.com\/fr\/blog\/guest-posting\/"]}]},{"@type":"BreadcrumbList","@id":"https:\/\/yeeply.com\/fr\/blog\/guest-posting\/#breadcrumb","itemListElement":[{"@type":"ListItem","position":1,"name":"Home","item":"https:\/\/yeeply.com\/fr\/"},{"@type":"ListItem","position":2,"name":"Blog","item":"https:\/\/yeeply.com\/fr\/blog\/"},{"@type":"ListItem","position":3,"name":"Guest Posting"}]},{"@type":"WebSite","@id":"https:\/\/yeeply.com\/fr\/#website","url":"https:\/\/yeeply.com\/fr\/","name":"Yeeply","description":"A platform for the development of digital projects","publisher":{"@id":"https:\/\/yeeply.com\/fr\/#organization"},"potentialAction":[{"@type":"SearchAction","target":{"@type":"EntryPoint","urlTemplate":"https:\/\/yeeply.com\/fr\/?s={search_term_string}"},"query-input":{"@type":"PropertyValueSpecification","valueRequired":true,"valueName":"search_term_string"}}],"inLanguage":"fr-FR"},{"@type":"Organization","@id":"https:\/\/yeeply.com\/fr\/#organization","name":"Yeeply","url":"https:\/\/yeeply.com\/fr\/","logo":{"@type":"ImageObject","inLanguage":"fr-FR","@id":"https:\/\/yeeply.com\/fr\/#\/schema\/logo\/image\/","url":"https:\/\/yeeply.com\/fr\/wp-content\/uploads\/2019\/05\/logo_yeeply_black@2x.png","contentUrl":"https:\/\/yeeply.com\/fr\/wp-content\/uploads\/2019\/05\/logo_yeeply_black@2x.png","width":360,"height":120,"caption":"Yeeply"},"image":{"@id":"https:\/\/yeeply.com\/fr\/#\/schema\/logo\/image\/"},"sameAs":["https:\/\/www.facebook.com\/YeeplyMobile\/","https:\/\/x.com\/Yeeply_EN","https:\/\/www.linkedin.com\/company\/yeeply"]}]}},"uagb_featured_image_src":{"full":false,"thumbnail":false,"medium":false,"medium_large":false,"large":false,"1536x1536":false,"2048x2048":false,"gform-image-choice-sm":false,"gform-image-choice-md":false,"gform-image-choice-lg":false},"uagb_author_info":{"display_name":"Yeeply","author_link":"https:\/\/yeeply.com\/fr\/author\/yeeply\/"},"uagb_comment_info":0,"uagb_excerpt":null,"_links":{"self":[{"href":"https:\/\/yeeply.com\/fr\/wp-json\/wp\/v2\/pages\/6468","targetHints":{"allow":["GET"]}}],"collection":[{"href":"https:\/\/yeeply.com\/fr\/wp-json\/wp\/v2\/pages"}],"about":[{"href":"https:\/\/yeeply.com\/fr\/wp-json\/wp\/v2\/types\/page"}],"author":[{"embeddable":true,"href":"https:\/\/yeeply.com\/fr\/wp-json\/wp\/v2\/users\/2"}],"replies":[{"embeddable":true,"href":"https:\/\/yeeply.com\/fr\/wp-json\/wp\/v2\/comments?post=6468"}],"version-history":[{"count":1,"href":"https:\/\/yeeply.com\/fr\/wp-json\/wp\/v2\/pages\/6468\/revisions"}],"predecessor-version":[{"id":18757,"href":"https:\/\/yeeply.com\/fr\/wp-json\/wp\/v2\/pages\/6468\/revisions\/18757"}],"up":[{"embeddable":true,"href":"https:\/\/yeeply.com\/fr\/wp-json\/wp\/v2\/pages\/6354"}],"wp:attachment":[{"href":"https:\/\/yeeply.com\/fr\/wp-json\/wp\/v2\/media?parent=6468"}],"wp:term":[{"taxonomy":"category","embeddable":true,"href":"https:\/\/yeeply.com\/fr\/wp-json\/wp\/v2\/categories?post=6468"}],"curies":[{"name":"wp","href":"https:\/\/api.w.org\/{rel}","templated":true}]}}