{"id":5437,"date":"2019-05-14T16:21:34","date_gmt":"2019-05-14T16:21:34","guid":{"rendered":"https:\/\/en.yeeply.com\/?page_id=5437"},"modified":"2024-09-02T12:33:00","modified_gmt":"2024-09-02T10:33:00","slug":"prix","status":"publish","type":"page","link":"https:\/\/yeeply.com\/fr\/prix\/","title":{"rendered":"PRIX"},"content":{"rendered":"\n<div class=\"wp-block-cover alignfull is-light page-hero hero-prices\"><span aria-hidden=\"true\" class=\"wp-block-cover__background has-background-dim-0 has-background-dim\" style=\"background-color:#f3f5f9\"><\/span><img fetchpriority=\"high\" decoding=\"async\" width=\"1437\" height=\"600\" class=\"wp-block-cover__image-background wp-image-5905\" alt=\"Prix des apps, du web et de la conception\" src=\"https:\/\/yeeply.com\/fr\/wp-content\/uploads\/2019\/05\/img_bg_pricing.jpg\" style=\"object-position:50% 50%\" data-object-fit=\"cover\" data-object-position=\"50% 50%\" srcset=\"https:\/\/yeeply.com\/fr\/wp-content\/uploads\/2019\/05\/img_bg_pricing.jpg 1437w, https:\/\/yeeply.com\/fr\/wp-content\/uploads\/2019\/05\/img_bg_pricing-300x125-1.jpg 300w, https:\/\/yeeply.com\/fr\/wp-content\/uploads\/2019\/05\/img_bg_pricing-768x321-1.jpg 768w, https:\/\/yeeply.com\/fr\/wp-content\/uploads\/2019\/05\/img_bg_pricing-1024x428-1.jpg 1024w\" sizes=\"(max-width: 1437px) 100vw, 1437px\" \/><div class=\"wp-block-cover__inner-container is-layout-flow wp-block-cover-is-layout-flow\">\n<h1 class=\"wp-block-heading has-text-align-left\">PRIX<\/h1>\n\n\n\n<p>Yeeply offre une solution \u00e0 toutes les id\u00e9es et tous les projets que vous souhaitez r\u00e9aliser. Mais qu&rsquo;en est-il du prix? Jetez un \u0153il aux projets que nous avons d\u00e9j\u00e0 r\u00e9alis\u00e9s ou faites votre propre estimation.<\/p>\n<\/div><\/div>\n\n\n\n<section class=\"wp-block-uagb-section uagb-section__wrap uagb-section__background-undefined uagb-block-15f99a40 section-full\"><div class=\"uagb-section__overlay\"><\/div><div class=\"uagb-section__inner-wrap\">\n<h2 class=\"wp-block-heading has-text-align-center\">Une&nbsp;<strong>panoplie de projets<\/strong>&nbsp;r\u00e9alis\u00e9s<\/h2>\n\n\n\n<p>Nous avons fait une&nbsp;<strong>s\u00e9lection<\/strong>&nbsp;des derniers projets ayant vu le jour, en gardant l\u2019identit\u00e9 de nos clients anonyme. Le descriptif du projet inclut cependant les plateformes, le prix et les d\u00e9lais de cr\u00e9ation, afin que vous puissiez vous faire une id\u00e9e du type d\u2019application d\u00e9velopp\u00e9.<\/p>\n\n\n<div class=\"wpv-view-output\" data-toolset-views-view-editor=\"d57cb1154f822b9f5d57cf6c1fa722ce\">\n<div class=\"wp-block-toolset-views-view-editor wpv-gutenberg-view-wrapper-6202\">\n\n    <!-- Add Arrows -->\n<div class=\"prices-arrows\">\n    <div class=\"swiper-button-next\"><\/div>\n    <div class=\"swiper-button-prev\"><\/div>\n<\/div>\n\n<div class=\"projects-container\">\n  <div id=\"wpv-view-layout-6202\" class=\"js-wpv-view-layout js-wpv-layout-responsive js-wpv-view-layout-6202\" data-viewnumber=\"6202\" data-pagination=\"{&quot;id&quot;:&quot;6202&quot;,&quot;query&quot;:&quot;normal&quot;,&quot;type&quot;:&quot;disabled&quot;,&quot;effect&quot;:&quot;slideh&quot;,&quot;duration&quot;:500,&quot;speed&quot;:5,&quot;pause_on_hover&quot;:&quot;disabled&quot;,&quot;stop_rollover&quot;:&quot;false&quot;,&quot;cache_pages&quot;:&quot;enabled&quot;,&quot;preload_images&quot;:&quot;enabled&quot;,&quot;preload_pages&quot;:&quot;enabled&quot;,&quot;preload_reach&quot;:1,&quot;spinner&quot;:&quot;builtin&quot;,&quot;spinner_image&quot;:&quot;https:\/\/www.yeeply.com\/en\/wp-content\/plugins\/wp-views\/embedded\/res\/img\/ajax-loader.gif&quot;,&quot;callback_next&quot;:&quot;&quot;,&quot;manage_history&quot;:&quot;enabled&quot;,&quot;has_controls_in_form&quot;:&quot;disabled&quot;,&quot;infinite_tolerance&quot;:0,&quot;max_pages&quot;:0,&quot;page&quot;:1,&quot;base_permalink&quot;:&quot;\/fr\/wp-json\/wp\/v2\/pages\/5437?wpv_view_count=6202&amp;wpv_paged=WPV_PAGE_NUM&quot;,&quot;loop&quot;:{&quot;type&quot;:&quot;&quot;,&quot;name&quot;:&quot;&quot;,&quot;data&quot;:[],&quot;id&quot;:0}}\" data-permalink=\"\/fr\/wp-json\/wp\/v2\/pages\/5437?wpv_view_count=6202\">\n\n\t\n\t\n  <div class=\"swiper-container\">\n<div class=\"swiper-wrapper\">\n\t\n\t\t<div class=\"single-project swiper-slide\">\n  <p class=\"project-category\">App Android + iOS<\/p>\n  <p class=\"project-title\">App de gestion interne<\/p>\n  <p class=\"project-price\">\u20ac8.000<\/p>\n  <p class=\"project-time\">8 semaines<\/p>\n  <div class=\"project-description\">\n    <p>App de contr\u00f4le des t\u00e2ches et d&rsquo;organisation des calendriers et emplois du temps pour grands \u00e9tablissements.<\/p>\n\n  <\/div>\n<\/div>\n\t\n\t\t<div class=\"single-project swiper-slide\">\n  <p class=\"project-category\">Site internet<\/p>\n  <p class=\"project-title\">Web personnalis\u00e9<\/p>\n  <p class=\"project-price\">\u20ac8.500<\/p>\n  <p class=\"project-time\">16 semaines<\/p>\n  <div class=\"project-description\">\n    <p>Pour que les entreprises puissent utiliser les camions circulant \u00e0 vide.<\/p>\n\n  <\/div>\n<\/div>\n\t\n\t\t<div class=\"single-project swiper-slide\">\n  <p class=\"project-category\">App Multiplateforme<\/p>\n  <p class=\"project-title\">App de R\u00e9seaux Sociaux<\/p>\n  <p class=\"project-price\">\u20ac9.000<\/p>\n  <p class=\"project-time\">16 semaines<\/p>\n  <div class=\"project-description\">\n    <p>App permettant aux personnalit\u00e9s publiques d&rsquo;envoyer leur position \u00e0 leurs fans pour une cr\u00e9ation rapide d\u00a0\u00bb\u00e9v\u00e8nements.<\/p>\n\n  <\/div>\n<\/div>\n\t\n\t\t<div class=\"single-project swiper-slide\">\n  <p class=\"project-category\">Site internet<\/p>\n  <p class=\"project-title\">Web personnalis\u00e9<\/p>\n  <p class=\"project-price\">\u20ac12.000<\/p>\n  <p class=\"project-time\">12 semaines<\/p>\n  <div class=\"project-description\">\n    <p>Portail web marketplace destin\u00e9 aux professionnels, permettant de recevoir des devis de r\u00e9parations domestiques.<\/p>\n\n  <\/div>\n<\/div>\n\t\n\t\t<div class=\"single-project swiper-slide\">\n  <p class=\"project-category\">App iOS<\/p>\n  <p class=\"project-title\">App de type Marketplace<\/p>\n  <p class=\"project-price\">\u20ac12.000<\/p>\n  <p class=\"project-time\">10 semaines<\/p>\n  <div class=\"project-description\">\n    <p>App type forum d&rsquo;achat de pronostiques sportifs \u00ab\u00a0premium\u00a0\u00bb, comprenant des notifications push.<\/p>\n\n  <\/div>\n<\/div>\n\t\n\t\t<div class=\"single-project swiper-slide\">\n  <p class=\"project-category\">App Multiplateforme<\/p>\n  <p class=\"project-title\">Guide touristique<\/p>\n  <p class=\"project-price\">\u20ac16.000<\/p>\n  <p class=\"project-time\">12 semaines<\/p>\n  <div class=\"project-description\">\n    <p>App de tourisme avec itin\u00e9raires, histoire des principaux points d&rsquo;int\u00e9r\u00eats, favoris et notifications push.<\/p>\n\n  <\/div>\n<\/div>\n\t\n\t\t<div class=\"single-project swiper-slide\">\n  <p class=\"project-category\">App Multiplateforme<\/p>\n  <p class=\"project-title\">App de type Marketplace<\/p>\n  <p class=\"project-price\">\u20ac17.000<\/p>\n  <p class=\"project-time\">10 semaines<\/p>\n  <div class=\"project-description\">\n    <p>Application de mise en relation entre investisseurs et entrepises<\/p>\n\n  <\/div>\n<\/div>\n\t\n\t\t<div class=\"single-project swiper-slide\">\n  <p class=\"project-category\">App Android + iOS<\/p>\n  <p class=\"project-title\">App vente en ligne<\/p>\n  <p class=\"project-price\">\u20ac17.000<\/p>\n  <p class=\"project-time\">12 semaines<\/p>\n  <div class=\"project-description\">\n    <p>App contenant le catalogue d&rsquo;une entreprise de distribution permettant aux professionnels d&rsquo;effectuer leurs commandes et achats.<\/p>\n\n  <\/div>\n<\/div>\n\t\n\t\t<div class=\"single-project swiper-slide\">\n  <p class=\"project-category\">App Android + iOS<\/p>\n  <p class=\"project-title\">App de commande et livraison<\/p>\n  <p class=\"project-price\">\u20ac20.000<\/p>\n  <p class=\"project-time\">16 semaines<\/p>\n  <div class=\"project-description\">\n    <p>App de livraison de nourriture \u00e0 domicile, comprenant geo-localisation et paiments in-app.<\/p>\n\n  <\/div>\n<\/div>\n\t\n\t\t<div class=\"single-project swiper-slide\">\n  <p class=\"project-category\">App Android<\/p>\n  <p class=\"project-title\">App de bons<\/p>\n  <p class=\"project-price\">\u20ac27.000<\/p>\n  <p class=\"project-time\">20 semaines<\/p>\n  <div class=\"project-description\">\n    <p>App servant \u00e0 scanner des codes promotionnels et gagner des prix avec un syst\u00e8me de gamification<\/p>\n\n  <\/div>\n<\/div>\n\t\n\t\t<div class=\"single-project swiper-slide\">\n  <p class=\"project-category\">App Android + iOS<\/p>\n  <p class=\"project-title\">App type Marketplace<\/p>\n  <p class=\"project-price\">\u20ac28.000<\/p>\n  <p class=\"project-time\">36 semaines<\/p>\n  <div class=\"project-description\">\n    <p>App de mise en relation entre esth\u00e9ticiennes free-lances et client(e)s pour un service \u00e0 domicile.<\/p>\n\n  <\/div>\n<\/div>\n\t\n<\/div><\/div>\n\t\n\t\n\t\n<\/div>\n<\/div><\/div>\n<\/div><\/div><\/section>\n\n\n\n<section class=\"wp-block-uagb-section uagb-section__wrap uagb-section__background-undefined uagb-block-d802717a section-full grey-section\"><div class=\"uagb-section__overlay\"><\/div><div class=\"uagb-section__inner-wrap\">\n<h2 class=\"wp-block-heading has-text-align-center\" id=\"calculator\">Calcul&nbsp;<strong>approximatif du prix<\/strong>&nbsp;sans engagement<\/h2>\n\n\n\n<p class=\"has-text-align-center\">Calculez facilement et rapidement le co\u00fbt de cr\u00e9ation de votre application ou de votre site Web, et obtenez un <strong>budget approximatif<\/strong>.<\/p>\n\n\n\n<div class=\"wp-block-buttons calcular_btn is-content-justification-center is-nowrap is-layout-flex wp-container-core-buttons-is-layout-1fb9aab6 wp-block-buttons-is-layout-flex\">\n<div class=\"wp-block-button\"><a class=\"wp-block-button__link wp-element-button\" href=\"https:\/\/www.combiencoutemonsiteinternet.com\/\" target=\"_blank\" rel=\"noreferrer noopener\">Calculez le prix de votre Web<\/a><\/div>\n\n\n\n<div class=\"wp-block-button\"><a class=\"wp-block-button__link wp-element-button\" href=\"https:\/\/www.combiencoutemonapp.com\/\" target=\"_blank\" rel=\"noreferrer noopener\">Calculez le prix de votre App<\/a><\/div>\n<\/div>\n<\/div><\/section>\n\n\n\n<div class=\"wp-block-cover aligncenter is-light has-parallax home-click-to-action\"><span aria-hidden=\"true\" class=\"wp-block-cover__background has-background-dim-0 has-background-dim\"><\/span><div class=\"wp-block-cover__image-background wp-image-5457 has-parallax\" style=\"background-position:50% 50%;background-image:url(https:\/\/yeeply.com\/fr\/wp-content\/uploads\/2019\/05\/img_support.jpg)\"><\/div><div class=\"wp-block-cover__inner-container is-layout-flow wp-block-cover-is-layout-flow\">\n<h2 class=\"wp-block-heading has-text-align-center has-white-color has-text-color\">Pr\u00eat pour vous lancer dans votre premier projet ?<\/h2>\n\n\n\n<div class=\"wp-block-button aligncenter btn-blue ypOpenPublishProjectModal ga-cta-bottom\"><a class=\"wp-block-button__link wp-element-button\" href=\"\">JE SOUHAITE RECEVOIR UN DEVIS<\/a><\/div>\n<\/div><\/div>\n","protected":false},"excerpt":{"rendered":"","protected":false},"author":2,"featured_media":0,"parent":0,"menu_order":0,"comment_status":"closed","ping_status":"closed","template":"","meta":{"inline_featured_image":false,"_uag_custom_page_level_css":"","footnotes":""},"categories":[],"class_list":["post-5437","page","type-page","status-publish","hentry"],"yoast_head":"<!-- This site is optimized with the Yoast SEO plugin v27.3 - https:\/\/yoast.com\/product\/yoast-seo-wordpress\/ -->\n<title>Prix - Yeeply<\/title>\n<meta name=\"description\" content=\"Calculez le prix indicatif de votre projet digital pour le d\u00e9veloppement d&#039;applications ou web, le marketing et le design, avec notre outil web 100% gratuit.\" \/>\n<meta name=\"robots\" content=\"index, follow, max-snippet:-1, max-image-preview:large, max-video-preview:-1\" \/>\n<link rel=\"canonical\" href=\"https:\/\/yeeply.com\/fr\/prix\/\" \/>\n<meta property=\"og:locale\" content=\"fr_FR\" \/>\n<meta property=\"og:type\" content=\"article\" \/>\n<meta property=\"og:title\" content=\"Prix - Yeeply\" \/>\n<meta property=\"og:description\" content=\"Calculez le prix indicatif de votre projet digital pour le d\u00e9veloppement d&#039;applications ou web, le marketing et le design, avec notre outil web 100% gratuit.\" \/>\n<meta property=\"og:url\" content=\"https:\/\/yeeply.com\/fr\/prix\/\" \/>\n<meta property=\"og:site_name\" content=\"Yeeply\" \/>\n<meta property=\"article:publisher\" content=\"https:\/\/www.facebook.com\/YeeplyMobile\/\" \/>\n<meta property=\"article:modified_time\" content=\"2024-09-02T10:33:00+00:00\" \/>\n<meta property=\"og:image\" content=\"https:\/\/yeeply.com\/fr\/wp-content\/uploads\/2019\/05\/img_bg_pricing.jpg\" \/>\n<meta name=\"twitter:card\" content=\"summary_large_image\" \/>\n<meta name=\"twitter:site\" content=\"@Yeeply_EN\" \/>\n<meta name=\"twitter:label1\" content=\"Dur\u00e9e de lecture estim\u00e9e\" \/>\n\t<meta name=\"twitter:data1\" content=\"1 minute\" \/>\n<script type=\"application\/ld+json\" class=\"yoast-schema-graph\">{\"@context\":\"https:\\\/\\\/schema.org\",\"@graph\":[{\"@type\":\"WebPage\",\"@id\":\"https:\\\/\\\/yeeply.com\\\/fr\\\/prix\\\/\",\"url\":\"https:\\\/\\\/yeeply.com\\\/fr\\\/prix\\\/\",\"name\":\"Prix - Yeeply\",\"isPartOf\":{\"@id\":\"https:\\\/\\\/yeeply.com\\\/fr\\\/#website\"},\"primaryImageOfPage\":{\"@id\":\"https:\\\/\\\/yeeply.com\\\/fr\\\/prix\\\/#primaryimage\"},\"image\":{\"@id\":\"https:\\\/\\\/yeeply.com\\\/fr\\\/prix\\\/#primaryimage\"},\"thumbnailUrl\":\"https:\\\/\\\/yeeply.com\\\/fr\\\/wp-content\\\/uploads\\\/2019\\\/05\\\/img_bg_pricing.jpg\",\"datePublished\":\"2019-05-14T16:21:34+00:00\",\"dateModified\":\"2024-09-02T10:33:00+00:00\",\"description\":\"Calculez le prix indicatif de votre projet digital pour le d\u00e9veloppement d'applications ou web, le marketing et le design, avec notre outil web 100% gratuit.\",\"breadcrumb\":{\"@id\":\"https:\\\/\\\/yeeply.com\\\/fr\\\/prix\\\/#breadcrumb\"},\"inLanguage\":\"fr-FR\",\"potentialAction\":[{\"@type\":\"ReadAction\",\"target\":[\"https:\\\/\\\/yeeply.com\\\/fr\\\/prix\\\/\"]}]},{\"@type\":\"ImageObject\",\"inLanguage\":\"fr-FR\",\"@id\":\"https:\\\/\\\/yeeply.com\\\/fr\\\/prix\\\/#primaryimage\",\"url\":\"https:\\\/\\\/yeeply.com\\\/fr\\\/wp-content\\\/uploads\\\/2019\\\/05\\\/img_bg_pricing.jpg\",\"contentUrl\":\"https:\\\/\\\/yeeply.com\\\/fr\\\/wp-content\\\/uploads\\\/2019\\\/05\\\/img_bg_pricing.jpg\",\"width\":1437,\"height\":600},{\"@type\":\"BreadcrumbList\",\"@id\":\"https:\\\/\\\/yeeply.com\\\/fr\\\/prix\\\/#breadcrumb\",\"itemListElement\":[{\"@type\":\"ListItem\",\"position\":1,\"name\":\"Home\",\"item\":\"https:\\\/\\\/yeeply.com\\\/fr\\\/\"},{\"@type\":\"ListItem\",\"position\":2,\"name\":\"PRIX\"}]},{\"@type\":\"WebSite\",\"@id\":\"https:\\\/\\\/yeeply.com\\\/fr\\\/#website\",\"url\":\"https:\\\/\\\/yeeply.com\\\/fr\\\/\",\"name\":\"Yeeply\",\"description\":\"A platform for the development of digital projects\",\"publisher\":{\"@id\":\"https:\\\/\\\/yeeply.com\\\/fr\\\/#organization\"},\"potentialAction\":[{\"@type\":\"SearchAction\",\"target\":{\"@type\":\"EntryPoint\",\"urlTemplate\":\"https:\\\/\\\/yeeply.com\\\/fr\\\/?s={search_term_string}\"},\"query-input\":{\"@type\":\"PropertyValueSpecification\",\"valueRequired\":true,\"valueName\":\"search_term_string\"}}],\"inLanguage\":\"fr-FR\"},{\"@type\":\"Organization\",\"@id\":\"https:\\\/\\\/yeeply.com\\\/fr\\\/#organization\",\"name\":\"Yeeply\",\"url\":\"https:\\\/\\\/yeeply.com\\\/fr\\\/\",\"logo\":{\"@type\":\"ImageObject\",\"inLanguage\":\"fr-FR\",\"@id\":\"https:\\\/\\\/yeeply.com\\\/fr\\\/#\\\/schema\\\/logo\\\/image\\\/\",\"url\":\"https:\\\/\\\/yeeply.com\\\/fr\\\/wp-content\\\/uploads\\\/2019\\\/05\\\/logo_yeeply_black@2x.png\",\"contentUrl\":\"https:\\\/\\\/yeeply.com\\\/fr\\\/wp-content\\\/uploads\\\/2019\\\/05\\\/logo_yeeply_black@2x.png\",\"width\":360,\"height\":120,\"caption\":\"Yeeply\"},\"image\":{\"@id\":\"https:\\\/\\\/yeeply.com\\\/fr\\\/#\\\/schema\\\/logo\\\/image\\\/\"},\"sameAs\":[\"https:\\\/\\\/www.facebook.com\\\/YeeplyMobile\\\/\",\"https:\\\/\\\/x.com\\\/Yeeply_EN\",\"https:\\\/\\\/www.linkedin.com\\\/company\\\/yeeply\"]}]}<\/script>\n<!-- \/ Yoast SEO plugin. -->","yoast_head_json":{"title":"Prix - Yeeply","description":"Calculez le prix indicatif de votre projet digital pour le d\u00e9veloppement d'applications ou web, le marketing et le design, avec notre outil web 100% gratuit.","robots":{"index":"index","follow":"follow","max-snippet":"max-snippet:-1","max-image-preview":"max-image-preview:large","max-video-preview":"max-video-preview:-1"},"canonical":"https:\/\/yeeply.com\/fr\/prix\/","og_locale":"fr_FR","og_type":"article","og_title":"Prix - Yeeply","og_description":"Calculez le prix indicatif de votre projet digital pour le d\u00e9veloppement d'applications ou web, le marketing et le design, avec notre outil web 100% gratuit.","og_url":"https:\/\/yeeply.com\/fr\/prix\/","og_site_name":"Yeeply","article_publisher":"https:\/\/www.facebook.com\/YeeplyMobile\/","article_modified_time":"2024-09-02T10:33:00+00:00","og_image":[{"url":"https:\/\/yeeply.com\/fr\/wp-content\/uploads\/2019\/05\/img_bg_pricing.jpg","type":"","width":"","height":""}],"twitter_card":"summary_large_image","twitter_site":"@Yeeply_EN","twitter_misc":{"Dur\u00e9e de lecture estim\u00e9e":"1 minute"},"schema":{"@context":"https:\/\/schema.org","@graph":[{"@type":"WebPage","@id":"https:\/\/yeeply.com\/fr\/prix\/","url":"https:\/\/yeeply.com\/fr\/prix\/","name":"Prix - Yeeply","isPartOf":{"@id":"https:\/\/yeeply.com\/fr\/#website"},"primaryImageOfPage":{"@id":"https:\/\/yeeply.com\/fr\/prix\/#primaryimage"},"image":{"@id":"https:\/\/yeeply.com\/fr\/prix\/#primaryimage"},"thumbnailUrl":"https:\/\/yeeply.com\/fr\/wp-content\/uploads\/2019\/05\/img_bg_pricing.jpg","datePublished":"2019-05-14T16:21:34+00:00","dateModified":"2024-09-02T10:33:00+00:00","description":"Calculez le prix indicatif de votre projet digital pour le d\u00e9veloppement d'applications ou web, le marketing et le design, avec notre outil web 100% gratuit.","breadcrumb":{"@id":"https:\/\/yeeply.com\/fr\/prix\/#breadcrumb"},"inLanguage":"fr-FR","potentialAction":[{"@type":"ReadAction","target":["https:\/\/yeeply.com\/fr\/prix\/"]}]},{"@type":"ImageObject","inLanguage":"fr-FR","@id":"https:\/\/yeeply.com\/fr\/prix\/#primaryimage","url":"https:\/\/yeeply.com\/fr\/wp-content\/uploads\/2019\/05\/img_bg_pricing.jpg","contentUrl":"https:\/\/yeeply.com\/fr\/wp-content\/uploads\/2019\/05\/img_bg_pricing.jpg","width":1437,"height":600},{"@type":"BreadcrumbList","@id":"https:\/\/yeeply.com\/fr\/prix\/#breadcrumb","itemListElement":[{"@type":"ListItem","position":1,"name":"Home","item":"https:\/\/yeeply.com\/fr\/"},{"@type":"ListItem","position":2,"name":"PRIX"}]},{"@type":"WebSite","@id":"https:\/\/yeeply.com\/fr\/#website","url":"https:\/\/yeeply.com\/fr\/","name":"Yeeply","description":"A platform for the development of digital projects","publisher":{"@id":"https:\/\/yeeply.com\/fr\/#organization"},"potentialAction":[{"@type":"SearchAction","target":{"@type":"EntryPoint","urlTemplate":"https:\/\/yeeply.com\/fr\/?s={search_term_string}"},"query-input":{"@type":"PropertyValueSpecification","valueRequired":true,"valueName":"search_term_string"}}],"inLanguage":"fr-FR"},{"@type":"Organization","@id":"https:\/\/yeeply.com\/fr\/#organization","name":"Yeeply","url":"https:\/\/yeeply.com\/fr\/","logo":{"@type":"ImageObject","inLanguage":"fr-FR","@id":"https:\/\/yeeply.com\/fr\/#\/schema\/logo\/image\/","url":"https:\/\/yeeply.com\/fr\/wp-content\/uploads\/2019\/05\/logo_yeeply_black@2x.png","contentUrl":"https:\/\/yeeply.com\/fr\/wp-content\/uploads\/2019\/05\/logo_yeeply_black@2x.png","width":360,"height":120,"caption":"Yeeply"},"image":{"@id":"https:\/\/yeeply.com\/fr\/#\/schema\/logo\/image\/"},"sameAs":["https:\/\/www.facebook.com\/YeeplyMobile\/","https:\/\/x.com\/Yeeply_EN","https:\/\/www.linkedin.com\/company\/yeeply"]}]}},"uagb_featured_image_src":{"full":false,"thumbnail":false,"medium":false,"medium_large":false,"large":false,"1536x1536":false,"2048x2048":false,"gform-image-choice-sm":false,"gform-image-choice-md":false,"gform-image-choice-lg":false},"uagb_author_info":{"display_name":"Yeeply","author_link":"https:\/\/yeeply.com\/fr\/author\/yeeply\/"},"uagb_comment_info":0,"uagb_excerpt":null,"_links":{"self":[{"href":"https:\/\/yeeply.com\/fr\/wp-json\/wp\/v2\/pages\/5437","targetHints":{"allow":["GET"]}}],"collection":[{"href":"https:\/\/yeeply.com\/fr\/wp-json\/wp\/v2\/pages"}],"about":[{"href":"https:\/\/yeeply.com\/fr\/wp-json\/wp\/v2\/types\/page"}],"author":[{"embeddable":true,"href":"https:\/\/yeeply.com\/fr\/wp-json\/wp\/v2\/users\/2"}],"replies":[{"embeddable":true,"href":"https:\/\/yeeply.com\/fr\/wp-json\/wp\/v2\/comments?post=5437"}],"version-history":[{"count":5,"href":"https:\/\/yeeply.com\/fr\/wp-json\/wp\/v2\/pages\/5437\/revisions"}],"predecessor-version":[{"id":18771,"href":"https:\/\/yeeply.com\/fr\/wp-json\/wp\/v2\/pages\/5437\/revisions\/18771"}],"wp:attachment":[{"href":"https:\/\/yeeply.com\/fr\/wp-json\/wp\/v2\/media?parent=5437"}],"wp:term":[{"taxonomy":"category","embeddable":true,"href":"https:\/\/yeeply.com\/fr\/wp-json\/wp\/v2\/categories?post=5437"}],"curies":[{"name":"wp","href":"https:\/\/api.w.org\/{rel}","templated":true}]}}