{"id":19492,"date":"2025-04-04T13:50:42","date_gmt":"2025-04-04T11:50:42","guid":{"rendered":"https:\/\/yeeply.com\/fr\/?page_id=19492"},"modified":"2025-04-04T14:08:07","modified_gmt":"2025-04-04T12:08:07","slug":"ricardo-andres","status":"publish","type":"page","link":"https:\/\/yeeply.com\/fr\/ricardo-andres\/","title":{"rendered":"(Autor) Ricardo Andr\u00e9s Herrero"},"content":{"rendered":"\t\t<div data-elementor-type=\"wp-page\" data-elementor-id=\"19492\" class=\"elementor elementor-19492\" data-elementor-post-type=\"page\">\n\t\t\t\t<div class=\"elementor-element elementor-element-982c301 e-con-full e-flex e-con e-parent\" data-id=\"982c301\" data-element_type=\"container\">\n\t\t\t\t<div class=\"elementor-element elementor-element-3ddbe93 elementor-widget elementor-widget-heading\" data-id=\"3ddbe93\" data-element_type=\"widget\" data-widget_type=\"heading.default\">\n\t\t\t\t<div class=\"elementor-widget-container\">\n\t\t\t\t\t<h1 class=\"elementor-heading-title elementor-size-default\">Ricardo Andr\u00e9s Herrero<\/h1>\t\t\t\t<\/div>\n\t\t\t\t<\/div>\n\t\t\t\t<div class=\"elementor-element elementor-element-6ca9739 elementor-widget elementor-widget-spacer\" data-id=\"6ca9739\" data-element_type=\"widget\" data-widget_type=\"spacer.default\">\n\t\t\t\t<div class=\"elementor-widget-container\">\n\t\t\t\t\t\t\t<div class=\"elementor-spacer\">\n\t\t\t<div class=\"elementor-spacer-inner\"><\/div>\n\t\t<\/div>\n\t\t\t\t\t\t<\/div>\n\t\t\t\t<\/div>\n\t\t\t\t<\/div>\n\t\t<div class=\"elementor-element elementor-element-f2fb737 e-flex e-con-boxed e-con e-parent\" data-id=\"f2fb737\" data-element_type=\"container\">\n\t\t\t\t\t<div class=\"e-con-inner\">\n\t\t<div class=\"elementor-element elementor-element-de7eabc e-con-full e-flex e-con e-child\" data-id=\"de7eabc\" data-element_type=\"container\">\n\t\t\t\t<div class=\"elementor-element elementor-element-a39ca51 elementor-widget elementor-widget-spacer\" data-id=\"a39ca51\" data-element_type=\"widget\" data-widget_type=\"spacer.default\">\n\t\t\t\t<div class=\"elementor-widget-container\">\n\t\t\t\t\t\t\t<div class=\"elementor-spacer\">\n\t\t\t<div class=\"elementor-spacer-inner\"><\/div>\n\t\t<\/div>\n\t\t\t\t\t\t<\/div>\n\t\t\t\t<\/div>\n\t\t\t\t<div class=\"elementor-element elementor-element-cd1c476 elementor-widget elementor-widget-image\" data-id=\"cd1c476\" data-element_type=\"widget\" data-widget_type=\"image.default\">\n\t\t\t\t<div class=\"elementor-widget-container\">\n\t\t\t\t\t\t\t\t\t\t\t\t\t\t\t<img decoding=\"async\" src=\"https:\/\/yeeply.com\/fr\/wp-content\/plugins\/elementor\/assets\/images\/placeholder.png\" title=\"\" alt=\"\" loading=\"lazy\" \/>\t\t\t\t\t\t\t\t\t\t\t\t\t\t\t<\/div>\n\t\t\t\t<\/div>\n\t\t\t\t<\/div>\n\t\t<div class=\"elementor-element elementor-element-5ebd826 e-con-full e-flex e-con e-child\" data-id=\"5ebd826\" data-element_type=\"container\">\n\t\t\t\t<div class=\"elementor-element elementor-element-0efe2d3 elementor-widget elementor-widget-text-editor\" data-id=\"0efe2d3\" data-element_type=\"widget\" data-widget_type=\"text-editor.default\">\n\t\t\t\t<div class=\"elementor-widget-container\">\n\t\t\t\t\t\t\t\t\t<h2 style=\"color: black;\"><strong>D\u00e9veloppeur web et directeur technique de projets<\/strong><\/h2>\t\t\t\t\t\t\t\t<\/div>\n\t\t\t\t<\/div>\n\t\t\t\t<div class=\"elementor-element elementor-element-60eb6a6 elementor-widget elementor-widget-text-editor\" data-id=\"60eb6a6\" data-element_type=\"widget\" data-widget_type=\"text-editor.default\">\n\t\t\t\t<div class=\"elementor-widget-container\">\n\t\t\t\t\t\t\t\t\t<p>Ricardo Andr\u00e9s Herrero est un professionnel avec une grande exp\u00e9rience dans le d\u00e9veloppement web, l&rsquo;administration des syst\u00e8mes et la gestion technique de projets.<\/p><p>Actuellement, il travaille en tant que D\u00e9veloppeur Web, Administrateur de Syst\u00e8mes et Directeur Technique de Projets chez Quental, o\u00f9 il dirige des projets de d\u00e9veloppement web, g\u00e8re les infrastructures technologiques et coordonne l&rsquo;\u00e9quipe technique pour garantir la qualit\u00e9 et la r\u00e9ussite des solutions livr\u00e9es.<\/p>\t\t\t\t\t\t\t\t<\/div>\n\t\t\t\t<\/div>\n\t\t\t\t<\/div>\n\t\t\t\t\t<\/div>\n\t\t\t\t<\/div>\n\t\t<div class=\"elementor-element elementor-element-37af1aa e-flex e-con-boxed e-con e-parent\" data-id=\"37af1aa\" data-element_type=\"container\">\n\t\t\t\t\t<div class=\"e-con-inner\">\n\t\t\t\t<div class=\"elementor-element elementor-element-c35f8dc elementor-widget elementor-widget-text-editor\" data-id=\"c35f8dc\" data-element_type=\"widget\" data-widget_type=\"text-editor.default\">\n\t\t\t\t<div class=\"elementor-widget-container\">\n\t\t\t\t\t\t\t\t\t<h2 style=\"color: black;\"><strong>Exp\u00e9rience Professionnelle<\/strong><\/h2><p><strong style=\"color: black;\">Quental<\/strong><br \/><em>D\u00e9veloppeur Web, Administrateur de Syst\u00e8mes et Directeur Technique de Projets<\/em> (Avr 2021 \u2013 Aujourd&rsquo;hui)<br \/>Ricardo travaille chez Quental, o\u00f9 il g\u00e8re la transition de Lemur in the Box, dirigeant des projets avec des technologies telles que MariaDB, Vue.js, et d&rsquo;autres outils sp\u00e9cialis\u00e9s pour optimiser le d\u00e9veloppement web et l&rsquo;administration des syst\u00e8mes.<\/p><p><strong style=\"color: black;\">Lemur in the Box<\/strong><br \/><em>D\u00e9veloppeur Web et Administrateur de Syst\u00e8mes<\/em> (Sept 2015 \u2013 Avr 2021)<br \/>Chez Lemur in the Box, Ricardo a supervis\u00e9 l&rsquo;impl\u00e9mentation de projets web en utilisant des technologies telles que Vue.js et JavaScript. Il \u00e9tait \u00e9galement responsable de l&rsquo;administration des syst\u00e8mes, garantissant l&rsquo;efficacit\u00e9 op\u00e9rationnelle et la stabilit\u00e9 des plateformes technologiques.<\/p><p><strong style=\"color: black;\">Canal Ocio Europa<\/strong><br \/><em>D\u00e9veloppeur Web<\/em> (D\u00e9c 2010 \u2013 Sept 2015)<br \/>Chez Canal Ocio Europa, Ricardo a d\u00e9velopp\u00e9 des solutions web utilisant JavaScript et PHP, contribuant \u00e0 la croissance num\u00e9rique de l&rsquo;entreprise et optimisant l&rsquo;exp\u00e9rience utilisateur.<\/p><p><strong style=\"color: black;\">MPB Aerospace<\/strong><br \/><em>Administrateur de Syst\u00e8mes<\/em> (Mai 2014 \u2013 Nov 2014)<br \/>Ricardo a travaill\u00e9 comme administrateur de syst\u00e8mes chez MPB Aerospace, en g\u00e9rant Windows Server et Microsoft Dynamics NAV, entre autres technologies, pour maintenir une infrastructure technologique efficace et s\u00e9curis\u00e9e.<\/p><p><strong style=\"color: black;\">CIDAUT<\/strong><br \/><em>Stage de D\u00e9veloppeur Web<\/em> (Avr 2012 \u2013 Juin 2012)<br \/>Lors de son stage chez CIDAUT, Ricardo a d\u00e9velopp\u00e9 des solutions web, acqu\u00e9rant de l&rsquo;exp\u00e9rience dans le secteur technologique et posant les bases de sa carri\u00e8re professionnelle.<\/p><h2 style=\"color: black;\"><strong>Formation Acad\u00e9mique<\/strong><\/h2><p><strong style=\"color: black;\">IES Galileo<\/strong><br \/><em>BTS Administration des Syst\u00e8mes Informatiques en R\u00e9seau, Informatique<\/em> (2010 \u2013 2012) Note: 9<\/p><p><strong style=\"color: black;\">IES Galileo<\/strong><br \/><em>BTS Exploitation des Syst\u00e8mes Informatiques, Informatique<\/em> (2008 \u2013 2010)<br \/>Note: 10<\/p><h2 style=\"color: black;\"><strong>R\u00e9seaux Sociaux<\/strong><\/h2><p>Vous pouvez contacter Ricardo Andr\u00e9s Herrero via les plateformes suivantes :<br \/>LinkedIn: https:\/\/www.linkedin.com\/in\/ricardo-andr%C3%A9s-herrero-63288114b\/<\/p><h2 style=\"color: black;\"><strong>Apparitions dans la presse<\/strong><\/h2>\t\t\t\t\t\t\t\t<\/div>\n\t\t\t\t<\/div>\n\t\t\t\t\t<\/div>\n\t\t\t\t<\/div>\n\t\t<div class=\"elementor-element elementor-element-4232b94 e-con-full e-flex e-con e-child\" data-id=\"4232b94\" data-element_type=\"container\">\n\t\t\t\t<\/div>\n\t\t<div class=\"elementor-element elementor-element-7f56607 e-flex e-con-boxed e-con e-parent\" data-id=\"7f56607\" data-element_type=\"container\">\n\t\t\t\t\t<div class=\"e-con-inner\">\n\t\t\t\t<div class=\"elementor-element elementor-element-7bd09f1 elementor-widget elementor-widget-spacer\" data-id=\"7bd09f1\" data-element_type=\"widget\" data-widget_type=\"spacer.default\">\n\t\t\t\t<div class=\"elementor-widget-container\">\n\t\t\t\t\t\t\t<div class=\"elementor-spacer\">\n\t\t\t<div class=\"elementor-spacer-inner\"><\/div>\n\t\t<\/div>\n\t\t\t\t\t\t<\/div>\n\t\t\t\t<\/div>\n\t\t\t\t\t<\/div>\n\t\t\t\t<\/div>\n\t\t\t\t<\/div>\n\t\t","protected":false},"excerpt":{"rendered":"<p>Ricardo Andr\u00e9s Herrero D\u00e9veloppeur web et directeur technique de projets Ricardo Andr\u00e9s Herrero est un professionnel avec une grande exp\u00e9rience dans le d\u00e9veloppement web, l&rsquo;administration &#8230;<\/p>\n","protected":false},"author":31,"featured_media":0,"parent":0,"menu_order":0,"comment_status":"closed","ping_status":"closed","template":"","meta":{"inline_featured_image":false,"_uag_custom_page_level_css":"","footnotes":""},"categories":[],"class_list":["post-19492","page","type-page","status-publish","hentry"],"yoast_head":"<!-- This site is optimized with the Yoast SEO plugin v27.4 - https:\/\/yoast.com\/product\/yoast-seo-wordpress\/ -->\n<title>Ricardo Andr\u00e9s Herrero - Yeeply<\/title>\n<meta name=\"description\" content=\"Explorez l&#039;exp\u00e9rience de Ricardo Andr\u00e9s Herrero, D\u00e9veloppeur Web chez Quental, avec une expertise en gestion de projets et technologies de pointe.\" \/>\n<meta name=\"robots\" content=\"index, follow, max-snippet:-1, max-image-preview:large, max-video-preview:-1\" \/>\n<link rel=\"canonical\" href=\"https:\/\/yeeply.com\/fr\/ricardo-andres\/\" \/>\n<meta property=\"og:locale\" content=\"fr_FR\" \/>\n<meta property=\"og:type\" content=\"article\" \/>\n<meta property=\"og:title\" content=\"Ricardo Andr\u00e9s Herrero - Yeeply\" \/>\n<meta property=\"og:description\" content=\"Explorez l&#039;exp\u00e9rience de Ricardo Andr\u00e9s Herrero, D\u00e9veloppeur Web chez Quental, avec une expertise en gestion de projets et technologies de pointe.\" \/>\n<meta property=\"og:url\" content=\"https:\/\/yeeply.com\/fr\/ricardo-andres\/\" \/>\n<meta property=\"og:site_name\" content=\"Yeeply\" \/>\n<meta property=\"article:publisher\" content=\"https:\/\/www.facebook.com\/YeeplyMobile\/\" \/>\n<meta property=\"article:modified_time\" content=\"2025-04-04T12:08:07+00:00\" \/>\n<meta property=\"og:image\" content=\"https:\/\/yeeply.com\/fr\/wp-content\/plugins\/elementor\/assets\/images\/placeholder.png\" \/>\n<meta name=\"twitter:card\" content=\"summary_large_image\" \/>\n<meta name=\"twitter:site\" content=\"@Yeeply_EN\" \/>\n<meta name=\"twitter:label1\" content=\"Dur\u00e9e de lecture estim\u00e9e\" \/>\n\t<meta name=\"twitter:data1\" content=\"2 minutes\" \/>\n<script type=\"application\/ld+json\" class=\"yoast-schema-graph\">{\"@context\":\"https:\\\/\\\/schema.org\",\"@graph\":[{\"@type\":\"WebPage\",\"@id\":\"https:\\\/\\\/yeeply.com\\\/fr\\\/ricardo-andres\\\/\",\"url\":\"https:\\\/\\\/yeeply.com\\\/fr\\\/ricardo-andres\\\/\",\"name\":\"Ricardo Andr\u00e9s Herrero - Yeeply\",\"isPartOf\":{\"@id\":\"https:\\\/\\\/yeeply.com\\\/fr\\\/#website\"},\"primaryImageOfPage\":{\"@id\":\"https:\\\/\\\/yeeply.com\\\/fr\\\/ricardo-andres\\\/#primaryimage\"},\"image\":{\"@id\":\"https:\\\/\\\/yeeply.com\\\/fr\\\/ricardo-andres\\\/#primaryimage\"},\"thumbnailUrl\":\"https:\\\/\\\/yeeply.com\\\/fr\\\/wp-content\\\/plugins\\\/elementor\\\/assets\\\/images\\\/placeholder.png\",\"datePublished\":\"2025-04-04T11:50:42+00:00\",\"dateModified\":\"2025-04-04T12:08:07+00:00\",\"description\":\"Explorez l'exp\u00e9rience de Ricardo Andr\u00e9s Herrero, D\u00e9veloppeur Web chez Quental, avec une expertise en gestion de projets et technologies de pointe.\",\"breadcrumb\":{\"@id\":\"https:\\\/\\\/yeeply.com\\\/fr\\\/ricardo-andres\\\/#breadcrumb\"},\"inLanguage\":\"fr-FR\",\"potentialAction\":[{\"@type\":\"ReadAction\",\"target\":[\"https:\\\/\\\/yeeply.com\\\/fr\\\/ricardo-andres\\\/\"]}]},{\"@type\":\"ImageObject\",\"inLanguage\":\"fr-FR\",\"@id\":\"https:\\\/\\\/yeeply.com\\\/fr\\\/ricardo-andres\\\/#primaryimage\",\"url\":\"https:\\\/\\\/yeeply.com\\\/fr\\\/wp-content\\\/plugins\\\/elementor\\\/assets\\\/images\\\/placeholder.png\",\"contentUrl\":\"https:\\\/\\\/yeeply.com\\\/fr\\\/wp-content\\\/plugins\\\/elementor\\\/assets\\\/images\\\/placeholder.png\"},{\"@type\":\"BreadcrumbList\",\"@id\":\"https:\\\/\\\/yeeply.com\\\/fr\\\/ricardo-andres\\\/#breadcrumb\",\"itemListElement\":[{\"@type\":\"ListItem\",\"position\":1,\"name\":\"Home\",\"item\":\"https:\\\/\\\/yeeply.com\\\/fr\\\/\"},{\"@type\":\"ListItem\",\"position\":2,\"name\":\"(Autor) Ricardo Andr\u00e9s Herrero\"}]},{\"@type\":\"WebSite\",\"@id\":\"https:\\\/\\\/yeeply.com\\\/fr\\\/#website\",\"url\":\"https:\\\/\\\/yeeply.com\\\/fr\\\/\",\"name\":\"Yeeply\",\"description\":\"A platform for the development of digital projects\",\"publisher\":{\"@id\":\"https:\\\/\\\/yeeply.com\\\/fr\\\/#organization\"},\"potentialAction\":[{\"@type\":\"SearchAction\",\"target\":{\"@type\":\"EntryPoint\",\"urlTemplate\":\"https:\\\/\\\/yeeply.com\\\/fr\\\/?s={search_term_string}\"},\"query-input\":{\"@type\":\"PropertyValueSpecification\",\"valueRequired\":true,\"valueName\":\"search_term_string\"}}],\"inLanguage\":\"fr-FR\"},{\"@type\":\"Organization\",\"@id\":\"https:\\\/\\\/yeeply.com\\\/fr\\\/#organization\",\"name\":\"Yeeply\",\"url\":\"https:\\\/\\\/yeeply.com\\\/fr\\\/\",\"logo\":{\"@type\":\"ImageObject\",\"inLanguage\":\"fr-FR\",\"@id\":\"https:\\\/\\\/yeeply.com\\\/fr\\\/#\\\/schema\\\/logo\\\/image\\\/\",\"url\":\"https:\\\/\\\/yeeply.com\\\/fr\\\/wp-content\\\/uploads\\\/2019\\\/05\\\/logo_yeeply_black@2x.png\",\"contentUrl\":\"https:\\\/\\\/yeeply.com\\\/fr\\\/wp-content\\\/uploads\\\/2019\\\/05\\\/logo_yeeply_black@2x.png\",\"width\":360,\"height\":120,\"caption\":\"Yeeply\"},\"image\":{\"@id\":\"https:\\\/\\\/yeeply.com\\\/fr\\\/#\\\/schema\\\/logo\\\/image\\\/\"},\"sameAs\":[\"https:\\\/\\\/www.facebook.com\\\/YeeplyMobile\\\/\",\"https:\\\/\\\/x.com\\\/Yeeply_EN\",\"https:\\\/\\\/www.linkedin.com\\\/company\\\/yeeply\"]}]}<\/script>\n<!-- \/ Yoast SEO plugin. -->","yoast_head_json":{"title":"Ricardo Andr\u00e9s Herrero - Yeeply","description":"Explorez l'exp\u00e9rience de Ricardo Andr\u00e9s Herrero, D\u00e9veloppeur Web chez Quental, avec une expertise en gestion de projets et technologies de pointe.","robots":{"index":"index","follow":"follow","max-snippet":"max-snippet:-1","max-image-preview":"max-image-preview:large","max-video-preview":"max-video-preview:-1"},"canonical":"https:\/\/yeeply.com\/fr\/ricardo-andres\/","og_locale":"fr_FR","og_type":"article","og_title":"Ricardo Andr\u00e9s Herrero - Yeeply","og_description":"Explorez l'exp\u00e9rience de Ricardo Andr\u00e9s Herrero, D\u00e9veloppeur Web chez Quental, avec une expertise en gestion de projets et technologies de pointe.","og_url":"https:\/\/yeeply.com\/fr\/ricardo-andres\/","og_site_name":"Yeeply","article_publisher":"https:\/\/www.facebook.com\/YeeplyMobile\/","article_modified_time":"2025-04-04T12:08:07+00:00","og_image":[{"url":"https:\/\/yeeply.com\/fr\/wp-content\/plugins\/elementor\/assets\/images\/placeholder.png","type":"","width":"","height":""}],"twitter_card":"summary_large_image","twitter_site":"@Yeeply_EN","twitter_misc":{"Dur\u00e9e de lecture estim\u00e9e":"2 minutes"},"schema":{"@context":"https:\/\/schema.org","@graph":[{"@type":"WebPage","@id":"https:\/\/yeeply.com\/fr\/ricardo-andres\/","url":"https:\/\/yeeply.com\/fr\/ricardo-andres\/","name":"Ricardo Andr\u00e9s Herrero - Yeeply","isPartOf":{"@id":"https:\/\/yeeply.com\/fr\/#website"},"primaryImageOfPage":{"@id":"https:\/\/yeeply.com\/fr\/ricardo-andres\/#primaryimage"},"image":{"@id":"https:\/\/yeeply.com\/fr\/ricardo-andres\/#primaryimage"},"thumbnailUrl":"https:\/\/yeeply.com\/fr\/wp-content\/plugins\/elementor\/assets\/images\/placeholder.png","datePublished":"2025-04-04T11:50:42+00:00","dateModified":"2025-04-04T12:08:07+00:00","description":"Explorez l'exp\u00e9rience de Ricardo Andr\u00e9s Herrero, D\u00e9veloppeur Web chez Quental, avec une expertise en gestion de projets et technologies de pointe.","breadcrumb":{"@id":"https:\/\/yeeply.com\/fr\/ricardo-andres\/#breadcrumb"},"inLanguage":"fr-FR","potentialAction":[{"@type":"ReadAction","target":["https:\/\/yeeply.com\/fr\/ricardo-andres\/"]}]},{"@type":"ImageObject","inLanguage":"fr-FR","@id":"https:\/\/yeeply.com\/fr\/ricardo-andres\/#primaryimage","url":"https:\/\/yeeply.com\/fr\/wp-content\/plugins\/elementor\/assets\/images\/placeholder.png","contentUrl":"https:\/\/yeeply.com\/fr\/wp-content\/plugins\/elementor\/assets\/images\/placeholder.png"},{"@type":"BreadcrumbList","@id":"https:\/\/yeeply.com\/fr\/ricardo-andres\/#breadcrumb","itemListElement":[{"@type":"ListItem","position":1,"name":"Home","item":"https:\/\/yeeply.com\/fr\/"},{"@type":"ListItem","position":2,"name":"(Autor) Ricardo Andr\u00e9s Herrero"}]},{"@type":"WebSite","@id":"https:\/\/yeeply.com\/fr\/#website","url":"https:\/\/yeeply.com\/fr\/","name":"Yeeply","description":"A platform for the development of digital projects","publisher":{"@id":"https:\/\/yeeply.com\/fr\/#organization"},"potentialAction":[{"@type":"SearchAction","target":{"@type":"EntryPoint","urlTemplate":"https:\/\/yeeply.com\/fr\/?s={search_term_string}"},"query-input":{"@type":"PropertyValueSpecification","valueRequired":true,"valueName":"search_term_string"}}],"inLanguage":"fr-FR"},{"@type":"Organization","@id":"https:\/\/yeeply.com\/fr\/#organization","name":"Yeeply","url":"https:\/\/yeeply.com\/fr\/","logo":{"@type":"ImageObject","inLanguage":"fr-FR","@id":"https:\/\/yeeply.com\/fr\/#\/schema\/logo\/image\/","url":"https:\/\/yeeply.com\/fr\/wp-content\/uploads\/2019\/05\/logo_yeeply_black@2x.png","contentUrl":"https:\/\/yeeply.com\/fr\/wp-content\/uploads\/2019\/05\/logo_yeeply_black@2x.png","width":360,"height":120,"caption":"Yeeply"},"image":{"@id":"https:\/\/yeeply.com\/fr\/#\/schema\/logo\/image\/"},"sameAs":["https:\/\/www.facebook.com\/YeeplyMobile\/","https:\/\/x.com\/Yeeply_EN","https:\/\/www.linkedin.com\/company\/yeeply"]}]}},"uagb_featured_image_src":{"full":false,"thumbnail":false,"medium":false,"medium_large":false,"large":false,"1536x1536":false,"2048x2048":false,"gform-image-choice-sm":false,"gform-image-choice-md":false,"gform-image-choice-lg":false},"uagb_author_info":{"display_name":"SIDN","author_link":"https:\/\/yeeply.com\/fr\/author\/sidn\/"},"uagb_comment_info":0,"uagb_excerpt":"Ricardo Andr\u00e9s Herrero D\u00e9veloppeur web et directeur technique de projets Ricardo Andr\u00e9s Herrero est un professionnel avec une grande exp\u00e9rience dans le d\u00e9veloppement web, l&rsquo;administration ...","_links":{"self":[{"href":"https:\/\/yeeply.com\/fr\/wp-json\/wp\/v2\/pages\/19492","targetHints":{"allow":["GET"]}}],"collection":[{"href":"https:\/\/yeeply.com\/fr\/wp-json\/wp\/v2\/pages"}],"about":[{"href":"https:\/\/yeeply.com\/fr\/wp-json\/wp\/v2\/types\/page"}],"author":[{"embeddable":true,"href":"https:\/\/yeeply.com\/fr\/wp-json\/wp\/v2\/users\/31"}],"replies":[{"embeddable":true,"href":"https:\/\/yeeply.com\/fr\/wp-json\/wp\/v2\/comments?post=19492"}],"version-history":[{"count":7,"href":"https:\/\/yeeply.com\/fr\/wp-json\/wp\/v2\/pages\/19492\/revisions"}],"predecessor-version":[{"id":19499,"href":"https:\/\/yeeply.com\/fr\/wp-json\/wp\/v2\/pages\/19492\/revisions\/19499"}],"wp:attachment":[{"href":"https:\/\/yeeply.com\/fr\/wp-json\/wp\/v2\/media?parent=19492"}],"wp:term":[{"taxonomy":"category","embeddable":true,"href":"https:\/\/yeeply.com\/fr\/wp-json\/wp\/v2\/categories?post=19492"}],"curies":[{"name":"wp","href":"https:\/\/api.w.org\/{rel}","templated":true}]}}