{"id":19484,"date":"2025-04-04T13:31:54","date_gmt":"2025-04-04T11:31:54","guid":{"rendered":"https:\/\/yeeply.com\/fr\/?page_id=19484"},"modified":"2025-04-04T13:42:02","modified_gmt":"2025-04-04T11:42:02","slug":"yolanda-perez","status":"publish","type":"page","link":"https:\/\/yeeply.com\/fr\/yolanda-perez\/","title":{"rendered":"(Autor) Yolanda P\u00e9rez Caballero"},"content":{"rendered":"\t\t<div data-elementor-type=\"wp-page\" data-elementor-id=\"19484\" class=\"elementor elementor-19484\" data-elementor-post-type=\"page\">\n\t\t\t\t<div class=\"elementor-element elementor-element-e556cb0 e-con-full e-flex e-con e-parent\" data-id=\"e556cb0\" data-element_type=\"container\">\n\t\t\t\t<div class=\"elementor-element elementor-element-adf9ac3 elementor-widget elementor-widget-heading\" data-id=\"adf9ac3\" data-element_type=\"widget\" data-widget_type=\"heading.default\">\n\t\t\t\t<div class=\"elementor-widget-container\">\n\t\t\t\t\t<h1 class=\"elementor-heading-title elementor-size-default\">Yolanda P\u00e9rez Caballero<\/h1>\t\t\t\t<\/div>\n\t\t\t\t<\/div>\n\t\t\t\t<div class=\"elementor-element elementor-element-5524fc3 elementor-widget elementor-widget-spacer\" data-id=\"5524fc3\" data-element_type=\"widget\" data-widget_type=\"spacer.default\">\n\t\t\t\t<div class=\"elementor-widget-container\">\n\t\t\t\t\t\t\t<div class=\"elementor-spacer\">\n\t\t\t<div class=\"elementor-spacer-inner\"><\/div>\n\t\t<\/div>\n\t\t\t\t\t\t<\/div>\n\t\t\t\t<\/div>\n\t\t\t\t<\/div>\n\t\t<div class=\"elementor-element elementor-element-55254e3 e-flex e-con-boxed e-con e-parent\" data-id=\"55254e3\" data-element_type=\"container\">\n\t\t\t\t\t<div class=\"e-con-inner\">\n\t\t<div class=\"elementor-element elementor-element-da9d191 e-con-full e-flex e-con e-child\" data-id=\"da9d191\" data-element_type=\"container\">\n\t\t\t\t<div class=\"elementor-element elementor-element-89629c0 elementor-widget elementor-widget-spacer\" data-id=\"89629c0\" data-element_type=\"widget\" data-widget_type=\"spacer.default\">\n\t\t\t\t<div class=\"elementor-widget-container\">\n\t\t\t\t\t\t\t<div class=\"elementor-spacer\">\n\t\t\t<div class=\"elementor-spacer-inner\"><\/div>\n\t\t<\/div>\n\t\t\t\t\t\t<\/div>\n\t\t\t\t<\/div>\n\t\t\t\t<div class=\"elementor-element elementor-element-f8df095 elementor-widget elementor-widget-image\" data-id=\"f8df095\" data-element_type=\"widget\" data-widget_type=\"image.default\">\n\t\t\t\t<div class=\"elementor-widget-container\">\n\t\t\t\t\t\t\t\t\t\t\t\t\t\t\t<img fetchpriority=\"high\" decoding=\"async\" width=\"401\" height=\"430\" src=\"https:\/\/yeeply.com\/fr\/wp-content\/uploads\/2025\/04\/yolanda-perez.png\" class=\"attachment-large size-large wp-image-19487\" alt=\"yolanda perez\" srcset=\"https:\/\/yeeply.com\/fr\/wp-content\/uploads\/2025\/04\/yolanda-perez.png 401w, https:\/\/yeeply.com\/fr\/wp-content\/uploads\/2025\/04\/yolanda-perez-280x300.png 280w\" sizes=\"(max-width: 401px) 100vw, 401px\" \/>\t\t\t\t\t\t\t\t\t\t\t\t\t\t\t<\/div>\n\t\t\t\t<\/div>\n\t\t\t\t<\/div>\n\t\t<div class=\"elementor-element elementor-element-f19a0b0 e-con-full e-flex e-con e-child\" data-id=\"f19a0b0\" data-element_type=\"container\">\n\t\t\t\t<div class=\"elementor-element elementor-element-56e976b elementor-widget elementor-widget-text-editor\" data-id=\"56e976b\" data-element_type=\"widget\" data-widget_type=\"text-editor.default\">\n\t\t\t\t<div class=\"elementor-widget-container\">\n\t\t\t\t\t\t\t\t\t<h2 style=\"font-weight: bold; color: black;\">Responsable Marketing chez Quental et Yeeply<\/h2>\t\t\t\t\t\t\t\t<\/div>\n\t\t\t\t<\/div>\n\t\t\t\t<div class=\"elementor-element elementor-element-c43052c elementor-widget elementor-widget-text-editor\" data-id=\"c43052c\" data-element_type=\"widget\" data-widget_type=\"text-editor.default\">\n\t\t\t\t<div class=\"elementor-widget-container\">\n\t\t\t\t\t\t\t\t\t<p>Yolanda P\u00e9rez est une professionnelle passionn\u00e9e par le marketing digital, la cr\u00e9ation de contenu et la gestion des r\u00e9seaux sociaux. Avec une solide exp\u00e9rience dans le d\u00e9veloppement web via des CMS tels que WordPress ou Prestashop, le SEO et le SEM, elle a d\u00e9di\u00e9 sa carri\u00e8re \u00e0 appliquer la cr\u00e9ativit\u00e9 et l&rsquo;innovation dans tous les projets qu&rsquo;elle dirige.<\/p><p>Actuellement, elle occupe le poste de Responsable Marketing chez Quental et Yeeply, o\u00f9 elle coordonne les \u00e9quipes marketing, supervise la cr\u00e9ation de contenu et g\u00e8re des campagnes publicitaires en ligne.<\/p>\t\t\t\t\t\t\t\t<\/div>\n\t\t\t\t<\/div>\n\t\t\t\t<\/div>\n\t\t\t\t\t<\/div>\n\t\t\t\t<\/div>\n\t\t<div class=\"elementor-element elementor-element-f1dff53 e-flex e-con-boxed e-con e-parent\" data-id=\"f1dff53\" data-element_type=\"container\">\n\t\t\t\t\t<div class=\"e-con-inner\">\n\t\t\t\t<div class=\"elementor-element elementor-element-74ac912 elementor-widget__width-initial elementor-widget elementor-widget-text-editor\" data-id=\"74ac912\" data-element_type=\"widget\" data-widget_type=\"text-editor.default\">\n\t\t\t\t<div class=\"elementor-widget-container\">\n\t\t\t\t\t\t\t\t\t<h2 style=\"font-weight: bold; color: black;\">Exp\u00e9rience professionnelle<\/h2><p><strong style=\"color: black;\">Quental<\/strong><br \/><em>Responsable Marketing<\/em> (Mar 2023 \u2013 Actuel)<br \/>Chez Quental, une entreprise forte de plus de 20 ans d&rsquo;exp\u00e9rience dans les solutions technologiques, Yolanda P\u00e9rez dirige la strat\u00e9gie marketing, g\u00e8re des campagnes sur LinkedIn Ads et Google Ads, cr\u00e9e du contenu pour les r\u00e9seaux sociaux et supervise les \u00e9quipes de conception pour le d\u00e9veloppement de sites web sur WordPress. Elle a \u00e9galement fait cro\u00eetre la communaut\u00e9 LinkedIn de l&rsquo;entreprise \u00e0 plus de 50 000 abonn\u00e9s.<\/p><p><strong style=\"color: black;\">Yeeply<\/strong><br \/><em>Responsable Marketing<\/em> (Jan 2024 \u2013 Actuel)<br \/>Chez Yeeply, une plateforme qui connecte les entreprises avec des soci\u00e9t\u00e9s technologiques sp\u00e9cialis\u00e9es, Yolanda P\u00e9rez coordonne la strat\u00e9gie de communication et marketing, g\u00e8re les fournisseurs SEO, SEM et techniques pour la maintenance du site web. Elle supervise \u00e9galement la cr\u00e9ation de contenu, la gestion du profil LinkedIn (avec plus de 10 000 abonn\u00e9s) et l&rsquo;\u00e9laboration de mat\u00e9riel commercial pour l&rsquo;\u00e9quipe de vente.<\/p><p><strong style=\"color: black;\">Hocquet Club Deportivo Hockey Luis Maria Usoz<\/strong><br \/><em>Sp\u00e9cialiste en Branding et Marketing Visuel<\/em> (Ao\u00fbt 2023 \u2013 Mar 2024)<br \/>Chez Hocquet, un projet sportif et social, Yolanda P\u00e9rez \u00e9tait responsable de la refonte de l&rsquo;image de marque du club, de la cr\u00e9ation de supports promotionnels et de l&rsquo;envoi de newsletters via Mailchimp. Elle g\u00e9rait \u00e9galement les publications LinkedIn et apportait des modifications au site web en utilisant WordPress.<\/p><p><strong style=\"color: black;\">SOLUTE<\/strong><br \/><em>Sp\u00e9cialiste en Marketing<\/em> (Oct 2021 \u2013 Mar 2023)<br \/>Chez SOLUTE, une entreprise sp\u00e9cialis\u00e9e dans l&rsquo;ing\u00e9nierie pour le secteur de l&rsquo;\u00e9nergie \u00e9olienne, Yolanda a \u00e9labor\u00e9 des campagnes marketing pour des produits de R&amp;D, g\u00e9r\u00e9 le SEO\/SEM des sites web et d\u00e9velopp\u00e9 des strat\u00e9gies de communication interne. Elle a \u00e9galement organis\u00e9 des \u00e9v\u00e9nements et g\u00e9r\u00e9 des bases de donn\u00e9es clients avec Hubspot.<\/p><p><strong style=\"color: black;\">VYMP Soluciones Digitales<\/strong><br \/><em>Sp\u00e9cialiste en Marketing<\/em> (Sept 2018 \u2013 Mar 2020)<br \/>En tant que consultante digitale, Yolanda P\u00e9rez a travaill\u00e9 avec des PME dans le d\u00e9veloppement de sites web sur WordPress et Prestashop, a cr\u00e9\u00e9 des campagnes Google Ads, et g\u00e9r\u00e9 des profils sur les r\u00e9seaux sociaux. Elle a \u00e9galement suivi les r\u00e9sultats avec des outils tels que Google Analytics et collabor\u00e9 avec des influenceurs pour des campagnes marketing.<\/p><h2 style=\"font-weight: bold; color: black;\">Formation acad\u00e9mique<\/h2><p><strong style=\"color: black;\">Universit\u00e9 Complutense de Madrid<\/strong><br \/><em>Master en Marketing Digital, Social Media et Community Manager, Marketing.<\/em><\/p><p><strong style=\"color: black;\">Universit\u00e9 d&rsquo;Alcal\u00e1<\/strong><br \/><em>Administration et gestion des entreprises, Administration g\u00e9n\u00e9rale.<\/em><\/p><h2 style=\"font-weight: bold; color: black;\">R\u00e9seaux sociaux<\/h2><p>Vous pouvez contacter Yolanda P\u00e9rez via les plateformes suivantes:<\/p><p>LinkedIn: https:\/\/www.linkedin.com\/in\/yolandaperezcaballero\/<\/p>\t\t\t\t\t\t\t\t<\/div>\n\t\t\t\t<\/div>\n\t\t<div class=\"elementor-element elementor-element-ff7114f e-con-full e-flex e-con e-child\" data-id=\"ff7114f\" data-element_type=\"container\">\n\t\t\t\t<\/div>\n\t\t\t\t<div class=\"elementor-element elementor-element-66f02dd elementor-widget elementor-widget-spacer\" data-id=\"66f02dd\" data-element_type=\"widget\" data-widget_type=\"spacer.default\">\n\t\t\t\t<div class=\"elementor-widget-container\">\n\t\t\t\t\t\t\t<div class=\"elementor-spacer\">\n\t\t\t<div class=\"elementor-spacer-inner\"><\/div>\n\t\t<\/div>\n\t\t\t\t\t\t<\/div>\n\t\t\t\t<\/div>\n\t\t\t\t\t<\/div>\n\t\t\t\t<\/div>\n\t\t\t\t<\/div>\n\t\t","protected":false},"excerpt":{"rendered":"<p>Yolanda P\u00e9rez Caballero Responsable Marketing chez Quental et Yeeply Yolanda P\u00e9rez est une professionnelle passionn\u00e9e par le marketing digital, la cr\u00e9ation de contenu et la &#8230;<\/p>\n","protected":false},"author":31,"featured_media":0,"parent":0,"menu_order":0,"comment_status":"closed","ping_status":"closed","template":"","meta":{"inline_featured_image":false,"_uag_custom_page_level_css":"","footnotes":""},"categories":[],"class_list":["post-19484","page","type-page","status-publish","hentry"],"yoast_head":"<!-- This site is optimized with the Yoast SEO plugin v27.4 - https:\/\/yoast.com\/product\/yoast-seo-wordpress\/ -->\n<title>Yolanda P\u00e9rez Caballero - Yeeply<\/title>\n<meta name=\"description\" content=\"D\u00e9couvrez Yolanda P\u00e9rez Caballero, Directrice Marketing chez Quental et Yeeply, experte en marketing digital, SEO, SEM, et gestion de contenu.\" \/>\n<meta name=\"robots\" content=\"index, follow, max-snippet:-1, max-image-preview:large, max-video-preview:-1\" \/>\n<link rel=\"canonical\" href=\"https:\/\/yeeply.com\/fr\/yolanda-perez\/\" \/>\n<meta property=\"og:locale\" content=\"fr_FR\" \/>\n<meta property=\"og:type\" content=\"article\" \/>\n<meta property=\"og:title\" content=\"Yolanda P\u00e9rez Caballero - Yeeply\" \/>\n<meta property=\"og:description\" content=\"D\u00e9couvrez Yolanda P\u00e9rez Caballero, Directrice Marketing chez Quental et Yeeply, experte en marketing digital, SEO, SEM, et gestion de contenu.\" \/>\n<meta property=\"og:url\" content=\"https:\/\/yeeply.com\/fr\/yolanda-perez\/\" \/>\n<meta property=\"og:site_name\" content=\"Yeeply\" \/>\n<meta property=\"article:publisher\" content=\"https:\/\/www.facebook.com\/YeeplyMobile\/\" \/>\n<meta property=\"article:modified_time\" content=\"2025-04-04T11:42:02+00:00\" \/>\n<meta property=\"og:image\" content=\"https:\/\/yeeply.com\/fr\/wp-content\/uploads\/2025\/04\/yolanda-perez.png\" \/>\n\t<meta property=\"og:image:width\" content=\"401\" \/>\n\t<meta property=\"og:image:height\" content=\"430\" \/>\n\t<meta property=\"og:image:type\" content=\"image\/png\" \/>\n<meta name=\"twitter:card\" content=\"summary_large_image\" \/>\n<meta name=\"twitter:site\" content=\"@Yeeply_EN\" \/>\n<meta name=\"twitter:label1\" content=\"Dur\u00e9e de lecture estim\u00e9e\" \/>\n\t<meta name=\"twitter:data1\" content=\"3 minutes\" \/>\n<script type=\"application\/ld+json\" class=\"yoast-schema-graph\">{\"@context\":\"https:\\\/\\\/schema.org\",\"@graph\":[{\"@type\":\"WebPage\",\"@id\":\"https:\\\/\\\/yeeply.com\\\/fr\\\/yolanda-perez\\\/\",\"url\":\"https:\\\/\\\/yeeply.com\\\/fr\\\/yolanda-perez\\\/\",\"name\":\"Yolanda P\u00e9rez Caballero - Yeeply\",\"isPartOf\":{\"@id\":\"https:\\\/\\\/yeeply.com\\\/fr\\\/#website\"},\"primaryImageOfPage\":{\"@id\":\"https:\\\/\\\/yeeply.com\\\/fr\\\/yolanda-perez\\\/#primaryimage\"},\"image\":{\"@id\":\"https:\\\/\\\/yeeply.com\\\/fr\\\/yolanda-perez\\\/#primaryimage\"},\"thumbnailUrl\":\"https:\\\/\\\/yeeply.com\\\/fr\\\/wp-content\\\/uploads\\\/2025\\\/04\\\/yolanda-perez.png\",\"datePublished\":\"2025-04-04T11:31:54+00:00\",\"dateModified\":\"2025-04-04T11:42:02+00:00\",\"description\":\"D\u00e9couvrez Yolanda P\u00e9rez Caballero, Directrice Marketing chez Quental et Yeeply, experte en marketing digital, SEO, SEM, et gestion de contenu.\",\"breadcrumb\":{\"@id\":\"https:\\\/\\\/yeeply.com\\\/fr\\\/yolanda-perez\\\/#breadcrumb\"},\"inLanguage\":\"fr-FR\",\"potentialAction\":[{\"@type\":\"ReadAction\",\"target\":[\"https:\\\/\\\/yeeply.com\\\/fr\\\/yolanda-perez\\\/\"]}]},{\"@type\":\"ImageObject\",\"inLanguage\":\"fr-FR\",\"@id\":\"https:\\\/\\\/yeeply.com\\\/fr\\\/yolanda-perez\\\/#primaryimage\",\"url\":\"https:\\\/\\\/yeeply.com\\\/fr\\\/wp-content\\\/uploads\\\/2025\\\/04\\\/yolanda-perez.png\",\"contentUrl\":\"https:\\\/\\\/yeeply.com\\\/fr\\\/wp-content\\\/uploads\\\/2025\\\/04\\\/yolanda-perez.png\",\"width\":401,\"height\":430,\"caption\":\"yolanda perez\"},{\"@type\":\"BreadcrumbList\",\"@id\":\"https:\\\/\\\/yeeply.com\\\/fr\\\/yolanda-perez\\\/#breadcrumb\",\"itemListElement\":[{\"@type\":\"ListItem\",\"position\":1,\"name\":\"Home\",\"item\":\"https:\\\/\\\/yeeply.com\\\/fr\\\/\"},{\"@type\":\"ListItem\",\"position\":2,\"name\":\"(Autor) Yolanda P\u00e9rez Caballero\"}]},{\"@type\":\"WebSite\",\"@id\":\"https:\\\/\\\/yeeply.com\\\/fr\\\/#website\",\"url\":\"https:\\\/\\\/yeeply.com\\\/fr\\\/\",\"name\":\"Yeeply\",\"description\":\"A platform for the development of digital projects\",\"publisher\":{\"@id\":\"https:\\\/\\\/yeeply.com\\\/fr\\\/#organization\"},\"potentialAction\":[{\"@type\":\"SearchAction\",\"target\":{\"@type\":\"EntryPoint\",\"urlTemplate\":\"https:\\\/\\\/yeeply.com\\\/fr\\\/?s={search_term_string}\"},\"query-input\":{\"@type\":\"PropertyValueSpecification\",\"valueRequired\":true,\"valueName\":\"search_term_string\"}}],\"inLanguage\":\"fr-FR\"},{\"@type\":\"Organization\",\"@id\":\"https:\\\/\\\/yeeply.com\\\/fr\\\/#organization\",\"name\":\"Yeeply\",\"url\":\"https:\\\/\\\/yeeply.com\\\/fr\\\/\",\"logo\":{\"@type\":\"ImageObject\",\"inLanguage\":\"fr-FR\",\"@id\":\"https:\\\/\\\/yeeply.com\\\/fr\\\/#\\\/schema\\\/logo\\\/image\\\/\",\"url\":\"https:\\\/\\\/yeeply.com\\\/fr\\\/wp-content\\\/uploads\\\/2019\\\/05\\\/logo_yeeply_black@2x.png\",\"contentUrl\":\"https:\\\/\\\/yeeply.com\\\/fr\\\/wp-content\\\/uploads\\\/2019\\\/05\\\/logo_yeeply_black@2x.png\",\"width\":360,\"height\":120,\"caption\":\"Yeeply\"},\"image\":{\"@id\":\"https:\\\/\\\/yeeply.com\\\/fr\\\/#\\\/schema\\\/logo\\\/image\\\/\"},\"sameAs\":[\"https:\\\/\\\/www.facebook.com\\\/YeeplyMobile\\\/\",\"https:\\\/\\\/x.com\\\/Yeeply_EN\",\"https:\\\/\\\/www.linkedin.com\\\/company\\\/yeeply\"]}]}<\/script>\n<!-- \/ Yoast SEO plugin. -->","yoast_head_json":{"title":"Yolanda P\u00e9rez Caballero - Yeeply","description":"D\u00e9couvrez Yolanda P\u00e9rez Caballero, Directrice Marketing chez Quental et Yeeply, experte en marketing digital, SEO, SEM, et gestion de contenu.","robots":{"index":"index","follow":"follow","max-snippet":"max-snippet:-1","max-image-preview":"max-image-preview:large","max-video-preview":"max-video-preview:-1"},"canonical":"https:\/\/yeeply.com\/fr\/yolanda-perez\/","og_locale":"fr_FR","og_type":"article","og_title":"Yolanda P\u00e9rez Caballero - Yeeply","og_description":"D\u00e9couvrez Yolanda P\u00e9rez Caballero, Directrice Marketing chez Quental et Yeeply, experte en marketing digital, SEO, SEM, et gestion de contenu.","og_url":"https:\/\/yeeply.com\/fr\/yolanda-perez\/","og_site_name":"Yeeply","article_publisher":"https:\/\/www.facebook.com\/YeeplyMobile\/","article_modified_time":"2025-04-04T11:42:02+00:00","og_image":[{"width":401,"height":430,"url":"https:\/\/yeeply.com\/fr\/wp-content\/uploads\/2025\/04\/yolanda-perez.png","type":"image\/png"}],"twitter_card":"summary_large_image","twitter_site":"@Yeeply_EN","twitter_misc":{"Dur\u00e9e de lecture estim\u00e9e":"3 minutes"},"schema":{"@context":"https:\/\/schema.org","@graph":[{"@type":"WebPage","@id":"https:\/\/yeeply.com\/fr\/yolanda-perez\/","url":"https:\/\/yeeply.com\/fr\/yolanda-perez\/","name":"Yolanda P\u00e9rez Caballero - Yeeply","isPartOf":{"@id":"https:\/\/yeeply.com\/fr\/#website"},"primaryImageOfPage":{"@id":"https:\/\/yeeply.com\/fr\/yolanda-perez\/#primaryimage"},"image":{"@id":"https:\/\/yeeply.com\/fr\/yolanda-perez\/#primaryimage"},"thumbnailUrl":"https:\/\/yeeply.com\/fr\/wp-content\/uploads\/2025\/04\/yolanda-perez.png","datePublished":"2025-04-04T11:31:54+00:00","dateModified":"2025-04-04T11:42:02+00:00","description":"D\u00e9couvrez Yolanda P\u00e9rez Caballero, Directrice Marketing chez Quental et Yeeply, experte en marketing digital, SEO, SEM, et gestion de contenu.","breadcrumb":{"@id":"https:\/\/yeeply.com\/fr\/yolanda-perez\/#breadcrumb"},"inLanguage":"fr-FR","potentialAction":[{"@type":"ReadAction","target":["https:\/\/yeeply.com\/fr\/yolanda-perez\/"]}]},{"@type":"ImageObject","inLanguage":"fr-FR","@id":"https:\/\/yeeply.com\/fr\/yolanda-perez\/#primaryimage","url":"https:\/\/yeeply.com\/fr\/wp-content\/uploads\/2025\/04\/yolanda-perez.png","contentUrl":"https:\/\/yeeply.com\/fr\/wp-content\/uploads\/2025\/04\/yolanda-perez.png","width":401,"height":430,"caption":"yolanda perez"},{"@type":"BreadcrumbList","@id":"https:\/\/yeeply.com\/fr\/yolanda-perez\/#breadcrumb","itemListElement":[{"@type":"ListItem","position":1,"name":"Home","item":"https:\/\/yeeply.com\/fr\/"},{"@type":"ListItem","position":2,"name":"(Autor) Yolanda P\u00e9rez Caballero"}]},{"@type":"WebSite","@id":"https:\/\/yeeply.com\/fr\/#website","url":"https:\/\/yeeply.com\/fr\/","name":"Yeeply","description":"A platform for the development of digital projects","publisher":{"@id":"https:\/\/yeeply.com\/fr\/#organization"},"potentialAction":[{"@type":"SearchAction","target":{"@type":"EntryPoint","urlTemplate":"https:\/\/yeeply.com\/fr\/?s={search_term_string}"},"query-input":{"@type":"PropertyValueSpecification","valueRequired":true,"valueName":"search_term_string"}}],"inLanguage":"fr-FR"},{"@type":"Organization","@id":"https:\/\/yeeply.com\/fr\/#organization","name":"Yeeply","url":"https:\/\/yeeply.com\/fr\/","logo":{"@type":"ImageObject","inLanguage":"fr-FR","@id":"https:\/\/yeeply.com\/fr\/#\/schema\/logo\/image\/","url":"https:\/\/yeeply.com\/fr\/wp-content\/uploads\/2019\/05\/logo_yeeply_black@2x.png","contentUrl":"https:\/\/yeeply.com\/fr\/wp-content\/uploads\/2019\/05\/logo_yeeply_black@2x.png","width":360,"height":120,"caption":"Yeeply"},"image":{"@id":"https:\/\/yeeply.com\/fr\/#\/schema\/logo\/image\/"},"sameAs":["https:\/\/www.facebook.com\/YeeplyMobile\/","https:\/\/x.com\/Yeeply_EN","https:\/\/www.linkedin.com\/company\/yeeply"]}]}},"uagb_featured_image_src":{"full":false,"thumbnail":false,"medium":false,"medium_large":false,"large":false,"1536x1536":false,"2048x2048":false,"gform-image-choice-sm":false,"gform-image-choice-md":false,"gform-image-choice-lg":false},"uagb_author_info":{"display_name":"SIDN","author_link":"https:\/\/yeeply.com\/fr\/author\/sidn\/"},"uagb_comment_info":0,"uagb_excerpt":"Yolanda P\u00e9rez Caballero Responsable Marketing chez Quental et Yeeply Yolanda P\u00e9rez est une professionnelle passionn\u00e9e par le marketing digital, la cr\u00e9ation de contenu et la ...","_links":{"self":[{"href":"https:\/\/yeeply.com\/fr\/wp-json\/wp\/v2\/pages\/19484","targetHints":{"allow":["GET"]}}],"collection":[{"href":"https:\/\/yeeply.com\/fr\/wp-json\/wp\/v2\/pages"}],"about":[{"href":"https:\/\/yeeply.com\/fr\/wp-json\/wp\/v2\/types\/page"}],"author":[{"embeddable":true,"href":"https:\/\/yeeply.com\/fr\/wp-json\/wp\/v2\/users\/31"}],"replies":[{"embeddable":true,"href":"https:\/\/yeeply.com\/fr\/wp-json\/wp\/v2\/comments?post=19484"}],"version-history":[{"count":6,"href":"https:\/\/yeeply.com\/fr\/wp-json\/wp\/v2\/pages\/19484\/revisions"}],"predecessor-version":[{"id":19491,"href":"https:\/\/yeeply.com\/fr\/wp-json\/wp\/v2\/pages\/19484\/revisions\/19491"}],"wp:attachment":[{"href":"https:\/\/yeeply.com\/fr\/wp-json\/wp\/v2\/media?parent=19484"}],"wp:term":[{"taxonomy":"category","embeddable":true,"href":"https:\/\/yeeply.com\/fr\/wp-json\/wp\/v2\/categories?post=19484"}],"curies":[{"name":"wp","href":"https:\/\/api.w.org\/{rel}","templated":true}]}}