{"id":19468,"date":"2025-04-04T13:22:13","date_gmt":"2025-04-04T11:22:13","guid":{"rendered":"https:\/\/yeeply.com\/fr\/?page_id=19468"},"modified":"2025-04-04T13:22:41","modified_gmt":"2025-04-04T11:22:41","slug":"alvaro-montes","status":"publish","type":"page","link":"https:\/\/yeeply.com\/fr\/alvaro-montes\/","title":{"rendered":"(Autor) \u00c1lvaro Montes Serrador"},"content":{"rendered":"\t\t<div data-elementor-type=\"wp-page\" data-elementor-id=\"19468\" class=\"elementor elementor-19468\" data-elementor-post-type=\"page\">\n\t\t\t\t<div class=\"elementor-element elementor-element-6466f9a e-con-full e-flex e-con e-parent\" data-id=\"6466f9a\" data-element_type=\"container\">\n\t\t\t\t<div class=\"elementor-element elementor-element-4cc7b34 elementor-widget elementor-widget-heading\" data-id=\"4cc7b34\" data-element_type=\"widget\" data-widget_type=\"heading.default\">\n\t\t\t\t<div class=\"elementor-widget-container\">\n\t\t\t\t\t<h1 class=\"elementor-heading-title elementor-size-default\">\u00c1lvaro Montes Serrador<\/h1>\t\t\t\t<\/div>\n\t\t\t\t<\/div>\n\t\t\t\t<div class=\"elementor-element elementor-element-c19fa3d elementor-widget elementor-widget-spacer\" data-id=\"c19fa3d\" data-element_type=\"widget\" data-widget_type=\"spacer.default\">\n\t\t\t\t<div class=\"elementor-widget-container\">\n\t\t\t\t\t\t\t<div class=\"elementor-spacer\">\n\t\t\t<div class=\"elementor-spacer-inner\"><\/div>\n\t\t<\/div>\n\t\t\t\t\t\t<\/div>\n\t\t\t\t<\/div>\n\t\t\t\t<\/div>\n\t\t<div class=\"elementor-element elementor-element-6f0f597 e-flex e-con-boxed e-con e-child\" data-id=\"6f0f597\" data-element_type=\"container\">\n\t\t\t\t\t<div class=\"e-con-inner\">\n\t\t<div class=\"elementor-element elementor-element-a37f3e6 e-con-full e-flex e-con e-child\" data-id=\"a37f3e6\" data-element_type=\"container\">\n\t\t\t\t<div class=\"elementor-element elementor-element-5382ad3 elementor-widget elementor-widget-spacer\" data-id=\"5382ad3\" data-element_type=\"widget\" data-widget_type=\"spacer.default\">\n\t\t\t\t<div class=\"elementor-widget-container\">\n\t\t\t\t\t\t\t<div class=\"elementor-spacer\">\n\t\t\t<div class=\"elementor-spacer-inner\"><\/div>\n\t\t<\/div>\n\t\t\t\t\t\t<\/div>\n\t\t\t\t<\/div>\n\t\t\t\t<div class=\"elementor-element elementor-element-1f66c1d elementor-widget elementor-widget-image\" data-id=\"1f66c1d\" data-element_type=\"widget\" data-widget_type=\"image.default\">\n\t\t\t\t<div class=\"elementor-widget-container\">\n\t\t\t\t\t\t\t\t\t\t\t\t\t\t\t<img fetchpriority=\"high\" decoding=\"async\" width=\"401\" height=\"398\" src=\"https:\/\/yeeply.com\/fr\/wp-content\/uploads\/2025\/04\/alvaro-montes.png\" class=\"attachment-large size-large wp-image-19477\" alt=\"alvaro montes\" srcset=\"https:\/\/yeeply.com\/fr\/wp-content\/uploads\/2025\/04\/alvaro-montes.png 401w, https:\/\/yeeply.com\/fr\/wp-content\/uploads\/2025\/04\/alvaro-montes-300x298.png 300w, https:\/\/yeeply.com\/fr\/wp-content\/uploads\/2025\/04\/alvaro-montes-150x150.png 150w\" sizes=\"(max-width: 401px) 100vw, 401px\" \/>\t\t\t\t\t\t\t\t\t\t\t\t\t\t\t<\/div>\n\t\t\t\t<\/div>\n\t\t\t\t<\/div>\n\t\t<div class=\"elementor-element elementor-element-395bf32 e-con-full e-flex e-con e-child\" data-id=\"395bf32\" data-element_type=\"container\">\n\t\t\t\t<div class=\"elementor-element elementor-element-0196655 elementor-widget elementor-widget-text-editor\" data-id=\"0196655\" data-element_type=\"widget\" data-widget_type=\"text-editor.default\">\n\t\t\t\t<div class=\"elementor-widget-container\">\n\t\t\t\t\t\t\t\t\t<h2 style=\"font-weight: bold; color: black;\">Directeur des affaires chez Quental<\/h2>\t\t\t\t\t\t\t\t<\/div>\n\t\t\t\t<\/div>\n\t\t\t\t<div class=\"elementor-element elementor-element-50af00d elementor-widget elementor-widget-text-editor\" data-id=\"50af00d\" data-element_type=\"widget\" data-widget_type=\"text-editor.default\">\n\t\t\t\t<div class=\"elementor-widget-container\">\n\t\t\t\t\t\t\t\t\t<p>\u00c1lvaro Montes Serrador est un professionnel dans le domaine de l&rsquo;informatique et de l&rsquo;ing\u00e9nierie des syst\u00e8mes, avec une solide carri\u00e8re dans la gestion des affaires et des relations dans le secteur technologique.<\/p><p>Actuellement, il occupe le poste de Directeur des affaires chez Quental, o\u00f9 son objectif est de g\u00e9rer et d\u00e9velopper des projets innovants qui contribuent \u00e0 la croissance et \u00e0 la consolidation de l&rsquo;entreprise.<\/p>\t\t\t\t\t\t\t\t<\/div>\n\t\t\t\t<\/div>\n\t\t\t\t<\/div>\n\t\t\t\t\t<\/div>\n\t\t\t\t<\/div>\n\t\t<div class=\"elementor-element elementor-element-c5c1c2e e-flex e-con-boxed e-con e-parent\" data-id=\"c5c1c2e\" data-element_type=\"container\">\n\t\t\t\t\t<div class=\"e-con-inner\">\n\t\t\t\t<div class=\"elementor-element elementor-element-9cc3425 elementor-widget__width-initial elementor-widget elementor-widget-text-editor\" data-id=\"9cc3425\" data-element_type=\"widget\" data-widget_type=\"text-editor.default\">\n\t\t\t\t<div class=\"elementor-widget-container\">\n\t\t\t\t\t\t\t\t\t<h2 style=\"font-weight: bold; color: black;\">Exp\u00e9rience professionnelle<\/h2><p><strong style=\"color: black;\">Quental<\/strong><br \/><em>Directeur de l&rsquo;unit\u00e9 des affaires<\/em> (Avr. 2021 \u2013 Pr\u00e9sent)<br \/>\u00c1lvaro dirige la gestion du portefeuille client et la supervision des \u00e9quipes au sein de Quental, une entreprise sp\u00e9cialis\u00e9e dans la technologie et l&rsquo;innovation. Son r\u00f4le inclut la gestion des pr\u00e9visions \u00e9conomiques, des co\u00fbts, des offres et des appels d&rsquo;offres publics, ainsi que la direction du d\u00e9veloppement de projets technologiques et la recherche de nouvelles opportunit\u00e9s commerciales et d&rsquo;alliances.<\/p><p><strong style=\"color: black;\">Lemur in the Box<\/strong><br \/><em>PDG \/ Directeur de l&rsquo;expansion \/ Cofondateur<\/em> (Juin 2013 \u2013 Avr. 2021)<br \/>\u00c1lvaro a \u00e9t\u00e9 l&rsquo;un des cofondateurs de Lemur in the Box, un cabinet de conseil et de d\u00e9veloppement de solutions logicielles IT. Sous sa direction, l\u2019\u00e9quipe s\u2019est sp\u00e9cialis\u00e9e dans des solutions multiplateformes et des technologies innovantes telles que Middleware, R\u00e9alit\u00e9 Virtuelle, Gamification et bien plus encore. L\u2019entreprise a travaill\u00e9 dans des secteurs tels que la sant\u00e9, la banque, l&rsquo;\u00e9nergie, la logistique et l&rsquo;\u00e9ducation, entre autres.<\/p><p><strong style=\"color: black;\">1A Ingenieros<\/strong><br \/><em>Directeur IT \u2013 Associ\u00e9<\/em> (Mars 2006 \u2013 Oct. 2011)<br \/>Il a dirig\u00e9 la mise en \u0153uvre de solutions technologiques chez 1A Ingenieros, se sp\u00e9cialisant dans ERP SAP R3, les solutions logicielles libres et l&rsquo;optimisation des processus de production via les TIC. Il a \u00e9galement g\u00e9r\u00e9 la communication, le marketing et la publicit\u00e9 de l&rsquo;entreprise.<\/p><p><strong style=\"color: black;\">LEVEL Multimedia<\/strong><br \/><em>Directeur du d\u00e9partement SAT<\/em> (Janv. 2005 \u2013 Mars 2006)<br \/>Il \u00e9tait responsable de l&rsquo;acquisition de nouveaux clients, du maintien du portefeuille existant, et de l&rsquo;organisation des processus de r\u00e9solution d&rsquo;incidents, ainsi que de la gestion des \u00e9quipes de support technique \u00ab in-situ \u00bb.<\/p><p><strong style=\"color: black;\">Bankoi<\/strong><br \/><em>Ing\u00e9nieur syst\u00e8mes<\/em> (Juin 2003 \u2013 D\u00e9c. 2004)<br \/>Il \u00e9tait responsable de l&rsquo;exploitation des serveurs \u00e0 haute disponibilit\u00e9, de la gestion du trafic et du contr\u00f4le de la s\u00e9curit\u00e9 chez Bankoi, assurant une infrastructure technologique ad\u00e9quate pour le bon fonctionnement des services.<\/p><p><strong style=\"color: black;\">4Gamers<\/strong><br \/><em>Fondateur &amp; Responsable des syst\u00e8mes informatiques<\/em> (F\u00e9v. 2002 \u2013 Oct. 2003)<br \/>Il a fond\u00e9 4Gamers, une entreprise d\u00e9di\u00e9e \u00e0 l\u2019exp\u00e9rience de jeux vid\u00e9o en ligne. Il \u00e9tait en charge de la cr\u00e9ation du produit, de l\u2019acquisition de clients, du contr\u00f4le des revenus et des co\u00fbts, ainsi que du d\u00e9veloppement technique des serveurs et des r\u00e9seaux.<\/p><h2 style=\"font-weight: bold; color: black;\">Formation acad\u00e9mique<\/h2><p><strong>Universit\u00e9 de Valladolid<\/strong><br \/><em>Technicien sup\u00e9rieur en syst\u00e8mes informatiques, ing\u00e9nierie informatique<\/em><\/p><h2 style=\"font-weight: bold; color: black;\">R\u00e9seaux sociaux<\/h2><p>Vous pouvez contacter \u00c1lvaro Montes Serrador via les plateformes suivantes :<br \/>LinkedIn : https:\/\/www.linkedin.com\/in\/alvaro-montes-serrador-55a3891b\/<\/p><h2 style=\"font-weight: bold; color: black;\">Apparitions dans la presse<\/h2><p>Voici quelques apparitions d&rsquo;\u00c1lvaro dans les m\u00e9dias :<br \/>https:\/\/www.expansion.com\/ejecutivo-administrador\/alvaro-montes-serrador_2372968_C39.html<\/p>\t\t\t\t\t\t\t\t<\/div>\n\t\t\t\t<\/div>\n\t\t<div class=\"elementor-element elementor-element-88235fa e-con-full e-flex e-con e-child\" data-id=\"88235fa\" data-element_type=\"container\">\n\t\t\t\t<\/div>\n\t\t\t\t<div class=\"elementor-element elementor-element-4d9316b elementor-widget elementor-widget-spacer\" data-id=\"4d9316b\" data-element_type=\"widget\" data-widget_type=\"spacer.default\">\n\t\t\t\t<div class=\"elementor-widget-container\">\n\t\t\t\t\t\t\t<div class=\"elementor-spacer\">\n\t\t\t<div class=\"elementor-spacer-inner\"><\/div>\n\t\t<\/div>\n\t\t\t\t\t\t<\/div>\n\t\t\t\t<\/div>\n\t\t\t\t\t<\/div>\n\t\t\t\t<\/div>\n\t\t\t\t<\/div>\n\t\t","protected":false},"excerpt":{"rendered":"<p>\u00c1lvaro Montes Serrador Directeur des affaires chez Quental \u00c1lvaro Montes Serrador est un professionnel dans le domaine de l&rsquo;informatique et de l&rsquo;ing\u00e9nierie des syst\u00e8mes, avec &#8230;<\/p>\n","protected":false},"author":31,"featured_media":0,"parent":0,"menu_order":0,"comment_status":"closed","ping_status":"closed","template":"","meta":{"inline_featured_image":false,"_uag_custom_page_level_css":"","footnotes":""},"categories":[],"class_list":["post-19468","page","type-page","status-publish","hentry"],"yoast_head":"<!-- This site is optimized with the Yoast SEO plugin v27.4 - https:\/\/yoast.com\/product\/yoast-seo-wordpress\/ -->\n<title>\u00c1lvaro Montes Serrador - Yeeply<\/title>\n<meta name=\"description\" content=\"Explorez le parcours professionnel d&#039;Alvaro Montes Serrador, directeur des affaires chez Quental, expert en gestion de projets et innovation technologique.\" \/>\n<meta name=\"robots\" content=\"index, follow, max-snippet:-1, max-image-preview:large, max-video-preview:-1\" \/>\n<link rel=\"canonical\" href=\"https:\/\/yeeply.com\/fr\/alvaro-montes\/\" \/>\n<meta property=\"og:locale\" content=\"fr_FR\" \/>\n<meta property=\"og:type\" content=\"article\" \/>\n<meta property=\"og:title\" content=\"\u00c1lvaro Montes Serrador - Yeeply\" \/>\n<meta property=\"og:description\" content=\"Explorez le parcours professionnel d&#039;Alvaro Montes Serrador, directeur des affaires chez Quental, expert en gestion de projets et innovation technologique.\" \/>\n<meta property=\"og:url\" content=\"https:\/\/yeeply.com\/fr\/alvaro-montes\/\" \/>\n<meta property=\"og:site_name\" content=\"Yeeply\" \/>\n<meta property=\"article:publisher\" content=\"https:\/\/www.facebook.com\/YeeplyMobile\/\" \/>\n<meta property=\"article:modified_time\" content=\"2025-04-04T11:22:41+00:00\" \/>\n<meta property=\"og:image\" content=\"https:\/\/yeeply.com\/fr\/wp-content\/uploads\/2025\/04\/alvaro-montes.png\" \/>\n\t<meta property=\"og:image:width\" content=\"401\" \/>\n\t<meta property=\"og:image:height\" content=\"398\" \/>\n\t<meta property=\"og:image:type\" content=\"image\/png\" \/>\n<meta name=\"twitter:card\" content=\"summary_large_image\" \/>\n<meta name=\"twitter:site\" content=\"@Yeeply_EN\" \/>\n<meta name=\"twitter:label1\" content=\"Dur\u00e9e de lecture estim\u00e9e\" \/>\n\t<meta name=\"twitter:data1\" content=\"3 minutes\" \/>\n<script type=\"application\/ld+json\" class=\"yoast-schema-graph\">{\"@context\":\"https:\\\/\\\/schema.org\",\"@graph\":[{\"@type\":\"WebPage\",\"@id\":\"https:\\\/\\\/yeeply.com\\\/fr\\\/alvaro-montes\\\/\",\"url\":\"https:\\\/\\\/yeeply.com\\\/fr\\\/alvaro-montes\\\/\",\"name\":\"\u00c1lvaro Montes Serrador - Yeeply\",\"isPartOf\":{\"@id\":\"https:\\\/\\\/yeeply.com\\\/fr\\\/#website\"},\"primaryImageOfPage\":{\"@id\":\"https:\\\/\\\/yeeply.com\\\/fr\\\/alvaro-montes\\\/#primaryimage\"},\"image\":{\"@id\":\"https:\\\/\\\/yeeply.com\\\/fr\\\/alvaro-montes\\\/#primaryimage\"},\"thumbnailUrl\":\"https:\\\/\\\/yeeply.com\\\/fr\\\/wp-content\\\/uploads\\\/2025\\\/04\\\/alvaro-montes.png\",\"datePublished\":\"2025-04-04T11:22:13+00:00\",\"dateModified\":\"2025-04-04T11:22:41+00:00\",\"description\":\"Explorez le parcours professionnel d'Alvaro Montes Serrador, directeur des affaires chez Quental, expert en gestion de projets et innovation technologique.\",\"breadcrumb\":{\"@id\":\"https:\\\/\\\/yeeply.com\\\/fr\\\/alvaro-montes\\\/#breadcrumb\"},\"inLanguage\":\"fr-FR\",\"potentialAction\":[{\"@type\":\"ReadAction\",\"target\":[\"https:\\\/\\\/yeeply.com\\\/fr\\\/alvaro-montes\\\/\"]}]},{\"@type\":\"ImageObject\",\"inLanguage\":\"fr-FR\",\"@id\":\"https:\\\/\\\/yeeply.com\\\/fr\\\/alvaro-montes\\\/#primaryimage\",\"url\":\"https:\\\/\\\/yeeply.com\\\/fr\\\/wp-content\\\/uploads\\\/2025\\\/04\\\/alvaro-montes.png\",\"contentUrl\":\"https:\\\/\\\/yeeply.com\\\/fr\\\/wp-content\\\/uploads\\\/2025\\\/04\\\/alvaro-montes.png\",\"width\":401,\"height\":398,\"caption\":\"alvaro montes\"},{\"@type\":\"BreadcrumbList\",\"@id\":\"https:\\\/\\\/yeeply.com\\\/fr\\\/alvaro-montes\\\/#breadcrumb\",\"itemListElement\":[{\"@type\":\"ListItem\",\"position\":1,\"name\":\"Home\",\"item\":\"https:\\\/\\\/yeeply.com\\\/fr\\\/\"},{\"@type\":\"ListItem\",\"position\":2,\"name\":\"(Autor) \u00c1lvaro Montes Serrador\"}]},{\"@type\":\"WebSite\",\"@id\":\"https:\\\/\\\/yeeply.com\\\/fr\\\/#website\",\"url\":\"https:\\\/\\\/yeeply.com\\\/fr\\\/\",\"name\":\"Yeeply\",\"description\":\"A platform for the development of digital projects\",\"publisher\":{\"@id\":\"https:\\\/\\\/yeeply.com\\\/fr\\\/#organization\"},\"potentialAction\":[{\"@type\":\"SearchAction\",\"target\":{\"@type\":\"EntryPoint\",\"urlTemplate\":\"https:\\\/\\\/yeeply.com\\\/fr\\\/?s={search_term_string}\"},\"query-input\":{\"@type\":\"PropertyValueSpecification\",\"valueRequired\":true,\"valueName\":\"search_term_string\"}}],\"inLanguage\":\"fr-FR\"},{\"@type\":\"Organization\",\"@id\":\"https:\\\/\\\/yeeply.com\\\/fr\\\/#organization\",\"name\":\"Yeeply\",\"url\":\"https:\\\/\\\/yeeply.com\\\/fr\\\/\",\"logo\":{\"@type\":\"ImageObject\",\"inLanguage\":\"fr-FR\",\"@id\":\"https:\\\/\\\/yeeply.com\\\/fr\\\/#\\\/schema\\\/logo\\\/image\\\/\",\"url\":\"https:\\\/\\\/yeeply.com\\\/fr\\\/wp-content\\\/uploads\\\/2019\\\/05\\\/logo_yeeply_black@2x.png\",\"contentUrl\":\"https:\\\/\\\/yeeply.com\\\/fr\\\/wp-content\\\/uploads\\\/2019\\\/05\\\/logo_yeeply_black@2x.png\",\"width\":360,\"height\":120,\"caption\":\"Yeeply\"},\"image\":{\"@id\":\"https:\\\/\\\/yeeply.com\\\/fr\\\/#\\\/schema\\\/logo\\\/image\\\/\"},\"sameAs\":[\"https:\\\/\\\/www.facebook.com\\\/YeeplyMobile\\\/\",\"https:\\\/\\\/x.com\\\/Yeeply_EN\",\"https:\\\/\\\/www.linkedin.com\\\/company\\\/yeeply\"]}]}<\/script>\n<!-- \/ Yoast SEO plugin. -->","yoast_head_json":{"title":"\u00c1lvaro Montes Serrador - Yeeply","description":"Explorez le parcours professionnel d'Alvaro Montes Serrador, directeur des affaires chez Quental, expert en gestion de projets et innovation technologique.","robots":{"index":"index","follow":"follow","max-snippet":"max-snippet:-1","max-image-preview":"max-image-preview:large","max-video-preview":"max-video-preview:-1"},"canonical":"https:\/\/yeeply.com\/fr\/alvaro-montes\/","og_locale":"fr_FR","og_type":"article","og_title":"\u00c1lvaro Montes Serrador - Yeeply","og_description":"Explorez le parcours professionnel d'Alvaro Montes Serrador, directeur des affaires chez Quental, expert en gestion de projets et innovation technologique.","og_url":"https:\/\/yeeply.com\/fr\/alvaro-montes\/","og_site_name":"Yeeply","article_publisher":"https:\/\/www.facebook.com\/YeeplyMobile\/","article_modified_time":"2025-04-04T11:22:41+00:00","og_image":[{"width":401,"height":398,"url":"https:\/\/yeeply.com\/fr\/wp-content\/uploads\/2025\/04\/alvaro-montes.png","type":"image\/png"}],"twitter_card":"summary_large_image","twitter_site":"@Yeeply_EN","twitter_misc":{"Dur\u00e9e de lecture estim\u00e9e":"3 minutes"},"schema":{"@context":"https:\/\/schema.org","@graph":[{"@type":"WebPage","@id":"https:\/\/yeeply.com\/fr\/alvaro-montes\/","url":"https:\/\/yeeply.com\/fr\/alvaro-montes\/","name":"\u00c1lvaro Montes Serrador - Yeeply","isPartOf":{"@id":"https:\/\/yeeply.com\/fr\/#website"},"primaryImageOfPage":{"@id":"https:\/\/yeeply.com\/fr\/alvaro-montes\/#primaryimage"},"image":{"@id":"https:\/\/yeeply.com\/fr\/alvaro-montes\/#primaryimage"},"thumbnailUrl":"https:\/\/yeeply.com\/fr\/wp-content\/uploads\/2025\/04\/alvaro-montes.png","datePublished":"2025-04-04T11:22:13+00:00","dateModified":"2025-04-04T11:22:41+00:00","description":"Explorez le parcours professionnel d'Alvaro Montes Serrador, directeur des affaires chez Quental, expert en gestion de projets et innovation technologique.","breadcrumb":{"@id":"https:\/\/yeeply.com\/fr\/alvaro-montes\/#breadcrumb"},"inLanguage":"fr-FR","potentialAction":[{"@type":"ReadAction","target":["https:\/\/yeeply.com\/fr\/alvaro-montes\/"]}]},{"@type":"ImageObject","inLanguage":"fr-FR","@id":"https:\/\/yeeply.com\/fr\/alvaro-montes\/#primaryimage","url":"https:\/\/yeeply.com\/fr\/wp-content\/uploads\/2025\/04\/alvaro-montes.png","contentUrl":"https:\/\/yeeply.com\/fr\/wp-content\/uploads\/2025\/04\/alvaro-montes.png","width":401,"height":398,"caption":"alvaro montes"},{"@type":"BreadcrumbList","@id":"https:\/\/yeeply.com\/fr\/alvaro-montes\/#breadcrumb","itemListElement":[{"@type":"ListItem","position":1,"name":"Home","item":"https:\/\/yeeply.com\/fr\/"},{"@type":"ListItem","position":2,"name":"(Autor) \u00c1lvaro Montes Serrador"}]},{"@type":"WebSite","@id":"https:\/\/yeeply.com\/fr\/#website","url":"https:\/\/yeeply.com\/fr\/","name":"Yeeply","description":"A platform for the development of digital projects","publisher":{"@id":"https:\/\/yeeply.com\/fr\/#organization"},"potentialAction":[{"@type":"SearchAction","target":{"@type":"EntryPoint","urlTemplate":"https:\/\/yeeply.com\/fr\/?s={search_term_string}"},"query-input":{"@type":"PropertyValueSpecification","valueRequired":true,"valueName":"search_term_string"}}],"inLanguage":"fr-FR"},{"@type":"Organization","@id":"https:\/\/yeeply.com\/fr\/#organization","name":"Yeeply","url":"https:\/\/yeeply.com\/fr\/","logo":{"@type":"ImageObject","inLanguage":"fr-FR","@id":"https:\/\/yeeply.com\/fr\/#\/schema\/logo\/image\/","url":"https:\/\/yeeply.com\/fr\/wp-content\/uploads\/2019\/05\/logo_yeeply_black@2x.png","contentUrl":"https:\/\/yeeply.com\/fr\/wp-content\/uploads\/2019\/05\/logo_yeeply_black@2x.png","width":360,"height":120,"caption":"Yeeply"},"image":{"@id":"https:\/\/yeeply.com\/fr\/#\/schema\/logo\/image\/"},"sameAs":["https:\/\/www.facebook.com\/YeeplyMobile\/","https:\/\/x.com\/Yeeply_EN","https:\/\/www.linkedin.com\/company\/yeeply"]}]}},"uagb_featured_image_src":{"full":false,"thumbnail":false,"medium":false,"medium_large":false,"large":false,"1536x1536":false,"2048x2048":false,"gform-image-choice-sm":false,"gform-image-choice-md":false,"gform-image-choice-lg":false},"uagb_author_info":{"display_name":"SIDN","author_link":"https:\/\/yeeply.com\/fr\/author\/sidn\/"},"uagb_comment_info":0,"uagb_excerpt":"\u00c1lvaro Montes Serrador Directeur des affaires chez Quental \u00c1lvaro Montes Serrador est un professionnel dans le domaine de l&rsquo;informatique et de l&rsquo;ing\u00e9nierie des syst\u00e8mes, avec ...","_links":{"self":[{"href":"https:\/\/yeeply.com\/fr\/wp-json\/wp\/v2\/pages\/19468","targetHints":{"allow":["GET"]}}],"collection":[{"href":"https:\/\/yeeply.com\/fr\/wp-json\/wp\/v2\/pages"}],"about":[{"href":"https:\/\/yeeply.com\/fr\/wp-json\/wp\/v2\/types\/page"}],"author":[{"embeddable":true,"href":"https:\/\/yeeply.com\/fr\/wp-json\/wp\/v2\/users\/31"}],"replies":[{"embeddable":true,"href":"https:\/\/yeeply.com\/fr\/wp-json\/wp\/v2\/comments?post=19468"}],"version-history":[{"count":5,"href":"https:\/\/yeeply.com\/fr\/wp-json\/wp\/v2\/pages\/19468\/revisions"}],"predecessor-version":[{"id":19482,"href":"https:\/\/yeeply.com\/fr\/wp-json\/wp\/v2\/pages\/19468\/revisions\/19482"}],"wp:attachment":[{"href":"https:\/\/yeeply.com\/fr\/wp-json\/wp\/v2\/media?parent=19468"}],"wp:term":[{"taxonomy":"category","embeddable":true,"href":"https:\/\/yeeply.com\/fr\/wp-json\/wp\/v2\/categories?post=19468"}],"curies":[{"name":"wp","href":"https:\/\/api.w.org\/{rel}","templated":true}]}}