{"id":19461,"date":"2025-04-04T12:06:44","date_gmt":"2025-04-04T10:06:44","guid":{"rendered":"https:\/\/yeeply.com\/fr\/?page_id=19461"},"modified":"2025-04-04T12:26:54","modified_gmt":"2025-04-04T10:26:54","slug":"laura-diego","status":"publish","type":"page","link":"https:\/\/yeeply.com\/fr\/laura-diego\/","title":{"rendered":"(Autor) Laura Diego Sanz"},"content":{"rendered":"\t\t<div data-elementor-type=\"wp-page\" data-elementor-id=\"19461\" class=\"elementor elementor-19461\" data-elementor-post-type=\"page\">\n\t\t\t\t<div class=\"elementor-element elementor-element-6d816f0 e-flex e-con-boxed e-con e-parent\" data-id=\"6d816f0\" data-element_type=\"container\">\n\t\t\t\t\t<div class=\"e-con-inner\">\n\t\t\t\t<div class=\"elementor-element elementor-element-a4ea974 elementor-widget elementor-widget-heading\" data-id=\"a4ea974\" data-element_type=\"widget\" data-widget_type=\"heading.default\">\n\t\t\t\t<div class=\"elementor-widget-container\">\n\t\t\t\t\t<h1 class=\"elementor-heading-title elementor-size-default\">Laura Diego Sanz<\/h1>\t\t\t\t<\/div>\n\t\t\t\t<\/div>\n\t\t\t\t<div class=\"elementor-element elementor-element-b0f755f elementor-widget elementor-widget-spacer\" data-id=\"b0f755f\" data-element_type=\"widget\" data-widget_type=\"spacer.default\">\n\t\t\t\t<div class=\"elementor-widget-container\">\n\t\t\t\t\t\t\t<div class=\"elementor-spacer\">\n\t\t\t<div class=\"elementor-spacer-inner\"><\/div>\n\t\t<\/div>\n\t\t\t\t\t\t<\/div>\n\t\t\t\t<\/div>\n\t\t<div class=\"elementor-element elementor-element-b6de9d1 e-con-full e-flex e-con e-child\" data-id=\"b6de9d1\" data-element_type=\"container\">\n\t\t<div class=\"elementor-element elementor-element-fdeccf0 e-con-full e-flex e-con e-child\" data-id=\"fdeccf0\" data-element_type=\"container\">\n\t\t\t\t<div class=\"elementor-element elementor-element-19330aa elementor-widget elementor-widget-spacer\" data-id=\"19330aa\" data-element_type=\"widget\" data-widget_type=\"spacer.default\">\n\t\t\t\t<div class=\"elementor-widget-container\">\n\t\t\t\t\t\t\t<div class=\"elementor-spacer\">\n\t\t\t<div class=\"elementor-spacer-inner\"><\/div>\n\t\t<\/div>\n\t\t\t\t\t\t<\/div>\n\t\t\t\t<\/div>\n\t\t\t\t<div class=\"elementor-element elementor-element-f460f02 elementor-widget elementor-widget-image\" data-id=\"f460f02\" data-element_type=\"widget\" data-widget_type=\"image.default\">\n\t\t\t\t<div class=\"elementor-widget-container\">\n\t\t\t\t\t\t\t\t\t\t\t\t\t\t\t<img fetchpriority=\"high\" decoding=\"async\" width=\"640\" height=\"640\" src=\"https:\/\/yeeply.com\/fr\/wp-content\/uploads\/2025\/04\/laura-diego-sanz.jpg\" class=\"attachment-large size-large wp-image-19463\" alt=\"laura diego sanz\" srcset=\"https:\/\/yeeply.com\/fr\/wp-content\/uploads\/2025\/04\/laura-diego-sanz.jpg 760w, https:\/\/yeeply.com\/fr\/wp-content\/uploads\/2025\/04\/laura-diego-sanz-300x300.jpg 300w, https:\/\/yeeply.com\/fr\/wp-content\/uploads\/2025\/04\/laura-diego-sanz-150x150.jpg 150w\" sizes=\"(max-width: 640px) 100vw, 640px\" \/>\t\t\t\t\t\t\t\t\t\t\t\t\t\t\t<\/div>\n\t\t\t\t<\/div>\n\t\t\t\t<\/div>\n\t\t<div class=\"elementor-element elementor-element-e36012a e-con-full e-flex e-con e-child\" data-id=\"e36012a\" data-element_type=\"container\">\n\t\t\t\t<div class=\"elementor-element elementor-element-4020101 elementor-widget elementor-widget-text-editor\" data-id=\"4020101\" data-element_type=\"widget\" data-widget_type=\"text-editor.default\">\n\t\t\t\t<div class=\"elementor-widget-container\">\n\t\t\t\t\t\t\t\t\t<h2 style=\"font-weight: bold; color: black;\">Directrice des op\u00e9rations chez Yeeply<\/h2>\t\t\t\t\t\t\t\t<\/div>\n\t\t\t\t<\/div>\n\t\t\t\t<div class=\"elementor-element elementor-element-a3d9360 elementor-widget elementor-widget-text-editor\" data-id=\"a3d9360\" data-element_type=\"widget\" data-widget_type=\"text-editor.default\">\n\t\t\t\t<div class=\"elementor-widget-container\">\n\t\t\t\t\t\t\t\t\t<p>Laura Diego Sanz est une professionnelle exp\u00e9riment\u00e9e dans la gestion de projets technologiques et le d\u00e9veloppement d&rsquo;entreprises num\u00e9riques.<\/p><p>Son principal objectif est d&rsquo;aider les entrepreneurs et les entreprises \u00e0 concr\u00e9tiser leurs projets num\u00e9riques gr\u00e2ce \u00e0 des solutions technologiques de pointe, en s&rsquo;assurant que les projets sont r\u00e9alis\u00e9s avec les meilleurs professionnels disponibles.<\/p><p>Elle occupe actuellement le poste de Directrice des op\u00e9rations chez Yeeply, une plateforme qui connecte les entreprises avec des experts en d\u00e9veloppement technologique.<\/p>\t\t\t\t\t\t\t\t<\/div>\n\t\t\t\t<\/div>\n\t\t\t\t<\/div>\n\t\t\t\t<\/div>\n\t\t\t\t\t<\/div>\n\t\t\t\t<\/div>\n\t\t<div class=\"elementor-element elementor-element-1543f8d e-flex e-con-boxed e-con e-parent\" data-id=\"1543f8d\" data-element_type=\"container\">\n\t\t\t\t\t<div class=\"e-con-inner\">\n\t\t\t\t<div class=\"elementor-element elementor-element-1be2fb8 elementor-widget elementor-widget-text-editor\" data-id=\"1be2fb8\" data-element_type=\"widget\" data-widget_type=\"text-editor.default\">\n\t\t\t\t<div class=\"elementor-widget-container\">\n\t\t\t\t\t\t\t\t\t<h2 style=\"font-weight: bold; color: black;\">Exp\u00e9rience professionnelle<\/h2><p><strong style=\"color: black;\">Yeeply<\/strong><br \/><em>Directrice des op\u00e9rations<\/em> (Janv. 2025 \u2013 Pr\u00e9sent)<br \/>Laura dirige les op\u00e9rations de Yeeply, aidant les entrepreneurs et les entreprises \u00e0 concr\u00e9tiser leurs projets num\u00e9riques. Elle g\u00e8re des \u00e9quipes de professionnels certifi\u00e9s et propose des services de d\u00e9veloppement technologique de haute qualit\u00e9. Yeeply a g\u00e9r\u00e9 plus de 1500 projets, se distinguant par sa confiance, sa s\u00e9curit\u00e9, sa rapidit\u00e9 et sa qualit\u00e9.<\/p><p><strong style=\"color: black;\">Yeeply<\/strong><br \/><em>D\u00e9veloppement commercial<\/em> (Janv. 2022 \u2013 D\u00e9c. 2024)<br \/>Elle a d\u00e9velopp\u00e9 l&rsquo;activit\u00e9 en France et en Espagne, positionnant Yeeply comme une plateforme cl\u00e9 pour le d\u00e9veloppement de projets num\u00e9riques, connectant les entreprises aux meilleurs professionnels.<\/p><p><strong style=\"color: black;\">C\u00e1mara Certifica<\/strong><br \/><em>Directrice de l&rsquo;administration<\/em> (Juin 2017 \u2013 Juil. 2021)<br \/>Elle a supervis\u00e9 la gestion, la comptabilit\u00e9, les ressources humaines et les syst\u00e8mes d&rsquo;information chez C\u00e1mara Certifica. Responsable de l&rsquo;optimisation des processus de certification et membre du comit\u00e9 de direction, elle a d\u00e9velopp\u00e9 des strat\u00e9gies pour am\u00e9liorer la rentabilit\u00e9 et la num\u00e9risation des processus.<\/p><p><strong style=\"color: black;\">C\u00e1mara de Comercio, Industria y Servicios de Madrid<\/strong><br \/><em>Directrice du marketing et de la communication<\/em> (Juil. 2016 \u2013 Juin 2017)<br \/>Elle a \u00e9labor\u00e9 des strat\u00e9gies de marketing en ligne et hors ligne pour diverses initiatives, g\u00e9r\u00e9 les r\u00e9seaux sociaux et collabor\u00e9 avec les m\u00e9dias. Elle faisait \u00e9galement partie du comit\u00e9 de direction et de la European MCCI Digital Task Force.<\/p><p><strong style=\"color: black;\">C\u00e1mara de Comercio, Industria y Servicios de Madrid<\/strong><br \/><em>Chef du marketing strat\u00e9gique<\/em> (Mai 2015 \u2013 Juil. 2016)<br \/>Elle a d\u00e9fini la strat\u00e9gie marketing pour la transformation num\u00e9rique de la Chambre, am\u00e9liorant le service client et la qualit\u00e9 du service gr\u00e2ce \u00e0 l&rsquo;utilisation du CRM et \u00e0 la refonte du site web.<\/p><p><strong style=\"color: black;\">C\u00e1mara de Comercio, Industria y Servicios de Madrid<\/strong><br \/><em>Sous-directrice de l&rsquo;innovation et de la comp\u00e9titivit\u00e9<\/em> (Nov. 2008 \u2013 Mai 2015)<br \/>Elle a dirig\u00e9 des projets d&rsquo;innovation technologique et la cr\u00e9ation de services d&rsquo;innovation et de transfert de technologie. Elle \u00e9tait responsable d&rsquo;une \u00e9quipe de 39 personnes et a collabor\u00e9 avec la Communaut\u00e9 de Madrid et le CDTI.<\/p><p><strong style=\"color: black;\">C\u00e1mara de Comercio e Industria de Madrid<\/strong><br \/><em>Coordinatrice des programmes d&rsquo;innovation et de l&rsquo;environnement<\/em> (F\u00e9v. 2002 \u2013 Nov. 2008)<br \/>Gestion des subventions R&amp;D+i europ\u00e9ennes, nationales et locales.<br \/>Responsable de la gestion du Centre de diffusion technologique.<br \/>Supervision du secteur de l&rsquo;environnement et secr\u00e9taire de la commission industrielle.<\/p><p><strong style=\"color: black;\">C\u00e1mara de Comercio e Industria de Madrid<\/strong><br \/><em>Conseill\u00e8re des relations internationales<\/em> (Mars 1998 \u2013 F\u00e9v. 2002)<br \/>Responsable des techniciens du commerce ext\u00e9rieur.<br \/>Responsable du Club des Grandes Chambres Europ\u00e9ennes.<\/p><p><strong><em style=\"color: black;\">Chambre de Commerce et d&rsquo;Industrie de Paris (CCIP)<\/em><\/strong><br \/><em>Conseill\u00e8re commerciale<\/em> (Janv. 1997 \u2013 D\u00e9c. 1997)<br \/>Conseil aux entreprises internationales.<\/p><h2 style=\"font-weight: bold; color: black;\">Formation acad\u00e9mique<\/h2><p><strong style=\"color: black;\">IE Business School<\/strong><br \/><em>Master en E-Business<\/em> (2001 \u2013 2002)<\/p><p><strong style=\"color: black;\">KEDGE Business School<\/strong><br \/><em>Programme europ\u00e9en d&rsquo;affaires<\/em> (1992 \u2013 1996)<br \/>Gestion et administration des entreprises europ\u00e9ennes (France, Espagne)<\/p><p><strong style=\"color: black;\">Lyc\u00e9e Fran\u00e7ais de Madrid<\/strong><br \/><em>Baccalaur\u00e9at<\/em> (1978 \u2013 1992)<br \/>Mention AB<\/p><h2 style=\"font-weight: bold; color: black;\">R\u00e9seaux sociaux<\/h2><p>Vous pouvez contacter Laura Diego Sanz via les plateformes suivantes:<br \/>LinkedIn: https:\/\/es.linkedin.com\/in\/laura-diego-sanz-marketing-analisis-de-datos-apps-moviles-ecommerce<\/p>\t\t\t\t\t\t\t\t<\/div>\n\t\t\t\t<\/div>\n\t\t<div class=\"elementor-element elementor-element-5d9b88a e-con-full e-flex e-con e-child\" data-id=\"5d9b88a\" data-element_type=\"container\">\n\t\t\t\t<div class=\"elementor-element elementor-element-13bfa00 elementor-widget elementor-widget-spacer\" data-id=\"13bfa00\" data-element_type=\"widget\" data-widget_type=\"spacer.default\">\n\t\t\t\t<div class=\"elementor-widget-container\">\n\t\t\t\t\t\t\t<div class=\"elementor-spacer\">\n\t\t\t<div class=\"elementor-spacer-inner\"><\/div>\n\t\t<\/div>\n\t\t\t\t\t\t<\/div>\n\t\t\t\t<\/div>\n\t\t\t\t<\/div>\n\t\t\t\t\t<\/div>\n\t\t\t\t<\/div>\n\t\t\t\t<\/div>\n\t\t","protected":false},"excerpt":{"rendered":"<p>Laura Diego Sanz Directrice des op\u00e9rations chez Yeeply Laura Diego Sanz est une professionnelle exp\u00e9riment\u00e9e dans la gestion de projets technologiques et le d\u00e9veloppement d&rsquo;entreprises &#8230;<\/p>\n","protected":false},"author":31,"featured_media":0,"parent":0,"menu_order":0,"comment_status":"closed","ping_status":"closed","template":"","meta":{"inline_featured_image":false,"_uag_custom_page_level_css":"","footnotes":""},"categories":[],"class_list":["post-19461","page","type-page","status-publish","hentry"],"yoast_head":"<!-- This site is optimized with the Yoast SEO plugin v27.4 - https:\/\/yoast.com\/product\/yoast-seo-wordpress\/ -->\n<title>Laura Diego Sanz - Yeeply<\/title>\n<meta name=\"description\" content=\"D\u00e9couvrez le parcours de Laura Diego Sanz, Directrice des op\u00e9rations chez Yeeply, experte en gestion de projets num\u00e9riques et d\u00e9veloppement d&#039;affaires.\" \/>\n<meta name=\"robots\" content=\"index, follow, max-snippet:-1, max-image-preview:large, max-video-preview:-1\" \/>\n<link rel=\"canonical\" href=\"https:\/\/yeeply.com\/fr\/laura-diego\/\" \/>\n<meta property=\"og:locale\" content=\"fr_FR\" \/>\n<meta property=\"og:type\" content=\"article\" \/>\n<meta property=\"og:title\" content=\"Laura Diego Sanz - Yeeply\" \/>\n<meta property=\"og:description\" content=\"D\u00e9couvrez le parcours de Laura Diego Sanz, Directrice des op\u00e9rations chez Yeeply, experte en gestion de projets num\u00e9riques et d\u00e9veloppement d&#039;affaires.\" \/>\n<meta property=\"og:url\" content=\"https:\/\/yeeply.com\/fr\/laura-diego\/\" \/>\n<meta property=\"og:site_name\" content=\"Yeeply\" \/>\n<meta property=\"article:publisher\" content=\"https:\/\/www.facebook.com\/YeeplyMobile\/\" \/>\n<meta property=\"article:modified_time\" content=\"2025-04-04T10:26:54+00:00\" \/>\n<meta property=\"og:image\" content=\"https:\/\/yeeply.com\/fr\/wp-content\/uploads\/2025\/04\/laura-diego-sanz.jpg\" \/>\n\t<meta property=\"og:image:width\" content=\"760\" \/>\n\t<meta property=\"og:image:height\" content=\"760\" \/>\n\t<meta property=\"og:image:type\" content=\"image\/jpeg\" \/>\n<meta name=\"twitter:card\" content=\"summary_large_image\" \/>\n<meta name=\"twitter:site\" content=\"@Yeeply_EN\" \/>\n<meta name=\"twitter:label1\" content=\"Dur\u00e9e de lecture estim\u00e9e\" \/>\n\t<meta name=\"twitter:data1\" content=\"3 minutes\" \/>\n<script type=\"application\/ld+json\" class=\"yoast-schema-graph\">{\"@context\":\"https:\\\/\\\/schema.org\",\"@graph\":[{\"@type\":\"WebPage\",\"@id\":\"https:\\\/\\\/yeeply.com\\\/fr\\\/laura-diego\\\/\",\"url\":\"https:\\\/\\\/yeeply.com\\\/fr\\\/laura-diego\\\/\",\"name\":\"Laura Diego Sanz - Yeeply\",\"isPartOf\":{\"@id\":\"https:\\\/\\\/yeeply.com\\\/fr\\\/#website\"},\"primaryImageOfPage\":{\"@id\":\"https:\\\/\\\/yeeply.com\\\/fr\\\/laura-diego\\\/#primaryimage\"},\"image\":{\"@id\":\"https:\\\/\\\/yeeply.com\\\/fr\\\/laura-diego\\\/#primaryimage\"},\"thumbnailUrl\":\"https:\\\/\\\/yeeply.com\\\/fr\\\/wp-content\\\/uploads\\\/2025\\\/04\\\/laura-diego-sanz.jpg\",\"datePublished\":\"2025-04-04T10:06:44+00:00\",\"dateModified\":\"2025-04-04T10:26:54+00:00\",\"description\":\"D\u00e9couvrez le parcours de Laura Diego Sanz, Directrice des op\u00e9rations chez Yeeply, experte en gestion de projets num\u00e9riques et d\u00e9veloppement d'affaires.\",\"breadcrumb\":{\"@id\":\"https:\\\/\\\/yeeply.com\\\/fr\\\/laura-diego\\\/#breadcrumb\"},\"inLanguage\":\"fr-FR\",\"potentialAction\":[{\"@type\":\"ReadAction\",\"target\":[\"https:\\\/\\\/yeeply.com\\\/fr\\\/laura-diego\\\/\"]}]},{\"@type\":\"ImageObject\",\"inLanguage\":\"fr-FR\",\"@id\":\"https:\\\/\\\/yeeply.com\\\/fr\\\/laura-diego\\\/#primaryimage\",\"url\":\"https:\\\/\\\/yeeply.com\\\/fr\\\/wp-content\\\/uploads\\\/2025\\\/04\\\/laura-diego-sanz.jpg\",\"contentUrl\":\"https:\\\/\\\/yeeply.com\\\/fr\\\/wp-content\\\/uploads\\\/2025\\\/04\\\/laura-diego-sanz.jpg\",\"width\":760,\"height\":760,\"caption\":\"laura diego sanz\"},{\"@type\":\"BreadcrumbList\",\"@id\":\"https:\\\/\\\/yeeply.com\\\/fr\\\/laura-diego\\\/#breadcrumb\",\"itemListElement\":[{\"@type\":\"ListItem\",\"position\":1,\"name\":\"Home\",\"item\":\"https:\\\/\\\/yeeply.com\\\/fr\\\/\"},{\"@type\":\"ListItem\",\"position\":2,\"name\":\"(Autor) Laura Diego Sanz\"}]},{\"@type\":\"WebSite\",\"@id\":\"https:\\\/\\\/yeeply.com\\\/fr\\\/#website\",\"url\":\"https:\\\/\\\/yeeply.com\\\/fr\\\/\",\"name\":\"Yeeply\",\"description\":\"A platform for the development of digital projects\",\"publisher\":{\"@id\":\"https:\\\/\\\/yeeply.com\\\/fr\\\/#organization\"},\"potentialAction\":[{\"@type\":\"SearchAction\",\"target\":{\"@type\":\"EntryPoint\",\"urlTemplate\":\"https:\\\/\\\/yeeply.com\\\/fr\\\/?s={search_term_string}\"},\"query-input\":{\"@type\":\"PropertyValueSpecification\",\"valueRequired\":true,\"valueName\":\"search_term_string\"}}],\"inLanguage\":\"fr-FR\"},{\"@type\":\"Organization\",\"@id\":\"https:\\\/\\\/yeeply.com\\\/fr\\\/#organization\",\"name\":\"Yeeply\",\"url\":\"https:\\\/\\\/yeeply.com\\\/fr\\\/\",\"logo\":{\"@type\":\"ImageObject\",\"inLanguage\":\"fr-FR\",\"@id\":\"https:\\\/\\\/yeeply.com\\\/fr\\\/#\\\/schema\\\/logo\\\/image\\\/\",\"url\":\"https:\\\/\\\/yeeply.com\\\/fr\\\/wp-content\\\/uploads\\\/2019\\\/05\\\/logo_yeeply_black@2x.png\",\"contentUrl\":\"https:\\\/\\\/yeeply.com\\\/fr\\\/wp-content\\\/uploads\\\/2019\\\/05\\\/logo_yeeply_black@2x.png\",\"width\":360,\"height\":120,\"caption\":\"Yeeply\"},\"image\":{\"@id\":\"https:\\\/\\\/yeeply.com\\\/fr\\\/#\\\/schema\\\/logo\\\/image\\\/\"},\"sameAs\":[\"https:\\\/\\\/www.facebook.com\\\/YeeplyMobile\\\/\",\"https:\\\/\\\/x.com\\\/Yeeply_EN\",\"https:\\\/\\\/www.linkedin.com\\\/company\\\/yeeply\"]}]}<\/script>\n<!-- \/ Yoast SEO plugin. -->","yoast_head_json":{"title":"Laura Diego Sanz - Yeeply","description":"D\u00e9couvrez le parcours de Laura Diego Sanz, Directrice des op\u00e9rations chez Yeeply, experte en gestion de projets num\u00e9riques et d\u00e9veloppement d'affaires.","robots":{"index":"index","follow":"follow","max-snippet":"max-snippet:-1","max-image-preview":"max-image-preview:large","max-video-preview":"max-video-preview:-1"},"canonical":"https:\/\/yeeply.com\/fr\/laura-diego\/","og_locale":"fr_FR","og_type":"article","og_title":"Laura Diego Sanz - Yeeply","og_description":"D\u00e9couvrez le parcours de Laura Diego Sanz, Directrice des op\u00e9rations chez Yeeply, experte en gestion de projets num\u00e9riques et d\u00e9veloppement d'affaires.","og_url":"https:\/\/yeeply.com\/fr\/laura-diego\/","og_site_name":"Yeeply","article_publisher":"https:\/\/www.facebook.com\/YeeplyMobile\/","article_modified_time":"2025-04-04T10:26:54+00:00","og_image":[{"width":760,"height":760,"url":"https:\/\/yeeply.com\/fr\/wp-content\/uploads\/2025\/04\/laura-diego-sanz.jpg","type":"image\/jpeg"}],"twitter_card":"summary_large_image","twitter_site":"@Yeeply_EN","twitter_misc":{"Dur\u00e9e de lecture estim\u00e9e":"3 minutes"},"schema":{"@context":"https:\/\/schema.org","@graph":[{"@type":"WebPage","@id":"https:\/\/yeeply.com\/fr\/laura-diego\/","url":"https:\/\/yeeply.com\/fr\/laura-diego\/","name":"Laura Diego Sanz - Yeeply","isPartOf":{"@id":"https:\/\/yeeply.com\/fr\/#website"},"primaryImageOfPage":{"@id":"https:\/\/yeeply.com\/fr\/laura-diego\/#primaryimage"},"image":{"@id":"https:\/\/yeeply.com\/fr\/laura-diego\/#primaryimage"},"thumbnailUrl":"https:\/\/yeeply.com\/fr\/wp-content\/uploads\/2025\/04\/laura-diego-sanz.jpg","datePublished":"2025-04-04T10:06:44+00:00","dateModified":"2025-04-04T10:26:54+00:00","description":"D\u00e9couvrez le parcours de Laura Diego Sanz, Directrice des op\u00e9rations chez Yeeply, experte en gestion de projets num\u00e9riques et d\u00e9veloppement d'affaires.","breadcrumb":{"@id":"https:\/\/yeeply.com\/fr\/laura-diego\/#breadcrumb"},"inLanguage":"fr-FR","potentialAction":[{"@type":"ReadAction","target":["https:\/\/yeeply.com\/fr\/laura-diego\/"]}]},{"@type":"ImageObject","inLanguage":"fr-FR","@id":"https:\/\/yeeply.com\/fr\/laura-diego\/#primaryimage","url":"https:\/\/yeeply.com\/fr\/wp-content\/uploads\/2025\/04\/laura-diego-sanz.jpg","contentUrl":"https:\/\/yeeply.com\/fr\/wp-content\/uploads\/2025\/04\/laura-diego-sanz.jpg","width":760,"height":760,"caption":"laura diego sanz"},{"@type":"BreadcrumbList","@id":"https:\/\/yeeply.com\/fr\/laura-diego\/#breadcrumb","itemListElement":[{"@type":"ListItem","position":1,"name":"Home","item":"https:\/\/yeeply.com\/fr\/"},{"@type":"ListItem","position":2,"name":"(Autor) Laura Diego Sanz"}]},{"@type":"WebSite","@id":"https:\/\/yeeply.com\/fr\/#website","url":"https:\/\/yeeply.com\/fr\/","name":"Yeeply","description":"A platform for the development of digital projects","publisher":{"@id":"https:\/\/yeeply.com\/fr\/#organization"},"potentialAction":[{"@type":"SearchAction","target":{"@type":"EntryPoint","urlTemplate":"https:\/\/yeeply.com\/fr\/?s={search_term_string}"},"query-input":{"@type":"PropertyValueSpecification","valueRequired":true,"valueName":"search_term_string"}}],"inLanguage":"fr-FR"},{"@type":"Organization","@id":"https:\/\/yeeply.com\/fr\/#organization","name":"Yeeply","url":"https:\/\/yeeply.com\/fr\/","logo":{"@type":"ImageObject","inLanguage":"fr-FR","@id":"https:\/\/yeeply.com\/fr\/#\/schema\/logo\/image\/","url":"https:\/\/yeeply.com\/fr\/wp-content\/uploads\/2019\/05\/logo_yeeply_black@2x.png","contentUrl":"https:\/\/yeeply.com\/fr\/wp-content\/uploads\/2019\/05\/logo_yeeply_black@2x.png","width":360,"height":120,"caption":"Yeeply"},"image":{"@id":"https:\/\/yeeply.com\/fr\/#\/schema\/logo\/image\/"},"sameAs":["https:\/\/www.facebook.com\/YeeplyMobile\/","https:\/\/x.com\/Yeeply_EN","https:\/\/www.linkedin.com\/company\/yeeply"]}]}},"uagb_featured_image_src":{"full":false,"thumbnail":false,"medium":false,"medium_large":false,"large":false,"1536x1536":false,"2048x2048":false,"gform-image-choice-sm":false,"gform-image-choice-md":false,"gform-image-choice-lg":false},"uagb_author_info":{"display_name":"SIDN","author_link":"https:\/\/yeeply.com\/fr\/author\/sidn\/"},"uagb_comment_info":0,"uagb_excerpt":"Laura Diego Sanz Directrice des op\u00e9rations chez Yeeply Laura Diego Sanz est une professionnelle exp\u00e9riment\u00e9e dans la gestion de projets technologiques et le d\u00e9veloppement d&rsquo;entreprises ...","_links":{"self":[{"href":"https:\/\/yeeply.com\/fr\/wp-json\/wp\/v2\/pages\/19461","targetHints":{"allow":["GET"]}}],"collection":[{"href":"https:\/\/yeeply.com\/fr\/wp-json\/wp\/v2\/pages"}],"about":[{"href":"https:\/\/yeeply.com\/fr\/wp-json\/wp\/v2\/types\/page"}],"author":[{"embeddable":true,"href":"https:\/\/yeeply.com\/fr\/wp-json\/wp\/v2\/users\/31"}],"replies":[{"embeddable":true,"href":"https:\/\/yeeply.com\/fr\/wp-json\/wp\/v2\/comments?post=19461"}],"version-history":[{"count":11,"href":"https:\/\/yeeply.com\/fr\/wp-json\/wp\/v2\/pages\/19461\/revisions"}],"predecessor-version":[{"id":19478,"href":"https:\/\/yeeply.com\/fr\/wp-json\/wp\/v2\/pages\/19461\/revisions\/19478"}],"wp:attachment":[{"href":"https:\/\/yeeply.com\/fr\/wp-json\/wp\/v2\/media?parent=19461"}],"wp:term":[{"taxonomy":"category","embeddable":true,"href":"https:\/\/yeeply.com\/fr\/wp-json\/wp\/v2\/categories?post=19461"}],"curies":[{"name":"wp","href":"https:\/\/api.w.org\/{rel}","templated":true}]}}