{"id":13986,"date":"2021-01-27T15:29:11","date_gmt":"2021-01-27T15:29:11","guid":{"rendered":"https:\/\/yeeply.com\/fr\/?page_id=13986"},"modified":"2024-09-02T11:47:09","modified_gmt":"2024-09-02T09:47:09","slug":"telecharger-ebook-design-thinking-startup","status":"publish","type":"page","link":"https:\/\/yeeply.com\/fr\/landing\/telecharger-ebook-design-thinking-startup\/","title":{"rendered":"LP &#8211; Ebook 8 Design Thinking"},"content":{"rendered":"\n<section class=\"wp-block-uagb-section uagb-section__wrap uagb-section__background-undefined uagb-block-cc848f5e lp-template\"><div class=\"uagb-section__overlay\"><\/div><div class=\"uagb-section__inner-wrap\">\n<section class=\"wp-block-uagb-columns uagb-columns__wrap uagb-columns__stack-tablet uagb-columns__valign- uagb-columns__gap-10 alignfull uagb-block-58c6c0c6 uagb-columns__columns-2 uagb-columns__max_width-custom\"><div class=\"uagb-columns__overlay\"><\/div><div class=\"uagb-columns__inner-wrap uagb-columns__columns-2\">\n<div class=\"wp-block-uagb-column uagb-column__wrap uagb-column__background-undefined uagb-column__align-left uagb-block-eecd441f\"><div class=\"uagb-column__overlay\"><\/div>\n<h3 class=\"wp-block-heading\">EBOOK<\/h3>\n\n\n\n<h2 class=\"wp-block-heading\"><strong>Comment int\u00e9grer le Design Thinking dans votre startup<\/strong><\/h2>\n\n\n<style>.kb-gallery-id-13986_0e1f69-e1 .kadence-blocks-gallery-item .kb-gal-image-radius, .kb-gallery-id-13986_0e1f69-e1 .kb-slide-item .kb-gal-image-radius img{border-radius:0px 0px 0px 0px;;}.kb-gallery-wrap-id-13986_0e1f69-e1.wp-block-kadence-advancedgallery{overflow:visible;}.kb-gallery-wrap-id-13986_0e1f69-e1.wp-block-kadence-advancedgallery .kt-blocks-carousel{overflow:visible;}<\/style><div class=\"kb-gallery-wrap-id-13986_0e1f69-e1 alignnone wp-block-kadence-advancedgallery\"><div class=\"kb-gallery-ul kb-gallery-non-static kb-gallery-type-slider kb-gallery-id-13986_0e1f69-e1 kb-gallery-caption-style-bottom-hover kb-gallery-filter-none\" data-image-filter=\"none\" data-lightbox-caption=\"true\"><div class=\"kt-blocks-carousel splide kt-carousel-container-dotstyle-dark kt-carousel-arrowstyle-none kt-carousel-dotstyle-dark kb-slider-group-arrow kb-slider-arrow-position-center\" data-slider-anim-speed=\"400\" data-slider-scroll=\"1\" data-slider-arrows=\"false\" data-slider-fade=\"true\" data-slider-dots=\"true\" data-slider-type=\"slider\" data-slider-hover-pause=\"false\" data-slider-auto=\"1\" data-slider-speed=\"3000\" data-show-pause-button=\"false\"><div class=\"splide__track\"><ul class=\"kt-blocks-carousel-init kb-blocks-slider splide__list\"><li class=\"kb-slide-item kb-gallery-slide-item splide__slide\"><div class=\"kadence-blocks-gallery-item\"><div class=\"kadence-blocks-gallery-item-inner\"><figure class=\"kb-gallery-figure kadence-blocks-gallery-item-hide-caption\"><div class=\"kb-gal-image-radius\"><div class=\"kb-gallery-image-contain kadence-blocks-gallery-intrinsic kb-gallery-image-ratio-inherit kb-has-image-ratio-inherit\" ><img fetchpriority=\"high\" decoding=\"async\" width=\"588\" height=\"788\" src=\"https:\/\/yeeply.com\/fr\/wp-content\/uploads\/2021\/01\/FR-01-LP-Ebook-8-Miniatura@2x.png\"   alt=\"FR - 01 LP - Ebook 8 - Miniatura@2x\" data-full-image=\"https:\/\/yeeply.com\/fr\/wp-content\/uploads\/2021\/01\/FR-01-LP-Ebook-8-Miniatura@2x.png\" data-light-image=\"https:\/\/yeeply.com\/fr\/wp-content\/uploads\/2021\/01\/FR-01-LP-Ebook-8-Miniatura@2x.png\" data-id=\"14171\" class=\"wp-image-14171 skip-lazy\" srcset=\"https:\/\/yeeply.com\/fr\/wp-content\/uploads\/2021\/01\/FR-01-LP-Ebook-8-Miniatura@2x.png 588w, https:\/\/yeeply.com\/fr\/wp-content\/uploads\/2021\/01\/FR-01-LP-Ebook-8-Miniatura@2x-224x300.png 224w\" sizes=\"(max-width: 588px) 100vw, 588px\" \/><\/div><\/div><\/figure><\/div><\/div><\/li><li class=\"kb-slide-item kb-gallery-slide-item splide__slide\"><div class=\"kadence-blocks-gallery-item\"><div class=\"kadence-blocks-gallery-item-inner\"><figure class=\"kb-gallery-figure kadence-blocks-gallery-item-hide-caption\"><div class=\"kb-gal-image-radius\"><div class=\"kb-gallery-image-contain kadence-blocks-gallery-intrinsic kb-gallery-image-ratio-inherit kb-has-image-ratio-inherit\" ><img decoding=\"async\" width=\"588\" height=\"788\" src=\"https:\/\/yeeply.com\/fr\/wp-content\/uploads\/2021\/01\/FR-02-LP-Ebook-8-Miniatura@2x.png\"   alt=\"FR - 02 LP - Ebook 8 - Miniatura@2x\" data-full-image=\"https:\/\/yeeply.com\/fr\/wp-content\/uploads\/2021\/01\/FR-02-LP-Ebook-8-Miniatura@2x.png\" data-light-image=\"https:\/\/yeeply.com\/fr\/wp-content\/uploads\/2021\/01\/FR-02-LP-Ebook-8-Miniatura@2x.png\" data-id=\"14172\" class=\"wp-image-14172 skip-lazy\" srcset=\"https:\/\/yeeply.com\/fr\/wp-content\/uploads\/2021\/01\/FR-02-LP-Ebook-8-Miniatura@2x.png 588w, https:\/\/yeeply.com\/fr\/wp-content\/uploads\/2021\/01\/FR-02-LP-Ebook-8-Miniatura@2x-224x300.png 224w\" sizes=\"(max-width: 588px) 100vw, 588px\" \/><\/div><\/div><\/figure><\/div><\/div><\/li><li class=\"kb-slide-item kb-gallery-slide-item splide__slide\"><div class=\"kadence-blocks-gallery-item\"><div class=\"kadence-blocks-gallery-item-inner\"><figure class=\"kb-gallery-figure kadence-blocks-gallery-item-hide-caption\"><div class=\"kb-gal-image-radius\"><div class=\"kb-gallery-image-contain kadence-blocks-gallery-intrinsic kb-gallery-image-ratio-inherit kb-has-image-ratio-inherit\" ><img decoding=\"async\" width=\"588\" height=\"788\" src=\"https:\/\/yeeply.com\/fr\/wp-content\/uploads\/2021\/01\/FR-03-LP-Ebook-8-Miniatura@2x.png\"   alt=\"FR - 03 LP - Ebook 8 - Miniatura@2x\" data-full-image=\"https:\/\/yeeply.com\/fr\/wp-content\/uploads\/2021\/01\/FR-03-LP-Ebook-8-Miniatura@2x.png\" data-light-image=\"https:\/\/yeeply.com\/fr\/wp-content\/uploads\/2021\/01\/FR-03-LP-Ebook-8-Miniatura@2x.png\" data-id=\"14173\" class=\"wp-image-14173 skip-lazy\" srcset=\"https:\/\/yeeply.com\/fr\/wp-content\/uploads\/2021\/01\/FR-03-LP-Ebook-8-Miniatura@2x.png 588w, https:\/\/yeeply.com\/fr\/wp-content\/uploads\/2021\/01\/FR-03-LP-Ebook-8-Miniatura@2x-224x300.png 224w\" sizes=\"(max-width: 588px) 100vw, 588px\" \/><\/div><\/div><\/figure><\/div><\/div><\/li><li class=\"kb-slide-item kb-gallery-slide-item splide__slide\"><div class=\"kadence-blocks-gallery-item\"><div class=\"kadence-blocks-gallery-item-inner\"><figure class=\"kb-gallery-figure kadence-blocks-gallery-item-hide-caption\"><div class=\"kb-gal-image-radius\"><div class=\"kb-gallery-image-contain kadence-blocks-gallery-intrinsic kb-gallery-image-ratio-inherit kb-has-image-ratio-inherit\" ><img loading=\"lazy\" decoding=\"async\" width=\"588\" height=\"788\" src=\"https:\/\/yeeply.com\/fr\/wp-content\/uploads\/2021\/01\/FR-04-LP-Ebook-8-Miniatura@2x.png\"   alt=\"FR - 04 LP - Ebook 8 - Miniatura@2x\" data-full-image=\"https:\/\/yeeply.com\/fr\/wp-content\/uploads\/2021\/01\/FR-04-LP-Ebook-8-Miniatura@2x.png\" data-light-image=\"https:\/\/yeeply.com\/fr\/wp-content\/uploads\/2021\/01\/FR-04-LP-Ebook-8-Miniatura@2x.png\" data-id=\"14174\" class=\"wp-image-14174 skip-lazy\" srcset=\"https:\/\/yeeply.com\/fr\/wp-content\/uploads\/2021\/01\/FR-04-LP-Ebook-8-Miniatura@2x.png 588w, https:\/\/yeeply.com\/fr\/wp-content\/uploads\/2021\/01\/FR-04-LP-Ebook-8-Miniatura@2x-224x300.png 224w\" sizes=\"(max-width: 588px) 100vw, 588px\" \/><\/div><\/div><\/figure><\/div><\/div><\/li><\/ul><\/div><\/div><\/div><\/div>\n\n\n<h4 class=\"wp-block-heading\">Dans ce guide, vous d\u00e9couvrirez :<\/h4>\n\n\n\n<ul class=\"wp-block-list\">\n<li>Les 5 \u00e9tapes essentielles du processus de Design Thinking.<\/li>\n\n\n\n<li>Un guide \u00e9tape par \u00e9tape pour la mise en \u0153uvre de cette approche.<\/li>\n\n\n\n<li>Une \u00e9tude de cas de la compagnie Fintech Credexia.<\/li>\n\n\n\n<li>Les bienfaits possibles pour votre startup.<\/li>\n<\/ul>\n<\/div>\n\n\n\n<div class=\"wp-block-uagb-column uagb-column__wrap uagb-column__background-color uagb-block-1c10371d\"><div class=\"uagb-column__overlay\"><\/div>\n<h4 class=\"wp-block-heading\">Laissez-nous vos coordonn\u00e9es et nous vous l&rsquo;enverrons !<\/h4>\n\n\n\n<script type=\"text\/javascript\" src=\"https:\/\/mautic.yeeply.com\/form\/generate.js?id=65\"><\/script>\n\n\n\n<p><\/p>\n<\/div>\n<\/div><\/section>\n\n\n\n<section class=\"wp-block-uagb-section uagb-section__wrap uagb-section__background-undefined uagb-block-a37a6011\"><div class=\"uagb-section__overlay\"><\/div><div class=\"uagb-section__inner-wrap\"><style>.wp-block-kadence-spacer.kt-block-spacer-_d531e8-cd .kt-block-spacer{height:130px;}.wp-block-kadence-spacer.kt-block-spacer-_d531e8-cd .kt-divider{border-top-width:1px;height:1px;border-top-color:#eee;width:40%;border-top-style:solid;}<\/style>\n<div class=\"wp-block-kadence-spacer aligncenter kt-block-spacer-_d531e8-cd\"><div class=\"kt-block-spacer kt-block-spacer-halign-center\" style=\"height:130px\"><hr class=\"kt-divider\" style=\"border-top-color:rgba(238, 238, 238, 1);border-top-width:1px;width:40%;border-top-style:solid\"\/><\/div><\/div>\n\n\n\n<p class=\"has-text-align-center\">Partagez ce guide !<\/p>\n\n\n\n<div class=\"wp-block-uagb-social-share uagb-social-share__outer-wrap uagb-social-share__layout-horizontal uagb-block-0f70075e\">\n<div class=\"wp-block-uagb-social-share-child uagb-ss-repeater uagb-ss__wrapper uagb-block-c80ddaa6\"><span class=\"uagb-ss__link\" data-href=\"https:\/\/www.facebook.com\/sharer.php?u=\" tabindex=\"0\" role=\"button\" aria-label=\"facebook\"><span class=\"uagb-ss__source-wrap\"><img loading=\"lazy\" decoding=\"async\" class=\"uagb-ss__source-image\" src=\"https:\/\/www.yeeply.com\/wp-content\/uploads\/2020\/04\/facebook-color.png\" alt=\"facebook-color\" width=\"30\" height=\"30\" loading=\"lazy\"\/><\/span><\/span><\/div>\n\n\n\n<div class=\"wp-block-uagb-social-share-child uagb-ss-repeater uagb-ss__wrapper uagb-block-852c61de\"><span class=\"uagb-ss__link\" data-href=\"https:\/\/twitter.com\/share?url=\" tabindex=\"0\" role=\"button\" aria-label=\"twitter\"><span class=\"uagb-ss__source-wrap\"><img loading=\"lazy\" decoding=\"async\" class=\"uagb-ss__source-image\" src=\"https:\/\/www.yeeply.com\/wp-content\/uploads\/2020\/04\/twitter-color.png\" alt=\"\" width=\"30\" height=\"30\" loading=\"lazy\"\/><\/span><\/span><\/div>\n\n\n\n<div class=\"wp-block-uagb-social-share-child uagb-ss-repeater uagb-ss__wrapper uagb-block-b99b8fcc\"><span class=\"uagb-ss__link\" data-href=\"https:\/\/www.linkedin.com\/shareArticle?url=\" tabindex=\"0\" role=\"button\" aria-label=\"linkedin\"><span class=\"uagb-ss__source-wrap\"><img loading=\"lazy\" decoding=\"async\" class=\"uagb-ss__source-image\" src=\"https:\/\/www.yeeply.com\/wp-content\/uploads\/2020\/04\/linkedin-color.png\" alt=\"\" width=\"30\" height=\"30\" loading=\"lazy\"\/><\/span><\/span><\/div>\n\n\n\n<div class=\"wp-block-uagb-social-share-child uagb-ss-repeater uagb-ss__wrapper uagb-block-a9683fdc\"><span class=\"uagb-ss__link\" data-href=\"mailto:?body=\" tabindex=\"0\" role=\"button\" aria-label=\"email\"><span class=\"uagb-ss__source-wrap\"><img loading=\"lazy\" decoding=\"async\" class=\"uagb-ss__source-image\" src=\"https:\/\/www.yeeply.com\/wp-content\/uploads\/2020\/04\/email-color.png\" alt=\"email-color\" width=\"30\" height=\"30\" loading=\"lazy\"\/><\/span><\/span><\/div>\n<\/div>\n<\/div><\/section>\n\n\n\n<p><\/p>\n<\/div><\/section>\n","protected":false},"excerpt":{"rendered":"","protected":false},"author":2,"featured_media":14178,"parent":11946,"menu_order":0,"comment_status":"closed","ping_status":"closed","template":"","meta":{"inline_featured_image":false,"_uag_custom_page_level_css":"","footnotes":""},"categories":[],"class_list":["post-13986","page","type-page","status-publish","has-post-thumbnail","hentry"],"yoast_head":"<!-- This site is optimized with the Yoast SEO plugin v27.4 - https:\/\/yoast.com\/product\/yoast-seo-wordpress\/ -->\n<title>EBOOK : Comment int\u00e9grer le Design Thinking dans votre startup<\/title>\n<meta name=\"description\" content=\"Comment les startups utilisent le Design thinking pour booster leur succ\u00e8s? Lisez cet eBook pour en savoir plus! T\u00e9l\u00e9charger-le !\" \/>\n<meta name=\"robots\" content=\"noindex, follow\" \/>\n<meta property=\"og:locale\" content=\"fr_FR\" \/>\n<meta property=\"og:type\" content=\"article\" \/>\n<meta property=\"og:title\" content=\"? EBOOK : Comment int\u00e9grer le Design Thinking dans votre startup\" \/>\n<meta property=\"og:description\" content=\"Comment les startups utilisent le Design thinking pour booster leur succ\u00e8s? Lisez cet eBook pour en savoir plus! T\u00e9l\u00e9charger-le !\" \/>\n<meta property=\"og:url\" content=\"https:\/\/yeeply.com\/fr\/landing\/telecharger-ebook-design-thinking-startup\/\" \/>\n<meta property=\"og:site_name\" content=\"Yeeply\" \/>\n<meta property=\"article:publisher\" content=\"https:\/\/www.facebook.com\/YeeplyMobile\/\" \/>\n<meta property=\"article:modified_time\" content=\"2024-09-02T09:47:09+00:00\" \/>\n<meta property=\"og:image\" content=\"https:\/\/yeeply.com\/fr\/wp-content\/uploads\/2021\/01\/FR-E8-Banner-FB-1020x629-1.png\" \/>\n\t<meta property=\"og:image:width\" content=\"1200\" \/>\n\t<meta property=\"og:image:height\" content=\"629\" \/>\n\t<meta property=\"og:image:type\" content=\"image\/png\" \/>\n<meta name=\"twitter:card\" content=\"summary_large_image\" \/>\n<meta name=\"twitter:title\" content=\"? EBOOK : Comment int\u00e9grer le Design Thinking dans votre startup\" \/>\n<meta name=\"twitter:description\" content=\"Comment les startups utilisent le Design thinking pour booster leur succ\u00e8s? Lisez cet eBook pour en savoir plus! T\u00e9l\u00e9charger-le !\" \/>\n<meta name=\"twitter:image\" content=\"https:\/\/yeeply.com\/fr\/wp-content\/uploads\/2021\/01\/FR-E8-Banner-TW-1020x600-1.png\" \/>\n<meta name=\"twitter:site\" content=\"@Yeeply_EN\" \/>\n<meta name=\"twitter:label1\" content=\"Dur\u00e9e de lecture estim\u00e9e\" \/>\n\t<meta name=\"twitter:data1\" content=\"2 minutes\" \/>\n<script type=\"application\/ld+json\" class=\"yoast-schema-graph\">{\"@context\":\"https:\\\/\\\/schema.org\",\"@graph\":[{\"@type\":\"WebPage\",\"@id\":\"https:\\\/\\\/yeeply.com\\\/fr\\\/landing\\\/telecharger-ebook-design-thinking-startup\\\/\",\"url\":\"https:\\\/\\\/yeeply.com\\\/fr\\\/landing\\\/telecharger-ebook-design-thinking-startup\\\/\",\"name\":\"EBOOK : Comment int\u00e9grer le Design Thinking dans votre startup\",\"isPartOf\":{\"@id\":\"https:\\\/\\\/yeeply.com\\\/fr\\\/#website\"},\"primaryImageOfPage\":{\"@id\":\"https:\\\/\\\/yeeply.com\\\/fr\\\/landing\\\/telecharger-ebook-design-thinking-startup\\\/#primaryimage\"},\"image\":{\"@id\":\"https:\\\/\\\/yeeply.com\\\/fr\\\/landing\\\/telecharger-ebook-design-thinking-startup\\\/#primaryimage\"},\"thumbnailUrl\":\"https:\\\/\\\/yeeply.com\\\/fr\\\/wp-content\\\/uploads\\\/2021\\\/01\\\/FR-E8-Banner-TW-1020x600-1.png\",\"datePublished\":\"2021-01-27T15:29:11+00:00\",\"dateModified\":\"2024-09-02T09:47:09+00:00\",\"description\":\"Comment les startups utilisent le Design thinking pour booster leur succ\u00e8s? Lisez cet eBook pour en savoir plus! T\u00e9l\u00e9charger-le !\",\"breadcrumb\":{\"@id\":\"https:\\\/\\\/yeeply.com\\\/fr\\\/landing\\\/telecharger-ebook-design-thinking-startup\\\/#breadcrumb\"},\"inLanguage\":\"fr-FR\",\"potentialAction\":[{\"@type\":\"ReadAction\",\"target\":[\"https:\\\/\\\/yeeply.com\\\/fr\\\/landing\\\/telecharger-ebook-design-thinking-startup\\\/\"]}]},{\"@type\":\"ImageObject\",\"inLanguage\":\"fr-FR\",\"@id\":\"https:\\\/\\\/yeeply.com\\\/fr\\\/landing\\\/telecharger-ebook-design-thinking-startup\\\/#primaryimage\",\"url\":\"https:\\\/\\\/yeeply.com\\\/fr\\\/wp-content\\\/uploads\\\/2021\\\/01\\\/FR-E8-Banner-TW-1020x600-1.png\",\"contentUrl\":\"https:\\\/\\\/yeeply.com\\\/fr\\\/wp-content\\\/uploads\\\/2021\\\/01\\\/FR-E8-Banner-TW-1020x600-1.png\",\"width\":1200,\"height\":600,\"caption\":\"FR E8 - Banner TW - 1020x600\"},{\"@type\":\"BreadcrumbList\",\"@id\":\"https:\\\/\\\/yeeply.com\\\/fr\\\/landing\\\/telecharger-ebook-design-thinking-startup\\\/#breadcrumb\",\"itemListElement\":[{\"@type\":\"ListItem\",\"position\":1,\"name\":\"Home\",\"item\":\"https:\\\/\\\/yeeply.com\\\/fr\\\/\"},{\"@type\":\"ListItem\",\"position\":2,\"name\":\"Landing [NO BORRAR]\",\"item\":\"https:\\\/\\\/yeeply.com\\\/fr\\\/landing\\\/\"},{\"@type\":\"ListItem\",\"position\":3,\"name\":\"LP &#8211; Ebook 8 Design Thinking\"}]},{\"@type\":\"WebSite\",\"@id\":\"https:\\\/\\\/yeeply.com\\\/fr\\\/#website\",\"url\":\"https:\\\/\\\/yeeply.com\\\/fr\\\/\",\"name\":\"Yeeply\",\"description\":\"A platform for the development of digital projects\",\"publisher\":{\"@id\":\"https:\\\/\\\/yeeply.com\\\/fr\\\/#organization\"},\"potentialAction\":[{\"@type\":\"SearchAction\",\"target\":{\"@type\":\"EntryPoint\",\"urlTemplate\":\"https:\\\/\\\/yeeply.com\\\/fr\\\/?s={search_term_string}\"},\"query-input\":{\"@type\":\"PropertyValueSpecification\",\"valueRequired\":true,\"valueName\":\"search_term_string\"}}],\"inLanguage\":\"fr-FR\"},{\"@type\":\"Organization\",\"@id\":\"https:\\\/\\\/yeeply.com\\\/fr\\\/#organization\",\"name\":\"Yeeply\",\"url\":\"https:\\\/\\\/yeeply.com\\\/fr\\\/\",\"logo\":{\"@type\":\"ImageObject\",\"inLanguage\":\"fr-FR\",\"@id\":\"https:\\\/\\\/yeeply.com\\\/fr\\\/#\\\/schema\\\/logo\\\/image\\\/\",\"url\":\"https:\\\/\\\/yeeply.com\\\/fr\\\/wp-content\\\/uploads\\\/2019\\\/05\\\/logo_yeeply_black@2x.png\",\"contentUrl\":\"https:\\\/\\\/yeeply.com\\\/fr\\\/wp-content\\\/uploads\\\/2019\\\/05\\\/logo_yeeply_black@2x.png\",\"width\":360,\"height\":120,\"caption\":\"Yeeply\"},\"image\":{\"@id\":\"https:\\\/\\\/yeeply.com\\\/fr\\\/#\\\/schema\\\/logo\\\/image\\\/\"},\"sameAs\":[\"https:\\\/\\\/www.facebook.com\\\/YeeplyMobile\\\/\",\"https:\\\/\\\/x.com\\\/Yeeply_EN\",\"https:\\\/\\\/www.linkedin.com\\\/company\\\/yeeply\"]}]}<\/script>\n<!-- \/ Yoast SEO plugin. -->","yoast_head_json":{"title":"EBOOK : Comment int\u00e9grer le Design Thinking dans votre startup","description":"Comment les startups utilisent le Design thinking pour booster leur succ\u00e8s? Lisez cet eBook pour en savoir plus! T\u00e9l\u00e9charger-le !","robots":{"index":"noindex","follow":"follow"},"og_locale":"fr_FR","og_type":"article","og_title":"? EBOOK : Comment int\u00e9grer le Design Thinking dans votre startup","og_description":"Comment les startups utilisent le Design thinking pour booster leur succ\u00e8s? Lisez cet eBook pour en savoir plus! T\u00e9l\u00e9charger-le !","og_url":"https:\/\/yeeply.com\/fr\/landing\/telecharger-ebook-design-thinking-startup\/","og_site_name":"Yeeply","article_publisher":"https:\/\/www.facebook.com\/YeeplyMobile\/","article_modified_time":"2024-09-02T09:47:09+00:00","og_image":[{"width":1200,"height":629,"url":"https:\/\/yeeply.com\/fr\/wp-content\/uploads\/2021\/01\/FR-E8-Banner-FB-1020x629-1.png","type":"image\/png"}],"twitter_card":"summary_large_image","twitter_title":"? EBOOK : Comment int\u00e9grer le Design Thinking dans votre startup","twitter_description":"Comment les startups utilisent le Design thinking pour booster leur succ\u00e8s? Lisez cet eBook pour en savoir plus! T\u00e9l\u00e9charger-le !","twitter_image":"https:\/\/yeeply.com\/fr\/wp-content\/uploads\/2021\/01\/FR-E8-Banner-TW-1020x600-1.png","twitter_site":"@Yeeply_EN","twitter_misc":{"Dur\u00e9e de lecture estim\u00e9e":"2 minutes"},"schema":{"@context":"https:\/\/schema.org","@graph":[{"@type":"WebPage","@id":"https:\/\/yeeply.com\/fr\/landing\/telecharger-ebook-design-thinking-startup\/","url":"https:\/\/yeeply.com\/fr\/landing\/telecharger-ebook-design-thinking-startup\/","name":"EBOOK : Comment int\u00e9grer le Design Thinking dans votre startup","isPartOf":{"@id":"https:\/\/yeeply.com\/fr\/#website"},"primaryImageOfPage":{"@id":"https:\/\/yeeply.com\/fr\/landing\/telecharger-ebook-design-thinking-startup\/#primaryimage"},"image":{"@id":"https:\/\/yeeply.com\/fr\/landing\/telecharger-ebook-design-thinking-startup\/#primaryimage"},"thumbnailUrl":"https:\/\/yeeply.com\/fr\/wp-content\/uploads\/2021\/01\/FR-E8-Banner-TW-1020x600-1.png","datePublished":"2021-01-27T15:29:11+00:00","dateModified":"2024-09-02T09:47:09+00:00","description":"Comment les startups utilisent le Design thinking pour booster leur succ\u00e8s? Lisez cet eBook pour en savoir plus! T\u00e9l\u00e9charger-le !","breadcrumb":{"@id":"https:\/\/yeeply.com\/fr\/landing\/telecharger-ebook-design-thinking-startup\/#breadcrumb"},"inLanguage":"fr-FR","potentialAction":[{"@type":"ReadAction","target":["https:\/\/yeeply.com\/fr\/landing\/telecharger-ebook-design-thinking-startup\/"]}]},{"@type":"ImageObject","inLanguage":"fr-FR","@id":"https:\/\/yeeply.com\/fr\/landing\/telecharger-ebook-design-thinking-startup\/#primaryimage","url":"https:\/\/yeeply.com\/fr\/wp-content\/uploads\/2021\/01\/FR-E8-Banner-TW-1020x600-1.png","contentUrl":"https:\/\/yeeply.com\/fr\/wp-content\/uploads\/2021\/01\/FR-E8-Banner-TW-1020x600-1.png","width":1200,"height":600,"caption":"FR E8 - Banner TW - 1020x600"},{"@type":"BreadcrumbList","@id":"https:\/\/yeeply.com\/fr\/landing\/telecharger-ebook-design-thinking-startup\/#breadcrumb","itemListElement":[{"@type":"ListItem","position":1,"name":"Home","item":"https:\/\/yeeply.com\/fr\/"},{"@type":"ListItem","position":2,"name":"Landing [NO BORRAR]","item":"https:\/\/yeeply.com\/fr\/landing\/"},{"@type":"ListItem","position":3,"name":"LP &#8211; Ebook 8 Design Thinking"}]},{"@type":"WebSite","@id":"https:\/\/yeeply.com\/fr\/#website","url":"https:\/\/yeeply.com\/fr\/","name":"Yeeply","description":"A platform for the development of digital projects","publisher":{"@id":"https:\/\/yeeply.com\/fr\/#organization"},"potentialAction":[{"@type":"SearchAction","target":{"@type":"EntryPoint","urlTemplate":"https:\/\/yeeply.com\/fr\/?s={search_term_string}"},"query-input":{"@type":"PropertyValueSpecification","valueRequired":true,"valueName":"search_term_string"}}],"inLanguage":"fr-FR"},{"@type":"Organization","@id":"https:\/\/yeeply.com\/fr\/#organization","name":"Yeeply","url":"https:\/\/yeeply.com\/fr\/","logo":{"@type":"ImageObject","inLanguage":"fr-FR","@id":"https:\/\/yeeply.com\/fr\/#\/schema\/logo\/image\/","url":"https:\/\/yeeply.com\/fr\/wp-content\/uploads\/2019\/05\/logo_yeeply_black@2x.png","contentUrl":"https:\/\/yeeply.com\/fr\/wp-content\/uploads\/2019\/05\/logo_yeeply_black@2x.png","width":360,"height":120,"caption":"Yeeply"},"image":{"@id":"https:\/\/yeeply.com\/fr\/#\/schema\/logo\/image\/"},"sameAs":["https:\/\/www.facebook.com\/YeeplyMobile\/","https:\/\/x.com\/Yeeply_EN","https:\/\/www.linkedin.com\/company\/yeeply"]}]}},"uagb_featured_image_src":{"full":["https:\/\/yeeply.com\/fr\/wp-content\/uploads\/2021\/01\/FR-E8-Banner-TW-1020x600-1.png",1200,600,false],"thumbnail":["https:\/\/yeeply.com\/fr\/wp-content\/uploads\/2021\/01\/FR-E8-Banner-TW-1020x600-1-150x150.png",150,150,true],"medium":["https:\/\/yeeply.com\/fr\/wp-content\/uploads\/2021\/01\/FR-E8-Banner-TW-1020x600-1-300x150.png",300,150,true],"medium_large":["https:\/\/yeeply.com\/fr\/wp-content\/uploads\/2021\/01\/FR-E8-Banner-TW-1020x600-1-768x384.png",640,320,true],"large":["https:\/\/yeeply.com\/fr\/wp-content\/uploads\/2021\/01\/FR-E8-Banner-TW-1020x600-1-1024x512.png",640,320,true],"1536x1536":["https:\/\/yeeply.com\/fr\/wp-content\/uploads\/2021\/01\/FR-E8-Banner-TW-1020x600-1.png",1200,600,false],"2048x2048":["https:\/\/yeeply.com\/fr\/wp-content\/uploads\/2021\/01\/FR-E8-Banner-TW-1020x600-1.png",1200,600,false],"gform-image-choice-sm":["https:\/\/yeeply.com\/fr\/wp-content\/uploads\/2021\/01\/FR-E8-Banner-TW-1020x600-1.png",300,150,false],"gform-image-choice-md":["https:\/\/yeeply.com\/fr\/wp-content\/uploads\/2021\/01\/FR-E8-Banner-TW-1020x600-1.png",400,200,false],"gform-image-choice-lg":["https:\/\/yeeply.com\/fr\/wp-content\/uploads\/2021\/01\/FR-E8-Banner-TW-1020x600-1.png",600,300,false]},"uagb_author_info":{"display_name":"Yeeply","author_link":"https:\/\/yeeply.com\/fr\/author\/yeeply\/"},"uagb_comment_info":0,"uagb_excerpt":null,"_links":{"self":[{"href":"https:\/\/yeeply.com\/fr\/wp-json\/wp\/v2\/pages\/13986","targetHints":{"allow":["GET"]}}],"collection":[{"href":"https:\/\/yeeply.com\/fr\/wp-json\/wp\/v2\/pages"}],"about":[{"href":"https:\/\/yeeply.com\/fr\/wp-json\/wp\/v2\/types\/page"}],"author":[{"embeddable":true,"href":"https:\/\/yeeply.com\/fr\/wp-json\/wp\/v2\/users\/2"}],"replies":[{"embeddable":true,"href":"https:\/\/yeeply.com\/fr\/wp-json\/wp\/v2\/comments?post=13986"}],"version-history":[{"count":1,"href":"https:\/\/yeeply.com\/fr\/wp-json\/wp\/v2\/pages\/13986\/revisions"}],"predecessor-version":[{"id":18700,"href":"https:\/\/yeeply.com\/fr\/wp-json\/wp\/v2\/pages\/13986\/revisions\/18700"}],"up":[{"embeddable":true,"href":"https:\/\/yeeply.com\/fr\/wp-json\/wp\/v2\/pages\/11946"}],"wp:featuredmedia":[{"embeddable":true,"href":"https:\/\/yeeply.com\/fr\/wp-json\/wp\/v2\/media\/14178"}],"wp:attachment":[{"href":"https:\/\/yeeply.com\/fr\/wp-json\/wp\/v2\/media?parent=13986"}],"wp:term":[{"taxonomy":"category","embeddable":true,"href":"https:\/\/yeeply.com\/fr\/wp-json\/wp\/v2\/categories?post=13986"}],"curies":[{"name":"wp","href":"https:\/\/api.w.org\/{rel}","templated":true}]}}