{"id":13841,"date":"2020-11-19T11:43:15","date_gmt":"2020-11-19T11:43:15","guid":{"rendered":"https:\/\/yeeply.com\/fr\/?page_id=13841"},"modified":"2024-09-02T11:47:54","modified_gmt":"2024-09-02T09:47:54","slug":"typ-ebook-importance-prototype-application","status":"publish","type":"page","link":"https:\/\/yeeply.com\/fr\/landing\/typ-ebook-importance-prototype-application\/","title":{"rendered":"TYP \u2013 Ebook 7 Prototype"},"content":{"rendered":"\n<section class=\"wp-block-uagb-section uagb-section__wrap uagb-section__background-undefined uagb-block-6d0df9c3 lp-template\"><div class=\"uagb-section__overlay\"><\/div><div class=\"uagb-section__inner-wrap\">\n<section class=\"wp-block-uagb-columns uagb-columns__wrap uagb-columns__stack-tablet uagb-columns__valign-top uagb-columns__gap-10 align uagb-block-bae7099a uagb-columns__columns-2 uagb-columns__max_width-custom\"><div class=\"uagb-columns__overlay\"><\/div><div class=\"uagb-columns__inner-wrap uagb-columns__columns-2\">\n<div class=\"wp-block-uagb-column uagb-column__wrap uagb-column__background-undefined uagb-block-f900eeab\"><div class=\"uagb-column__overlay\"><\/div><div class=\"wp-block-image\">\n<figure class=\"aligncenter size-large\"><a href=\"https:\/\/mautic.yeeply.com\/asset\/52:fr-ebook-7-prototypepdf?stream=1\"><img fetchpriority=\"high\" decoding=\"async\" width=\"806\" height=\"1024\" src=\"https:\/\/yeeply.com\/fr\/wp-content\/uploads\/2020\/11\/FR-TYP-Ebook-7-Miniatura@2x-806x1024.png\" alt=\"FR - TYP - Ebook 7 - Miniatura@2x\" class=\"wp-image-13836\" srcset=\"https:\/\/yeeply.com\/fr\/wp-content\/uploads\/2020\/11\/FR-TYP-Ebook-7-Miniatura@2x-806x1024.png 806w, https:\/\/yeeply.com\/fr\/wp-content\/uploads\/2020\/11\/FR-TYP-Ebook-7-Miniatura@2x-236x300.png 236w, https:\/\/yeeply.com\/fr\/wp-content\/uploads\/2020\/11\/FR-TYP-Ebook-7-Miniatura@2x-768x976.png 768w, https:\/\/yeeply.com\/fr\/wp-content\/uploads\/2020\/11\/FR-TYP-Ebook-7-Miniatura@2x.png 1180w\" sizes=\"(max-width: 806px) 100vw, 806px\" \/><\/a><\/figure><\/div><\/div>\n\n\n\n<div class=\"wp-block-uagb-column uagb-column__wrap uagb-column__background-undefined uagb-block-3157135f\"><div class=\"uagb-column__overlay\"><\/div>\n<h2 class=\"wp-block-heading\">Voici votre Ebook ! Pouvons-nous vous aider pour autre chose?&nbsp;<\/h2>\n\n\n\n<p>F\u00e9licitations ! Vous venez de faire un pas de plus vers la cr\u00e9ation de votre prototype ! Nous esp\u00e9rons que cet Ebook vous sera utile. <\/p>\n\n\n\n<p><strong>Avez-vous besoin d&rsquo;un concepteur pour donner vie \u00e0 votre prototype ? <\/strong>Publiez votre projet sur notre plateforme et nous vous mettrons en contact avec les experts les plus appropri\u00e9s.  <\/p>\n\n\n\n<section class=\"wp-block-uagb-columns uagb-columns__wrap uagb-columns__stack-mobile uagb-columns__valign- uagb-columns__gap-10 align uagb-block-832c5d89 uagb-columns__columns-2 uagb-columns__max_width-theme\"><div class=\"uagb-columns__overlay\"><\/div><div class=\"uagb-columns__inner-wrap uagb-columns__columns-2\">\n<div class=\"wp-block-uagb-column uagb-column__wrap uagb-column__background-undefined uagb-block-60d997ec\"><div class=\"uagb-column__overlay\"><\/div>\n<div class=\"wp-block-button btn-typ-white-outline\"><a class=\"wp-block-button__link wp-element-button\" href=\"https:\/\/mautic.yeeply.com\/asset\/52:fr-ebook-7-prototypepdf?stream=1\">T\u00c9L\u00c9CHARGER EBOOK<\/a><\/div>\n<\/div>\n\n\n\n<div class=\"wp-block-uagb-column uagb-column__wrap uagb-column__background-undefined uagb-block-55e74e5a\"><div class=\"uagb-column__overlay\"><\/div>\n<div class=\"wp-block-button btn-typ-blue\"><a class=\"wp-block-button__link wp-element-button\" href=\"https:\/\/yeeply.com\/fr\/developpement-applications\/#publish-project\">PUBLIER PROJET<\/a><\/div>\n<\/div>\n<\/div><\/section>\n\n\n\n<p>V\u00e9rifiez vos mails ! Nous vous avons envoy\u00e9 un e-mail avec l&rsquo;ebook pour que vous puissiez y acc\u00e9der lorsque vous en avez besoin. V\u00e9rifiez votre bo\u00eete de r\u00e9ception et assurez-vous qu&rsquo;il n&rsquo;est pas dans vos SPAM.<\/p>\n<\/div>\n<\/div><\/section>\n\n\n<style>.wp-block-kadence-spacer.kt-block-spacer-13841_b58376-48 .kt-block-spacer{height:70px;}.wp-block-kadence-spacer.kt-block-spacer-13841_b58376-48 .kt-divider{border-top-width:1px;height:1px;border-top-color:#eee;width:80%;border-top-style:solid;}<\/style>\n<div class=\"wp-block-kadence-spacer aligncenter kt-block-spacer-13841_b58376-48\"><div class=\"kt-block-spacer kt-block-spacer-halign-center\"><\/div><\/div>\n<\/div><\/section>\n\n\n\n<p><\/p>\n","protected":false},"excerpt":{"rendered":"","protected":false},"author":2,"featured_media":13838,"parent":11946,"menu_order":0,"comment_status":"closed","ping_status":"closed","template":"","meta":{"inline_featured_image":false,"_uag_custom_page_level_css":"","footnotes":""},"categories":[],"class_list":["post-13841","page","type-page","status-publish","has-post-thumbnail","hentry"],"yoast_head":"<!-- This site is optimized with the Yoast SEO plugin v27.4 - https:\/\/yoast.com\/product\/yoast-seo-wordpress\/ -->\n<title>Merci d&#039;avoir t\u00e9l\u00e9charg\u00e9 notre Ebook sur la cr\u00e9ation de prototype d&#039;une app<\/title>\n<meta name=\"description\" content=\"Vous \u00eates sur le point de d\u00e9couvrir l&#039;importance de cr\u00e9er un prototype pour votre prochaine id\u00e9e d&#039;une application. Commencez a lire !\" \/>\n<meta name=\"robots\" content=\"noindex, follow\" \/>\n<meta property=\"og:locale\" content=\"fr_FR\" \/>\n<meta property=\"og:type\" content=\"article\" \/>\n<meta property=\"og:title\" content=\"Merci d&#039;avoir t\u00e9l\u00e9charg\u00e9 notre Ebook sur la cr\u00e9ation de prototype d&#039;une app\" \/>\n<meta property=\"og:description\" content=\"Vous \u00eates sur le point de d\u00e9couvrir l&#039;importance de cr\u00e9er un prototype pour votre prochaine id\u00e9e d&#039;une application. Commencez a lire !\" \/>\n<meta property=\"og:url\" content=\"https:\/\/yeeply.com\/fr\/landing\/typ-ebook-importance-prototype-application\/\" \/>\n<meta property=\"og:site_name\" content=\"Yeeply\" \/>\n<meta property=\"article:publisher\" content=\"https:\/\/www.facebook.com\/YeeplyMobile\/\" \/>\n<meta property=\"article:modified_time\" content=\"2024-09-02T09:47:54+00:00\" \/>\n<meta property=\"og:image\" content=\"https:\/\/yeeply.com\/fr\/wp-content\/uploads\/2020\/11\/FR-E7-Banner-FB-1020x629-1.png\" \/>\n\t<meta property=\"og:image:width\" content=\"1200\" \/>\n\t<meta property=\"og:image:height\" content=\"629\" \/>\n\t<meta property=\"og:image:type\" content=\"image\/png\" \/>\n<meta name=\"twitter:card\" content=\"summary_large_image\" \/>\n<meta name=\"twitter:title\" content=\"Merci d&#039;avoir t\u00e9l\u00e9charg\u00e9 notre Ebook sur la cr\u00e9ation de prototype d&#039;une app\" \/>\n<meta name=\"twitter:description\" content=\"Vous \u00eates sur le point de d\u00e9couvrir l&#039;importance de cr\u00e9er un prototype pour votre prochaine id\u00e9e d&#039;une application. Commencez a lire !\" \/>\n<meta name=\"twitter:image\" content=\"https:\/\/yeeply.com\/fr\/wp-content\/uploads\/2020\/11\/FR-E7-Banner-TW-1020x600-1.png\" \/>\n<meta name=\"twitter:site\" content=\"@Yeeply_EN\" \/>\n<meta name=\"twitter:label1\" content=\"Dur\u00e9e de lecture estim\u00e9e\" \/>\n\t<meta name=\"twitter:data1\" content=\"1 minute\" \/>\n<script type=\"application\/ld+json\" class=\"yoast-schema-graph\">{\"@context\":\"https:\\\/\\\/schema.org\",\"@graph\":[{\"@type\":\"WebPage\",\"@id\":\"https:\\\/\\\/yeeply.com\\\/fr\\\/landing\\\/typ-ebook-importance-prototype-application\\\/\",\"url\":\"https:\\\/\\\/yeeply.com\\\/fr\\\/landing\\\/typ-ebook-importance-prototype-application\\\/\",\"name\":\"Merci d'avoir t\u00e9l\u00e9charg\u00e9 notre Ebook sur la cr\u00e9ation de prototype d'une app\",\"isPartOf\":{\"@id\":\"https:\\\/\\\/yeeply.com\\\/fr\\\/#website\"},\"primaryImageOfPage\":{\"@id\":\"https:\\\/\\\/yeeply.com\\\/fr\\\/landing\\\/typ-ebook-importance-prototype-application\\\/#primaryimage\"},\"image\":{\"@id\":\"https:\\\/\\\/yeeply.com\\\/fr\\\/landing\\\/typ-ebook-importance-prototype-application\\\/#primaryimage\"},\"thumbnailUrl\":\"https:\\\/\\\/yeeply.com\\\/fr\\\/wp-content\\\/uploads\\\/2020\\\/11\\\/FR-E7-Banner-TW-1020x600-1.png\",\"datePublished\":\"2020-11-19T11:43:15+00:00\",\"dateModified\":\"2024-09-02T09:47:54+00:00\",\"description\":\"Vous \u00eates sur le point de d\u00e9couvrir l'importance de cr\u00e9er un prototype pour votre prochaine id\u00e9e d'une application. Commencez a lire !\",\"breadcrumb\":{\"@id\":\"https:\\\/\\\/yeeply.com\\\/fr\\\/landing\\\/typ-ebook-importance-prototype-application\\\/#breadcrumb\"},\"inLanguage\":\"fr-FR\",\"potentialAction\":[{\"@type\":\"ReadAction\",\"target\":[\"https:\\\/\\\/yeeply.com\\\/fr\\\/landing\\\/typ-ebook-importance-prototype-application\\\/\"]}]},{\"@type\":\"ImageObject\",\"inLanguage\":\"fr-FR\",\"@id\":\"https:\\\/\\\/yeeply.com\\\/fr\\\/landing\\\/typ-ebook-importance-prototype-application\\\/#primaryimage\",\"url\":\"https:\\\/\\\/yeeply.com\\\/fr\\\/wp-content\\\/uploads\\\/2020\\\/11\\\/FR-E7-Banner-TW-1020x600-1.png\",\"contentUrl\":\"https:\\\/\\\/yeeply.com\\\/fr\\\/wp-content\\\/uploads\\\/2020\\\/11\\\/FR-E7-Banner-TW-1020x600-1.png\",\"width\":1200,\"height\":600,\"caption\":\"FR E7 - Banner TW - 1020x600\"},{\"@type\":\"BreadcrumbList\",\"@id\":\"https:\\\/\\\/yeeply.com\\\/fr\\\/landing\\\/typ-ebook-importance-prototype-application\\\/#breadcrumb\",\"itemListElement\":[{\"@type\":\"ListItem\",\"position\":1,\"name\":\"Home\",\"item\":\"https:\\\/\\\/yeeply.com\\\/fr\\\/\"},{\"@type\":\"ListItem\",\"position\":2,\"name\":\"Landing [NO BORRAR]\",\"item\":\"https:\\\/\\\/yeeply.com\\\/fr\\\/landing\\\/\"},{\"@type\":\"ListItem\",\"position\":3,\"name\":\"TYP \u2013 Ebook 7 Prototype\"}]},{\"@type\":\"WebSite\",\"@id\":\"https:\\\/\\\/yeeply.com\\\/fr\\\/#website\",\"url\":\"https:\\\/\\\/yeeply.com\\\/fr\\\/\",\"name\":\"Yeeply\",\"description\":\"A platform for the development of digital projects\",\"publisher\":{\"@id\":\"https:\\\/\\\/yeeply.com\\\/fr\\\/#organization\"},\"potentialAction\":[{\"@type\":\"SearchAction\",\"target\":{\"@type\":\"EntryPoint\",\"urlTemplate\":\"https:\\\/\\\/yeeply.com\\\/fr\\\/?s={search_term_string}\"},\"query-input\":{\"@type\":\"PropertyValueSpecification\",\"valueRequired\":true,\"valueName\":\"search_term_string\"}}],\"inLanguage\":\"fr-FR\"},{\"@type\":\"Organization\",\"@id\":\"https:\\\/\\\/yeeply.com\\\/fr\\\/#organization\",\"name\":\"Yeeply\",\"url\":\"https:\\\/\\\/yeeply.com\\\/fr\\\/\",\"logo\":{\"@type\":\"ImageObject\",\"inLanguage\":\"fr-FR\",\"@id\":\"https:\\\/\\\/yeeply.com\\\/fr\\\/#\\\/schema\\\/logo\\\/image\\\/\",\"url\":\"https:\\\/\\\/yeeply.com\\\/fr\\\/wp-content\\\/uploads\\\/2019\\\/05\\\/logo_yeeply_black@2x.png\",\"contentUrl\":\"https:\\\/\\\/yeeply.com\\\/fr\\\/wp-content\\\/uploads\\\/2019\\\/05\\\/logo_yeeply_black@2x.png\",\"width\":360,\"height\":120,\"caption\":\"Yeeply\"},\"image\":{\"@id\":\"https:\\\/\\\/yeeply.com\\\/fr\\\/#\\\/schema\\\/logo\\\/image\\\/\"},\"sameAs\":[\"https:\\\/\\\/www.facebook.com\\\/YeeplyMobile\\\/\",\"https:\\\/\\\/x.com\\\/Yeeply_EN\",\"https:\\\/\\\/www.linkedin.com\\\/company\\\/yeeply\"]}]}<\/script>\n<!-- \/ Yoast SEO plugin. -->","yoast_head_json":{"title":"Merci d'avoir t\u00e9l\u00e9charg\u00e9 notre Ebook sur la cr\u00e9ation de prototype d'une app","description":"Vous \u00eates sur le point de d\u00e9couvrir l'importance de cr\u00e9er un prototype pour votre prochaine id\u00e9e d'une application. Commencez a lire !","robots":{"index":"noindex","follow":"follow"},"og_locale":"fr_FR","og_type":"article","og_title":"Merci d'avoir t\u00e9l\u00e9charg\u00e9 notre Ebook sur la cr\u00e9ation de prototype d'une app","og_description":"Vous \u00eates sur le point de d\u00e9couvrir l'importance de cr\u00e9er un prototype pour votre prochaine id\u00e9e d'une application. Commencez a lire !","og_url":"https:\/\/yeeply.com\/fr\/landing\/typ-ebook-importance-prototype-application\/","og_site_name":"Yeeply","article_publisher":"https:\/\/www.facebook.com\/YeeplyMobile\/","article_modified_time":"2024-09-02T09:47:54+00:00","og_image":[{"width":1200,"height":629,"url":"https:\/\/yeeply.com\/fr\/wp-content\/uploads\/2020\/11\/FR-E7-Banner-FB-1020x629-1.png","type":"image\/png"}],"twitter_card":"summary_large_image","twitter_title":"Merci d'avoir t\u00e9l\u00e9charg\u00e9 notre Ebook sur la cr\u00e9ation de prototype d'une app","twitter_description":"Vous \u00eates sur le point de d\u00e9couvrir l'importance de cr\u00e9er un prototype pour votre prochaine id\u00e9e d'une application. Commencez a lire !","twitter_image":"https:\/\/yeeply.com\/fr\/wp-content\/uploads\/2020\/11\/FR-E7-Banner-TW-1020x600-1.png","twitter_site":"@Yeeply_EN","twitter_misc":{"Dur\u00e9e de lecture estim\u00e9e":"1 minute"},"schema":{"@context":"https:\/\/schema.org","@graph":[{"@type":"WebPage","@id":"https:\/\/yeeply.com\/fr\/landing\/typ-ebook-importance-prototype-application\/","url":"https:\/\/yeeply.com\/fr\/landing\/typ-ebook-importance-prototype-application\/","name":"Merci d'avoir t\u00e9l\u00e9charg\u00e9 notre Ebook sur la cr\u00e9ation de prototype d'une app","isPartOf":{"@id":"https:\/\/yeeply.com\/fr\/#website"},"primaryImageOfPage":{"@id":"https:\/\/yeeply.com\/fr\/landing\/typ-ebook-importance-prototype-application\/#primaryimage"},"image":{"@id":"https:\/\/yeeply.com\/fr\/landing\/typ-ebook-importance-prototype-application\/#primaryimage"},"thumbnailUrl":"https:\/\/yeeply.com\/fr\/wp-content\/uploads\/2020\/11\/FR-E7-Banner-TW-1020x600-1.png","datePublished":"2020-11-19T11:43:15+00:00","dateModified":"2024-09-02T09:47:54+00:00","description":"Vous \u00eates sur le point de d\u00e9couvrir l'importance de cr\u00e9er un prototype pour votre prochaine id\u00e9e d'une application. Commencez a lire !","breadcrumb":{"@id":"https:\/\/yeeply.com\/fr\/landing\/typ-ebook-importance-prototype-application\/#breadcrumb"},"inLanguage":"fr-FR","potentialAction":[{"@type":"ReadAction","target":["https:\/\/yeeply.com\/fr\/landing\/typ-ebook-importance-prototype-application\/"]}]},{"@type":"ImageObject","inLanguage":"fr-FR","@id":"https:\/\/yeeply.com\/fr\/landing\/typ-ebook-importance-prototype-application\/#primaryimage","url":"https:\/\/yeeply.com\/fr\/wp-content\/uploads\/2020\/11\/FR-E7-Banner-TW-1020x600-1.png","contentUrl":"https:\/\/yeeply.com\/fr\/wp-content\/uploads\/2020\/11\/FR-E7-Banner-TW-1020x600-1.png","width":1200,"height":600,"caption":"FR E7 - Banner TW - 1020x600"},{"@type":"BreadcrumbList","@id":"https:\/\/yeeply.com\/fr\/landing\/typ-ebook-importance-prototype-application\/#breadcrumb","itemListElement":[{"@type":"ListItem","position":1,"name":"Home","item":"https:\/\/yeeply.com\/fr\/"},{"@type":"ListItem","position":2,"name":"Landing [NO BORRAR]","item":"https:\/\/yeeply.com\/fr\/landing\/"},{"@type":"ListItem","position":3,"name":"TYP \u2013 Ebook 7 Prototype"}]},{"@type":"WebSite","@id":"https:\/\/yeeply.com\/fr\/#website","url":"https:\/\/yeeply.com\/fr\/","name":"Yeeply","description":"A platform for the development of digital projects","publisher":{"@id":"https:\/\/yeeply.com\/fr\/#organization"},"potentialAction":[{"@type":"SearchAction","target":{"@type":"EntryPoint","urlTemplate":"https:\/\/yeeply.com\/fr\/?s={search_term_string}"},"query-input":{"@type":"PropertyValueSpecification","valueRequired":true,"valueName":"search_term_string"}}],"inLanguage":"fr-FR"},{"@type":"Organization","@id":"https:\/\/yeeply.com\/fr\/#organization","name":"Yeeply","url":"https:\/\/yeeply.com\/fr\/","logo":{"@type":"ImageObject","inLanguage":"fr-FR","@id":"https:\/\/yeeply.com\/fr\/#\/schema\/logo\/image\/","url":"https:\/\/yeeply.com\/fr\/wp-content\/uploads\/2019\/05\/logo_yeeply_black@2x.png","contentUrl":"https:\/\/yeeply.com\/fr\/wp-content\/uploads\/2019\/05\/logo_yeeply_black@2x.png","width":360,"height":120,"caption":"Yeeply"},"image":{"@id":"https:\/\/yeeply.com\/fr\/#\/schema\/logo\/image\/"},"sameAs":["https:\/\/www.facebook.com\/YeeplyMobile\/","https:\/\/x.com\/Yeeply_EN","https:\/\/www.linkedin.com\/company\/yeeply"]}]}},"uagb_featured_image_src":{"full":["https:\/\/yeeply.com\/fr\/wp-content\/uploads\/2020\/11\/FR-E7-Banner-TW-1020x600-1.png",1200,600,false],"thumbnail":["https:\/\/yeeply.com\/fr\/wp-content\/uploads\/2020\/11\/FR-E7-Banner-TW-1020x600-1-150x150.png",150,150,true],"medium":["https:\/\/yeeply.com\/fr\/wp-content\/uploads\/2020\/11\/FR-E7-Banner-TW-1020x600-1-300x150.png",300,150,true],"medium_large":["https:\/\/yeeply.com\/fr\/wp-content\/uploads\/2020\/11\/FR-E7-Banner-TW-1020x600-1-768x384.png",640,320,true],"large":["https:\/\/yeeply.com\/fr\/wp-content\/uploads\/2020\/11\/FR-E7-Banner-TW-1020x600-1-1024x512.png",640,320,true],"1536x1536":["https:\/\/yeeply.com\/fr\/wp-content\/uploads\/2020\/11\/FR-E7-Banner-TW-1020x600-1.png",1200,600,false],"2048x2048":["https:\/\/yeeply.com\/fr\/wp-content\/uploads\/2020\/11\/FR-E7-Banner-TW-1020x600-1.png",1200,600,false],"gform-image-choice-sm":["https:\/\/yeeply.com\/fr\/wp-content\/uploads\/2020\/11\/FR-E7-Banner-TW-1020x600-1.png",300,150,false],"gform-image-choice-md":["https:\/\/yeeply.com\/fr\/wp-content\/uploads\/2020\/11\/FR-E7-Banner-TW-1020x600-1.png",400,200,false],"gform-image-choice-lg":["https:\/\/yeeply.com\/fr\/wp-content\/uploads\/2020\/11\/FR-E7-Banner-TW-1020x600-1.png",600,300,false]},"uagb_author_info":{"display_name":"Yeeply","author_link":"https:\/\/yeeply.com\/fr\/author\/yeeply\/"},"uagb_comment_info":0,"uagb_excerpt":null,"_links":{"self":[{"href":"https:\/\/yeeply.com\/fr\/wp-json\/wp\/v2\/pages\/13841","targetHints":{"allow":["GET"]}}],"collection":[{"href":"https:\/\/yeeply.com\/fr\/wp-json\/wp\/v2\/pages"}],"about":[{"href":"https:\/\/yeeply.com\/fr\/wp-json\/wp\/v2\/types\/page"}],"author":[{"embeddable":true,"href":"https:\/\/yeeply.com\/fr\/wp-json\/wp\/v2\/users\/2"}],"replies":[{"embeddable":true,"href":"https:\/\/yeeply.com\/fr\/wp-json\/wp\/v2\/comments?post=13841"}],"version-history":[{"count":1,"href":"https:\/\/yeeply.com\/fr\/wp-json\/wp\/v2\/pages\/13841\/revisions"}],"predecessor-version":[{"id":18702,"href":"https:\/\/yeeply.com\/fr\/wp-json\/wp\/v2\/pages\/13841\/revisions\/18702"}],"up":[{"embeddable":true,"href":"https:\/\/yeeply.com\/fr\/wp-json\/wp\/v2\/pages\/11946"}],"wp:featuredmedia":[{"embeddable":true,"href":"https:\/\/yeeply.com\/fr\/wp-json\/wp\/v2\/media\/13838"}],"wp:attachment":[{"href":"https:\/\/yeeply.com\/fr\/wp-json\/wp\/v2\/media?parent=13841"}],"wp:term":[{"taxonomy":"category","embeddable":true,"href":"https:\/\/yeeply.com\/fr\/wp-json\/wp\/v2\/categories?post=13841"}],"curies":[{"name":"wp","href":"https:\/\/api.w.org\/{rel}","templated":true}]}}