{"id":12073,"date":"2020-05-11T09:26:47","date_gmt":"2020-05-11T09:26:47","guid":{"rendered":"https:\/\/yeeply.com\/fr\/?page_id=12073"},"modified":"2024-09-02T12:05:31","modified_gmt":"2024-09-02T10:05:31","slug":"typ-success-story-laliga","status":"publish","type":"page","link":"https:\/\/yeeply.com\/fr\/landing\/typ-success-story-laliga\/","title":{"rendered":"TYP &#8211; CS 1 LaLiga"},"content":{"rendered":"\n<section class=\"wp-block-uagb-section uagb-section__wrap uagb-section__background-undefined uagb-block-50c0ad83-6090-4519-809f-fdecd8cb9620 lp-template\"><div class=\"uagb-section__overlay\"><\/div><div class=\"uagb-section__inner-wrap\">\n<section class=\"wp-block-uagb-columns uagb-columns__wrap uagb-columns__stack-tablet uagb-columns__valign-top uagb-columns__gap-10 align uagb-block-8fe9de7d-aa8a-4443-a01c-a97ca2983709 uagb-columns__columns-2 uagb-columns__max_width-custom\"><div class=\"uagb-columns__overlay\"><\/div><div class=\"uagb-columns__inner-wrap uagb-columns__columns-2\">\n<div class=\"wp-block-uagb-column uagb-column__wrap uagb-column__background-undefined uagb-block-9920f4bc-570b-4eb7-84be-6f43ce0affbd\"><div class=\"uagb-column__overlay\"><\/div><div class=\"wp-block-image\">\n<figure class=\"aligncenter size-large\"><a href=\"https:\/\/mautic.yeeply.com\/asset\/28:laliga-developpement-dun-jeu-app---cs1---frpdf?stream=1\" target=\"_blank\" rel=\"noreferrer noopener\"><img fetchpriority=\"high\" decoding=\"async\" width=\"590\" height=\"750\" src=\"https:\/\/yeeply.com\/fr\/wp-content\/uploads\/2020\/05\/FR-ce-typ.png\" alt=\"\" class=\"wp-image-12309\" srcset=\"https:\/\/yeeply.com\/fr\/wp-content\/uploads\/2020\/05\/FR-ce-typ.png 590w, https:\/\/yeeply.com\/fr\/wp-content\/uploads\/2020\/05\/FR-ce-typ-236x300.png 236w\" sizes=\"(max-width: 590px) 100vw, 590px\" \/><\/a><\/figure><\/div><\/div>\n\n\n\n<div class=\"wp-block-uagb-column uagb-column__wrap uagb-column__background-undefined uagb-block-cc5a1604-fe29-4f89-839d-716af6975c2e\"><div class=\"uagb-column__overlay\"><\/div>\n<h2 class=\"wp-block-heading\">Voici l&rsquo;exemple de r\u00e9ussite ! Vous souhaitez que votre projet se d\u00e9roule tout aussi bien ?<br> <\/h2>\n\n\n\n<p>Merci beaucoup d&rsquo;avoir t\u00e9l\u00e9charg\u00e9 <strong>la success story du jeu LaLiga Fantasy<\/strong>. Nous esp\u00e9rons qu&rsquo;il vous incitera \u00e0 planifier le d\u00e9veloppement d&rsquo;une application tout aussi r\u00e9ussie.   <\/p>\n\n\n\n<p><strong>Savez-vous que Yeeply peut \u00e9galement vous aider dans votre projet ?<\/strong> Dites-nous ce dont vous avez besoin : cela ne prendra qu&rsquo;une minute et vous recevrez bient\u00f4t un devis personnalis\u00e9 et sans engagement. <\/p>\n\n\n\n<section class=\"wp-block-uagb-columns uagb-columns__wrap uagb-columns__stack-mobile uagb-columns__valign- uagb-columns__gap-10 align uagb-block-cb6e19b9-cb52-4122-9c2b-b6785edd841b uagb-columns__columns-2 uagb-columns__max_width-theme\"><div class=\"uagb-columns__overlay\"><\/div><div class=\"uagb-columns__inner-wrap uagb-columns__columns-2\">\n<div class=\"wp-block-uagb-column uagb-column__wrap uagb-column__background-undefined uagb-block-7c4f4e1f-961c-4a67-b151-382ff3e05b3f\"><div class=\"uagb-column__overlay\"><\/div>\n<div class=\"wp-block-button btn-typ-white-outline\"><a class=\"wp-block-button__link wp-element-button\" href=\"https:\/\/mautic.yeeply.com\/asset\/28:laliga-developpement-dun-jeu-app---cs1---frpdf?stream=1\" target=\"_blank\" rel=\"noreferrer noopener\">T\u00c9L\u00c9CHARGER SUCCESS STORY <\/a><\/div>\n<\/div>\n\n\n\n<div class=\"wp-block-uagb-column uagb-column__wrap uagb-column__background-undefined uagb-block-8cc9bd58-e098-4ba6-b44c-89a09fb59564\"><div class=\"uagb-column__overlay\"><\/div>\n<div class=\"wp-block-button btn-typ-blue\"><a class=\"wp-block-button__link wp-element-button\" href=\"https:\/\/yeeply.com\/fr\/#publish-project\" target=\"_blank\" rel=\"noreferrer noopener\">PUBLIER PROJET<\/a><\/div>\n<\/div>\n<\/div><\/section>\n\n\n\n<p>V\u00e9rifiez votre courrier ! Nous vous avons envoy\u00e9 un courriel avec la success story pour que vous puissiez y acc\u00e9der quand vous en avez besoin. V\u00e9rifiez votre bo\u00eete de r\u00e9ception et assurez-vous qu&rsquo;elle n&rsquo;est pas en SPAM.<\/p>\n<\/div>\n<\/div><\/section>\n\n\n<style>.wp-block-kadence-spacer.kt-block-spacer-12073_184eaf-90 .kt-block-spacer{height:70px;}.wp-block-kadence-spacer.kt-block-spacer-12073_184eaf-90 .kt-divider{border-top-width:1px;height:1px;border-top-color:#eee;width:80%;border-top-style:solid;}<\/style>\n<div class=\"wp-block-kadence-spacer aligncenter kt-block-spacer-12073_184eaf-90\"><div class=\"kt-block-spacer kt-block-spacer-halign-center\"><\/div><\/div>\n<\/div><\/section>\n\n\n\n<p><\/p>\n","protected":false},"excerpt":{"rendered":"","protected":false},"author":4,"featured_media":12271,"parent":11946,"menu_order":0,"comment_status":"closed","ping_status":"closed","template":"","meta":{"inline_featured_image":false,"_uag_custom_page_level_css":"","footnotes":""},"categories":[],"class_list":["post-12073","page","type-page","status-publish","has-post-thumbnail","hentry"],"yoast_head":"<!-- This site is optimized with the Yoast SEO plugin v27.4 - https:\/\/yoast.com\/product\/yoast-seo-wordpress\/ -->\n<title>Vous pouvez d\u00e9sormais t\u00e9l\u00e9charger la success story du jeu LaLiga<\/title>\n<meta name=\"description\" content=\"Ce lien vous permet d&#039;acc\u00e9der \u00e0 la success story. Nous vous avons envoy\u00e9 une copie sur votre mail afin que vous puissiez y acc\u00e9der quand vous le voulez.\" \/>\n<meta name=\"robots\" content=\"noindex, follow\" \/>\n<meta property=\"og:locale\" content=\"fr_FR\" \/>\n<meta property=\"og:type\" content=\"article\" \/>\n<meta property=\"og:title\" content=\"Vous pouvez d\u00e9sormais t\u00e9l\u00e9charger la success story du jeu LaLiga\" \/>\n<meta property=\"og:description\" content=\"Ce lien vous permet d&#039;acc\u00e9der \u00e0 la success story. Nous vous avons envoy\u00e9 une copie sur votre mail afin que vous puissiez y acc\u00e9der quand vous le voulez.\" \/>\n<meta property=\"og:url\" content=\"https:\/\/yeeply.com\/fr\/landing\/typ-success-story-laliga\/\" \/>\n<meta property=\"og:site_name\" content=\"Yeeply\" \/>\n<meta property=\"article:publisher\" content=\"https:\/\/www.facebook.com\/YeeplyMobile\/\" \/>\n<meta property=\"article:modified_time\" content=\"2024-09-02T10:05:31+00:00\" \/>\n<meta property=\"og:image\" content=\"https:\/\/yeeply.com\/fr\/wp-content\/uploads\/2020\/05\/CTAs_CE_YEEPLY_ADS_FR.jpg\" \/>\n\t<meta property=\"og:image:width\" content=\"1024\" \/>\n\t<meta property=\"og:image:height\" content=\"512\" \/>\n\t<meta property=\"og:image:type\" content=\"image\/jpeg\" \/>\n<meta name=\"twitter:card\" content=\"summary_large_image\" \/>\n<meta name=\"twitter:site\" content=\"@Yeeply_EN\" \/>\n<meta name=\"twitter:label1\" content=\"Dur\u00e9e de lecture estim\u00e9e\" \/>\n\t<meta name=\"twitter:data1\" content=\"1 minute\" \/>\n<script type=\"application\/ld+json\" class=\"yoast-schema-graph\">{\"@context\":\"https:\\\/\\\/schema.org\",\"@graph\":[{\"@type\":\"WebPage\",\"@id\":\"https:\\\/\\\/yeeply.com\\\/fr\\\/landing\\\/typ-success-story-laliga\\\/\",\"url\":\"https:\\\/\\\/yeeply.com\\\/fr\\\/landing\\\/typ-success-story-laliga\\\/\",\"name\":\"Vous pouvez d\u00e9sormais t\u00e9l\u00e9charger la success story du jeu LaLiga\",\"isPartOf\":{\"@id\":\"https:\\\/\\\/yeeply.com\\\/fr\\\/#website\"},\"primaryImageOfPage\":{\"@id\":\"https:\\\/\\\/yeeply.com\\\/fr\\\/landing\\\/typ-success-story-laliga\\\/#primaryimage\"},\"image\":{\"@id\":\"https:\\\/\\\/yeeply.com\\\/fr\\\/landing\\\/typ-success-story-laliga\\\/#primaryimage\"},\"thumbnailUrl\":\"https:\\\/\\\/yeeply.com\\\/fr\\\/wp-content\\\/uploads\\\/2020\\\/05\\\/CTAs_CE_YEEPLY_ADS_FR.jpg\",\"datePublished\":\"2020-05-11T09:26:47+00:00\",\"dateModified\":\"2024-09-02T10:05:31+00:00\",\"description\":\"Ce lien vous permet d'acc\u00e9der \u00e0 la success story. Nous vous avons envoy\u00e9 une copie sur votre mail afin que vous puissiez y acc\u00e9der quand vous le voulez.\",\"breadcrumb\":{\"@id\":\"https:\\\/\\\/yeeply.com\\\/fr\\\/landing\\\/typ-success-story-laliga\\\/#breadcrumb\"},\"inLanguage\":\"fr-FR\",\"potentialAction\":[{\"@type\":\"ReadAction\",\"target\":[\"https:\\\/\\\/yeeply.com\\\/fr\\\/landing\\\/typ-success-story-laliga\\\/\"]}]},{\"@type\":\"ImageObject\",\"inLanguage\":\"fr-FR\",\"@id\":\"https:\\\/\\\/yeeply.com\\\/fr\\\/landing\\\/typ-success-story-laliga\\\/#primaryimage\",\"url\":\"https:\\\/\\\/yeeply.com\\\/fr\\\/wp-content\\\/uploads\\\/2020\\\/05\\\/CTAs_CE_YEEPLY_ADS_FR.jpg\",\"contentUrl\":\"https:\\\/\\\/yeeply.com\\\/fr\\\/wp-content\\\/uploads\\\/2020\\\/05\\\/CTAs_CE_YEEPLY_ADS_FR.jpg\",\"width\":1024,\"height\":512},{\"@type\":\"BreadcrumbList\",\"@id\":\"https:\\\/\\\/yeeply.com\\\/fr\\\/landing\\\/typ-success-story-laliga\\\/#breadcrumb\",\"itemListElement\":[{\"@type\":\"ListItem\",\"position\":1,\"name\":\"Home\",\"item\":\"https:\\\/\\\/yeeply.com\\\/fr\\\/\"},{\"@type\":\"ListItem\",\"position\":2,\"name\":\"Landing [NO BORRAR]\",\"item\":\"https:\\\/\\\/yeeply.com\\\/fr\\\/landing\\\/\"},{\"@type\":\"ListItem\",\"position\":3,\"name\":\"TYP &#8211; CS 1 LaLiga\"}]},{\"@type\":\"WebSite\",\"@id\":\"https:\\\/\\\/yeeply.com\\\/fr\\\/#website\",\"url\":\"https:\\\/\\\/yeeply.com\\\/fr\\\/\",\"name\":\"Yeeply\",\"description\":\"A platform for the development of digital projects\",\"publisher\":{\"@id\":\"https:\\\/\\\/yeeply.com\\\/fr\\\/#organization\"},\"potentialAction\":[{\"@type\":\"SearchAction\",\"target\":{\"@type\":\"EntryPoint\",\"urlTemplate\":\"https:\\\/\\\/yeeply.com\\\/fr\\\/?s={search_term_string}\"},\"query-input\":{\"@type\":\"PropertyValueSpecification\",\"valueRequired\":true,\"valueName\":\"search_term_string\"}}],\"inLanguage\":\"fr-FR\"},{\"@type\":\"Organization\",\"@id\":\"https:\\\/\\\/yeeply.com\\\/fr\\\/#organization\",\"name\":\"Yeeply\",\"url\":\"https:\\\/\\\/yeeply.com\\\/fr\\\/\",\"logo\":{\"@type\":\"ImageObject\",\"inLanguage\":\"fr-FR\",\"@id\":\"https:\\\/\\\/yeeply.com\\\/fr\\\/#\\\/schema\\\/logo\\\/image\\\/\",\"url\":\"https:\\\/\\\/yeeply.com\\\/fr\\\/wp-content\\\/uploads\\\/2019\\\/05\\\/logo_yeeply_black@2x.png\",\"contentUrl\":\"https:\\\/\\\/yeeply.com\\\/fr\\\/wp-content\\\/uploads\\\/2019\\\/05\\\/logo_yeeply_black@2x.png\",\"width\":360,\"height\":120,\"caption\":\"Yeeply\"},\"image\":{\"@id\":\"https:\\\/\\\/yeeply.com\\\/fr\\\/#\\\/schema\\\/logo\\\/image\\\/\"},\"sameAs\":[\"https:\\\/\\\/www.facebook.com\\\/YeeplyMobile\\\/\",\"https:\\\/\\\/x.com\\\/Yeeply_EN\",\"https:\\\/\\\/www.linkedin.com\\\/company\\\/yeeply\"]}]}<\/script>\n<!-- \/ Yoast SEO plugin. -->","yoast_head_json":{"title":"Vous pouvez d\u00e9sormais t\u00e9l\u00e9charger la success story du jeu LaLiga","description":"Ce lien vous permet d'acc\u00e9der \u00e0 la success story. Nous vous avons envoy\u00e9 une copie sur votre mail afin que vous puissiez y acc\u00e9der quand vous le voulez.","robots":{"index":"noindex","follow":"follow"},"og_locale":"fr_FR","og_type":"article","og_title":"Vous pouvez d\u00e9sormais t\u00e9l\u00e9charger la success story du jeu LaLiga","og_description":"Ce lien vous permet d'acc\u00e9der \u00e0 la success story. Nous vous avons envoy\u00e9 une copie sur votre mail afin que vous puissiez y acc\u00e9der quand vous le voulez.","og_url":"https:\/\/yeeply.com\/fr\/landing\/typ-success-story-laliga\/","og_site_name":"Yeeply","article_publisher":"https:\/\/www.facebook.com\/YeeplyMobile\/","article_modified_time":"2024-09-02T10:05:31+00:00","og_image":[{"width":1024,"height":512,"url":"https:\/\/yeeply.com\/fr\/wp-content\/uploads\/2020\/05\/CTAs_CE_YEEPLY_ADS_FR.jpg","type":"image\/jpeg"}],"twitter_card":"summary_large_image","twitter_site":"@Yeeply_EN","twitter_misc":{"Dur\u00e9e de lecture estim\u00e9e":"1 minute"},"schema":{"@context":"https:\/\/schema.org","@graph":[{"@type":"WebPage","@id":"https:\/\/yeeply.com\/fr\/landing\/typ-success-story-laliga\/","url":"https:\/\/yeeply.com\/fr\/landing\/typ-success-story-laliga\/","name":"Vous pouvez d\u00e9sormais t\u00e9l\u00e9charger la success story du jeu LaLiga","isPartOf":{"@id":"https:\/\/yeeply.com\/fr\/#website"},"primaryImageOfPage":{"@id":"https:\/\/yeeply.com\/fr\/landing\/typ-success-story-laliga\/#primaryimage"},"image":{"@id":"https:\/\/yeeply.com\/fr\/landing\/typ-success-story-laliga\/#primaryimage"},"thumbnailUrl":"https:\/\/yeeply.com\/fr\/wp-content\/uploads\/2020\/05\/CTAs_CE_YEEPLY_ADS_FR.jpg","datePublished":"2020-05-11T09:26:47+00:00","dateModified":"2024-09-02T10:05:31+00:00","description":"Ce lien vous permet d'acc\u00e9der \u00e0 la success story. Nous vous avons envoy\u00e9 une copie sur votre mail afin que vous puissiez y acc\u00e9der quand vous le voulez.","breadcrumb":{"@id":"https:\/\/yeeply.com\/fr\/landing\/typ-success-story-laliga\/#breadcrumb"},"inLanguage":"fr-FR","potentialAction":[{"@type":"ReadAction","target":["https:\/\/yeeply.com\/fr\/landing\/typ-success-story-laliga\/"]}]},{"@type":"ImageObject","inLanguage":"fr-FR","@id":"https:\/\/yeeply.com\/fr\/landing\/typ-success-story-laliga\/#primaryimage","url":"https:\/\/yeeply.com\/fr\/wp-content\/uploads\/2020\/05\/CTAs_CE_YEEPLY_ADS_FR.jpg","contentUrl":"https:\/\/yeeply.com\/fr\/wp-content\/uploads\/2020\/05\/CTAs_CE_YEEPLY_ADS_FR.jpg","width":1024,"height":512},{"@type":"BreadcrumbList","@id":"https:\/\/yeeply.com\/fr\/landing\/typ-success-story-laliga\/#breadcrumb","itemListElement":[{"@type":"ListItem","position":1,"name":"Home","item":"https:\/\/yeeply.com\/fr\/"},{"@type":"ListItem","position":2,"name":"Landing [NO BORRAR]","item":"https:\/\/yeeply.com\/fr\/landing\/"},{"@type":"ListItem","position":3,"name":"TYP &#8211; CS 1 LaLiga"}]},{"@type":"WebSite","@id":"https:\/\/yeeply.com\/fr\/#website","url":"https:\/\/yeeply.com\/fr\/","name":"Yeeply","description":"A platform for the development of digital projects","publisher":{"@id":"https:\/\/yeeply.com\/fr\/#organization"},"potentialAction":[{"@type":"SearchAction","target":{"@type":"EntryPoint","urlTemplate":"https:\/\/yeeply.com\/fr\/?s={search_term_string}"},"query-input":{"@type":"PropertyValueSpecification","valueRequired":true,"valueName":"search_term_string"}}],"inLanguage":"fr-FR"},{"@type":"Organization","@id":"https:\/\/yeeply.com\/fr\/#organization","name":"Yeeply","url":"https:\/\/yeeply.com\/fr\/","logo":{"@type":"ImageObject","inLanguage":"fr-FR","@id":"https:\/\/yeeply.com\/fr\/#\/schema\/logo\/image\/","url":"https:\/\/yeeply.com\/fr\/wp-content\/uploads\/2019\/05\/logo_yeeply_black@2x.png","contentUrl":"https:\/\/yeeply.com\/fr\/wp-content\/uploads\/2019\/05\/logo_yeeply_black@2x.png","width":360,"height":120,"caption":"Yeeply"},"image":{"@id":"https:\/\/yeeply.com\/fr\/#\/schema\/logo\/image\/"},"sameAs":["https:\/\/www.facebook.com\/YeeplyMobile\/","https:\/\/x.com\/Yeeply_EN","https:\/\/www.linkedin.com\/company\/yeeply"]}]}},"uagb_featured_image_src":{"full":["https:\/\/yeeply.com\/fr\/wp-content\/uploads\/2020\/05\/CTAs_CE_YEEPLY_ADS_FR.jpg",1024,512,false],"thumbnail":["https:\/\/yeeply.com\/fr\/wp-content\/uploads\/2020\/05\/CTAs_CE_YEEPLY_ADS_FR-150x150.png",150,150,true],"medium":["https:\/\/yeeply.com\/fr\/wp-content\/uploads\/2020\/05\/CTAs_CE_YEEPLY_ADS_FR-300x150.png",300,150,true],"medium_large":["https:\/\/yeeply.com\/fr\/wp-content\/uploads\/2020\/05\/CTAs_CE_YEEPLY_ADS_FR-768x384.png",640,320,true],"large":["https:\/\/yeeply.com\/fr\/wp-content\/uploads\/2020\/05\/CTAs_CE_YEEPLY_ADS_FR.jpg",640,320,false],"1536x1536":["https:\/\/yeeply.com\/fr\/wp-content\/uploads\/2020\/05\/CTAs_CE_YEEPLY_ADS_FR.jpg",1024,512,false],"2048x2048":["https:\/\/yeeply.com\/fr\/wp-content\/uploads\/2020\/05\/CTAs_CE_YEEPLY_ADS_FR.jpg",1024,512,false],"gform-image-choice-sm":["https:\/\/yeeply.com\/fr\/wp-content\/uploads\/2020\/05\/CTAs_CE_YEEPLY_ADS_FR.jpg",300,150,false],"gform-image-choice-md":["https:\/\/yeeply.com\/fr\/wp-content\/uploads\/2020\/05\/CTAs_CE_YEEPLY_ADS_FR.jpg",400,200,false],"gform-image-choice-lg":["https:\/\/yeeply.com\/fr\/wp-content\/uploads\/2020\/05\/CTAs_CE_YEEPLY_ADS_FR.jpg",600,300,false]},"uagb_author_info":{"display_name":"Luis Picurelli","author_link":"https:\/\/yeeply.com\/fr\/author\/luis\/"},"uagb_comment_info":0,"uagb_excerpt":null,"_links":{"self":[{"href":"https:\/\/yeeply.com\/fr\/wp-json\/wp\/v2\/pages\/12073","targetHints":{"allow":["GET"]}}],"collection":[{"href":"https:\/\/yeeply.com\/fr\/wp-json\/wp\/v2\/pages"}],"about":[{"href":"https:\/\/yeeply.com\/fr\/wp-json\/wp\/v2\/types\/page"}],"author":[{"embeddable":true,"href":"https:\/\/yeeply.com\/fr\/wp-json\/wp\/v2\/users\/4"}],"replies":[{"embeddable":true,"href":"https:\/\/yeeply.com\/fr\/wp-json\/wp\/v2\/comments?post=12073"}],"version-history":[{"count":1,"href":"https:\/\/yeeply.com\/fr\/wp-json\/wp\/v2\/pages\/12073\/revisions"}],"predecessor-version":[{"id":18730,"href":"https:\/\/yeeply.com\/fr\/wp-json\/wp\/v2\/pages\/12073\/revisions\/18730"}],"up":[{"embeddable":true,"href":"https:\/\/yeeply.com\/fr\/wp-json\/wp\/v2\/pages\/11946"}],"wp:featuredmedia":[{"embeddable":true,"href":"https:\/\/yeeply.com\/fr\/wp-json\/wp\/v2\/media\/12271"}],"wp:attachment":[{"href":"https:\/\/yeeply.com\/fr\/wp-json\/wp\/v2\/media?parent=12073"}],"wp:term":[{"taxonomy":"category","embeddable":true,"href":"https:\/\/yeeply.com\/fr\/wp-json\/wp\/v2\/categories?post=12073"}],"curies":[{"name":"wp","href":"https:\/\/api.w.org\/{rel}","templated":true}]}}