{"id":12072,"date":"2020-05-11T09:26:48","date_gmt":"2020-05-11T09:26:48","guid":{"rendered":"https:\/\/yeeply.com\/fr\/?page_id=12072"},"modified":"2024-09-02T12:00:57","modified_gmt":"2024-09-02T10:00:57","slug":"typ-telechargement-ebook-checklist-application","status":"publish","type":"page","link":"https:\/\/yeeply.com\/fr\/landing\/typ-telechargement-ebook-checklist-application\/","title":{"rendered":"TYP &#8211; Ebook 5 Checklist App"},"content":{"rendered":"\n<section class=\"wp-block-uagb-section uagb-section__wrap uagb-section__background-undefined uagb-block-e8a19538-1e43-45f6-b9b0-e7950e8eb815 lp-template\"><div class=\"uagb-section__overlay\"><\/div><div class=\"uagb-section__inner-wrap\">\n<section class=\"wp-block-uagb-columns uagb-columns__wrap uagb-columns__stack-tablet uagb-columns__valign-top uagb-columns__gap-10 align uagb-block-de601f35-2513-465e-b23f-261b562f544b uagb-columns__columns-2 uagb-columns__max_width-custom\"><div class=\"uagb-columns__overlay\"><\/div><div class=\"uagb-columns__inner-wrap uagb-columns__columns-2\">\n<div class=\"wp-block-uagb-column uagb-column__wrap uagb-column__background-undefined uagb-block-9920f4bc-570b-4eb7-84be-6f43ce0affbd\"><div class=\"uagb-column__overlay\"><\/div><div class=\"wp-block-image\">\n<figure class=\"aligncenter size-large\"><a href=\"https:\/\/mautic.yeeply.com\/asset\/23:fr-ebook-5-checklist-apppdf?stream=1\"><img fetchpriority=\"high\" decoding=\"async\" width=\"590\" height=\"750\" src=\"https:\/\/yeeply.com\/fr\/wp-content\/uploads\/2020\/05\/FR-TYP-E5-Miniatura.png\" alt=\"\" class=\"wp-image-12290\" srcset=\"https:\/\/yeeply.com\/fr\/wp-content\/uploads\/2020\/05\/FR-TYP-E5-Miniatura.png 590w, https:\/\/yeeply.com\/fr\/wp-content\/uploads\/2020\/05\/FR-TYP-E5-Miniatura-236x300.png 236w\" sizes=\"(max-width: 590px) 100vw, 590px\" \/><\/a><\/figure><\/div><\/div>\n\n\n\n<div class=\"wp-block-uagb-column uagb-column__wrap uagb-column__background-undefined uagb-block-cc5a1604-fe29-4f89-839d-716af6975c2e\"><div class=\"uagb-column__overlay\"><\/div>\n<h2 class=\"wp-block-heading\">Voici votre checklist ! Pouvons-nous vous aider pour autre chose ?<\/h2>\n\n\n\n<p>Vous \u00eates maintenant sur le point de trouver le cr\u00e9ateur d&rsquo;application id\u00e9al pour votre projet. Nous esp\u00e9rons que cet ebook vous aidera.<\/p>\n\n\n\n<p><strong>Vous voulez que nous vous aidions \u00e0 trouver le meilleur d\u00e9veloppeur d&rsquo;applications ?<\/strong>&nbsp;Parlez-nous un peu plus de votre projet : cela ne prendra qu&rsquo;une minute et vous recevrez rapidement un devis personnalis\u00e9 et sans engagement.<\/p>\n\n\n\n<section class=\"wp-block-uagb-columns uagb-columns__wrap uagb-columns__stack-mobile uagb-columns__valign- uagb-columns__gap-10 align uagb-block-cb6e19b9-cb52-4122-9c2b-b6785edd841b uagb-columns__columns-2 uagb-columns__max_width-theme\"><div class=\"uagb-columns__overlay\"><\/div><div class=\"uagb-columns__inner-wrap uagb-columns__columns-2\">\n<div class=\"wp-block-uagb-column uagb-column__wrap uagb-column__background-undefined uagb-block-6e90b943-b7cb-4b5f-aa5d-c3bc57fbb62f\"><div class=\"uagb-column__overlay\"><\/div>\n<div class=\"wp-block-button btn-typ-white-outline\"><a class=\"wp-block-button__link wp-element-button\" href=\"https:\/\/mautic.yeeply.com\/asset\/23:fr-ebook-5-checklist-apppdf?stream=1\" target=\"_blank\" rel=\"noreferrer noopener\">T\u00c9L\u00c9CHARGER EBOOK<\/a><\/div>\n<\/div>\n\n\n\n<div class=\"wp-block-uagb-column uagb-column__wrap uagb-column__background-undefined uagb-block-a2a7915e-1162-454b-b401-f860946b0c26\"><div class=\"uagb-column__overlay\"><\/div>\n<div class=\"wp-block-button btn-typ-blue\"><a class=\"wp-block-button__link wp-element-button\" href=\"https:\/\/yeeply.com\/fr\/#publish-project\" target=\"_blank\" rel=\"noreferrer noopener\">PUBLIER PROJET<\/a><\/div>\n<\/div>\n<\/div><\/section>\n\n\n\n<p>V\u00e9rifiez vos mails ! Nous vous avons envoy\u00e9 un e-mail avec l&rsquo;ebook pour que vous puissiez y acc\u00e9der lorsque vous en avez besoin. V\u00e9rifiez votre bo\u00eete de r\u00e9ception et assurez-vous qu&rsquo;il n&rsquo;est pas dans vos SPAM.<\/p>\n<\/div>\n<\/div><\/section>\n\n\n<style>.wp-block-kadence-spacer.kt-block-spacer-12072_9c1614-79 .kt-block-spacer{height:70px;}.wp-block-kadence-spacer.kt-block-spacer-12072_9c1614-79 .kt-divider{border-top-width:1px;height:1px;border-top-color:#eee;width:80%;border-top-style:solid;}<\/style>\n<div class=\"wp-block-kadence-spacer aligncenter kt-block-spacer-12072_9c1614-79\"><div class=\"kt-block-spacer kt-block-spacer-halign-center\"><\/div><\/div>\n<\/div><\/section>\n\n\n\n<p><\/p>\n","protected":false},"excerpt":{"rendered":"","protected":false},"author":4,"featured_media":12262,"parent":11946,"menu_order":0,"comment_status":"closed","ping_status":"closed","template":"","meta":{"inline_featured_image":false,"_uag_custom_page_level_css":"","footnotes":""},"categories":[],"class_list":["post-12072","page","type-page","status-publish","has-post-thumbnail","hentry"],"yoast_head":"<!-- This site is optimized with the Yoast SEO plugin v27.4 - https:\/\/yoast.com\/product\/yoast-seo-wordpress\/ -->\n<title>Merci d&#039;avoir t\u00e9l\u00e9charg\u00e9 la checklist du cr\u00e9ateur id\u00e9al d&#039;applications !<\/title>\n<meta name=\"description\" content=\"Vous pouvez obtenir votre ebook via ce lien. Nous avons \u00e9galement envoy\u00e9 une copie \u00e0 votre adresse e-mail pour un acc\u00e8s illimit\u00e9.\" \/>\n<meta name=\"robots\" content=\"noindex, follow\" \/>\n<meta property=\"og:locale\" content=\"fr_FR\" \/>\n<meta property=\"og:type\" content=\"article\" \/>\n<meta property=\"og:title\" content=\"Merci d&#039;avoir t\u00e9l\u00e9charg\u00e9 la checklist du cr\u00e9ateur id\u00e9al d&#039;applications !\" \/>\n<meta property=\"og:description\" content=\"Vous pouvez obtenir votre ebook via ce lien. Nous avons \u00e9galement envoy\u00e9 une copie \u00e0 votre adresse e-mail pour un acc\u00e8s illimit\u00e9.\" \/>\n<meta property=\"og:url\" content=\"https:\/\/yeeply.com\/fr\/landing\/typ-telechargement-ebook-checklist-application\/\" \/>\n<meta property=\"og:site_name\" content=\"Yeeply\" \/>\n<meta property=\"article:publisher\" content=\"https:\/\/www.facebook.com\/YeeplyMobile\/\" \/>\n<meta property=\"article:modified_time\" content=\"2024-09-02T10:00:57+00:00\" \/>\n<meta property=\"og:image\" content=\"https:\/\/yeeply.com\/fr\/wp-content\/uploads\/2020\/05\/FR-E5-Checklist-app-Imagen-destacada.png\" \/>\n\t<meta property=\"og:image:width\" content=\"1024\" \/>\n\t<meta property=\"og:image:height\" content=\"512\" \/>\n\t<meta property=\"og:image:type\" content=\"image\/png\" \/>\n<meta name=\"twitter:card\" content=\"summary_large_image\" \/>\n<meta name=\"twitter:site\" content=\"@Yeeply_EN\" \/>\n<meta name=\"twitter:label1\" content=\"Dur\u00e9e de lecture estim\u00e9e\" \/>\n\t<meta name=\"twitter:data1\" content=\"1 minute\" \/>\n<script type=\"application\/ld+json\" class=\"yoast-schema-graph\">{\"@context\":\"https:\\\/\\\/schema.org\",\"@graph\":[{\"@type\":\"WebPage\",\"@id\":\"https:\\\/\\\/yeeply.com\\\/fr\\\/landing\\\/typ-telechargement-ebook-checklist-application\\\/\",\"url\":\"https:\\\/\\\/yeeply.com\\\/fr\\\/landing\\\/typ-telechargement-ebook-checklist-application\\\/\",\"name\":\"Merci d'avoir t\u00e9l\u00e9charg\u00e9 la checklist du cr\u00e9ateur id\u00e9al d'applications !\",\"isPartOf\":{\"@id\":\"https:\\\/\\\/yeeply.com\\\/fr\\\/#website\"},\"primaryImageOfPage\":{\"@id\":\"https:\\\/\\\/yeeply.com\\\/fr\\\/landing\\\/typ-telechargement-ebook-checklist-application\\\/#primaryimage\"},\"image\":{\"@id\":\"https:\\\/\\\/yeeply.com\\\/fr\\\/landing\\\/typ-telechargement-ebook-checklist-application\\\/#primaryimage\"},\"thumbnailUrl\":\"https:\\\/\\\/yeeply.com\\\/fr\\\/wp-content\\\/uploads\\\/2020\\\/05\\\/FR-E5-Checklist-app-Imagen-destacada.png\",\"datePublished\":\"2020-05-11T09:26:48+00:00\",\"dateModified\":\"2024-09-02T10:00:57+00:00\",\"description\":\"Vous pouvez obtenir votre ebook via ce lien. Nous avons \u00e9galement envoy\u00e9 une copie \u00e0 votre adresse e-mail pour un acc\u00e8s illimit\u00e9.\",\"breadcrumb\":{\"@id\":\"https:\\\/\\\/yeeply.com\\\/fr\\\/landing\\\/typ-telechargement-ebook-checklist-application\\\/#breadcrumb\"},\"inLanguage\":\"fr-FR\",\"potentialAction\":[{\"@type\":\"ReadAction\",\"target\":[\"https:\\\/\\\/yeeply.com\\\/fr\\\/landing\\\/typ-telechargement-ebook-checklist-application\\\/\"]}]},{\"@type\":\"ImageObject\",\"inLanguage\":\"fr-FR\",\"@id\":\"https:\\\/\\\/yeeply.com\\\/fr\\\/landing\\\/typ-telechargement-ebook-checklist-application\\\/#primaryimage\",\"url\":\"https:\\\/\\\/yeeply.com\\\/fr\\\/wp-content\\\/uploads\\\/2020\\\/05\\\/FR-E5-Checklist-app-Imagen-destacada.png\",\"contentUrl\":\"https:\\\/\\\/yeeply.com\\\/fr\\\/wp-content\\\/uploads\\\/2020\\\/05\\\/FR-E5-Checklist-app-Imagen-destacada.png\",\"width\":1024,\"height\":512},{\"@type\":\"BreadcrumbList\",\"@id\":\"https:\\\/\\\/yeeply.com\\\/fr\\\/landing\\\/typ-telechargement-ebook-checklist-application\\\/#breadcrumb\",\"itemListElement\":[{\"@type\":\"ListItem\",\"position\":1,\"name\":\"Home\",\"item\":\"https:\\\/\\\/yeeply.com\\\/fr\\\/\"},{\"@type\":\"ListItem\",\"position\":2,\"name\":\"Landing [NO BORRAR]\",\"item\":\"https:\\\/\\\/yeeply.com\\\/fr\\\/landing\\\/\"},{\"@type\":\"ListItem\",\"position\":3,\"name\":\"TYP &#8211; Ebook 5 Checklist App\"}]},{\"@type\":\"WebSite\",\"@id\":\"https:\\\/\\\/yeeply.com\\\/fr\\\/#website\",\"url\":\"https:\\\/\\\/yeeply.com\\\/fr\\\/\",\"name\":\"Yeeply\",\"description\":\"A platform for the development of digital projects\",\"publisher\":{\"@id\":\"https:\\\/\\\/yeeply.com\\\/fr\\\/#organization\"},\"potentialAction\":[{\"@type\":\"SearchAction\",\"target\":{\"@type\":\"EntryPoint\",\"urlTemplate\":\"https:\\\/\\\/yeeply.com\\\/fr\\\/?s={search_term_string}\"},\"query-input\":{\"@type\":\"PropertyValueSpecification\",\"valueRequired\":true,\"valueName\":\"search_term_string\"}}],\"inLanguage\":\"fr-FR\"},{\"@type\":\"Organization\",\"@id\":\"https:\\\/\\\/yeeply.com\\\/fr\\\/#organization\",\"name\":\"Yeeply\",\"url\":\"https:\\\/\\\/yeeply.com\\\/fr\\\/\",\"logo\":{\"@type\":\"ImageObject\",\"inLanguage\":\"fr-FR\",\"@id\":\"https:\\\/\\\/yeeply.com\\\/fr\\\/#\\\/schema\\\/logo\\\/image\\\/\",\"url\":\"https:\\\/\\\/yeeply.com\\\/fr\\\/wp-content\\\/uploads\\\/2019\\\/05\\\/logo_yeeply_black@2x.png\",\"contentUrl\":\"https:\\\/\\\/yeeply.com\\\/fr\\\/wp-content\\\/uploads\\\/2019\\\/05\\\/logo_yeeply_black@2x.png\",\"width\":360,\"height\":120,\"caption\":\"Yeeply\"},\"image\":{\"@id\":\"https:\\\/\\\/yeeply.com\\\/fr\\\/#\\\/schema\\\/logo\\\/image\\\/\"},\"sameAs\":[\"https:\\\/\\\/www.facebook.com\\\/YeeplyMobile\\\/\",\"https:\\\/\\\/x.com\\\/Yeeply_EN\",\"https:\\\/\\\/www.linkedin.com\\\/company\\\/yeeply\"]}]}<\/script>\n<!-- \/ Yoast SEO plugin. -->","yoast_head_json":{"title":"Merci d'avoir t\u00e9l\u00e9charg\u00e9 la checklist du cr\u00e9ateur id\u00e9al d'applications !","description":"Vous pouvez obtenir votre ebook via ce lien. Nous avons \u00e9galement envoy\u00e9 une copie \u00e0 votre adresse e-mail pour un acc\u00e8s illimit\u00e9.","robots":{"index":"noindex","follow":"follow"},"og_locale":"fr_FR","og_type":"article","og_title":"Merci d'avoir t\u00e9l\u00e9charg\u00e9 la checklist du cr\u00e9ateur id\u00e9al d'applications !","og_description":"Vous pouvez obtenir votre ebook via ce lien. Nous avons \u00e9galement envoy\u00e9 une copie \u00e0 votre adresse e-mail pour un acc\u00e8s illimit\u00e9.","og_url":"https:\/\/yeeply.com\/fr\/landing\/typ-telechargement-ebook-checklist-application\/","og_site_name":"Yeeply","article_publisher":"https:\/\/www.facebook.com\/YeeplyMobile\/","article_modified_time":"2024-09-02T10:00:57+00:00","og_image":[{"width":1024,"height":512,"url":"https:\/\/yeeply.com\/fr\/wp-content\/uploads\/2020\/05\/FR-E5-Checklist-app-Imagen-destacada.png","type":"image\/png"}],"twitter_card":"summary_large_image","twitter_site":"@Yeeply_EN","twitter_misc":{"Dur\u00e9e de lecture estim\u00e9e":"1 minute"},"schema":{"@context":"https:\/\/schema.org","@graph":[{"@type":"WebPage","@id":"https:\/\/yeeply.com\/fr\/landing\/typ-telechargement-ebook-checklist-application\/","url":"https:\/\/yeeply.com\/fr\/landing\/typ-telechargement-ebook-checklist-application\/","name":"Merci d'avoir t\u00e9l\u00e9charg\u00e9 la checklist du cr\u00e9ateur id\u00e9al d'applications !","isPartOf":{"@id":"https:\/\/yeeply.com\/fr\/#website"},"primaryImageOfPage":{"@id":"https:\/\/yeeply.com\/fr\/landing\/typ-telechargement-ebook-checklist-application\/#primaryimage"},"image":{"@id":"https:\/\/yeeply.com\/fr\/landing\/typ-telechargement-ebook-checklist-application\/#primaryimage"},"thumbnailUrl":"https:\/\/yeeply.com\/fr\/wp-content\/uploads\/2020\/05\/FR-E5-Checklist-app-Imagen-destacada.png","datePublished":"2020-05-11T09:26:48+00:00","dateModified":"2024-09-02T10:00:57+00:00","description":"Vous pouvez obtenir votre ebook via ce lien. Nous avons \u00e9galement envoy\u00e9 une copie \u00e0 votre adresse e-mail pour un acc\u00e8s illimit\u00e9.","breadcrumb":{"@id":"https:\/\/yeeply.com\/fr\/landing\/typ-telechargement-ebook-checklist-application\/#breadcrumb"},"inLanguage":"fr-FR","potentialAction":[{"@type":"ReadAction","target":["https:\/\/yeeply.com\/fr\/landing\/typ-telechargement-ebook-checklist-application\/"]}]},{"@type":"ImageObject","inLanguage":"fr-FR","@id":"https:\/\/yeeply.com\/fr\/landing\/typ-telechargement-ebook-checklist-application\/#primaryimage","url":"https:\/\/yeeply.com\/fr\/wp-content\/uploads\/2020\/05\/FR-E5-Checklist-app-Imagen-destacada.png","contentUrl":"https:\/\/yeeply.com\/fr\/wp-content\/uploads\/2020\/05\/FR-E5-Checklist-app-Imagen-destacada.png","width":1024,"height":512},{"@type":"BreadcrumbList","@id":"https:\/\/yeeply.com\/fr\/landing\/typ-telechargement-ebook-checklist-application\/#breadcrumb","itemListElement":[{"@type":"ListItem","position":1,"name":"Home","item":"https:\/\/yeeply.com\/fr\/"},{"@type":"ListItem","position":2,"name":"Landing [NO BORRAR]","item":"https:\/\/yeeply.com\/fr\/landing\/"},{"@type":"ListItem","position":3,"name":"TYP &#8211; Ebook 5 Checklist App"}]},{"@type":"WebSite","@id":"https:\/\/yeeply.com\/fr\/#website","url":"https:\/\/yeeply.com\/fr\/","name":"Yeeply","description":"A platform for the development of digital projects","publisher":{"@id":"https:\/\/yeeply.com\/fr\/#organization"},"potentialAction":[{"@type":"SearchAction","target":{"@type":"EntryPoint","urlTemplate":"https:\/\/yeeply.com\/fr\/?s={search_term_string}"},"query-input":{"@type":"PropertyValueSpecification","valueRequired":true,"valueName":"search_term_string"}}],"inLanguage":"fr-FR"},{"@type":"Organization","@id":"https:\/\/yeeply.com\/fr\/#organization","name":"Yeeply","url":"https:\/\/yeeply.com\/fr\/","logo":{"@type":"ImageObject","inLanguage":"fr-FR","@id":"https:\/\/yeeply.com\/fr\/#\/schema\/logo\/image\/","url":"https:\/\/yeeply.com\/fr\/wp-content\/uploads\/2019\/05\/logo_yeeply_black@2x.png","contentUrl":"https:\/\/yeeply.com\/fr\/wp-content\/uploads\/2019\/05\/logo_yeeply_black@2x.png","width":360,"height":120,"caption":"Yeeply"},"image":{"@id":"https:\/\/yeeply.com\/fr\/#\/schema\/logo\/image\/"},"sameAs":["https:\/\/www.facebook.com\/YeeplyMobile\/","https:\/\/x.com\/Yeeply_EN","https:\/\/www.linkedin.com\/company\/yeeply"]}]}},"uagb_featured_image_src":{"full":["https:\/\/yeeply.com\/fr\/wp-content\/uploads\/2020\/05\/FR-E5-Checklist-app-Imagen-destacada.png",1024,512,false],"thumbnail":["https:\/\/yeeply.com\/fr\/wp-content\/uploads\/2020\/05\/FR-E5-Checklist-app-Imagen-destacada-150x150.png",150,150,true],"medium":["https:\/\/yeeply.com\/fr\/wp-content\/uploads\/2020\/05\/FR-E5-Checklist-app-Imagen-destacada-300x150.png",300,150,true],"medium_large":["https:\/\/yeeply.com\/fr\/wp-content\/uploads\/2020\/05\/FR-E5-Checklist-app-Imagen-destacada-768x384.png",640,320,true],"large":["https:\/\/yeeply.com\/fr\/wp-content\/uploads\/2020\/05\/FR-E5-Checklist-app-Imagen-destacada.png",640,320,false],"1536x1536":["https:\/\/yeeply.com\/fr\/wp-content\/uploads\/2020\/05\/FR-E5-Checklist-app-Imagen-destacada.png",1024,512,false],"2048x2048":["https:\/\/yeeply.com\/fr\/wp-content\/uploads\/2020\/05\/FR-E5-Checklist-app-Imagen-destacada.png",1024,512,false],"gform-image-choice-sm":["https:\/\/yeeply.com\/fr\/wp-content\/uploads\/2020\/05\/FR-E5-Checklist-app-Imagen-destacada.png",300,150,false],"gform-image-choice-md":["https:\/\/yeeply.com\/fr\/wp-content\/uploads\/2020\/05\/FR-E5-Checklist-app-Imagen-destacada.png",400,200,false],"gform-image-choice-lg":["https:\/\/yeeply.com\/fr\/wp-content\/uploads\/2020\/05\/FR-E5-Checklist-app-Imagen-destacada.png",600,300,false]},"uagb_author_info":{"display_name":"Luis Picurelli","author_link":"https:\/\/yeeply.com\/fr\/author\/luis\/"},"uagb_comment_info":0,"uagb_excerpt":null,"_links":{"self":[{"href":"https:\/\/yeeply.com\/fr\/wp-json\/wp\/v2\/pages\/12072","targetHints":{"allow":["GET"]}}],"collection":[{"href":"https:\/\/yeeply.com\/fr\/wp-json\/wp\/v2\/pages"}],"about":[{"href":"https:\/\/yeeply.com\/fr\/wp-json\/wp\/v2\/types\/page"}],"author":[{"embeddable":true,"href":"https:\/\/yeeply.com\/fr\/wp-json\/wp\/v2\/users\/4"}],"replies":[{"embeddable":true,"href":"https:\/\/yeeply.com\/fr\/wp-json\/wp\/v2\/comments?post=12072"}],"version-history":[{"count":1,"href":"https:\/\/yeeply.com\/fr\/wp-json\/wp\/v2\/pages\/12072\/revisions"}],"predecessor-version":[{"id":18720,"href":"https:\/\/yeeply.com\/fr\/wp-json\/wp\/v2\/pages\/12072\/revisions\/18720"}],"up":[{"embeddable":true,"href":"https:\/\/yeeply.com\/fr\/wp-json\/wp\/v2\/pages\/11946"}],"wp:featuredmedia":[{"embeddable":true,"href":"https:\/\/yeeply.com\/fr\/wp-json\/wp\/v2\/media\/12262"}],"wp:attachment":[{"href":"https:\/\/yeeply.com\/fr\/wp-json\/wp\/v2\/media?parent=12072"}],"wp:term":[{"taxonomy":"category","embeddable":true,"href":"https:\/\/yeeply.com\/fr\/wp-json\/wp\/v2\/categories?post=12072"}],"curies":[{"name":"wp","href":"https:\/\/api.w.org\/{rel}","templated":true}]}}