{"id":12070,"date":"2020-05-11T09:26:48","date_gmt":"2020-05-11T09:26:48","guid":{"rendered":"https:\/\/yeeply.com\/fr\/?page_id=12070"},"modified":"2024-09-02T12:02:22","modified_gmt":"2024-09-02T10:02:22","slug":"typ-telechargement-ebook-jeux","status":"publish","type":"page","link":"https:\/\/yeeply.com\/fr\/landing\/typ-telechargement-ebook-jeux\/","title":{"rendered":"TYP &#8211; Ebook 3 Juego"},"content":{"rendered":"\n<section class=\"wp-block-uagb-section uagb-section__wrap uagb-section__background-undefined uagb-block-e626d602-5c17-4e47-94d9-54e2b1bcbce3 lp-template\"><div class=\"uagb-section__overlay\"><\/div><div class=\"uagb-section__inner-wrap\">\n<section class=\"wp-block-uagb-columns uagb-columns__wrap uagb-columns__stack-tablet uagb-columns__valign-top uagb-columns__gap-10 align uagb-block-e0c9d7f7-a96e-4664-9ca0-febe1d499a42 uagb-columns__columns-2 uagb-columns__max_width-custom\"><div class=\"uagb-columns__overlay\"><\/div><div class=\"uagb-columns__inner-wrap uagb-columns__columns-2\">\n<div class=\"wp-block-uagb-column uagb-column__wrap uagb-column__background-undefined uagb-block-9920f4bc-570b-4eb7-84be-6f43ce0affbd\"><div class=\"uagb-column__overlay\"><\/div><div class=\"wp-block-image\">\n<figure class=\"aligncenter size-large\"><a href=\"https:\/\/mautic.yeeply.com\/asset\/13:yeeplyebook3juegomovilfrpdf?stream=1\"><img fetchpriority=\"high\" decoding=\"async\" width=\"590\" height=\"750\" src=\"https:\/\/yeeply.com\/fr\/wp-content\/uploads\/2020\/05\/FR-ebook3-typ.png\" alt=\"\" class=\"wp-image-12285\" srcset=\"https:\/\/yeeply.com\/fr\/wp-content\/uploads\/2020\/05\/FR-ebook3-typ.png 590w, https:\/\/yeeply.com\/fr\/wp-content\/uploads\/2020\/05\/FR-ebook3-typ-236x300.png 236w\" sizes=\"(max-width: 590px) 100vw, 590px\" \/><\/a><\/figure><\/div><\/div>\n\n\n\n<div class=\"wp-block-uagb-column uagb-column__wrap uagb-column__background-undefined uagb-block-cc5a1604-fe29-4f89-839d-716af6975c2e\"><div class=\"uagb-column__overlay\"><\/div>\n<h2 class=\"wp-block-heading\">Voici votre ebook ! Pouvons-nous vous aider pour autre chose?<\/h2>\n\n\n\n<p>Maintenant, vous \u00eates un pas de plus vers la cr\u00e9ation de ce jeu incroyable que vous avez \u00e0 l&rsquo;esprit. Nous esp\u00e9rons que cet ebook vous aidera.<\/p>\n\n\n\n<p><strong>Vous voulez que nous vous aidions \u00e0 trouver une \u00e9quipe de d\u00e9veloppeurs pour faire de votre jeu une r\u00e9alit\u00e9 ?&nbsp;<\/strong>Parlez-nous un peu de votre projet : cela ne vous prendra qu&rsquo;une minute et vous recevrez rapidement un devis personnalis\u00e9 et sans engagement.<\/p>\n\n\n\n<section class=\"wp-block-uagb-columns uagb-columns__wrap uagb-columns__stack-mobile uagb-columns__valign- uagb-columns__gap-10 align uagb-block-cb6e19b9-cb52-4122-9c2b-b6785edd841b uagb-columns__columns-2 uagb-columns__max_width-theme\"><div class=\"uagb-columns__overlay\"><\/div><div class=\"uagb-columns__inner-wrap uagb-columns__columns-2\">\n<div class=\"wp-block-uagb-column uagb-column__wrap uagb-column__background-undefined uagb-block-9816daff-2f36-4b65-af21-476d73816407\"><div class=\"uagb-column__overlay\"><\/div>\n<div class=\"wp-block-button btn-typ-white-outline\"><a class=\"wp-block-button__link wp-element-button\" href=\"https:\/\/mautic.yeeply.com\/asset\/13:yeeplyebook3juegomovilfrpdf?stream=1\" target=\"_blank\" rel=\"noreferrer noopener\">T\u00c9L\u00c9CHARGER EBOOK<\/a><\/div>\n<\/div>\n\n\n\n<div class=\"wp-block-uagb-column uagb-column__wrap uagb-column__background-undefined uagb-block-d8ceff47-3959-4215-9807-8f33eabe26e3\"><div class=\"uagb-column__overlay\"><\/div>\n<div class=\"wp-block-button btn-typ-blue\"><a class=\"wp-block-button__link wp-element-button\" href=\"https:\/\/yeeply.com\/fr\/#publish-project\" target=\"_blank\" rel=\"noreferrer noopener\">PUBLIER PROJET<\/a><\/div>\n<\/div>\n<\/div><\/section>\n\n\n\n<p>V\u00e9rifiez vos mails ! Nous vous avons envoy\u00e9 un e-mail avec l&rsquo;ebook pour que vous puissiez y acc\u00e9der lorsque vous en avez besoin. V\u00e9rifiez votre bo\u00eete de r\u00e9ception et assurez-vous qu&rsquo;il n&rsquo;est pas dans vos SPAM.<\/p>\n<\/div>\n<\/div><\/section>\n\n\n<style>.wp-block-kadence-spacer.kt-block-spacer-12070_b79a8f-cd .kt-block-spacer{height:70px;}.wp-block-kadence-spacer.kt-block-spacer-12070_b79a8f-cd .kt-divider{border-top-width:1px;height:1px;border-top-color:#eee;width:80%;border-top-style:solid;}<\/style>\n<div class=\"wp-block-kadence-spacer aligncenter kt-block-spacer-12070_b79a8f-cd\"><div class=\"kt-block-spacer kt-block-spacer-halign-center\"><\/div><\/div>\n<\/div><\/section>\n\n\n\n<p><\/p>\n","protected":false},"excerpt":{"rendered":"","protected":false},"author":4,"featured_media":12250,"parent":11946,"menu_order":0,"comment_status":"closed","ping_status":"closed","template":"","meta":{"inline_featured_image":false,"_uag_custom_page_level_css":"","footnotes":""},"categories":[],"class_list":["post-12070","page","type-page","status-publish","has-post-thumbnail","hentry"],"yoast_head":"<!-- This site is optimized with the Yoast SEO plugin v27.4 - https:\/\/yoast.com\/product\/yoast-seo-wordpress\/ -->\n<title>Merci de t\u00e9l\u00e9charger Apprendre \u00e0 cr\u00e9er un jeu mobile incroyable !<\/title>\n<meta name=\"description\" content=\"Vous pouvez obtenir votre ebook par ce lien. Nous avons vous avons \u00e9galement envoy\u00e9 une copie par e-mail pour un acc\u00e8s sans limite.\" \/>\n<meta name=\"robots\" content=\"noindex, follow\" \/>\n<meta property=\"og:locale\" content=\"fr_FR\" \/>\n<meta property=\"og:type\" content=\"article\" \/>\n<meta property=\"og:title\" content=\"Merci de t\u00e9l\u00e9charger Apprendre \u00e0 cr\u00e9er un jeu mobile incroyable !\" \/>\n<meta property=\"og:description\" content=\"Vous pouvez obtenir votre ebook par ce lien. Nous avons vous avons \u00e9galement envoy\u00e9 une copie par e-mail pour un acc\u00e8s sans limite.\" \/>\n<meta property=\"og:url\" content=\"https:\/\/yeeply.com\/fr\/landing\/typ-telechargement-ebook-jeux\/\" \/>\n<meta property=\"og:site_name\" content=\"Yeeply\" \/>\n<meta property=\"article:publisher\" content=\"https:\/\/www.facebook.com\/YeeplyMobile\/\" \/>\n<meta property=\"article:modified_time\" content=\"2024-09-02T10:02:22+00:00\" \/>\n<meta property=\"og:image\" content=\"https:\/\/yeeply.com\/fr\/wp-content\/uploads\/2020\/05\/CTAs_YEEPLY_eBook_3_ADS_FR.jpg\" \/>\n\t<meta property=\"og:image:width\" content=\"1024\" \/>\n\t<meta property=\"og:image:height\" content=\"512\" \/>\n\t<meta property=\"og:image:type\" content=\"image\/jpeg\" \/>\n<meta name=\"twitter:card\" content=\"summary_large_image\" \/>\n<meta name=\"twitter:site\" content=\"@Yeeply_EN\" \/>\n<meta name=\"twitter:label1\" content=\"Dur\u00e9e de lecture estim\u00e9e\" \/>\n\t<meta name=\"twitter:data1\" content=\"2 minutes\" \/>\n<script type=\"application\/ld+json\" class=\"yoast-schema-graph\">{\"@context\":\"https:\\\/\\\/schema.org\",\"@graph\":[{\"@type\":\"WebPage\",\"@id\":\"https:\\\/\\\/yeeply.com\\\/fr\\\/landing\\\/typ-telechargement-ebook-jeux\\\/\",\"url\":\"https:\\\/\\\/yeeply.com\\\/fr\\\/landing\\\/typ-telechargement-ebook-jeux\\\/\",\"name\":\"Merci de t\u00e9l\u00e9charger Apprendre \u00e0 cr\u00e9er un jeu mobile incroyable !\",\"isPartOf\":{\"@id\":\"https:\\\/\\\/yeeply.com\\\/fr\\\/#website\"},\"primaryImageOfPage\":{\"@id\":\"https:\\\/\\\/yeeply.com\\\/fr\\\/landing\\\/typ-telechargement-ebook-jeux\\\/#primaryimage\"},\"image\":{\"@id\":\"https:\\\/\\\/yeeply.com\\\/fr\\\/landing\\\/typ-telechargement-ebook-jeux\\\/#primaryimage\"},\"thumbnailUrl\":\"https:\\\/\\\/yeeply.com\\\/fr\\\/wp-content\\\/uploads\\\/2020\\\/05\\\/CTAs_YEEPLY_eBook_3_ADS_FR.jpg\",\"datePublished\":\"2020-05-11T09:26:48+00:00\",\"dateModified\":\"2024-09-02T10:02:22+00:00\",\"description\":\"Vous pouvez obtenir votre ebook par ce lien. Nous avons vous avons \u00e9galement envoy\u00e9 une copie par e-mail pour un acc\u00e8s sans limite.\",\"breadcrumb\":{\"@id\":\"https:\\\/\\\/yeeply.com\\\/fr\\\/landing\\\/typ-telechargement-ebook-jeux\\\/#breadcrumb\"},\"inLanguage\":\"fr-FR\",\"potentialAction\":[{\"@type\":\"ReadAction\",\"target\":[\"https:\\\/\\\/yeeply.com\\\/fr\\\/landing\\\/typ-telechargement-ebook-jeux\\\/\"]}]},{\"@type\":\"ImageObject\",\"inLanguage\":\"fr-FR\",\"@id\":\"https:\\\/\\\/yeeply.com\\\/fr\\\/landing\\\/typ-telechargement-ebook-jeux\\\/#primaryimage\",\"url\":\"https:\\\/\\\/yeeply.com\\\/fr\\\/wp-content\\\/uploads\\\/2020\\\/05\\\/CTAs_YEEPLY_eBook_3_ADS_FR.jpg\",\"contentUrl\":\"https:\\\/\\\/yeeply.com\\\/fr\\\/wp-content\\\/uploads\\\/2020\\\/05\\\/CTAs_YEEPLY_eBook_3_ADS_FR.jpg\",\"width\":1024,\"height\":512},{\"@type\":\"BreadcrumbList\",\"@id\":\"https:\\\/\\\/yeeply.com\\\/fr\\\/landing\\\/typ-telechargement-ebook-jeux\\\/#breadcrumb\",\"itemListElement\":[{\"@type\":\"ListItem\",\"position\":1,\"name\":\"Home\",\"item\":\"https:\\\/\\\/yeeply.com\\\/fr\\\/\"},{\"@type\":\"ListItem\",\"position\":2,\"name\":\"Landing [NO BORRAR]\",\"item\":\"https:\\\/\\\/yeeply.com\\\/fr\\\/landing\\\/\"},{\"@type\":\"ListItem\",\"position\":3,\"name\":\"TYP &#8211; Ebook 3 Juego\"}]},{\"@type\":\"WebSite\",\"@id\":\"https:\\\/\\\/yeeply.com\\\/fr\\\/#website\",\"url\":\"https:\\\/\\\/yeeply.com\\\/fr\\\/\",\"name\":\"Yeeply\",\"description\":\"A platform for the development of digital projects\",\"publisher\":{\"@id\":\"https:\\\/\\\/yeeply.com\\\/fr\\\/#organization\"},\"potentialAction\":[{\"@type\":\"SearchAction\",\"target\":{\"@type\":\"EntryPoint\",\"urlTemplate\":\"https:\\\/\\\/yeeply.com\\\/fr\\\/?s={search_term_string}\"},\"query-input\":{\"@type\":\"PropertyValueSpecification\",\"valueRequired\":true,\"valueName\":\"search_term_string\"}}],\"inLanguage\":\"fr-FR\"},{\"@type\":\"Organization\",\"@id\":\"https:\\\/\\\/yeeply.com\\\/fr\\\/#organization\",\"name\":\"Yeeply\",\"url\":\"https:\\\/\\\/yeeply.com\\\/fr\\\/\",\"logo\":{\"@type\":\"ImageObject\",\"inLanguage\":\"fr-FR\",\"@id\":\"https:\\\/\\\/yeeply.com\\\/fr\\\/#\\\/schema\\\/logo\\\/image\\\/\",\"url\":\"https:\\\/\\\/yeeply.com\\\/fr\\\/wp-content\\\/uploads\\\/2019\\\/05\\\/logo_yeeply_black@2x.png\",\"contentUrl\":\"https:\\\/\\\/yeeply.com\\\/fr\\\/wp-content\\\/uploads\\\/2019\\\/05\\\/logo_yeeply_black@2x.png\",\"width\":360,\"height\":120,\"caption\":\"Yeeply\"},\"image\":{\"@id\":\"https:\\\/\\\/yeeply.com\\\/fr\\\/#\\\/schema\\\/logo\\\/image\\\/\"},\"sameAs\":[\"https:\\\/\\\/www.facebook.com\\\/YeeplyMobile\\\/\",\"https:\\\/\\\/x.com\\\/Yeeply_EN\",\"https:\\\/\\\/www.linkedin.com\\\/company\\\/yeeply\"]}]}<\/script>\n<!-- \/ Yoast SEO plugin. -->","yoast_head_json":{"title":"Merci de t\u00e9l\u00e9charger Apprendre \u00e0 cr\u00e9er un jeu mobile incroyable !","description":"Vous pouvez obtenir votre ebook par ce lien. Nous avons vous avons \u00e9galement envoy\u00e9 une copie par e-mail pour un acc\u00e8s sans limite.","robots":{"index":"noindex","follow":"follow"},"og_locale":"fr_FR","og_type":"article","og_title":"Merci de t\u00e9l\u00e9charger Apprendre \u00e0 cr\u00e9er un jeu mobile incroyable !","og_description":"Vous pouvez obtenir votre ebook par ce lien. Nous avons vous avons \u00e9galement envoy\u00e9 une copie par e-mail pour un acc\u00e8s sans limite.","og_url":"https:\/\/yeeply.com\/fr\/landing\/typ-telechargement-ebook-jeux\/","og_site_name":"Yeeply","article_publisher":"https:\/\/www.facebook.com\/YeeplyMobile\/","article_modified_time":"2024-09-02T10:02:22+00:00","og_image":[{"width":1024,"height":512,"url":"https:\/\/yeeply.com\/fr\/wp-content\/uploads\/2020\/05\/CTAs_YEEPLY_eBook_3_ADS_FR.jpg","type":"image\/jpeg"}],"twitter_card":"summary_large_image","twitter_site":"@Yeeply_EN","twitter_misc":{"Dur\u00e9e de lecture estim\u00e9e":"2 minutes"},"schema":{"@context":"https:\/\/schema.org","@graph":[{"@type":"WebPage","@id":"https:\/\/yeeply.com\/fr\/landing\/typ-telechargement-ebook-jeux\/","url":"https:\/\/yeeply.com\/fr\/landing\/typ-telechargement-ebook-jeux\/","name":"Merci de t\u00e9l\u00e9charger Apprendre \u00e0 cr\u00e9er un jeu mobile incroyable !","isPartOf":{"@id":"https:\/\/yeeply.com\/fr\/#website"},"primaryImageOfPage":{"@id":"https:\/\/yeeply.com\/fr\/landing\/typ-telechargement-ebook-jeux\/#primaryimage"},"image":{"@id":"https:\/\/yeeply.com\/fr\/landing\/typ-telechargement-ebook-jeux\/#primaryimage"},"thumbnailUrl":"https:\/\/yeeply.com\/fr\/wp-content\/uploads\/2020\/05\/CTAs_YEEPLY_eBook_3_ADS_FR.jpg","datePublished":"2020-05-11T09:26:48+00:00","dateModified":"2024-09-02T10:02:22+00:00","description":"Vous pouvez obtenir votre ebook par ce lien. Nous avons vous avons \u00e9galement envoy\u00e9 une copie par e-mail pour un acc\u00e8s sans limite.","breadcrumb":{"@id":"https:\/\/yeeply.com\/fr\/landing\/typ-telechargement-ebook-jeux\/#breadcrumb"},"inLanguage":"fr-FR","potentialAction":[{"@type":"ReadAction","target":["https:\/\/yeeply.com\/fr\/landing\/typ-telechargement-ebook-jeux\/"]}]},{"@type":"ImageObject","inLanguage":"fr-FR","@id":"https:\/\/yeeply.com\/fr\/landing\/typ-telechargement-ebook-jeux\/#primaryimage","url":"https:\/\/yeeply.com\/fr\/wp-content\/uploads\/2020\/05\/CTAs_YEEPLY_eBook_3_ADS_FR.jpg","contentUrl":"https:\/\/yeeply.com\/fr\/wp-content\/uploads\/2020\/05\/CTAs_YEEPLY_eBook_3_ADS_FR.jpg","width":1024,"height":512},{"@type":"BreadcrumbList","@id":"https:\/\/yeeply.com\/fr\/landing\/typ-telechargement-ebook-jeux\/#breadcrumb","itemListElement":[{"@type":"ListItem","position":1,"name":"Home","item":"https:\/\/yeeply.com\/fr\/"},{"@type":"ListItem","position":2,"name":"Landing [NO BORRAR]","item":"https:\/\/yeeply.com\/fr\/landing\/"},{"@type":"ListItem","position":3,"name":"TYP &#8211; Ebook 3 Juego"}]},{"@type":"WebSite","@id":"https:\/\/yeeply.com\/fr\/#website","url":"https:\/\/yeeply.com\/fr\/","name":"Yeeply","description":"A platform for the development of digital projects","publisher":{"@id":"https:\/\/yeeply.com\/fr\/#organization"},"potentialAction":[{"@type":"SearchAction","target":{"@type":"EntryPoint","urlTemplate":"https:\/\/yeeply.com\/fr\/?s={search_term_string}"},"query-input":{"@type":"PropertyValueSpecification","valueRequired":true,"valueName":"search_term_string"}}],"inLanguage":"fr-FR"},{"@type":"Organization","@id":"https:\/\/yeeply.com\/fr\/#organization","name":"Yeeply","url":"https:\/\/yeeply.com\/fr\/","logo":{"@type":"ImageObject","inLanguage":"fr-FR","@id":"https:\/\/yeeply.com\/fr\/#\/schema\/logo\/image\/","url":"https:\/\/yeeply.com\/fr\/wp-content\/uploads\/2019\/05\/logo_yeeply_black@2x.png","contentUrl":"https:\/\/yeeply.com\/fr\/wp-content\/uploads\/2019\/05\/logo_yeeply_black@2x.png","width":360,"height":120,"caption":"Yeeply"},"image":{"@id":"https:\/\/yeeply.com\/fr\/#\/schema\/logo\/image\/"},"sameAs":["https:\/\/www.facebook.com\/YeeplyMobile\/","https:\/\/x.com\/Yeeply_EN","https:\/\/www.linkedin.com\/company\/yeeply"]}]}},"uagb_featured_image_src":{"full":["https:\/\/yeeply.com\/fr\/wp-content\/uploads\/2020\/05\/CTAs_YEEPLY_eBook_3_ADS_FR.jpg",1024,512,false],"thumbnail":["https:\/\/yeeply.com\/fr\/wp-content\/uploads\/2020\/05\/CTAs_YEEPLY_eBook_3_ADS_FR-150x150.png",150,150,true],"medium":["https:\/\/yeeply.com\/fr\/wp-content\/uploads\/2020\/05\/CTAs_YEEPLY_eBook_3_ADS_FR-300x150.png",300,150,true],"medium_large":["https:\/\/yeeply.com\/fr\/wp-content\/uploads\/2020\/05\/CTAs_YEEPLY_eBook_3_ADS_FR-768x384.png",640,320,true],"large":["https:\/\/yeeply.com\/fr\/wp-content\/uploads\/2020\/05\/CTAs_YEEPLY_eBook_3_ADS_FR.jpg",640,320,false],"1536x1536":["https:\/\/yeeply.com\/fr\/wp-content\/uploads\/2020\/05\/CTAs_YEEPLY_eBook_3_ADS_FR.jpg",1024,512,false],"2048x2048":["https:\/\/yeeply.com\/fr\/wp-content\/uploads\/2020\/05\/CTAs_YEEPLY_eBook_3_ADS_FR.jpg",1024,512,false],"gform-image-choice-sm":["https:\/\/yeeply.com\/fr\/wp-content\/uploads\/2020\/05\/CTAs_YEEPLY_eBook_3_ADS_FR.jpg",300,150,false],"gform-image-choice-md":["https:\/\/yeeply.com\/fr\/wp-content\/uploads\/2020\/05\/CTAs_YEEPLY_eBook_3_ADS_FR.jpg",400,200,false],"gform-image-choice-lg":["https:\/\/yeeply.com\/fr\/wp-content\/uploads\/2020\/05\/CTAs_YEEPLY_eBook_3_ADS_FR.jpg",600,300,false]},"uagb_author_info":{"display_name":"Luis Picurelli","author_link":"https:\/\/yeeply.com\/fr\/author\/luis\/"},"uagb_comment_info":0,"uagb_excerpt":null,"_links":{"self":[{"href":"https:\/\/yeeply.com\/fr\/wp-json\/wp\/v2\/pages\/12070","targetHints":{"allow":["GET"]}}],"collection":[{"href":"https:\/\/yeeply.com\/fr\/wp-json\/wp\/v2\/pages"}],"about":[{"href":"https:\/\/yeeply.com\/fr\/wp-json\/wp\/v2\/types\/page"}],"author":[{"embeddable":true,"href":"https:\/\/yeeply.com\/fr\/wp-json\/wp\/v2\/users\/4"}],"replies":[{"embeddable":true,"href":"https:\/\/yeeply.com\/fr\/wp-json\/wp\/v2\/comments?post=12070"}],"version-history":[{"count":1,"href":"https:\/\/yeeply.com\/fr\/wp-json\/wp\/v2\/pages\/12070\/revisions"}],"predecessor-version":[{"id":18722,"href":"https:\/\/yeeply.com\/fr\/wp-json\/wp\/v2\/pages\/12070\/revisions\/18722"}],"up":[{"embeddable":true,"href":"https:\/\/yeeply.com\/fr\/wp-json\/wp\/v2\/pages\/11946"}],"wp:featuredmedia":[{"embeddable":true,"href":"https:\/\/yeeply.com\/fr\/wp-json\/wp\/v2\/media\/12250"}],"wp:attachment":[{"href":"https:\/\/yeeply.com\/fr\/wp-json\/wp\/v2\/media?parent=12070"}],"wp:term":[{"taxonomy":"category","embeddable":true,"href":"https:\/\/yeeply.com\/fr\/wp-json\/wp\/v2\/categories?post=12070"}],"curies":[{"name":"wp","href":"https:\/\/api.w.org\/{rel}","templated":true}]}}