{"id":12058,"date":"2020-05-11T09:26:47","date_gmt":"2020-05-11T09:26:47","guid":{"rendered":"https:\/\/yeeply.com\/fr\/?page_id=12058"},"modified":"2024-09-02T12:06:08","modified_gmt":"2024-09-02T10:06:08","slug":"telechargement-ebook-checklist-app","status":"publish","type":"page","link":"https:\/\/yeeply.com\/fr\/landing\/telechargement-ebook-checklist-app\/","title":{"rendered":"LP &#8211; Ebook 5 Checklist App"},"content":{"rendered":"\n<section class=\"wp-block-uagb-section uagb-section__wrap uagb-section__background-undefined uagb-block-80cee936 lp-template\"><div class=\"uagb-section__overlay\"><\/div><div class=\"uagb-section__inner-wrap\">\n<section class=\"wp-block-uagb-columns uagb-columns__wrap uagb-columns__stack-tablet uagb-columns__valign- uagb-columns__gap-10 alignfull uagb-block-8cf3b64e uagb-columns__columns-2 uagb-columns__max_width-custom\"><div class=\"uagb-columns__overlay\"><\/div><div class=\"uagb-columns__inner-wrap uagb-columns__columns-2\">\n<div class=\"wp-block-uagb-column uagb-column__wrap uagb-column__background-undefined uagb-column__align-left uagb-block-2edcbc30\"><div class=\"uagb-column__overlay\"><\/div>\n<h3 class=\"wp-block-heading\">EBOOK<\/h3>\n\n\n\n<h2 class=\"wp-block-heading\">Checklist&nbsp;du cr\u00e9ateur id\u00e9al d&rsquo;applications <\/h2>\n\n\n<style>.kb-gallery-id-12058_13e870-b1 .kadence-blocks-gallery-item .kb-gal-image-radius, .kb-gallery-id-12058_13e870-b1 .kb-slide-item .kb-gal-image-radius img{border-radius:0px 0px 0px 0px;;}.kb-gallery-wrap-id-12058_13e870-b1.wp-block-kadence-advancedgallery{overflow:visible;}.kb-gallery-wrap-id-12058_13e870-b1.wp-block-kadence-advancedgallery .kt-blocks-carousel{overflow:visible;}<\/style><div class=\"kb-gallery-wrap-id-12058_13e870-b1 alignnone wp-block-kadence-advancedgallery\"><div class=\"kb-gallery-ul kb-gallery-non-static kb-gallery-type-slider kb-gallery-id-12058_13e870-b1 kb-gallery-caption-style-bottom-hover kb-gallery-filter-none\" data-image-filter=\"none\" data-lightbox-caption=\"true\"><div class=\"kt-blocks-carousel splide kt-carousel-container-dotstyle-dark kt-carousel-arrowstyle-none kt-carousel-dotstyle-dark kb-slider-group-arrow kb-slider-arrow-position-center\" data-slider-anim-speed=\"400\" data-slider-scroll=\"1\" data-slider-arrows=\"false\" data-slider-fade=\"true\" data-slider-dots=\"true\" data-slider-type=\"slider\" data-slider-hover-pause=\"false\" data-slider-auto=\"1\" data-slider-speed=\"3000\" data-show-pause-button=\"false\"><div class=\"splide__track\"><ul class=\"kt-blocks-carousel-init kb-blocks-slider splide__list\"><li class=\"kb-slide-item kb-gallery-slide-item splide__slide\"><div class=\"kadence-blocks-gallery-item\"><div class=\"kadence-blocks-gallery-item-inner\"><figure class=\"kb-gallery-figure kadence-blocks-gallery-item-hide-caption\"><div class=\"kb-gal-image-radius\"><div class=\"kb-gallery-image-contain kadence-blocks-gallery-intrinsic kb-gallery-image-ratio-inherit kb-has-image-ratio-inherit\" ><img fetchpriority=\"high\" decoding=\"async\" width=\"294\" height=\"394\" src=\"https:\/\/yeeply.com\/fr\/wp-content\/uploads\/2020\/05\/FR-01-LP-E5-Miniatura.png\"   alt=\"ebook checklist createur application\" data-full-image=\"https:\/\/yeeply.com\/fr\/wp-content\/uploads\/2020\/05\/FR-01-LP-E5-Miniatura.png\" data-light-image=\"https:\/\/yeeply.com\/fr\/wp-content\/uploads\/2020\/05\/FR-01-LP-E5-Miniatura.png\" data-id=\"12259\" class=\"wp-image-12259 skip-lazy\" srcset=\"https:\/\/yeeply.com\/fr\/wp-content\/uploads\/2020\/05\/FR-01-LP-E5-Miniatura.png 294w, https:\/\/yeeply.com\/fr\/wp-content\/uploads\/2020\/05\/FR-01-LP-E5-Miniatura-224x300.png 224w\" sizes=\"(max-width: 294px) 100vw, 294px\" \/><\/div><\/div><\/figure><\/div><\/div><\/li><li class=\"kb-slide-item kb-gallery-slide-item splide__slide\"><div class=\"kadence-blocks-gallery-item\"><div class=\"kadence-blocks-gallery-item-inner\"><figure class=\"kb-gallery-figure kadence-blocks-gallery-item-hide-caption\"><div class=\"kb-gal-image-radius\"><div class=\"kb-gallery-image-contain kadence-blocks-gallery-intrinsic kb-gallery-image-ratio-inherit kb-has-image-ratio-inherit\" ><img decoding=\"async\" width=\"294\" height=\"394\" src=\"https:\/\/yeeply.com\/fr\/wp-content\/uploads\/2020\/05\/FR-02-LP-E5-Miniatura.png\"   alt=\"extrait ebook checklist createur application\" data-full-image=\"https:\/\/yeeply.com\/fr\/wp-content\/uploads\/2020\/05\/FR-02-LP-E5-Miniatura.png\" data-light-image=\"https:\/\/yeeply.com\/fr\/wp-content\/uploads\/2020\/05\/FR-02-LP-E5-Miniatura.png\" data-id=\"12260\" class=\"wp-image-12260 skip-lazy\" srcset=\"https:\/\/yeeply.com\/fr\/wp-content\/uploads\/2020\/05\/FR-02-LP-E5-Miniatura.png 294w, https:\/\/yeeply.com\/fr\/wp-content\/uploads\/2020\/05\/FR-02-LP-E5-Miniatura-224x300.png 224w\" sizes=\"(max-width: 294px) 100vw, 294px\" \/><\/div><\/div><\/figure><\/div><\/div><\/li><li class=\"kb-slide-item kb-gallery-slide-item splide__slide\"><div class=\"kadence-blocks-gallery-item\"><div class=\"kadence-blocks-gallery-item-inner\"><figure class=\"kb-gallery-figure kadence-blocks-gallery-item-hide-caption\"><div class=\"kb-gal-image-radius\"><div class=\"kb-gallery-image-contain kadence-blocks-gallery-intrinsic kb-gallery-image-ratio-inherit kb-has-image-ratio-inherit\" ><img decoding=\"async\" width=\"294\" height=\"394\" src=\"https:\/\/yeeply.com\/fr\/wp-content\/uploads\/2020\/05\/FR-03-LP-E5-Miniatura-Copy.png\"   alt=\"extrait ebook\" data-full-image=\"https:\/\/yeeply.com\/fr\/wp-content\/uploads\/2020\/05\/FR-03-LP-E5-Miniatura-Copy.png\" data-light-image=\"https:\/\/yeeply.com\/fr\/wp-content\/uploads\/2020\/05\/FR-03-LP-E5-Miniatura-Copy.png\" data-id=\"12261\" class=\"wp-image-12261 skip-lazy\" srcset=\"https:\/\/yeeply.com\/fr\/wp-content\/uploads\/2020\/05\/FR-03-LP-E5-Miniatura-Copy.png 294w, https:\/\/yeeply.com\/fr\/wp-content\/uploads\/2020\/05\/FR-03-LP-E5-Miniatura-Copy-224x300.png 224w\" sizes=\"(max-width: 294px) 100vw, 294px\" \/><\/div><\/div><\/figure><\/div><\/div><\/li><\/ul><\/div><\/div><\/div><\/div>\n\n\n<h4 class=\"wp-block-heading\">Dans cette checklist, vous d\u00e9couvrirez que le cr\u00e9ateur id\u00e9al d&rsquo;applications&nbsp; : <\/h4>\n\n\n\n<p><strong>1.<\/strong>&nbsp;A un portefeuille professionnel<\/p>\n\n\n\n<p><strong>2.<\/strong>&nbsp;Peut apporter quelque chose \u00e0 votre id\u00e9e&nbsp;<\/p>\n\n\n\n<p><strong>3.<\/strong>&nbsp;Sait plus que de taper du code<\/p>\n\n\n\n<p><strong>4.<\/strong> D\u00e9couvrez le reste des crit\u00e8res dans l&rsquo;ebook !<\/p>\n<\/div>\n\n\n\n<div class=\"wp-block-uagb-column uagb-column__wrap uagb-column__background-color uagb-block-22dc7d30\"><div class=\"uagb-column__overlay\"><\/div>\n<h4 class=\"wp-block-heading\">Laissez-nous vos coordonn\u00e9es et nous vous l&rsquo;enverrons !<\/h4>\n\n\n\n<script type=\"text\/javascript\" src=\"https:\/\/mautic.yeeply.com\/form\/generate.js?id=20\"><\/script>\n\n\n\n<p><\/p>\n<\/div>\n<\/div><\/section>\n\n\n\n<section class=\"wp-block-uagb-section uagb-section__wrap uagb-section__background-undefined uagb-block-43b31739\"><div class=\"uagb-section__overlay\"><\/div><div class=\"uagb-section__inner-wrap\"><style>.wp-block-kadence-spacer.kt-block-spacer-_d531e8-cd .kt-block-spacer{height:130px;}.wp-block-kadence-spacer.kt-block-spacer-_d531e8-cd .kt-divider{border-top-width:1px;height:1px;border-top-color:#eee;width:40%;border-top-style:solid;}<\/style>\n<div class=\"wp-block-kadence-spacer aligncenter kt-block-spacer-_d531e8-cd\"><div class=\"kt-block-spacer kt-block-spacer-halign-center\" style=\"height:130px\"><hr class=\"kt-divider\" style=\"border-top-color:rgba(238, 238, 238, 1);border-top-width:1px;width:40%;border-top-style:solid\"\/><\/div><\/div>\n\n\n\n<p class=\"has-text-align-center\">Partagez-le pour que vos amis puissent aussi le t\u00e9l\u00e9charger.<\/p>\n\n\n\n<div class=\"wp-block-uagb-social-share uagb-social-share__outer-wrap uagb-social-share__layout-horizontal uagb-block-76470539\">\n<div class=\"wp-block-uagb-social-share-child uagb-ss-repeater uagb-ss__wrapper uagb-block-d71b5421\"><span class=\"uagb-ss__link\" data-href=\"https:\/\/www.facebook.com\/sharer.php?u=\" tabindex=\"0\" role=\"button\" aria-label=\"facebook\"><span class=\"uagb-ss__source-wrap\"><img loading=\"lazy\" decoding=\"async\" class=\"uagb-ss__source-image\" src=\"https:\/\/www.yeeply.com\/wp-content\/uploads\/2020\/04\/facebook-color.png\" alt=\"facebook-color\" width=\"30\" height=\"30\" loading=\"lazy\"\/><\/span><\/span><\/div>\n\n\n\n<div class=\"wp-block-uagb-social-share-child uagb-ss-repeater uagb-ss__wrapper uagb-block-686691ff\"><span class=\"uagb-ss__link\" data-href=\"https:\/\/twitter.com\/share?url=\" tabindex=\"0\" role=\"button\" aria-label=\"twitter\"><span class=\"uagb-ss__source-wrap\"><img loading=\"lazy\" decoding=\"async\" class=\"uagb-ss__source-image\" src=\"https:\/\/www.yeeply.com\/wp-content\/uploads\/2020\/04\/twitter-color.png\" alt=\"\" width=\"30\" height=\"30\" loading=\"lazy\"\/><\/span><\/span><\/div>\n\n\n\n<div class=\"wp-block-uagb-social-share-child uagb-ss-repeater uagb-ss__wrapper uagb-block-45bbd1b6\"><span class=\"uagb-ss__link\" data-href=\"https:\/\/www.linkedin.com\/shareArticle?url=\" tabindex=\"0\" role=\"button\" aria-label=\"linkedin\"><span class=\"uagb-ss__source-wrap\"><img loading=\"lazy\" decoding=\"async\" class=\"uagb-ss__source-image\" src=\"https:\/\/www.yeeply.com\/wp-content\/uploads\/2020\/04\/linkedin-color.png\" alt=\"\" width=\"30\" height=\"30\" loading=\"lazy\"\/><\/span><\/span><\/div>\n\n\n\n<div class=\"wp-block-uagb-social-share-child uagb-ss-repeater uagb-ss__wrapper uagb-block-9dde22f0\"><span class=\"uagb-ss__link\" data-href=\"mailto:?body=\" tabindex=\"0\" role=\"button\" aria-label=\"email\"><span class=\"uagb-ss__source-wrap\"><img loading=\"lazy\" decoding=\"async\" class=\"uagb-ss__source-image\" src=\"https:\/\/www.yeeply.com\/wp-content\/uploads\/2020\/04\/email-color.png\" alt=\"email-color\" width=\"30\" height=\"30\" loading=\"lazy\"\/><\/span><\/span><\/div>\n<\/div>\n<\/div><\/section>\n\n\n\n<p><\/p>\n<\/div><\/section>\n","protected":false},"excerpt":{"rendered":"","protected":false},"author":4,"featured_media":12262,"parent":11946,"menu_order":0,"comment_status":"closed","ping_status":"closed","template":"","meta":{"inline_featured_image":false,"_uag_custom_page_level_css":"","footnotes":""},"categories":[],"class_list":["post-12058","page","type-page","status-publish","has-post-thumbnail","hentry"],"yoast_head":"<!-- This site is optimized with the Yoast SEO plugin v27.3 - https:\/\/yoast.com\/product\/yoast-seo-wordpress\/ -->\n<title>T\u00e9l\u00e9chargement gratuit ! Checklist du cr\u00e9ateur id\u00e9al d&#039;applications<\/title>\n<meta name=\"description\" content=\"La checklist ultime pour trouver le d\u00e9veloppeur id\u00e9al d&#039;applications - transformez vos id\u00e9es en r\u00e9alit\u00e9 avec les meilleurs experts du domaine mobile !\" \/>\n<meta name=\"robots\" content=\"noindex, follow\" \/>\n<meta property=\"og:locale\" content=\"fr_FR\" \/>\n<meta property=\"og:type\" content=\"article\" \/>\n<meta property=\"og:title\" content=\"T\u00e9l\u00e9chargement gratuit ! Checklist du cr\u00e9ateur id\u00e9al d&#039;applications\" \/>\n<meta property=\"og:description\" content=\"La checklist ultime pour trouver le d\u00e9veloppeur id\u00e9al d&#039;applications - transformez vos id\u00e9es en r\u00e9alit\u00e9 avec les meilleurs experts du domaine mobile !\" \/>\n<meta property=\"og:url\" content=\"https:\/\/yeeply.com\/fr\/landing\/telechargement-ebook-checklist-app\/\" \/>\n<meta property=\"og:site_name\" content=\"Yeeply\" \/>\n<meta property=\"article:publisher\" content=\"https:\/\/www.facebook.com\/YeeplyMobile\/\" \/>\n<meta property=\"article:modified_time\" content=\"2024-09-02T10:06:08+00:00\" \/>\n<meta property=\"og:image\" content=\"https:\/\/yeeply.com\/fr\/wp-content\/uploads\/2020\/09\/checklist-createur-ideal-app.png\" \/>\n\t<meta property=\"og:image:width\" content=\"1024\" \/>\n\t<meta property=\"og:image:height\" content=\"512\" \/>\n\t<meta property=\"og:image:type\" content=\"image\/png\" \/>\n<meta name=\"twitter:card\" content=\"summary_large_image\" \/>\n<meta name=\"twitter:title\" content=\"T\u00e9l\u00e9chargement gratuit ! Checklist du cr\u00e9ateur id\u00e9al d&#039;applications\" \/>\n<meta name=\"twitter:description\" content=\"La checklist ultime pour trouver le d\u00e9veloppeur id\u00e9al d&#039;applications - transformez vos id\u00e9es en r\u00e9alit\u00e9 avec les meilleurs experts du domaine mobile !\" \/>\n<meta name=\"twitter:image\" content=\"https:\/\/yeeply.com\/fr\/wp-content\/uploads\/2020\/09\/checklist-createur-ideal-app.png\" \/>\n<meta name=\"twitter:site\" content=\"@Yeeply_EN\" \/>\n<meta name=\"twitter:label1\" content=\"Dur\u00e9e de lecture estim\u00e9e\" \/>\n\t<meta name=\"twitter:data1\" content=\"2 minutes\" \/>\n<script type=\"application\/ld+json\" class=\"yoast-schema-graph\">{\"@context\":\"https:\\\/\\\/schema.org\",\"@graph\":[{\"@type\":\"WebPage\",\"@id\":\"https:\\\/\\\/yeeply.com\\\/fr\\\/landing\\\/telechargement-ebook-checklist-app\\\/\",\"url\":\"https:\\\/\\\/yeeply.com\\\/fr\\\/landing\\\/telechargement-ebook-checklist-app\\\/\",\"name\":\"T\u00e9l\u00e9chargement gratuit ! Checklist du cr\u00e9ateur id\u00e9al d'applications\",\"isPartOf\":{\"@id\":\"https:\\\/\\\/yeeply.com\\\/fr\\\/#website\"},\"primaryImageOfPage\":{\"@id\":\"https:\\\/\\\/yeeply.com\\\/fr\\\/landing\\\/telechargement-ebook-checklist-app\\\/#primaryimage\"},\"image\":{\"@id\":\"https:\\\/\\\/yeeply.com\\\/fr\\\/landing\\\/telechargement-ebook-checklist-app\\\/#primaryimage\"},\"thumbnailUrl\":\"https:\\\/\\\/yeeply.com\\\/fr\\\/wp-content\\\/uploads\\\/2020\\\/05\\\/FR-E5-Checklist-app-Imagen-destacada.png\",\"datePublished\":\"2020-05-11T09:26:47+00:00\",\"dateModified\":\"2024-09-02T10:06:08+00:00\",\"description\":\"La checklist ultime pour trouver le d\u00e9veloppeur id\u00e9al d'applications - transformez vos id\u00e9es en r\u00e9alit\u00e9 avec les meilleurs experts du domaine mobile !\",\"breadcrumb\":{\"@id\":\"https:\\\/\\\/yeeply.com\\\/fr\\\/landing\\\/telechargement-ebook-checklist-app\\\/#breadcrumb\"},\"inLanguage\":\"fr-FR\",\"potentialAction\":[{\"@type\":\"ReadAction\",\"target\":[\"https:\\\/\\\/yeeply.com\\\/fr\\\/landing\\\/telechargement-ebook-checklist-app\\\/\"]}]},{\"@type\":\"ImageObject\",\"inLanguage\":\"fr-FR\",\"@id\":\"https:\\\/\\\/yeeply.com\\\/fr\\\/landing\\\/telechargement-ebook-checklist-app\\\/#primaryimage\",\"url\":\"https:\\\/\\\/yeeply.com\\\/fr\\\/wp-content\\\/uploads\\\/2020\\\/05\\\/FR-E5-Checklist-app-Imagen-destacada.png\",\"contentUrl\":\"https:\\\/\\\/yeeply.com\\\/fr\\\/wp-content\\\/uploads\\\/2020\\\/05\\\/FR-E5-Checklist-app-Imagen-destacada.png\",\"width\":1024,\"height\":512},{\"@type\":\"BreadcrumbList\",\"@id\":\"https:\\\/\\\/yeeply.com\\\/fr\\\/landing\\\/telechargement-ebook-checklist-app\\\/#breadcrumb\",\"itemListElement\":[{\"@type\":\"ListItem\",\"position\":1,\"name\":\"Home\",\"item\":\"https:\\\/\\\/yeeply.com\\\/fr\\\/\"},{\"@type\":\"ListItem\",\"position\":2,\"name\":\"Landing [NO BORRAR]\",\"item\":\"https:\\\/\\\/yeeply.com\\\/fr\\\/landing\\\/\"},{\"@type\":\"ListItem\",\"position\":3,\"name\":\"LP &#8211; Ebook 5 Checklist App\"}]},{\"@type\":\"WebSite\",\"@id\":\"https:\\\/\\\/yeeply.com\\\/fr\\\/#website\",\"url\":\"https:\\\/\\\/yeeply.com\\\/fr\\\/\",\"name\":\"Yeeply\",\"description\":\"A platform for the development of digital projects\",\"publisher\":{\"@id\":\"https:\\\/\\\/yeeply.com\\\/fr\\\/#organization\"},\"potentialAction\":[{\"@type\":\"SearchAction\",\"target\":{\"@type\":\"EntryPoint\",\"urlTemplate\":\"https:\\\/\\\/yeeply.com\\\/fr\\\/?s={search_term_string}\"},\"query-input\":{\"@type\":\"PropertyValueSpecification\",\"valueRequired\":true,\"valueName\":\"search_term_string\"}}],\"inLanguage\":\"fr-FR\"},{\"@type\":\"Organization\",\"@id\":\"https:\\\/\\\/yeeply.com\\\/fr\\\/#organization\",\"name\":\"Yeeply\",\"url\":\"https:\\\/\\\/yeeply.com\\\/fr\\\/\",\"logo\":{\"@type\":\"ImageObject\",\"inLanguage\":\"fr-FR\",\"@id\":\"https:\\\/\\\/yeeply.com\\\/fr\\\/#\\\/schema\\\/logo\\\/image\\\/\",\"url\":\"https:\\\/\\\/yeeply.com\\\/fr\\\/wp-content\\\/uploads\\\/2019\\\/05\\\/logo_yeeply_black@2x.png\",\"contentUrl\":\"https:\\\/\\\/yeeply.com\\\/fr\\\/wp-content\\\/uploads\\\/2019\\\/05\\\/logo_yeeply_black@2x.png\",\"width\":360,\"height\":120,\"caption\":\"Yeeply\"},\"image\":{\"@id\":\"https:\\\/\\\/yeeply.com\\\/fr\\\/#\\\/schema\\\/logo\\\/image\\\/\"},\"sameAs\":[\"https:\\\/\\\/www.facebook.com\\\/YeeplyMobile\\\/\",\"https:\\\/\\\/x.com\\\/Yeeply_EN\",\"https:\\\/\\\/www.linkedin.com\\\/company\\\/yeeply\"]}]}<\/script>\n<!-- \/ Yoast SEO plugin. -->","yoast_head_json":{"title":"T\u00e9l\u00e9chargement gratuit ! Checklist du cr\u00e9ateur id\u00e9al d'applications","description":"La checklist ultime pour trouver le d\u00e9veloppeur id\u00e9al d'applications - transformez vos id\u00e9es en r\u00e9alit\u00e9 avec les meilleurs experts du domaine mobile !","robots":{"index":"noindex","follow":"follow"},"og_locale":"fr_FR","og_type":"article","og_title":"T\u00e9l\u00e9chargement gratuit ! Checklist du cr\u00e9ateur id\u00e9al d'applications","og_description":"La checklist ultime pour trouver le d\u00e9veloppeur id\u00e9al d'applications - transformez vos id\u00e9es en r\u00e9alit\u00e9 avec les meilleurs experts du domaine mobile !","og_url":"https:\/\/yeeply.com\/fr\/landing\/telechargement-ebook-checklist-app\/","og_site_name":"Yeeply","article_publisher":"https:\/\/www.facebook.com\/YeeplyMobile\/","article_modified_time":"2024-09-02T10:06:08+00:00","og_image":[{"width":1024,"height":512,"url":"https:\/\/yeeply.com\/fr\/wp-content\/uploads\/2020\/09\/checklist-createur-ideal-app.png","type":"image\/png"}],"twitter_card":"summary_large_image","twitter_title":"T\u00e9l\u00e9chargement gratuit ! Checklist du cr\u00e9ateur id\u00e9al d'applications","twitter_description":"La checklist ultime pour trouver le d\u00e9veloppeur id\u00e9al d'applications - transformez vos id\u00e9es en r\u00e9alit\u00e9 avec les meilleurs experts du domaine mobile !","twitter_image":"https:\/\/yeeply.com\/fr\/wp-content\/uploads\/2020\/09\/checklist-createur-ideal-app.png","twitter_site":"@Yeeply_EN","twitter_misc":{"Dur\u00e9e de lecture estim\u00e9e":"2 minutes"},"schema":{"@context":"https:\/\/schema.org","@graph":[{"@type":"WebPage","@id":"https:\/\/yeeply.com\/fr\/landing\/telechargement-ebook-checklist-app\/","url":"https:\/\/yeeply.com\/fr\/landing\/telechargement-ebook-checklist-app\/","name":"T\u00e9l\u00e9chargement gratuit ! Checklist du cr\u00e9ateur id\u00e9al d'applications","isPartOf":{"@id":"https:\/\/yeeply.com\/fr\/#website"},"primaryImageOfPage":{"@id":"https:\/\/yeeply.com\/fr\/landing\/telechargement-ebook-checklist-app\/#primaryimage"},"image":{"@id":"https:\/\/yeeply.com\/fr\/landing\/telechargement-ebook-checklist-app\/#primaryimage"},"thumbnailUrl":"https:\/\/yeeply.com\/fr\/wp-content\/uploads\/2020\/05\/FR-E5-Checklist-app-Imagen-destacada.png","datePublished":"2020-05-11T09:26:47+00:00","dateModified":"2024-09-02T10:06:08+00:00","description":"La checklist ultime pour trouver le d\u00e9veloppeur id\u00e9al d'applications - transformez vos id\u00e9es en r\u00e9alit\u00e9 avec les meilleurs experts du domaine mobile !","breadcrumb":{"@id":"https:\/\/yeeply.com\/fr\/landing\/telechargement-ebook-checklist-app\/#breadcrumb"},"inLanguage":"fr-FR","potentialAction":[{"@type":"ReadAction","target":["https:\/\/yeeply.com\/fr\/landing\/telechargement-ebook-checklist-app\/"]}]},{"@type":"ImageObject","inLanguage":"fr-FR","@id":"https:\/\/yeeply.com\/fr\/landing\/telechargement-ebook-checklist-app\/#primaryimage","url":"https:\/\/yeeply.com\/fr\/wp-content\/uploads\/2020\/05\/FR-E5-Checklist-app-Imagen-destacada.png","contentUrl":"https:\/\/yeeply.com\/fr\/wp-content\/uploads\/2020\/05\/FR-E5-Checklist-app-Imagen-destacada.png","width":1024,"height":512},{"@type":"BreadcrumbList","@id":"https:\/\/yeeply.com\/fr\/landing\/telechargement-ebook-checklist-app\/#breadcrumb","itemListElement":[{"@type":"ListItem","position":1,"name":"Home","item":"https:\/\/yeeply.com\/fr\/"},{"@type":"ListItem","position":2,"name":"Landing [NO BORRAR]","item":"https:\/\/yeeply.com\/fr\/landing\/"},{"@type":"ListItem","position":3,"name":"LP &#8211; Ebook 5 Checklist App"}]},{"@type":"WebSite","@id":"https:\/\/yeeply.com\/fr\/#website","url":"https:\/\/yeeply.com\/fr\/","name":"Yeeply","description":"A platform for the development of digital projects","publisher":{"@id":"https:\/\/yeeply.com\/fr\/#organization"},"potentialAction":[{"@type":"SearchAction","target":{"@type":"EntryPoint","urlTemplate":"https:\/\/yeeply.com\/fr\/?s={search_term_string}"},"query-input":{"@type":"PropertyValueSpecification","valueRequired":true,"valueName":"search_term_string"}}],"inLanguage":"fr-FR"},{"@type":"Organization","@id":"https:\/\/yeeply.com\/fr\/#organization","name":"Yeeply","url":"https:\/\/yeeply.com\/fr\/","logo":{"@type":"ImageObject","inLanguage":"fr-FR","@id":"https:\/\/yeeply.com\/fr\/#\/schema\/logo\/image\/","url":"https:\/\/yeeply.com\/fr\/wp-content\/uploads\/2019\/05\/logo_yeeply_black@2x.png","contentUrl":"https:\/\/yeeply.com\/fr\/wp-content\/uploads\/2019\/05\/logo_yeeply_black@2x.png","width":360,"height":120,"caption":"Yeeply"},"image":{"@id":"https:\/\/yeeply.com\/fr\/#\/schema\/logo\/image\/"},"sameAs":["https:\/\/www.facebook.com\/YeeplyMobile\/","https:\/\/x.com\/Yeeply_EN","https:\/\/www.linkedin.com\/company\/yeeply"]}]}},"uagb_featured_image_src":{"full":["https:\/\/yeeply.com\/fr\/wp-content\/uploads\/2020\/05\/FR-E5-Checklist-app-Imagen-destacada.png",1024,512,false],"thumbnail":["https:\/\/yeeply.com\/fr\/wp-content\/uploads\/2020\/05\/FR-E5-Checklist-app-Imagen-destacada-150x150.png",150,150,true],"medium":["https:\/\/yeeply.com\/fr\/wp-content\/uploads\/2020\/05\/FR-E5-Checklist-app-Imagen-destacada-300x150.png",300,150,true],"medium_large":["https:\/\/yeeply.com\/fr\/wp-content\/uploads\/2020\/05\/FR-E5-Checklist-app-Imagen-destacada-768x384.png",640,320,true],"large":["https:\/\/yeeply.com\/fr\/wp-content\/uploads\/2020\/05\/FR-E5-Checklist-app-Imagen-destacada.png",640,320,false],"1536x1536":["https:\/\/yeeply.com\/fr\/wp-content\/uploads\/2020\/05\/FR-E5-Checklist-app-Imagen-destacada.png",1024,512,false],"2048x2048":["https:\/\/yeeply.com\/fr\/wp-content\/uploads\/2020\/05\/FR-E5-Checklist-app-Imagen-destacada.png",1024,512,false],"gform-image-choice-sm":["https:\/\/yeeply.com\/fr\/wp-content\/uploads\/2020\/05\/FR-E5-Checklist-app-Imagen-destacada.png",300,150,false],"gform-image-choice-md":["https:\/\/yeeply.com\/fr\/wp-content\/uploads\/2020\/05\/FR-E5-Checklist-app-Imagen-destacada.png",400,200,false],"gform-image-choice-lg":["https:\/\/yeeply.com\/fr\/wp-content\/uploads\/2020\/05\/FR-E5-Checklist-app-Imagen-destacada.png",600,300,false]},"uagb_author_info":{"display_name":"Luis Picurelli","author_link":"https:\/\/yeeply.com\/fr\/author\/luis\/"},"uagb_comment_info":0,"uagb_excerpt":null,"_links":{"self":[{"href":"https:\/\/yeeply.com\/fr\/wp-json\/wp\/v2\/pages\/12058","targetHints":{"allow":["GET"]}}],"collection":[{"href":"https:\/\/yeeply.com\/fr\/wp-json\/wp\/v2\/pages"}],"about":[{"href":"https:\/\/yeeply.com\/fr\/wp-json\/wp\/v2\/types\/page"}],"author":[{"embeddable":true,"href":"https:\/\/yeeply.com\/fr\/wp-json\/wp\/v2\/users\/4"}],"replies":[{"embeddable":true,"href":"https:\/\/yeeply.com\/fr\/wp-json\/wp\/v2\/comments?post=12058"}],"version-history":[{"count":1,"href":"https:\/\/yeeply.com\/fr\/wp-json\/wp\/v2\/pages\/12058\/revisions"}],"predecessor-version":[{"id":18731,"href":"https:\/\/yeeply.com\/fr\/wp-json\/wp\/v2\/pages\/12058\/revisions\/18731"}],"up":[{"embeddable":true,"href":"https:\/\/yeeply.com\/fr\/wp-json\/wp\/v2\/pages\/11946"}],"wp:featuredmedia":[{"embeddable":true,"href":"https:\/\/yeeply.com\/fr\/wp-json\/wp\/v2\/media\/12262"}],"wp:attachment":[{"href":"https:\/\/yeeply.com\/fr\/wp-json\/wp\/v2\/media?parent=12058"}],"wp:term":[{"taxonomy":"category","embeddable":true,"href":"https:\/\/yeeply.com\/fr\/wp-json\/wp\/v2\/categories?post=12058"}],"curies":[{"name":"wp","href":"https:\/\/api.w.org\/{rel}","templated":true}]}}