{"id":12056,"date":"2020-05-11T09:26:17","date_gmt":"2020-05-11T09:26:17","guid":{"rendered":"https:\/\/yeeply.com\/fr\/?page_id=12056"},"modified":"2024-09-02T12:08:59","modified_gmt":"2024-09-02T10:08:59","slug":"telechargement-ebook-creation-jeu-mobile","status":"publish","type":"page","link":"https:\/\/yeeply.com\/fr\/landing\/telechargement-ebook-creation-jeu-mobile\/","title":{"rendered":"LP &#8211; Ebook 3 Juego"},"content":{"rendered":"\n<section class=\"wp-block-uagb-section uagb-section__wrap uagb-section__background-undefined uagb-block-947b8461 lp-template\"><div class=\"uagb-section__overlay\"><\/div><div class=\"uagb-section__inner-wrap\">\n<section class=\"wp-block-uagb-columns uagb-columns__wrap uagb-columns__stack-tablet uagb-columns__valign- uagb-columns__gap-10 alignfull uagb-block-647e98b7 uagb-columns__columns-2 uagb-columns__max_width-custom\"><div class=\"uagb-columns__overlay\"><\/div><div class=\"uagb-columns__inner-wrap uagb-columns__columns-2\">\n<div class=\"wp-block-uagb-column uagb-column__wrap uagb-column__background-undefined uagb-column__align-left uagb-block-614a5dda\"><div class=\"uagb-column__overlay\"><\/div>\n<h3 class=\"wp-block-heading\">EBOOK<\/h3>\n\n\n\n<h2 class=\"wp-block-heading\">Appuyez sur play ! Apprenez \u00e0 cr\u00e9er un jeu mobile incroyable <\/h2>\n\n\n<style>.kb-gallery-id-12056_973580-91 .kadence-blocks-gallery-item .kb-gal-image-radius, .kb-gallery-id-12056_973580-91 .kb-slide-item .kb-gal-image-radius img{border-radius:0px 0px 0px 0px;;}.kb-gallery-wrap-id-12056_973580-91.wp-block-kadence-advancedgallery{overflow:visible;}.kb-gallery-wrap-id-12056_973580-91.wp-block-kadence-advancedgallery .kt-blocks-carousel{overflow:visible;}<\/style><div class=\"kb-gallery-wrap-id-12056_973580-91 alignnone wp-block-kadence-advancedgallery\"><div class=\"kb-gallery-ul kb-gallery-non-static kb-gallery-type-slider kb-gallery-id-12056_973580-91 kb-gallery-caption-style-bottom-hover kb-gallery-filter-none\" data-image-filter=\"none\" data-lightbox-caption=\"true\"><div class=\"kt-blocks-carousel splide kt-carousel-container-dotstyle-dark kt-carousel-arrowstyle-none kt-carousel-dotstyle-dark kb-slider-group-arrow kb-slider-arrow-position-center\" data-slider-anim-speed=\"400\" data-slider-scroll=\"1\" data-slider-arrows=\"false\" data-slider-fade=\"true\" data-slider-dots=\"true\" data-slider-type=\"slider\" data-slider-hover-pause=\"false\" data-slider-auto=\"1\" data-slider-speed=\"3000\" data-show-pause-button=\"false\"><div class=\"splide__track\"><ul class=\"kt-blocks-carousel-init kb-blocks-slider splide__list\"><li class=\"kb-slide-item kb-gallery-slide-item splide__slide\"><div class=\"kadence-blocks-gallery-item\"><div class=\"kadence-blocks-gallery-item-inner\"><figure class=\"kb-gallery-figure kadence-blocks-gallery-item-hide-caption\"><div class=\"kb-gal-image-radius\"><div class=\"kb-gallery-image-contain kadence-blocks-gallery-intrinsic kb-gallery-image-ratio-inherit kb-has-image-ratio-inherit\" ><img fetchpriority=\"high\" decoding=\"async\" width=\"294\" height=\"394\" src=\"https:\/\/yeeply.com\/fr\/wp-content\/uploads\/2020\/05\/FR_01-1.png\"   alt=\"ebook creer jeu mobile\" data-full-image=\"https:\/\/yeeply.com\/fr\/wp-content\/uploads\/2020\/05\/FR_01-1.png\" data-light-image=\"https:\/\/yeeply.com\/fr\/wp-content\/uploads\/2020\/05\/FR_01-1.png\" data-id=\"12223\" class=\"wp-image-12223 skip-lazy\" srcset=\"https:\/\/yeeply.com\/fr\/wp-content\/uploads\/2020\/05\/FR_01-1.png 294w, https:\/\/yeeply.com\/fr\/wp-content\/uploads\/2020\/05\/FR_01-1-224x300.png 224w\" sizes=\"(max-width: 294px) 100vw, 294px\" \/><\/div><\/div><\/figure><\/div><\/div><\/li><li class=\"kb-slide-item kb-gallery-slide-item splide__slide\"><div class=\"kadence-blocks-gallery-item\"><div class=\"kadence-blocks-gallery-item-inner\"><figure class=\"kb-gallery-figure kadence-blocks-gallery-item-hide-caption\"><div class=\"kb-gal-image-radius\"><div class=\"kb-gallery-image-contain kadence-blocks-gallery-intrinsic kb-gallery-image-ratio-inherit kb-has-image-ratio-inherit\" ><img decoding=\"async\" width=\"294\" height=\"394\" src=\"https:\/\/yeeply.com\/fr\/wp-content\/uploads\/2020\/05\/FR_02-1.png\"   alt=\"extrait ebook creer jeu mobile\" data-full-image=\"https:\/\/yeeply.com\/fr\/wp-content\/uploads\/2020\/05\/FR_02-1.png\" data-light-image=\"https:\/\/yeeply.com\/fr\/wp-content\/uploads\/2020\/05\/FR_02-1.png\" data-id=\"12224\" class=\"wp-image-12224 skip-lazy\" srcset=\"https:\/\/yeeply.com\/fr\/wp-content\/uploads\/2020\/05\/FR_02-1.png 294w, https:\/\/yeeply.com\/fr\/wp-content\/uploads\/2020\/05\/FR_02-1-224x300.png 224w\" sizes=\"(max-width: 294px) 100vw, 294px\" \/><\/div><\/div><\/figure><\/div><\/div><\/li><li class=\"kb-slide-item kb-gallery-slide-item splide__slide\"><div class=\"kadence-blocks-gallery-item\"><div class=\"kadence-blocks-gallery-item-inner\"><figure class=\"kb-gallery-figure kadence-blocks-gallery-item-hide-caption\"><div class=\"kb-gal-image-radius\"><div class=\"kb-gallery-image-contain kadence-blocks-gallery-intrinsic kb-gallery-image-ratio-inherit kb-has-image-ratio-inherit\" ><img decoding=\"async\" width=\"294\" height=\"394\" src=\"https:\/\/yeeply.com\/fr\/wp-content\/uploads\/2020\/05\/FR_03-1.png\"   alt=\"extrait ebook creer jeu mobile\" data-full-image=\"https:\/\/yeeply.com\/fr\/wp-content\/uploads\/2020\/05\/FR_03-1.png\" data-light-image=\"https:\/\/yeeply.com\/fr\/wp-content\/uploads\/2020\/05\/FR_03-1.png\" data-id=\"12225\" class=\"wp-image-12225 skip-lazy\" srcset=\"https:\/\/yeeply.com\/fr\/wp-content\/uploads\/2020\/05\/FR_03-1.png 294w, https:\/\/yeeply.com\/fr\/wp-content\/uploads\/2020\/05\/FR_03-1-224x300.png 224w\" sizes=\"(max-width: 294px) 100vw, 294px\" \/><\/div><\/div><\/figure><\/div><\/div><\/li><li class=\"kb-slide-item kb-gallery-slide-item splide__slide\"><div class=\"kadence-blocks-gallery-item\"><div class=\"kadence-blocks-gallery-item-inner\"><figure class=\"kb-gallery-figure kadence-blocks-gallery-item-hide-caption\"><div class=\"kb-gal-image-radius\"><div class=\"kb-gallery-image-contain kadence-blocks-gallery-intrinsic kb-gallery-image-ratio-inherit kb-has-image-ratio-inherit\" ><img loading=\"lazy\" decoding=\"async\" width=\"294\" height=\"394\" src=\"https:\/\/yeeply.com\/fr\/wp-content\/uploads\/2020\/05\/FR_04-1.png\"   alt=\"extrait ebook creer jeu mobile\" data-full-image=\"https:\/\/yeeply.com\/fr\/wp-content\/uploads\/2020\/05\/FR_04-1.png\" data-light-image=\"https:\/\/yeeply.com\/fr\/wp-content\/uploads\/2020\/05\/FR_04-1.png\" data-id=\"12226\" class=\"wp-image-12226 skip-lazy\" srcset=\"https:\/\/yeeply.com\/fr\/wp-content\/uploads\/2020\/05\/FR_04-1.png 294w, https:\/\/yeeply.com\/fr\/wp-content\/uploads\/2020\/05\/FR_04-1-224x300.png 224w\" sizes=\"(max-width: 294px) 100vw, 294px\" \/><\/div><\/div><\/figure><\/div><\/div><\/li><\/ul><\/div><\/div><\/div><\/div>\n\n\n<h4 class=\"wp-block-heading\">Avec cet ebook vous allez apprendre&#8230;<\/h4>\n\n\n\n<ul class=\"wp-block-list\">\n<li>Quelles sont les quatre \u00e9tapes de la cr\u00e9ation d&rsquo;un jeu mobile.<\/li>\n\n\n\n<li>Quel type de d\u00e9veloppement convient \u00e0 votre jeu.\u00a0<\/li>\n\n\n\n<li>Comment choisir une \u00e9quipe pour y parvenir.<\/li>\n\n\n\n<li>Quelles \u00e9tapes \u00e0 suivre avant le lancement. <\/li>\n<\/ul>\n<\/div>\n\n\n\n<div class=\"wp-block-uagb-column uagb-column__wrap uagb-column__background-color uagb-block-d64efae8\"><div class=\"uagb-column__overlay\"><\/div>\n<h4 class=\"wp-block-heading\">Laissez-nous vos coordonn\u00e9es et nous vous l&rsquo;enverrons !<\/h4>\n\n\n\n<script type=\"text\/javascript\" src=\"https:\/\/mautic.yeeply.com\/form\/generate.js?id=18\"><\/script>\n\n\n\n<p><\/p>\n<\/div>\n<\/div><\/section>\n\n\n\n<section class=\"wp-block-uagb-section uagb-section__wrap uagb-section__background-undefined uagb-block-7bab45db\"><div class=\"uagb-section__overlay\"><\/div><div class=\"uagb-section__inner-wrap\"><style>.wp-block-kadence-spacer.kt-block-spacer-_d531e8-cd .kt-block-spacer{height:130px;}.wp-block-kadence-spacer.kt-block-spacer-_d531e8-cd .kt-divider{border-top-width:1px;height:1px;border-top-color:#eee;width:40%;border-top-style:solid;}<\/style>\n<div class=\"wp-block-kadence-spacer aligncenter kt-block-spacer-_d531e8-cd\"><div class=\"kt-block-spacer kt-block-spacer-halign-center\" style=\"height:130px\"><hr class=\"kt-divider\" style=\"border-top-color:rgba(238, 238, 238, 1);border-top-width:1px;width:40%;border-top-style:solid\"\/><\/div><\/div>\n\n\n\n<p class=\"has-text-align-center\">Partagez ce guide !<\/p>\n\n\n\n<div class=\"wp-block-uagb-social-share uagb-social-share__outer-wrap uagb-social-share__layout-horizontal uagb-block-f65c34f4\">\n<div class=\"wp-block-uagb-social-share-child uagb-ss-repeater uagb-ss__wrapper uagb-block-6a7cbcb6\"><span class=\"uagb-ss__link\" data-href=\"https:\/\/www.facebook.com\/sharer.php?u=\" tabindex=\"0\" role=\"button\" aria-label=\"facebook\"><span class=\"uagb-ss__source-wrap\"><img loading=\"lazy\" decoding=\"async\" class=\"uagb-ss__source-image\" src=\"https:\/\/www.yeeply.com\/wp-content\/uploads\/2020\/04\/facebook-color.png\" alt=\"facebook-color\" width=\"30\" height=\"30\" loading=\"lazy\"\/><\/span><\/span><\/div>\n\n\n\n<div class=\"wp-block-uagb-social-share-child uagb-ss-repeater uagb-ss__wrapper uagb-block-3d97ea71\"><span class=\"uagb-ss__link\" data-href=\"https:\/\/twitter.com\/share?url=\" tabindex=\"0\" role=\"button\" aria-label=\"twitter\"><span class=\"uagb-ss__source-wrap\"><img loading=\"lazy\" decoding=\"async\" class=\"uagb-ss__source-image\" src=\"https:\/\/www.yeeply.com\/wp-content\/uploads\/2020\/04\/twitter-color.png\" alt=\"\" width=\"30\" height=\"30\" loading=\"lazy\"\/><\/span><\/span><\/div>\n\n\n\n<div class=\"wp-block-uagb-social-share-child uagb-ss-repeater uagb-ss__wrapper uagb-block-22bcc41c\"><span class=\"uagb-ss__link\" data-href=\"https:\/\/www.linkedin.com\/shareArticle?url=\" tabindex=\"0\" role=\"button\" aria-label=\"linkedin\"><span class=\"uagb-ss__source-wrap\"><img loading=\"lazy\" decoding=\"async\" class=\"uagb-ss__source-image\" src=\"https:\/\/www.yeeply.com\/wp-content\/uploads\/2020\/04\/linkedin-color.png\" alt=\"\" width=\"30\" height=\"30\" loading=\"lazy\"\/><\/span><\/span><\/div>\n\n\n\n<div class=\"wp-block-uagb-social-share-child uagb-ss-repeater uagb-ss__wrapper uagb-block-7e10e4ba\"><span class=\"uagb-ss__link\" data-href=\"mailto:?body=\" tabindex=\"0\" role=\"button\" aria-label=\"email\"><span class=\"uagb-ss__source-wrap\"><img loading=\"lazy\" decoding=\"async\" class=\"uagb-ss__source-image\" src=\"https:\/\/www.yeeply.com\/wp-content\/uploads\/2020\/04\/email-color.png\" alt=\"email-color\" width=\"30\" height=\"30\" loading=\"lazy\"\/><\/span><\/span><\/div>\n<\/div>\n<\/div><\/section>\n\n\n\n<p><\/p>\n<\/div><\/section>\n","protected":false},"excerpt":{"rendered":"","protected":false},"author":4,"featured_media":12250,"parent":11946,"menu_order":0,"comment_status":"closed","ping_status":"closed","template":"","meta":{"inline_featured_image":false,"_uag_custom_page_level_css":"","footnotes":""},"categories":[],"class_list":["post-12056","page","type-page","status-publish","has-post-thumbnail","hentry"],"yoast_head":"<!-- This site is optimized with the Yoast SEO plugin v27.4 - https:\/\/yoast.com\/product\/yoast-seo-wordpress\/ -->\n<title>?T\u00c9L\u00c9CHARGEMENT DE L&#039;EBOOK!| Apprendre \u00e0 cr\u00e9er un jeu mobile<\/title>\n<meta name=\"description\" content=\"De la pr\u00e9-production au lancement : nous avons rassembl\u00e9 toutes les \u00e9tapes de la cr\u00e9ation d&#039;un jeu mobile exclusivement pour vous.\" \/>\n<meta name=\"robots\" content=\"noindex, follow\" \/>\n<meta property=\"og:locale\" content=\"fr_FR\" \/>\n<meta property=\"og:type\" content=\"article\" \/>\n<meta property=\"og:title\" content=\"?T\u00c9L\u00c9CHARGEMENT DE L&#039;EBOOK!| Apprendre \u00e0 cr\u00e9er un jeu mobile\" \/>\n<meta property=\"og:description\" content=\"De la pr\u00e9-production au lancement : nous avons rassembl\u00e9 toutes les \u00e9tapes de la cr\u00e9ation d&#039;un jeu mobile exclusivement pour vous.\" \/>\n<meta property=\"og:url\" content=\"https:\/\/yeeply.com\/fr\/landing\/telechargement-ebook-creation-jeu-mobile\/\" \/>\n<meta property=\"og:site_name\" content=\"Yeeply\" \/>\n<meta property=\"article:publisher\" content=\"https:\/\/www.facebook.com\/YeeplyMobile\/\" \/>\n<meta property=\"article:modified_time\" content=\"2024-09-02T10:08:59+00:00\" \/>\n<meta property=\"og:image\" content=\"https:\/\/yeeply.com\/fr\/wp-content\/uploads\/2020\/09\/Ebook-creer-un-jeu-mobile.jpg\" \/>\n\t<meta property=\"og:image:width\" content=\"1024\" \/>\n\t<meta property=\"og:image:height\" content=\"512\" \/>\n\t<meta property=\"og:image:type\" content=\"image\/jpeg\" \/>\n<meta name=\"twitter:card\" content=\"summary_large_image\" \/>\n<meta name=\"twitter:title\" content=\"?T\u00c9L\u00c9CHARGEMENT DE L&#039;EBOOK!| Apprendre \u00e0 cr\u00e9er un jeu mobile\" \/>\n<meta name=\"twitter:description\" content=\"De la pr\u00e9-production au lancement : nous avons rassembl\u00e9 toutes les \u00e9tapes de la cr\u00e9ation d&#039;un jeu mobile exclusivement pour vous.\" \/>\n<meta name=\"twitter:image\" content=\"https:\/\/yeeply.com\/fr\/wp-content\/uploads\/2020\/09\/Ebook-creer-un-jeu-mobile.jpg\" \/>\n<meta name=\"twitter:site\" content=\"@Yeeply_EN\" \/>\n<meta name=\"twitter:label1\" content=\"Dur\u00e9e de lecture estim\u00e9e\" \/>\n\t<meta name=\"twitter:data1\" content=\"2 minutes\" \/>\n<script type=\"application\/ld+json\" class=\"yoast-schema-graph\">{\"@context\":\"https:\\\/\\\/schema.org\",\"@graph\":[{\"@type\":\"WebPage\",\"@id\":\"https:\\\/\\\/yeeply.com\\\/fr\\\/landing\\\/telechargement-ebook-creation-jeu-mobile\\\/\",\"url\":\"https:\\\/\\\/yeeply.com\\\/fr\\\/landing\\\/telechargement-ebook-creation-jeu-mobile\\\/\",\"name\":\"?T\u00c9L\u00c9CHARGEMENT DE L'EBOOK!| Apprendre \u00e0 cr\u00e9er un jeu mobile\",\"isPartOf\":{\"@id\":\"https:\\\/\\\/yeeply.com\\\/fr\\\/#website\"},\"primaryImageOfPage\":{\"@id\":\"https:\\\/\\\/yeeply.com\\\/fr\\\/landing\\\/telechargement-ebook-creation-jeu-mobile\\\/#primaryimage\"},\"image\":{\"@id\":\"https:\\\/\\\/yeeply.com\\\/fr\\\/landing\\\/telechargement-ebook-creation-jeu-mobile\\\/#primaryimage\"},\"thumbnailUrl\":\"https:\\\/\\\/yeeply.com\\\/fr\\\/wp-content\\\/uploads\\\/2020\\\/05\\\/CTAs_YEEPLY_eBook_3_ADS_FR.jpg\",\"datePublished\":\"2020-05-11T09:26:17+00:00\",\"dateModified\":\"2024-09-02T10:08:59+00:00\",\"description\":\"De la pr\u00e9-production au lancement : nous avons rassembl\u00e9 toutes les \u00e9tapes de la cr\u00e9ation d'un jeu mobile exclusivement pour vous.\",\"breadcrumb\":{\"@id\":\"https:\\\/\\\/yeeply.com\\\/fr\\\/landing\\\/telechargement-ebook-creation-jeu-mobile\\\/#breadcrumb\"},\"inLanguage\":\"fr-FR\",\"potentialAction\":[{\"@type\":\"ReadAction\",\"target\":[\"https:\\\/\\\/yeeply.com\\\/fr\\\/landing\\\/telechargement-ebook-creation-jeu-mobile\\\/\"]}]},{\"@type\":\"ImageObject\",\"inLanguage\":\"fr-FR\",\"@id\":\"https:\\\/\\\/yeeply.com\\\/fr\\\/landing\\\/telechargement-ebook-creation-jeu-mobile\\\/#primaryimage\",\"url\":\"https:\\\/\\\/yeeply.com\\\/fr\\\/wp-content\\\/uploads\\\/2020\\\/05\\\/CTAs_YEEPLY_eBook_3_ADS_FR.jpg\",\"contentUrl\":\"https:\\\/\\\/yeeply.com\\\/fr\\\/wp-content\\\/uploads\\\/2020\\\/05\\\/CTAs_YEEPLY_eBook_3_ADS_FR.jpg\",\"width\":1024,\"height\":512},{\"@type\":\"BreadcrumbList\",\"@id\":\"https:\\\/\\\/yeeply.com\\\/fr\\\/landing\\\/telechargement-ebook-creation-jeu-mobile\\\/#breadcrumb\",\"itemListElement\":[{\"@type\":\"ListItem\",\"position\":1,\"name\":\"Home\",\"item\":\"https:\\\/\\\/yeeply.com\\\/fr\\\/\"},{\"@type\":\"ListItem\",\"position\":2,\"name\":\"Landing [NO BORRAR]\",\"item\":\"https:\\\/\\\/yeeply.com\\\/fr\\\/landing\\\/\"},{\"@type\":\"ListItem\",\"position\":3,\"name\":\"LP &#8211; Ebook 3 Juego\"}]},{\"@type\":\"WebSite\",\"@id\":\"https:\\\/\\\/yeeply.com\\\/fr\\\/#website\",\"url\":\"https:\\\/\\\/yeeply.com\\\/fr\\\/\",\"name\":\"Yeeply\",\"description\":\"A platform for the development of digital projects\",\"publisher\":{\"@id\":\"https:\\\/\\\/yeeply.com\\\/fr\\\/#organization\"},\"potentialAction\":[{\"@type\":\"SearchAction\",\"target\":{\"@type\":\"EntryPoint\",\"urlTemplate\":\"https:\\\/\\\/yeeply.com\\\/fr\\\/?s={search_term_string}\"},\"query-input\":{\"@type\":\"PropertyValueSpecification\",\"valueRequired\":true,\"valueName\":\"search_term_string\"}}],\"inLanguage\":\"fr-FR\"},{\"@type\":\"Organization\",\"@id\":\"https:\\\/\\\/yeeply.com\\\/fr\\\/#organization\",\"name\":\"Yeeply\",\"url\":\"https:\\\/\\\/yeeply.com\\\/fr\\\/\",\"logo\":{\"@type\":\"ImageObject\",\"inLanguage\":\"fr-FR\",\"@id\":\"https:\\\/\\\/yeeply.com\\\/fr\\\/#\\\/schema\\\/logo\\\/image\\\/\",\"url\":\"https:\\\/\\\/yeeply.com\\\/fr\\\/wp-content\\\/uploads\\\/2019\\\/05\\\/logo_yeeply_black@2x.png\",\"contentUrl\":\"https:\\\/\\\/yeeply.com\\\/fr\\\/wp-content\\\/uploads\\\/2019\\\/05\\\/logo_yeeply_black@2x.png\",\"width\":360,\"height\":120,\"caption\":\"Yeeply\"},\"image\":{\"@id\":\"https:\\\/\\\/yeeply.com\\\/fr\\\/#\\\/schema\\\/logo\\\/image\\\/\"},\"sameAs\":[\"https:\\\/\\\/www.facebook.com\\\/YeeplyMobile\\\/\",\"https:\\\/\\\/x.com\\\/Yeeply_EN\",\"https:\\\/\\\/www.linkedin.com\\\/company\\\/yeeply\"]}]}<\/script>\n<!-- \/ Yoast SEO plugin. -->","yoast_head_json":{"title":"?T\u00c9L\u00c9CHARGEMENT DE L'EBOOK!| Apprendre \u00e0 cr\u00e9er un jeu mobile","description":"De la pr\u00e9-production au lancement : nous avons rassembl\u00e9 toutes les \u00e9tapes de la cr\u00e9ation d'un jeu mobile exclusivement pour vous.","robots":{"index":"noindex","follow":"follow"},"og_locale":"fr_FR","og_type":"article","og_title":"?T\u00c9L\u00c9CHARGEMENT DE L'EBOOK!| Apprendre \u00e0 cr\u00e9er un jeu mobile","og_description":"De la pr\u00e9-production au lancement : nous avons rassembl\u00e9 toutes les \u00e9tapes de la cr\u00e9ation d'un jeu mobile exclusivement pour vous.","og_url":"https:\/\/yeeply.com\/fr\/landing\/telechargement-ebook-creation-jeu-mobile\/","og_site_name":"Yeeply","article_publisher":"https:\/\/www.facebook.com\/YeeplyMobile\/","article_modified_time":"2024-09-02T10:08:59+00:00","og_image":[{"width":1024,"height":512,"url":"https:\/\/yeeply.com\/fr\/wp-content\/uploads\/2020\/09\/Ebook-creer-un-jeu-mobile.jpg","type":"image\/jpeg"}],"twitter_card":"summary_large_image","twitter_title":"?T\u00c9L\u00c9CHARGEMENT DE L'EBOOK!| Apprendre \u00e0 cr\u00e9er un jeu mobile","twitter_description":"De la pr\u00e9-production au lancement : nous avons rassembl\u00e9 toutes les \u00e9tapes de la cr\u00e9ation d'un jeu mobile exclusivement pour vous.","twitter_image":"https:\/\/yeeply.com\/fr\/wp-content\/uploads\/2020\/09\/Ebook-creer-un-jeu-mobile.jpg","twitter_site":"@Yeeply_EN","twitter_misc":{"Dur\u00e9e de lecture estim\u00e9e":"2 minutes"},"schema":{"@context":"https:\/\/schema.org","@graph":[{"@type":"WebPage","@id":"https:\/\/yeeply.com\/fr\/landing\/telechargement-ebook-creation-jeu-mobile\/","url":"https:\/\/yeeply.com\/fr\/landing\/telechargement-ebook-creation-jeu-mobile\/","name":"?T\u00c9L\u00c9CHARGEMENT DE L'EBOOK!| Apprendre \u00e0 cr\u00e9er un jeu mobile","isPartOf":{"@id":"https:\/\/yeeply.com\/fr\/#website"},"primaryImageOfPage":{"@id":"https:\/\/yeeply.com\/fr\/landing\/telechargement-ebook-creation-jeu-mobile\/#primaryimage"},"image":{"@id":"https:\/\/yeeply.com\/fr\/landing\/telechargement-ebook-creation-jeu-mobile\/#primaryimage"},"thumbnailUrl":"https:\/\/yeeply.com\/fr\/wp-content\/uploads\/2020\/05\/CTAs_YEEPLY_eBook_3_ADS_FR.jpg","datePublished":"2020-05-11T09:26:17+00:00","dateModified":"2024-09-02T10:08:59+00:00","description":"De la pr\u00e9-production au lancement : nous avons rassembl\u00e9 toutes les \u00e9tapes de la cr\u00e9ation d'un jeu mobile exclusivement pour vous.","breadcrumb":{"@id":"https:\/\/yeeply.com\/fr\/landing\/telechargement-ebook-creation-jeu-mobile\/#breadcrumb"},"inLanguage":"fr-FR","potentialAction":[{"@type":"ReadAction","target":["https:\/\/yeeply.com\/fr\/landing\/telechargement-ebook-creation-jeu-mobile\/"]}]},{"@type":"ImageObject","inLanguage":"fr-FR","@id":"https:\/\/yeeply.com\/fr\/landing\/telechargement-ebook-creation-jeu-mobile\/#primaryimage","url":"https:\/\/yeeply.com\/fr\/wp-content\/uploads\/2020\/05\/CTAs_YEEPLY_eBook_3_ADS_FR.jpg","contentUrl":"https:\/\/yeeply.com\/fr\/wp-content\/uploads\/2020\/05\/CTAs_YEEPLY_eBook_3_ADS_FR.jpg","width":1024,"height":512},{"@type":"BreadcrumbList","@id":"https:\/\/yeeply.com\/fr\/landing\/telechargement-ebook-creation-jeu-mobile\/#breadcrumb","itemListElement":[{"@type":"ListItem","position":1,"name":"Home","item":"https:\/\/yeeply.com\/fr\/"},{"@type":"ListItem","position":2,"name":"Landing [NO BORRAR]","item":"https:\/\/yeeply.com\/fr\/landing\/"},{"@type":"ListItem","position":3,"name":"LP &#8211; Ebook 3 Juego"}]},{"@type":"WebSite","@id":"https:\/\/yeeply.com\/fr\/#website","url":"https:\/\/yeeply.com\/fr\/","name":"Yeeply","description":"A platform for the development of digital projects","publisher":{"@id":"https:\/\/yeeply.com\/fr\/#organization"},"potentialAction":[{"@type":"SearchAction","target":{"@type":"EntryPoint","urlTemplate":"https:\/\/yeeply.com\/fr\/?s={search_term_string}"},"query-input":{"@type":"PropertyValueSpecification","valueRequired":true,"valueName":"search_term_string"}}],"inLanguage":"fr-FR"},{"@type":"Organization","@id":"https:\/\/yeeply.com\/fr\/#organization","name":"Yeeply","url":"https:\/\/yeeply.com\/fr\/","logo":{"@type":"ImageObject","inLanguage":"fr-FR","@id":"https:\/\/yeeply.com\/fr\/#\/schema\/logo\/image\/","url":"https:\/\/yeeply.com\/fr\/wp-content\/uploads\/2019\/05\/logo_yeeply_black@2x.png","contentUrl":"https:\/\/yeeply.com\/fr\/wp-content\/uploads\/2019\/05\/logo_yeeply_black@2x.png","width":360,"height":120,"caption":"Yeeply"},"image":{"@id":"https:\/\/yeeply.com\/fr\/#\/schema\/logo\/image\/"},"sameAs":["https:\/\/www.facebook.com\/YeeplyMobile\/","https:\/\/x.com\/Yeeply_EN","https:\/\/www.linkedin.com\/company\/yeeply"]}]}},"uagb_featured_image_src":{"full":["https:\/\/yeeply.com\/fr\/wp-content\/uploads\/2020\/05\/CTAs_YEEPLY_eBook_3_ADS_FR.jpg",1024,512,false],"thumbnail":["https:\/\/yeeply.com\/fr\/wp-content\/uploads\/2020\/05\/CTAs_YEEPLY_eBook_3_ADS_FR-150x150.png",150,150,true],"medium":["https:\/\/yeeply.com\/fr\/wp-content\/uploads\/2020\/05\/CTAs_YEEPLY_eBook_3_ADS_FR-300x150.png",300,150,true],"medium_large":["https:\/\/yeeply.com\/fr\/wp-content\/uploads\/2020\/05\/CTAs_YEEPLY_eBook_3_ADS_FR-768x384.png",640,320,true],"large":["https:\/\/yeeply.com\/fr\/wp-content\/uploads\/2020\/05\/CTAs_YEEPLY_eBook_3_ADS_FR.jpg",640,320,false],"1536x1536":["https:\/\/yeeply.com\/fr\/wp-content\/uploads\/2020\/05\/CTAs_YEEPLY_eBook_3_ADS_FR.jpg",1024,512,false],"2048x2048":["https:\/\/yeeply.com\/fr\/wp-content\/uploads\/2020\/05\/CTAs_YEEPLY_eBook_3_ADS_FR.jpg",1024,512,false],"gform-image-choice-sm":["https:\/\/yeeply.com\/fr\/wp-content\/uploads\/2020\/05\/CTAs_YEEPLY_eBook_3_ADS_FR.jpg",300,150,false],"gform-image-choice-md":["https:\/\/yeeply.com\/fr\/wp-content\/uploads\/2020\/05\/CTAs_YEEPLY_eBook_3_ADS_FR.jpg",400,200,false],"gform-image-choice-lg":["https:\/\/yeeply.com\/fr\/wp-content\/uploads\/2020\/05\/CTAs_YEEPLY_eBook_3_ADS_FR.jpg",600,300,false]},"uagb_author_info":{"display_name":"Luis Picurelli","author_link":"https:\/\/yeeply.com\/fr\/author\/luis\/"},"uagb_comment_info":0,"uagb_excerpt":null,"_links":{"self":[{"href":"https:\/\/yeeply.com\/fr\/wp-json\/wp\/v2\/pages\/12056","targetHints":{"allow":["GET"]}}],"collection":[{"href":"https:\/\/yeeply.com\/fr\/wp-json\/wp\/v2\/pages"}],"about":[{"href":"https:\/\/yeeply.com\/fr\/wp-json\/wp\/v2\/types\/page"}],"author":[{"embeddable":true,"href":"https:\/\/yeeply.com\/fr\/wp-json\/wp\/v2\/users\/4"}],"replies":[{"embeddable":true,"href":"https:\/\/yeeply.com\/fr\/wp-json\/wp\/v2\/comments?post=12056"}],"version-history":[{"count":2,"href":"https:\/\/yeeply.com\/fr\/wp-json\/wp\/v2\/pages\/12056\/revisions"}],"predecessor-version":[{"id":18736,"href":"https:\/\/yeeply.com\/fr\/wp-json\/wp\/v2\/pages\/12056\/revisions\/18736"}],"up":[{"embeddable":true,"href":"https:\/\/yeeply.com\/fr\/wp-json\/wp\/v2\/pages\/11946"}],"wp:featuredmedia":[{"embeddable":true,"href":"https:\/\/yeeply.com\/fr\/wp-json\/wp\/v2\/media\/12250"}],"wp:attachment":[{"href":"https:\/\/yeeply.com\/fr\/wp-json\/wp\/v2\/media?parent=12056"}],"wp:term":[{"taxonomy":"category","embeddable":true,"href":"https:\/\/yeeply.com\/fr\/wp-json\/wp\/v2\/categories?post=12056"}],"curies":[{"name":"wp","href":"https:\/\/api.w.org\/{rel}","templated":true}]}}