{"id":12054,"date":"2020-05-11T09:26:17","date_gmt":"2020-05-11T09:26:17","guid":{"rendered":"https:\/\/yeeply.com\/fr\/?page_id=12054"},"modified":"2024-09-02T12:09:40","modified_gmt":"2024-09-02T10:09:40","slug":"telechargez-ebook-applis","status":"publish","type":"page","link":"https:\/\/yeeply.com\/fr\/landing\/telechargez-ebook-applis\/","title":{"rendered":"LP &#8211; Ebook 1 App"},"content":{"rendered":"\n<section class=\"wp-block-uagb-section uagb-section__wrap uagb-section__background-undefined uagb-block-1b700902 lp-template\"><div class=\"uagb-section__overlay\"><\/div><div class=\"uagb-section__inner-wrap\">\n<section class=\"wp-block-uagb-columns uagb-columns__wrap uagb-columns__stack-tablet uagb-columns__valign- uagb-columns__gap-10 alignfull uagb-block-f26ddb88 uagb-columns__columns-2 uagb-columns__max_width-custom\"><div class=\"uagb-columns__overlay\"><\/div><div class=\"uagb-columns__inner-wrap uagb-columns__columns-2\">\n<div class=\"wp-block-uagb-column uagb-column__wrap uagb-column__background-undefined uagb-column__align-left uagb-block-51bdb74a\"><div class=\"uagb-column__overlay\"><\/div>\n<h3 class=\"wp-block-heading\">EBOOK<\/h3>\n\n\n\n<h2 class=\"wp-block-heading\"> Le guide d\u00e9finitif pour cr\u00e9er l&rsquo;application de votre entreprise<\/h2>\n\n\n<style>.kb-gallery-id-12054_ba329b-e8 .kadence-blocks-gallery-item .kb-gal-image-radius, .kb-gallery-id-12054_ba329b-e8 .kb-slide-item .kb-gal-image-radius img{border-radius:0px 0px 0px 0px;;}.kb-gallery-wrap-id-12054_ba329b-e8.wp-block-kadence-advancedgallery{overflow:visible;}.kb-gallery-wrap-id-12054_ba329b-e8.wp-block-kadence-advancedgallery .kt-blocks-carousel{overflow:visible;}<\/style><div class=\"kb-gallery-wrap-id-12054_ba329b-e8 alignnone wp-block-kadence-advancedgallery\"><div class=\"kb-gallery-ul kb-gallery-non-static kb-gallery-type-slider kb-gallery-id-12054_ba329b-e8 kb-gallery-caption-style-bottom-hover kb-gallery-filter-none\" data-image-filter=\"none\" data-lightbox-caption=\"true\"><div class=\"kt-blocks-carousel splide kt-carousel-container-dotstyle-dark kt-carousel-arrowstyle-none kt-carousel-dotstyle-dark kb-slider-group-arrow kb-slider-arrow-position-center\" data-slider-anim-speed=\"400\" data-slider-scroll=\"1\" data-slider-arrows=\"false\" data-slider-fade=\"true\" data-slider-dots=\"true\" data-slider-type=\"slider\" data-slider-hover-pause=\"false\" data-slider-auto=\"1\" data-slider-speed=\"3000\" data-show-pause-button=\"false\"><div class=\"splide__track\"><ul class=\"kt-blocks-carousel-init kb-blocks-slider splide__list\"><li class=\"kb-slide-item kb-gallery-slide-item splide__slide\"><div class=\"kadence-blocks-gallery-item\"><div class=\"kadence-blocks-gallery-item-inner\"><figure class=\"kb-gallery-figure kadence-blocks-gallery-item-hide-caption\"><div class=\"kb-gal-image-radius\"><div class=\"kb-gallery-image-contain kadence-blocks-gallery-intrinsic kb-gallery-image-ratio-inherit kb-has-image-ratio-inherit\" ><img fetchpriority=\"high\" decoding=\"async\" width=\"294\" height=\"394\" src=\"https:\/\/yeeply.com\/fr\/wp-content\/uploads\/2020\/05\/FR_01_ebook-1-app.png\"   alt=\"ebook guide cr\u00e9er application entreprise\" data-full-image=\"https:\/\/yeeply.com\/fr\/wp-content\/uploads\/2020\/05\/FR_01_ebook-1-app.png\" data-light-image=\"https:\/\/yeeply.com\/fr\/wp-content\/uploads\/2020\/05\/FR_01_ebook-1-app.png\" data-id=\"12195\" class=\"wp-image-12195 skip-lazy\" srcset=\"https:\/\/yeeply.com\/fr\/wp-content\/uploads\/2020\/05\/FR_01_ebook-1-app.png 294w, https:\/\/yeeply.com\/fr\/wp-content\/uploads\/2020\/05\/FR_01_ebook-1-app-224x300.png 224w\" sizes=\"(max-width: 294px) 100vw, 294px\" \/><\/div><\/div><\/figure><\/div><\/div><\/li><li class=\"kb-slide-item kb-gallery-slide-item splide__slide\"><div class=\"kadence-blocks-gallery-item\"><div class=\"kadence-blocks-gallery-item-inner\"><figure class=\"kb-gallery-figure kadence-blocks-gallery-item-hide-caption\"><div class=\"kb-gal-image-radius\"><div class=\"kb-gallery-image-contain kadence-blocks-gallery-intrinsic kb-gallery-image-ratio-inherit kb-has-image-ratio-inherit\" ><img decoding=\"async\" width=\"294\" height=\"394\" src=\"https:\/\/yeeply.com\/fr\/wp-content\/uploads\/2020\/05\/FR_02_ebook-1-app.png\"   alt=\"extrait ebook creer application entreprise\" data-full-image=\"https:\/\/yeeply.com\/fr\/wp-content\/uploads\/2020\/05\/FR_02_ebook-1-app.png\" data-light-image=\"https:\/\/yeeply.com\/fr\/wp-content\/uploads\/2020\/05\/FR_02_ebook-1-app.png\" data-id=\"12196\" class=\"wp-image-12196 skip-lazy\" srcset=\"https:\/\/yeeply.com\/fr\/wp-content\/uploads\/2020\/05\/FR_02_ebook-1-app.png 294w, https:\/\/yeeply.com\/fr\/wp-content\/uploads\/2020\/05\/FR_02_ebook-1-app-224x300.png 224w\" sizes=\"(max-width: 294px) 100vw, 294px\" \/><\/div><\/div><\/figure><\/div><\/div><\/li><li class=\"kb-slide-item kb-gallery-slide-item splide__slide\"><div class=\"kadence-blocks-gallery-item\"><div class=\"kadence-blocks-gallery-item-inner\"><figure class=\"kb-gallery-figure kadence-blocks-gallery-item-hide-caption\"><div class=\"kb-gal-image-radius\"><div class=\"kb-gallery-image-contain kadence-blocks-gallery-intrinsic kb-gallery-image-ratio-inherit kb-has-image-ratio-inherit\" ><img decoding=\"async\" width=\"294\" height=\"394\" src=\"https:\/\/yeeply.com\/fr\/wp-content\/uploads\/2020\/05\/FR_03_ebook-1-app.png\"   alt=\"extrait ebook creer application entreprise\" data-full-image=\"https:\/\/yeeply.com\/fr\/wp-content\/uploads\/2020\/05\/FR_03_ebook-1-app.png\" data-light-image=\"https:\/\/yeeply.com\/fr\/wp-content\/uploads\/2020\/05\/FR_03_ebook-1-app.png\" data-id=\"12197\" class=\"wp-image-12197 skip-lazy\" srcset=\"https:\/\/yeeply.com\/fr\/wp-content\/uploads\/2020\/05\/FR_03_ebook-1-app.png 294w, https:\/\/yeeply.com\/fr\/wp-content\/uploads\/2020\/05\/FR_03_ebook-1-app-224x300.png 224w\" sizes=\"(max-width: 294px) 100vw, 294px\" \/><\/div><\/div><\/figure><\/div><\/div><\/li><li class=\"kb-slide-item kb-gallery-slide-item splide__slide\"><div class=\"kadence-blocks-gallery-item\"><div class=\"kadence-blocks-gallery-item-inner\"><figure class=\"kb-gallery-figure kadence-blocks-gallery-item-hide-caption\"><div class=\"kb-gal-image-radius\"><div class=\"kb-gallery-image-contain kadence-blocks-gallery-intrinsic kb-gallery-image-ratio-inherit kb-has-image-ratio-inherit\" ><img loading=\"lazy\" decoding=\"async\" width=\"294\" height=\"394\" src=\"https:\/\/yeeply.com\/fr\/wp-content\/uploads\/2020\/05\/FR_04_ebook-1-app.png\"   alt=\"extrait ebook creer application\" data-full-image=\"https:\/\/yeeply.com\/fr\/wp-content\/uploads\/2020\/05\/FR_04_ebook-1-app.png\" data-light-image=\"https:\/\/yeeply.com\/fr\/wp-content\/uploads\/2020\/05\/FR_04_ebook-1-app.png\" data-id=\"12198\" class=\"wp-image-12198 skip-lazy\" srcset=\"https:\/\/yeeply.com\/fr\/wp-content\/uploads\/2020\/05\/FR_04_ebook-1-app.png 294w, https:\/\/yeeply.com\/fr\/wp-content\/uploads\/2020\/05\/FR_04_ebook-1-app-224x300.png 224w\" sizes=\"(max-width: 294px) 100vw, 294px\" \/><\/div><\/div><\/figure><\/div><\/div><\/li><\/ul><\/div><\/div><\/div><\/div>\n\n\n<h4 class=\"wp-block-heading\">Dans ce guide, vous d\u00e9couvrirez :<\/h4>\n\n\n\n<ul class=\"wp-block-list\">\n<li> Les questions les plus fr\u00e9quentes sur la cr\u00e9ation d&rsquo;applications.<\/li>\n\n\n\n<li>Toutes les \u00e9tapes \u00e0 suivre pour cr\u00e9er une application pour votre entreprise.<\/li>\n\n\n\n<li>Les caract\u00e9ristiques du d\u00e9veloppement en fonction du syst\u00e8me d&rsquo;exploitation sur lequel vous vous concentrez.<\/li>\n\n\n\n<li>Comment trouver et embaucher la bonne \u00e9quipe de d\u00e9veloppement. <\/li>\n<\/ul>\n<\/div>\n\n\n\n<div class=\"wp-block-uagb-column uagb-column__wrap uagb-column__background-color uagb-block-4e08f4e7\"><div class=\"uagb-column__overlay\"><\/div>\n<h4 class=\"wp-block-heading\">Laissez-nous vos coordonn\u00e9es et nous vous l&rsquo;enverrons !<\/h4>\n\n\n\n<script type=\"text\/javascript\" src=\"https:\/\/mautic.yeeply.com\/form\/generate.js?id=16\"><\/script>\n\n\n\n<p><\/p>\n<\/div>\n<\/div><\/section>\n\n\n\n<section class=\"wp-block-uagb-section uagb-section__wrap uagb-section__background-undefined uagb-block-1f420734\"><div class=\"uagb-section__overlay\"><\/div><div class=\"uagb-section__inner-wrap\"><style>.wp-block-kadence-spacer.kt-block-spacer-_d531e8-cd .kt-block-spacer{height:130px;}.wp-block-kadence-spacer.kt-block-spacer-_d531e8-cd .kt-divider{border-top-width:1px;height:1px;border-top-color:#eee;width:40%;border-top-style:solid;}<\/style>\n<div class=\"wp-block-kadence-spacer aligncenter kt-block-spacer-_d531e8-cd\"><div class=\"kt-block-spacer kt-block-spacer-halign-center\" style=\"height:130px\"><hr class=\"kt-divider\" style=\"border-top-color:rgba(238, 238, 238, 1);border-top-width:1px;width:40%;border-top-style:solid\"\/><\/div><\/div>\n\n\n\n<p class=\"has-text-align-center\">Partagez ce guide !<\/p>\n\n\n\n<div class=\"wp-block-uagb-social-share uagb-social-share__outer-wrap uagb-social-share__layout-horizontal uagb-block-d93aa40c\">\n<div class=\"wp-block-uagb-social-share-child uagb-ss-repeater uagb-ss__wrapper uagb-block-a8ddfa87\"><span class=\"uagb-ss__link\" data-href=\"https:\/\/www.facebook.com\/sharer.php?u=\" tabindex=\"0\" role=\"button\" aria-label=\"facebook\"><span class=\"uagb-ss__source-wrap\"><img loading=\"lazy\" decoding=\"async\" class=\"uagb-ss__source-image\" src=\"https:\/\/www.yeeply.com\/wp-content\/uploads\/2020\/04\/facebook-color.png\" alt=\"facebook-color\" width=\"30\" height=\"30\" loading=\"lazy\"\/><\/span><\/span><\/div>\n\n\n\n<div class=\"wp-block-uagb-social-share-child uagb-ss-repeater uagb-ss__wrapper uagb-block-1b54ebb4\"><span class=\"uagb-ss__link\" data-href=\"https:\/\/twitter.com\/share?url=\" tabindex=\"0\" role=\"button\" aria-label=\"twitter\"><span class=\"uagb-ss__source-wrap\"><img loading=\"lazy\" decoding=\"async\" class=\"uagb-ss__source-image\" src=\"https:\/\/www.yeeply.com\/wp-content\/uploads\/2020\/04\/twitter-color.png\" alt=\"\" width=\"30\" height=\"30\" loading=\"lazy\"\/><\/span><\/span><\/div>\n\n\n\n<div class=\"wp-block-uagb-social-share-child uagb-ss-repeater uagb-ss__wrapper uagb-block-980c1c99\"><span class=\"uagb-ss__link\" data-href=\"https:\/\/www.linkedin.com\/shareArticle?url=\" tabindex=\"0\" role=\"button\" aria-label=\"linkedin\"><span class=\"uagb-ss__source-wrap\"><img loading=\"lazy\" decoding=\"async\" class=\"uagb-ss__source-image\" src=\"https:\/\/www.yeeply.com\/wp-content\/uploads\/2020\/04\/linkedin-color.png\" alt=\"\" width=\"30\" height=\"30\" loading=\"lazy\"\/><\/span><\/span><\/div>\n\n\n\n<div class=\"wp-block-uagb-social-share-child uagb-ss-repeater uagb-ss__wrapper uagb-block-91841883\"><span class=\"uagb-ss__link\" data-href=\"mailto:?body=\" tabindex=\"0\" role=\"button\" aria-label=\"email\"><span class=\"uagb-ss__source-wrap\"><img loading=\"lazy\" decoding=\"async\" class=\"uagb-ss__source-image\" src=\"https:\/\/www.yeeply.com\/wp-content\/uploads\/2020\/04\/email-color.png\" alt=\"email-color\" width=\"30\" height=\"30\" loading=\"lazy\"\/><\/span><\/span><\/div>\n<\/div>\n<\/div><\/section>\n\n\n\n<p><\/p>\n<\/div><\/section>\n","protected":false},"excerpt":{"rendered":"","protected":false},"author":4,"featured_media":12256,"parent":11946,"menu_order":0,"comment_status":"closed","ping_status":"closed","template":"","meta":{"inline_featured_image":false,"_uag_custom_page_level_css":"","footnotes":""},"categories":[],"class_list":["post-12054","page","type-page","status-publish","has-post-thumbnail","hentry"],"yoast_head":"<!-- This site is optimized with the Yoast SEO plugin v27.3 - https:\/\/yoast.com\/product\/yoast-seo-wordpress\/ -->\n<title>T\u00e9l\u00e9chargez le guide pour cr\u00e9er l&#039;application de votre entreprise<\/title>\n<meta name=\"description\" content=\"Nous r\u00e9pondons \u00e0 vos questions sur la cr\u00e9ation d&#039;applications mobiles dans ce guide pour cr\u00e9er votre application d&#039;entreprise. T\u00e9l\u00e9charger-le gratuitement.\" \/>\n<meta name=\"robots\" content=\"noindex, follow\" \/>\n<meta property=\"og:locale\" content=\"fr_FR\" \/>\n<meta property=\"og:type\" content=\"article\" \/>\n<meta property=\"og:title\" content=\"T\u00e9l\u00e9chargez le guide pour cr\u00e9er l&#039;application de votre entreprise\" \/>\n<meta property=\"og:description\" content=\"Nous r\u00e9pondons \u00e0 vos questions sur la cr\u00e9ation d&#039;applications mobiles dans ce guide pour cr\u00e9er votre application d&#039;entreprise. T\u00e9l\u00e9charger-le gratuitement.\" \/>\n<meta property=\"og:url\" content=\"https:\/\/yeeply.com\/fr\/landing\/telechargez-ebook-applis\/\" \/>\n<meta property=\"og:site_name\" content=\"Yeeply\" \/>\n<meta property=\"article:publisher\" content=\"https:\/\/www.facebook.com\/YeeplyMobile\/\" \/>\n<meta property=\"article:modified_time\" content=\"2024-09-02T10:09:40+00:00\" \/>\n<meta property=\"og:image\" content=\"https:\/\/yeeply.com\/fr\/wp-content\/uploads\/2020\/09\/Ebook-cre\u0301er-votre-application.jpg\" \/>\n\t<meta property=\"og:image:width\" content=\"1024\" \/>\n\t<meta property=\"og:image:height\" content=\"512\" \/>\n\t<meta property=\"og:image:type\" content=\"image\/jpeg\" \/>\n<meta name=\"twitter:card\" content=\"summary_large_image\" \/>\n<meta name=\"twitter:title\" content=\"T\u00e9l\u00e9chargez le guide pour cr\u00e9er l&#039;application de votre entreprise\" \/>\n<meta name=\"twitter:description\" content=\"Nous r\u00e9pondons \u00e0 vos questions sur la cr\u00e9ation d&#039;applications mobiles dans ce guide pour cr\u00e9er votre application d&#039;entreprise. T\u00e9l\u00e9charger-le gratuitement.\" \/>\n<meta name=\"twitter:image\" content=\"https:\/\/yeeply.com\/fr\/wp-content\/uploads\/2020\/09\/Ebook-cre\u0301er-votre-application.jpg\" \/>\n<meta name=\"twitter:site\" content=\"@Yeeply_EN\" \/>\n<meta name=\"twitter:label1\" content=\"Dur\u00e9e de lecture estim\u00e9e\" \/>\n\t<meta name=\"twitter:data1\" content=\"2 minutes\" \/>\n<script type=\"application\/ld+json\" class=\"yoast-schema-graph\">{\"@context\":\"https:\\\/\\\/schema.org\",\"@graph\":[{\"@type\":\"WebPage\",\"@id\":\"https:\\\/\\\/yeeply.com\\\/fr\\\/landing\\\/telechargez-ebook-applis\\\/\",\"url\":\"https:\\\/\\\/yeeply.com\\\/fr\\\/landing\\\/telechargez-ebook-applis\\\/\",\"name\":\"T\u00e9l\u00e9chargez le guide pour cr\u00e9er l'application de votre entreprise\",\"isPartOf\":{\"@id\":\"https:\\\/\\\/yeeply.com\\\/fr\\\/#website\"},\"primaryImageOfPage\":{\"@id\":\"https:\\\/\\\/yeeply.com\\\/fr\\\/landing\\\/telechargez-ebook-applis\\\/#primaryimage\"},\"image\":{\"@id\":\"https:\\\/\\\/yeeply.com\\\/fr\\\/landing\\\/telechargez-ebook-applis\\\/#primaryimage\"},\"thumbnailUrl\":\"https:\\\/\\\/yeeply.com\\\/fr\\\/wp-content\\\/uploads\\\/2020\\\/05\\\/CTA_YEEPLY_RRSS_FR.jpg\",\"datePublished\":\"2020-05-11T09:26:17+00:00\",\"dateModified\":\"2024-09-02T10:09:40+00:00\",\"description\":\"Nous r\u00e9pondons \u00e0 vos questions sur la cr\u00e9ation d'applications mobiles dans ce guide pour cr\u00e9er votre application d'entreprise. T\u00e9l\u00e9charger-le gratuitement.\",\"breadcrumb\":{\"@id\":\"https:\\\/\\\/yeeply.com\\\/fr\\\/landing\\\/telechargez-ebook-applis\\\/#breadcrumb\"},\"inLanguage\":\"fr-FR\",\"potentialAction\":[{\"@type\":\"ReadAction\",\"target\":[\"https:\\\/\\\/yeeply.com\\\/fr\\\/landing\\\/telechargez-ebook-applis\\\/\"]}]},{\"@type\":\"ImageObject\",\"inLanguage\":\"fr-FR\",\"@id\":\"https:\\\/\\\/yeeply.com\\\/fr\\\/landing\\\/telechargez-ebook-applis\\\/#primaryimage\",\"url\":\"https:\\\/\\\/yeeply.com\\\/fr\\\/wp-content\\\/uploads\\\/2020\\\/05\\\/CTA_YEEPLY_RRSS_FR.jpg\",\"contentUrl\":\"https:\\\/\\\/yeeply.com\\\/fr\\\/wp-content\\\/uploads\\\/2020\\\/05\\\/CTA_YEEPLY_RRSS_FR.jpg\",\"width\":1024,\"height\":512},{\"@type\":\"BreadcrumbList\",\"@id\":\"https:\\\/\\\/yeeply.com\\\/fr\\\/landing\\\/telechargez-ebook-applis\\\/#breadcrumb\",\"itemListElement\":[{\"@type\":\"ListItem\",\"position\":1,\"name\":\"Home\",\"item\":\"https:\\\/\\\/yeeply.com\\\/fr\\\/\"},{\"@type\":\"ListItem\",\"position\":2,\"name\":\"Landing [NO BORRAR]\",\"item\":\"https:\\\/\\\/yeeply.com\\\/fr\\\/landing\\\/\"},{\"@type\":\"ListItem\",\"position\":3,\"name\":\"LP &#8211; Ebook 1 App\"}]},{\"@type\":\"WebSite\",\"@id\":\"https:\\\/\\\/yeeply.com\\\/fr\\\/#website\",\"url\":\"https:\\\/\\\/yeeply.com\\\/fr\\\/\",\"name\":\"Yeeply\",\"description\":\"A platform for the development of digital projects\",\"publisher\":{\"@id\":\"https:\\\/\\\/yeeply.com\\\/fr\\\/#organization\"},\"potentialAction\":[{\"@type\":\"SearchAction\",\"target\":{\"@type\":\"EntryPoint\",\"urlTemplate\":\"https:\\\/\\\/yeeply.com\\\/fr\\\/?s={search_term_string}\"},\"query-input\":{\"@type\":\"PropertyValueSpecification\",\"valueRequired\":true,\"valueName\":\"search_term_string\"}}],\"inLanguage\":\"fr-FR\"},{\"@type\":\"Organization\",\"@id\":\"https:\\\/\\\/yeeply.com\\\/fr\\\/#organization\",\"name\":\"Yeeply\",\"url\":\"https:\\\/\\\/yeeply.com\\\/fr\\\/\",\"logo\":{\"@type\":\"ImageObject\",\"inLanguage\":\"fr-FR\",\"@id\":\"https:\\\/\\\/yeeply.com\\\/fr\\\/#\\\/schema\\\/logo\\\/image\\\/\",\"url\":\"https:\\\/\\\/yeeply.com\\\/fr\\\/wp-content\\\/uploads\\\/2019\\\/05\\\/logo_yeeply_black@2x.png\",\"contentUrl\":\"https:\\\/\\\/yeeply.com\\\/fr\\\/wp-content\\\/uploads\\\/2019\\\/05\\\/logo_yeeply_black@2x.png\",\"width\":360,\"height\":120,\"caption\":\"Yeeply\"},\"image\":{\"@id\":\"https:\\\/\\\/yeeply.com\\\/fr\\\/#\\\/schema\\\/logo\\\/image\\\/\"},\"sameAs\":[\"https:\\\/\\\/www.facebook.com\\\/YeeplyMobile\\\/\",\"https:\\\/\\\/x.com\\\/Yeeply_EN\",\"https:\\\/\\\/www.linkedin.com\\\/company\\\/yeeply\"]}]}<\/script>\n<!-- \/ Yoast SEO plugin. -->","yoast_head_json":{"title":"T\u00e9l\u00e9chargez le guide pour cr\u00e9er l'application de votre entreprise","description":"Nous r\u00e9pondons \u00e0 vos questions sur la cr\u00e9ation d'applications mobiles dans ce guide pour cr\u00e9er votre application d'entreprise. T\u00e9l\u00e9charger-le gratuitement.","robots":{"index":"noindex","follow":"follow"},"og_locale":"fr_FR","og_type":"article","og_title":"T\u00e9l\u00e9chargez le guide pour cr\u00e9er l'application de votre entreprise","og_description":"Nous r\u00e9pondons \u00e0 vos questions sur la cr\u00e9ation d'applications mobiles dans ce guide pour cr\u00e9er votre application d'entreprise. T\u00e9l\u00e9charger-le gratuitement.","og_url":"https:\/\/yeeply.com\/fr\/landing\/telechargez-ebook-applis\/","og_site_name":"Yeeply","article_publisher":"https:\/\/www.facebook.com\/YeeplyMobile\/","article_modified_time":"2024-09-02T10:09:40+00:00","og_image":[{"width":1024,"height":512,"url":"https:\/\/yeeply.com\/fr\/wp-content\/uploads\/2020\/09\/Ebook-cre\u0301er-votre-application.jpg","type":"image\/jpeg"}],"twitter_card":"summary_large_image","twitter_title":"T\u00e9l\u00e9chargez le guide pour cr\u00e9er l'application de votre entreprise","twitter_description":"Nous r\u00e9pondons \u00e0 vos questions sur la cr\u00e9ation d'applications mobiles dans ce guide pour cr\u00e9er votre application d'entreprise. T\u00e9l\u00e9charger-le gratuitement.","twitter_image":"https:\/\/yeeply.com\/fr\/wp-content\/uploads\/2020\/09\/Ebook-cre\u0301er-votre-application.jpg","twitter_site":"@Yeeply_EN","twitter_misc":{"Dur\u00e9e de lecture estim\u00e9e":"2 minutes"},"schema":{"@context":"https:\/\/schema.org","@graph":[{"@type":"WebPage","@id":"https:\/\/yeeply.com\/fr\/landing\/telechargez-ebook-applis\/","url":"https:\/\/yeeply.com\/fr\/landing\/telechargez-ebook-applis\/","name":"T\u00e9l\u00e9chargez le guide pour cr\u00e9er l'application de votre entreprise","isPartOf":{"@id":"https:\/\/yeeply.com\/fr\/#website"},"primaryImageOfPage":{"@id":"https:\/\/yeeply.com\/fr\/landing\/telechargez-ebook-applis\/#primaryimage"},"image":{"@id":"https:\/\/yeeply.com\/fr\/landing\/telechargez-ebook-applis\/#primaryimage"},"thumbnailUrl":"https:\/\/yeeply.com\/fr\/wp-content\/uploads\/2020\/05\/CTA_YEEPLY_RRSS_FR.jpg","datePublished":"2020-05-11T09:26:17+00:00","dateModified":"2024-09-02T10:09:40+00:00","description":"Nous r\u00e9pondons \u00e0 vos questions sur la cr\u00e9ation d'applications mobiles dans ce guide pour cr\u00e9er votre application d'entreprise. T\u00e9l\u00e9charger-le gratuitement.","breadcrumb":{"@id":"https:\/\/yeeply.com\/fr\/landing\/telechargez-ebook-applis\/#breadcrumb"},"inLanguage":"fr-FR","potentialAction":[{"@type":"ReadAction","target":["https:\/\/yeeply.com\/fr\/landing\/telechargez-ebook-applis\/"]}]},{"@type":"ImageObject","inLanguage":"fr-FR","@id":"https:\/\/yeeply.com\/fr\/landing\/telechargez-ebook-applis\/#primaryimage","url":"https:\/\/yeeply.com\/fr\/wp-content\/uploads\/2020\/05\/CTA_YEEPLY_RRSS_FR.jpg","contentUrl":"https:\/\/yeeply.com\/fr\/wp-content\/uploads\/2020\/05\/CTA_YEEPLY_RRSS_FR.jpg","width":1024,"height":512},{"@type":"BreadcrumbList","@id":"https:\/\/yeeply.com\/fr\/landing\/telechargez-ebook-applis\/#breadcrumb","itemListElement":[{"@type":"ListItem","position":1,"name":"Home","item":"https:\/\/yeeply.com\/fr\/"},{"@type":"ListItem","position":2,"name":"Landing [NO BORRAR]","item":"https:\/\/yeeply.com\/fr\/landing\/"},{"@type":"ListItem","position":3,"name":"LP &#8211; Ebook 1 App"}]},{"@type":"WebSite","@id":"https:\/\/yeeply.com\/fr\/#website","url":"https:\/\/yeeply.com\/fr\/","name":"Yeeply","description":"A platform for the development of digital projects","publisher":{"@id":"https:\/\/yeeply.com\/fr\/#organization"},"potentialAction":[{"@type":"SearchAction","target":{"@type":"EntryPoint","urlTemplate":"https:\/\/yeeply.com\/fr\/?s={search_term_string}"},"query-input":{"@type":"PropertyValueSpecification","valueRequired":true,"valueName":"search_term_string"}}],"inLanguage":"fr-FR"},{"@type":"Organization","@id":"https:\/\/yeeply.com\/fr\/#organization","name":"Yeeply","url":"https:\/\/yeeply.com\/fr\/","logo":{"@type":"ImageObject","inLanguage":"fr-FR","@id":"https:\/\/yeeply.com\/fr\/#\/schema\/logo\/image\/","url":"https:\/\/yeeply.com\/fr\/wp-content\/uploads\/2019\/05\/logo_yeeply_black@2x.png","contentUrl":"https:\/\/yeeply.com\/fr\/wp-content\/uploads\/2019\/05\/logo_yeeply_black@2x.png","width":360,"height":120,"caption":"Yeeply"},"image":{"@id":"https:\/\/yeeply.com\/fr\/#\/schema\/logo\/image\/"},"sameAs":["https:\/\/www.facebook.com\/YeeplyMobile\/","https:\/\/x.com\/Yeeply_EN","https:\/\/www.linkedin.com\/company\/yeeply"]}]}},"uagb_featured_image_src":{"full":["https:\/\/yeeply.com\/fr\/wp-content\/uploads\/2020\/05\/CTA_YEEPLY_RRSS_FR.jpg",1024,512,false],"thumbnail":["https:\/\/yeeply.com\/fr\/wp-content\/uploads\/2020\/05\/CTA_YEEPLY_RRSS_FR-150x150.png",150,150,true],"medium":["https:\/\/yeeply.com\/fr\/wp-content\/uploads\/2020\/05\/CTA_YEEPLY_RRSS_FR-300x150.png",300,150,true],"medium_large":["https:\/\/yeeply.com\/fr\/wp-content\/uploads\/2020\/05\/CTA_YEEPLY_RRSS_FR-768x384.png",640,320,true],"large":["https:\/\/yeeply.com\/fr\/wp-content\/uploads\/2020\/05\/CTA_YEEPLY_RRSS_FR.jpg",640,320,false],"1536x1536":["https:\/\/yeeply.com\/fr\/wp-content\/uploads\/2020\/05\/CTA_YEEPLY_RRSS_FR.jpg",1024,512,false],"2048x2048":["https:\/\/yeeply.com\/fr\/wp-content\/uploads\/2020\/05\/CTA_YEEPLY_RRSS_FR.jpg",1024,512,false],"gform-image-choice-sm":["https:\/\/yeeply.com\/fr\/wp-content\/uploads\/2020\/05\/CTA_YEEPLY_RRSS_FR.jpg",300,150,false],"gform-image-choice-md":["https:\/\/yeeply.com\/fr\/wp-content\/uploads\/2020\/05\/CTA_YEEPLY_RRSS_FR.jpg",400,200,false],"gform-image-choice-lg":["https:\/\/yeeply.com\/fr\/wp-content\/uploads\/2020\/05\/CTA_YEEPLY_RRSS_FR.jpg",600,300,false]},"uagb_author_info":{"display_name":"Luis Picurelli","author_link":"https:\/\/yeeply.com\/fr\/author\/luis\/"},"uagb_comment_info":0,"uagb_excerpt":null,"_links":{"self":[{"href":"https:\/\/yeeply.com\/fr\/wp-json\/wp\/v2\/pages\/12054","targetHints":{"allow":["GET"]}}],"collection":[{"href":"https:\/\/yeeply.com\/fr\/wp-json\/wp\/v2\/pages"}],"about":[{"href":"https:\/\/yeeply.com\/fr\/wp-json\/wp\/v2\/types\/page"}],"author":[{"embeddable":true,"href":"https:\/\/yeeply.com\/fr\/wp-json\/wp\/v2\/users\/4"}],"replies":[{"embeddable":true,"href":"https:\/\/yeeply.com\/fr\/wp-json\/wp\/v2\/comments?post=12054"}],"version-history":[{"count":1,"href":"https:\/\/yeeply.com\/fr\/wp-json\/wp\/v2\/pages\/12054\/revisions"}],"predecessor-version":[{"id":18740,"href":"https:\/\/yeeply.com\/fr\/wp-json\/wp\/v2\/pages\/12054\/revisions\/18740"}],"up":[{"embeddable":true,"href":"https:\/\/yeeply.com\/fr\/wp-json\/wp\/v2\/pages\/11946"}],"wp:featuredmedia":[{"embeddable":true,"href":"https:\/\/yeeply.com\/fr\/wp-json\/wp\/v2\/media\/12256"}],"wp:attachment":[{"href":"https:\/\/yeeply.com\/fr\/wp-json\/wp\/v2\/media?parent=12054"}],"wp:term":[{"taxonomy":"category","embeddable":true,"href":"https:\/\/yeeply.com\/fr\/wp-json\/wp\/v2\/categories?post=12054"}],"curies":[{"name":"wp","href":"https:\/\/api.w.org\/{rel}","templated":true}]}}