{"id":6482,"date":"2019-06-12T23:05:34","date_gmt":"2019-06-12T23:05:34","guid":{"rendered":"https:\/\/en.yeeply.com\/?page_id=6482"},"modified":"2020-05-15T11:47:13","modified_gmt":"2020-05-15T11:47:13","slug":"cookies","status":"publish","type":"page","link":"https:\/\/yeeply.com\/de\/cookies\/","title":{"rendered":"Cookies | Yeeply"},"content":{"rendered":"\n<section class=\"wp-block-uagb-section uagb-section__wrap uagb-section__background-undefined alignwide uagb-block-c39a012c-acb0-480f-8bb3-a88ab3d57f77 hero-legal\"><div class=\"uagb-section__overlay\"><\/div><div class=\"uagb-section__inner-wrap\">\n<h1 class=\"has-text-align-center wp-block-heading\">Cookie-Richtlinien<\/h1>\n<\/div><\/section>\n\n\n\n<section class=\"wp-block-uagb-section uagb-section__wrap uagb-section__background-undefined uagb-block-b4d39482-86fc-4529-bf94-f021cd970c49 section-full section-legal\"><div class=\"uagb-section__overlay\"><\/div><div class=\"uagb-section__inner-wrap\">\n<p><strong>Yeeply Mobile, S.L.<\/strong>&nbsp;verwendet Cookies f\u00fcr den Betrieb ihrer \u00fcber&nbsp;<strong>yeeply.com<\/strong>&nbsp;zug\u00e4nglichen Website.<\/p>\n\n\n\n<p>Cookies sind Textdateien, die geringe Informationsmengen enthalten, welche auf ihrem Computer oder mobilen Endger\u00e4t abgelegt werden, wenn Sie eine Website besuchen. Cookies werden bei jedem sp\u00e4teren Besuch an die urspr\u00fcngliche Website oder eine sonstige Website zur\u00fcckgesandt, die diese dann erkennt. Cookies sind sehr n\u00fctzlich, da sie es einer Website erm\u00f6glichen das Computerger\u00e4t des Nutzers wieder zu erkennen. Cookies k\u00f6nnen verschiedene Funktionen ausf\u00fchren, wie z.B. eine effizientere Navigation zwischen Websites herstellen oder sich Einstellungen merken und verbessern ganz allgemein die Benutzerfreundlichkeit.<\/p>\n\n\n\n<p>Im Hinblick auf die&nbsp;<strong>Art der Cookies<\/strong>&nbsp;lassen sich diese gem\u00e4\u03b2 der K\u00f6rperschaft einordnen, die diese verwaltet; es gibt zum einen eigene Cookies und Cookies Dritter; gem\u00e4\u03b2 den Zeitr\u00e4umen, in denen sie aktiviert bleiben, gibt es Sitzungs-Cookies und dauerhafte Cookies; und gem\u00e4\u03b2 ihrem Zweck, gibt es technische Cookies, Personalisierungs-Cookies, Analyse-Cookies, Werbe-Cookies und verhaltensbasierte Werbe-Cookies.<\/p>\n\n\n\n<p><strong>Sitzungs-Cookies:<\/strong>&nbsp;Cookies, die Informationen sammeln und speichern, w\u00e4hrend der Nutzer Zugriff auf eine Website nimmt. Sie werden dazu genutzt Informationen zu speichern, die nur zur Erbringung der vom Nutzer bei einer einzigen Gelegenheit beantragten Leistung dient und nur zu diesem Zweck gesammelt werden.<\/p>\n\n\n\n<p><strong>Dauerhafte Cookies:<\/strong>&nbsp;Cookies, bei denen die Daten weiterhin im Endger\u00e4t des Nutzers gespeichert bleiben und im Laufe eines bestimmten Zeitraums vom Verantwortlichen der Cookies zug\u00e4nglich sind und von diesem verarbeitet werden k\u00f6nnen. Der Zeitraum schwankt zwischen einigen Minuten und mehreren Jahren.<\/p>\n\n\n\n<p><strong>Technische Cookies:<\/strong>&nbsp;Diese erm\u00f6glichen dem Nutzer die Navigation einer Website, Plattform oder Software sowie die Nutzung der verschiedenen Optionen oder Leistungen, die es dort gibt.<\/p>\n\n\n\n<p><strong>Personalisierungs-Cookies:<\/strong>&nbsp;Diese erm\u00f6glichen es dem Nutzer die Leistungen mit vordefinierten Einstellungen abzurufen, entsprechend einer Reihe von ausgew\u00e4hlten Kriterien auf dem Endger\u00e4t des Nutzers.<\/p>\n\n\n\n<p><strong>Analyse-Cookies:<\/strong>&nbsp;Diese erm\u00f6glichen dem Verantwortlichen der Cookies die Verfolgung und Analyse des Verhaltens der Benutzer der Websites, mit denen diese verkn\u00fcpft sind.<\/p>\n\n\n\n<p><strong>Werbe-Cookies:<\/strong>&nbsp;Diese erm\u00f6glichen eine effiziente Verwaltung der Werbefl\u00e4chen, die der Editor eventuell auf einer Website, Software oder Plattform, von der aus er die beantragten Leistungen erbringt, angebracht haben k\u00f6nnte, und zwar auf der Grundlage von Kriterien wie dem herausgegebenen Inhalt oder der H\u00e4ufigkeit, in der die Werbeanzeigen erscheinen.<\/p>\n\n\n\n<p><strong>Verhaltensbasierte Werbe-Cookies:<\/strong>&nbsp;Diese erm\u00f6glichen die Verwaltung von Werbefl\u00e4chen, die der Editor auf der Website, Software oder Plattform, von der aus er die beantragten Leistungen erbringt, angebracht hat. Zusammen mit diesen werden Informationen \u00fcber das Benutzerverhalten gespeichert, das \u00fcber eine kontinuierliche Beobachtung ihrer Navigationsgewohnheiten erhalten wird, was es wiederum erm\u00f6glicht ein spezifisches Benutzerprofil zu erstellen, das dazu dient die jeweilige Werbung anzuzeigen.<\/p>\n\n\n\n<h2 class=\"wp-block-heading\">Deaktivierung der Cookies<\/h2>\n\n\n\n<p>Der Nutzer kann sich frei dazu entscheiden eine Installation unserer Cookies auf seiner Festplatte zuzulassen oder auch nicht und kann diese ebenso wieder entfernen, indem er das im Hilfebereich seines Browsers festgelegte Verfahren befolgt. Der Nutzer kann seinen Browser ebenfalls so einstellen, dass dieser alle Cookies standardm\u00e4\u03b2ig annimmt oder ablehnt oder um eine Nachricht \u00fcber den Erhalt eines jeden Cookies auf dem Bildschirm zu erhalten, um sich dann in diesem Moment entscheiden zu k\u00f6nnen, ob er die Installation desselben auf seiner Festplatte zul\u00e4sst oder nicht.<\/p>\n\n\n\n<h3 class=\"wp-block-heading\">Link zur Deaktivierung der Cookies von Drittpersonen:<\/h3>\n\n\n\n<p><a href=\"https:\/\/tools.google.com\/dlpage\/gaoptout?hl=es\" target=\"_blank\" rel=\"noreferrer noopener\">Google Analytics<\/a><\/p>\n\n\n\n<h3 class=\"wp-block-heading\">Link to deactivate browser cookies:<\/h3>\n\n\n\n<p><a href=\"https:\/\/support.microsoft.com\/es-es\/help\/17442\/windows-internet-explorer-delete-manage-cookies\" target=\"_blank\" rel=\"noreferrer noopener\">Internet Explorer<\/a><\/p>\n\n\n\n<p><a href=\"https:\/\/support.google.com\/chrome\/answer\/95647?hl=es\" target=\"_blank\" rel=\"noreferrer noopener\">Chrome<\/a><\/p>\n\n\n\n<p><a href=\"http:\/\/support.apple.com\/kb\/HT1677?viewlocale=es_ES\" target=\"_blank\" rel=\"noreferrer noopener\">Safari<\/a><\/p>\n\n\n\n<p><a href=\"https:\/\/support.mozilla.org\/es\/kb\/Borrar%20cookies\" target=\"_blank\" rel=\"noreferrer noopener\">Firefox<\/a><\/p>\n\n\n\n<p><a href=\"https:\/\/www.opera.com\/help\/tutorials\/security\/privacy\/\" target=\"_blank\" rel=\"noreferrer noopener\">Opera<\/a><\/p>\n\n\n\n<p>Sollten Sie eine gr\u00f6\u03b2ere Kontrolle bzgl. der Installation von Cookies w\u00fcnschen, ist es Ihnen m\u00f6glich Programme oder Erg\u00e4nzungsanwendungen in ihrem Browser zu installieren, die als \u201eDo Not Track\u201c Browser-Werkzeuge bekannt sind und es erm\u00f6glichen jene Cookies auszuw\u00e4hlen, die Sie zulassen m\u00f6chten.<\/p>\n\n\n\n<p>Die Tatsache, dass ein Nutzer seinen Browser so einstellt, dass dieser alle oder ausdr\u00fccklich unsere Cookies ablehnt, k\u00f6nnte den Zugang zu gewissen Leistungen verhindern, wodurch sich Ihre Erfahrung mit unserer Website als weniger zufriedenstellend erweisen w\u00fcrde.<\/p>\n\n\n\n<p><strong>Yeeply Mobile, S.L.<\/strong>&nbsp;h\u00e4lt sich das Recht vor diese Cookie-Richtlinien jederzeit zu \u00e4ndern. Die \u00c4nderungen werden dann auf unserer Website ver\u00f6ffentlicht. Aus diesem Grund empfehlen wir Ihnen unsere Cookie-Richtlinien jedes Mal einzusehen, wenn Sie die Website besuchen.<\/p>\n\n\n\n<hr class=\"wp-block-separator\"\/>\n\n\n\n<p>Last updated: Juni 2019<\/p>\n<\/div><\/section>\n","protected":false},"excerpt":{"rendered":"","protected":false},"author":37,"featured_media":0,"parent":0,"menu_order":0,"comment_status":"closed","ping_status":"closed","template":"","meta":{"inline_featured_image":false,"_uag_custom_page_level_css":"","footnotes":""},"categories":[],"class_list":["post-6482","page","type-page","status-publish","hentry"],"yoast_head":"<!-- This site is optimized with the Yoast SEO plugin v27.3 - https:\/\/yoast.com\/product\/yoast-seo-wordpress\/ -->\n<title>Cookies | Yeeply<\/title>\n<meta name=\"description\" content=\"Cookies\" \/>\n<meta name=\"robots\" content=\"noindex, follow\" \/>\n<meta property=\"og:locale\" content=\"de_DE\" \/>\n<meta property=\"og:type\" content=\"article\" \/>\n<meta property=\"og:title\" content=\"Cookies | Yeeply\" \/>\n<meta property=\"og:description\" content=\"Cookies\" \/>\n<meta property=\"og:url\" content=\"https:\/\/yeeply.com\/de\/cookies\/\" \/>\n<meta property=\"og:site_name\" content=\"Yeeply\" \/>\n<meta property=\"article:publisher\" content=\"https:\/\/www.facebook.com\/YeeplyMobile\/\" \/>\n<meta property=\"article:modified_time\" content=\"2020-05-15T11:47:13+00:00\" \/>\n<meta name=\"twitter:card\" content=\"summary_large_image\" \/>\n<meta name=\"twitter:site\" content=\"@Yeeply_EN\" \/>\n<meta name=\"twitter:label1\" content=\"Gesch\u00e4tzte Lesezeit\" \/>\n\t<meta name=\"twitter:data1\" content=\"3\u00a0Minuten\" \/>\n<script type=\"application\/ld+json\" class=\"yoast-schema-graph\">{\"@context\":\"https:\\\/\\\/schema.org\",\"@graph\":[{\"@type\":\"WebPage\",\"@id\":\"https:\\\/\\\/yeeply.com\\\/de\\\/cookies\\\/\",\"url\":\"https:\\\/\\\/yeeply.com\\\/de\\\/cookies\\\/\",\"name\":\"Cookies | Yeeply\",\"isPartOf\":{\"@id\":\"https:\\\/\\\/yeeply.com\\\/de\\\/#website\"},\"datePublished\":\"2019-06-12T23:05:34+00:00\",\"dateModified\":\"2020-05-15T11:47:13+00:00\",\"description\":\"Cookies\",\"breadcrumb\":{\"@id\":\"https:\\\/\\\/yeeply.com\\\/de\\\/cookies\\\/#breadcrumb\"},\"inLanguage\":\"de\",\"potentialAction\":[{\"@type\":\"ReadAction\",\"target\":[\"https:\\\/\\\/yeeply.com\\\/de\\\/cookies\\\/\"]}]},{\"@type\":\"BreadcrumbList\",\"@id\":\"https:\\\/\\\/yeeply.com\\\/de\\\/cookies\\\/#breadcrumb\",\"itemListElement\":[{\"@type\":\"ListItem\",\"position\":1,\"name\":\"Home\",\"item\":\"https:\\\/\\\/yeeply.com\\\/de\\\/\"},{\"@type\":\"ListItem\",\"position\":2,\"name\":\"Cookies | Yeeply\"}]},{\"@type\":\"WebSite\",\"@id\":\"https:\\\/\\\/yeeply.com\\\/de\\\/#website\",\"url\":\"https:\\\/\\\/yeeply.com\\\/de\\\/\",\"name\":\"Yeeply\",\"description\":\"A platform for the development of digital projects\",\"publisher\":{\"@id\":\"https:\\\/\\\/yeeply.com\\\/de\\\/#organization\"},\"potentialAction\":[{\"@type\":\"SearchAction\",\"target\":{\"@type\":\"EntryPoint\",\"urlTemplate\":\"https:\\\/\\\/yeeply.com\\\/de\\\/?s={search_term_string}\"},\"query-input\":{\"@type\":\"PropertyValueSpecification\",\"valueRequired\":true,\"valueName\":\"search_term_string\"}}],\"inLanguage\":\"de\"},{\"@type\":\"Organization\",\"@id\":\"https:\\\/\\\/yeeply.com\\\/de\\\/#organization\",\"name\":\"Yeeply\",\"url\":\"https:\\\/\\\/yeeply.com\\\/de\\\/\",\"logo\":{\"@type\":\"ImageObject\",\"inLanguage\":\"de\",\"@id\":\"https:\\\/\\\/yeeply.com\\\/de\\\/#\\\/schema\\\/logo\\\/image\\\/\",\"url\":\"https:\\\/\\\/yeeply.com\\\/de\\\/wp-content\\\/uploads\\\/2019\\\/05\\\/logo_yeeply_black@2x.png\",\"contentUrl\":\"https:\\\/\\\/yeeply.com\\\/de\\\/wp-content\\\/uploads\\\/2019\\\/05\\\/logo_yeeply_black@2x.png\",\"width\":360,\"height\":120,\"caption\":\"Yeeply\"},\"image\":{\"@id\":\"https:\\\/\\\/yeeply.com\\\/de\\\/#\\\/schema\\\/logo\\\/image\\\/\"},\"sameAs\":[\"https:\\\/\\\/www.facebook.com\\\/YeeplyMobile\\\/\",\"https:\\\/\\\/x.com\\\/Yeeply_EN\",\"https:\\\/\\\/www.linkedin.com\\\/company\\\/yeeply\"]}]}<\/script>\n<!-- \/ Yoast SEO plugin. -->","yoast_head_json":{"title":"Cookies | Yeeply","description":"Cookies","robots":{"index":"noindex","follow":"follow"},"og_locale":"de_DE","og_type":"article","og_title":"Cookies | Yeeply","og_description":"Cookies","og_url":"https:\/\/yeeply.com\/de\/cookies\/","og_site_name":"Yeeply","article_publisher":"https:\/\/www.facebook.com\/YeeplyMobile\/","article_modified_time":"2020-05-15T11:47:13+00:00","twitter_card":"summary_large_image","twitter_site":"@Yeeply_EN","twitter_misc":{"Gesch\u00e4tzte Lesezeit":"3\u00a0Minuten"},"schema":{"@context":"https:\/\/schema.org","@graph":[{"@type":"WebPage","@id":"https:\/\/yeeply.com\/de\/cookies\/","url":"https:\/\/yeeply.com\/de\/cookies\/","name":"Cookies | Yeeply","isPartOf":{"@id":"https:\/\/yeeply.com\/de\/#website"},"datePublished":"2019-06-12T23:05:34+00:00","dateModified":"2020-05-15T11:47:13+00:00","description":"Cookies","breadcrumb":{"@id":"https:\/\/yeeply.com\/de\/cookies\/#breadcrumb"},"inLanguage":"de","potentialAction":[{"@type":"ReadAction","target":["https:\/\/yeeply.com\/de\/cookies\/"]}]},{"@type":"BreadcrumbList","@id":"https:\/\/yeeply.com\/de\/cookies\/#breadcrumb","itemListElement":[{"@type":"ListItem","position":1,"name":"Home","item":"https:\/\/yeeply.com\/de\/"},{"@type":"ListItem","position":2,"name":"Cookies | Yeeply"}]},{"@type":"WebSite","@id":"https:\/\/yeeply.com\/de\/#website","url":"https:\/\/yeeply.com\/de\/","name":"Yeeply","description":"A platform for the development of digital projects","publisher":{"@id":"https:\/\/yeeply.com\/de\/#organization"},"potentialAction":[{"@type":"SearchAction","target":{"@type":"EntryPoint","urlTemplate":"https:\/\/yeeply.com\/de\/?s={search_term_string}"},"query-input":{"@type":"PropertyValueSpecification","valueRequired":true,"valueName":"search_term_string"}}],"inLanguage":"de"},{"@type":"Organization","@id":"https:\/\/yeeply.com\/de\/#organization","name":"Yeeply","url":"https:\/\/yeeply.com\/de\/","logo":{"@type":"ImageObject","inLanguage":"de","@id":"https:\/\/yeeply.com\/de\/#\/schema\/logo\/image\/","url":"https:\/\/yeeply.com\/de\/wp-content\/uploads\/2019\/05\/logo_yeeply_black@2x.png","contentUrl":"https:\/\/yeeply.com\/de\/wp-content\/uploads\/2019\/05\/logo_yeeply_black@2x.png","width":360,"height":120,"caption":"Yeeply"},"image":{"@id":"https:\/\/yeeply.com\/de\/#\/schema\/logo\/image\/"},"sameAs":["https:\/\/www.facebook.com\/YeeplyMobile\/","https:\/\/x.com\/Yeeply_EN","https:\/\/www.linkedin.com\/company\/yeeply"]}]}},"uagb_featured_image_src":{"full":false,"thumbnail":false,"medium":false,"medium_large":false,"large":false,"1536x1536":false,"2048x2048":false,"gform-image-choice-sm":false,"gform-image-choice-md":false,"gform-image-choice-lg":false},"uagb_author_info":{"display_name":"Lucia Bravo","author_link":"https:\/\/yeeply.com\/de\/author\/lucia\/"},"uagb_comment_info":0,"uagb_excerpt":null,"_links":{"self":[{"href":"https:\/\/yeeply.com\/de\/wp-json\/wp\/v2\/pages\/6482","targetHints":{"allow":["GET"]}}],"collection":[{"href":"https:\/\/yeeply.com\/de\/wp-json\/wp\/v2\/pages"}],"about":[{"href":"https:\/\/yeeply.com\/de\/wp-json\/wp\/v2\/types\/page"}],"author":[{"embeddable":true,"href":"https:\/\/yeeply.com\/de\/wp-json\/wp\/v2\/users\/37"}],"replies":[{"embeddable":true,"href":"https:\/\/yeeply.com\/de\/wp-json\/wp\/v2\/comments?post=6482"}],"version-history":[{"count":0,"href":"https:\/\/yeeply.com\/de\/wp-json\/wp\/v2\/pages\/6482\/revisions"}],"wp:attachment":[{"href":"https:\/\/yeeply.com\/de\/wp-json\/wp\/v2\/media?parent=6482"}],"wp:term":[{"taxonomy":"category","embeddable":true,"href":"https:\/\/yeeply.com\/de\/wp-json\/wp\/v2\/categories?post=6482"}],"curies":[{"name":"wp","href":"https:\/\/api.w.org\/{rel}","templated":true}]}}