{"id":6478,"date":"2019-06-12T23:02:21","date_gmt":"2019-06-12T23:02:21","guid":{"rendered":"https:\/\/en.yeeply.com\/?page_id=6478"},"modified":"2025-04-09T12:01:49","modified_gmt":"2025-04-09T10:01:49","slug":"impressum","status":"publish","type":"page","link":"https:\/\/yeeply.com\/de\/impressum\/","title":{"rendered":"Impressum | Yeeply"},"content":{"rendered":"\n<section class=\"wp-block-uagb-section uagb-section__wrap uagb-section__background-undefined alignwide uagb-block-990f30a3 hero-legal\"><div class=\"uagb-section__overlay\"><\/div><div class=\"uagb-section__inner-wrap\">\n<h1 class=\"wp-block-heading has-text-align-center hero-legal\">Rechtlicher Hinweis<\/h1>\n<\/div><\/section>\n\n\n\n<section class=\"wp-block-uagb-section uagb-section__wrap uagb-section__background-undefined uagb-block-b801aa6b section-full section-legal\"><div class=\"uagb-section__overlay\"><\/div><div class=\"uagb-section__inner-wrap\">\n<p><strong>Yeeply Mobile, S.L.<\/strong>, mit Steuernummer B98487333, ist eine Gesellschaft spanischen Rechts, die zum Blatt M-846084, IRUS: 100165942565, Abschnitt: 8 Eintragung im Handelsregister von Madrid eingetragen ist. Diese Gesellschaft ist Inhaberin der Domain\u00a0<a href=\"https:\/\/www.yeeply.com\/\" target=\"_blank\">www.yeeply.com<\/a>\u00a0(nachfolgend genannt die\u00a0<strong>\u201eWebsite\u201c<\/strong>).<\/p>\n\n\n\n<p class=\"legal-notice-anchors\">Anschrift:<\/p>\n\n\n\n<p>P\u00ba de la Castellana 259D <\/p>\n\n\n\n<p>Planta 18, Torre Emperador&nbsp; Madrid<\/p>\n\n\n\n<p class=\"legal-notice-anchors\">Telefon:\u00a0<a href=\"tel:+34912868220\" target=\"_blank\">+34912868220<\/a><\/p>\n\n\n\n<p class=\"legal-notice-anchors\">E-mail:&nbsp;<a href=\"mailto:info@yeeply.com\" target=\"_blank\">info@yeeply.com<\/a><\/p>\n\n\n\n<h2 class=\"wp-block-heading\">1. Allgemeine Nutzungsbedingungen<\/h2>\n\n\n\n<p>1.1. Der Nutzer besucht diese Website freiwillig und nutzt sie deshalb in \u00dcbereinstimmung mit dem vorliegenden Rechtlichen Hinweis, dem Gesetz, der Moral, den guten Sitten und in gutem Glauben.<\/p>\n\n\n\n<p>1.2. Die Nutzung dieser Website bedeutet die Annahme dieses Rechtlichen Hinweises.<\/p>\n\n\n\n<p>1.3. Die Seiten dieser Website k\u00f6nnen frei von den Nutzern besucht werden und es ist kein vorheriges Abo oder eine Registrierung der Nutzer erforderlich, mit Ausnahme des privaten Bereichs f\u00fcr Fachleute oder Leistungserbringer und Kunden, wobei die Erstellung eines Profils und der entsprechende Erhalt eines Benutzernamens und eines Passworts erforderlich sind.<\/p>\n\n\n\n<p>1.4. Yeeply Mobile, S.L. beh\u00e4lt sich das Recht vor den Inhalt dieses Rechtlichen Hinweises ohne vorherige Ank\u00fcndigung zu \u00e4ndern und daher empfehlen wir Ihnen f\u00fcr eine korrekte Nutzung der Website diesen Abschnitt regelm\u00e4\u03b2ig zu besuchen.<\/p>\n\n\n\n<h2 class=\"wp-block-heading\">2. Geistiges und gewerbliches Eigentum<\/h2>\n\n\n\n<p>\u00a9 2019, Yeeply Mobile, S.L. Alle Rechte vorbehalten.<\/p>\n\n\n\n<p>2.1. Diese Website und die in ihr aufgenommenen Inhalte: Artikel, Texte, Bilder, Logos, Markenzeichen, Schaltfl\u00e4chen, Software, etc. werden durch die geltende Gesetzgebung in Bezug auf geistiges und gewerbliches Eigentum gesch\u00fctzt und sind Eigentum der Yeeply Mobile, S.L. oder von Dritten, denen Yeeply Mobile, S.L. die Nutzung genehmigt hat. Eine Nutzung ohne die ausdr\u00fcckliche Genehmigung seitens der Yeeply Mobile, S.L. ist strengstens verboten.<\/p>\n\n\n\n<p>2.2. Der Zugang zu dieser Website bedeutet keineswegs den Erwerb seitens der Nutzer irgendeines Eigentumsrechts \u00fcber die in der Website aufgenommenen Inhalte.<\/p>\n\n\n\n<p>2.3. Yeeply Mobile, S.L. h\u00e4lt sich das Recht vor alle Inhalte dieser Website jederzeit und ohne vorherige Ank\u00fcndigung zu \u00e4ndern, zu aktualisieren oder zu l\u00f6schen.<\/p>\n\n\n\n<p>2.4. Diese Daten sind ebenso f\u00fcr die Fanpage von Facebook&nbsp;<a href=\"https:\/\/www.facebook.com\/YeeplyMobile\/\" target=\"_blank\">https:\/\/www.facebook.com\/YeeplyMobile\/<\/a>, Twitter&nbsp;<a href=\"https:\/\/twitter.com\/Yeeply_DE\" target=\"_blank\">https:\/\/twitter.com\/Yeeply_DE<\/a>, LinkedIn&nbsp;<a href=\"https:\/\/www.linkedin.com\/company\/yeeply\" target=\"_blank\">https:\/\/www.linkedin.com\/company\/yeeply<\/a>, Google +&nbsp;<a href=\"https:\/\/plus.google.com\/+Yeeply\" target=\"_blank\">https:\/\/plus.google.com\/+Yeeply<\/a>.<\/p>\n\n\n\n<h2 class=\"wp-block-heading\">3. Haftungsbeschr\u00e4nkung<\/h2>\n\n\n\n<p>3.1. Yeeply Mobile, S.L. h\u00e4lt sich das Recht vor, den Zugang zu dieser Website sowie die Erbringung einer jedweden Leistung \u00fcber dieselbe jederzeit und ohne vorherige Ank\u00fcndigung zu unterbrechen, sei es aus technischen oder Sicherheitsgr\u00fcnden, aufgrund einer Instandhaltung der Website oder aus sonstigen Gr\u00fcnden.<\/p>\n\n\n\n<p>3.2. Yeeply Mobile, S.L. haftet nicht f\u00fcr die eventuell erforderliche Unterbrechung der Leistungserbringung, bei Verzug oder schlechtem Betrieb oder f\u00fcr sonstige Unannehmlichkeiten, die auf Gr\u00fcnde zur\u00fcckzuf\u00fchren sind, die au\u03b2erhalb der Kontrolle von Yeeply Mobile, S.L. liegen und\/oder auf h\u00f6herer Gewalt beruhen.<\/p>\n\n\n\n<p>3.3. Die in dieser Website enthaltenen Informationen k\u00f6nnten trotz gr\u00f6\u03b2ter Bem\u00fchungen diese stets korrekt und aktualisiert zu liefern, fehlerhaft sein. Yeeply Mobile, S.L. haftet diesbez\u00fcglich nicht f\u00fcr eventuell enthaltene Fehler, noch f\u00fcr die sich aus einer Nutzung derselben ergebenden Sch\u00e4den.<\/p>\n\n\n\n<p>3.4. Diese Website kann Links zu anderen Websites enthalten, f\u00fcr deren Inhalte, Nutzung oder Richtigkeit Yeeply Mobile, S.L. keine Haftung \u00fcbernimmt. Die Aufnahme eines Links in dieser Website kann nicht als Empfehlung an die Nutzer angesehen werden, diesen zu nutzen, die Entscheidung dar\u00fcber und somit die Verantwortung liegt einzig und allein beim Nutzer.<\/p>\n\n\n\n<p>3.5. Yeeply Mobile, S.L. haftet nicht f\u00fcr Sch\u00e4den, die aus einer Nutzung dieser Website oder deren Inhalte hervorgehen, noch werden die Abwesenheit von Computerviren oder das Nichtentstehen von Sch\u00e4den an den Computersystemen des Nutzers gew\u00e4hrleistet.<\/p>\n\n\n\n<p>3.6. Yeeply Mobile, S.L. haftet nicht f\u00fcr eine missbr\u00e4uchliche Nutzung dieser Website.<\/p>\n\n\n\n<h2 class=\"wp-block-heading\">4. Anwendbare Gesetzgebung und zust\u00e4ndige Gerichte<\/h2>\n\n\n\n<p>4.1. Die Bedingungen dieser Website und die Beziehungen zwischen dem Nutzer und Yeeply Mobile, S.L. richten sich nach der spanischen Gesetzgebung und Gerichtsbarkeit.<\/p>\n\n\n\n<p>4.2. Zur Behandlung jedweder Streitigkeit, die zwischen dem Nutzer und Yeeply Mobile, S.L. entstehen k\u00f6nnte, unterwerfen sich beide Parteien den Gerichten und Gerichtsh\u00f6fen von Valencia (Spanien).<\/p>\n\n\n\n<h2 class=\"wp-block-heading\">5. \u00c4nderung und Revision<\/h2>\n\n\n\n<p>Yeeply Mobile, S.L. h\u00e4lt sich das Recht vor die vorliegenden Bedingungen jederzeit zu berichtigen und\/oder zu \u00e4ndern und den vorliegenden Rechtlichen Hinweis zu aktualisieren. Der Nutzer ist durch diese Berichtigungen verpflichtet und sollte den Rechtlichen Hinweis daher regelm\u00e4\u03b2ig einsehen, um die in jedem Moment geltenden Bedingungen zu kennen.<\/p>\n\n\n\n<p>F\u00fcr den Fall, dass eine jegliche Klausel des vorliegenden rechtlichen Hinweises aufgehoben oder f\u00fcr nichtig erkl\u00e4rt wird, werden die restlichen Klauseln nicht davon ber\u00fchrt und halten ihre uneingeschr\u00e4nkte G\u00fcltigkeit bei, in Anbetracht der jederzeit geltenden und anwendbaren Regelung.<\/p>\n\n\n\n<hr class=\"wp-block-separator has-css-opacity\"\/>\n\n\n\n<p>Letztes Update: M\u00e4rz 2025<\/p>\n<\/div><\/section>\n","protected":false},"excerpt":{"rendered":"","protected":false},"author":37,"featured_media":0,"parent":0,"menu_order":0,"comment_status":"closed","ping_status":"closed","template":"","meta":{"inline_featured_image":false,"_uag_custom_page_level_css":"","footnotes":""},"categories":[],"class_list":["post-6478","page","type-page","status-publish","hentry"],"yoast_head":"<!-- This site is optimized with the Yoast SEO plugin v27.3 - https:\/\/yoast.com\/product\/yoast-seo-wordpress\/ -->\n<title>Impressum | Yeeply<\/title>\n<meta name=\"description\" content=\"Impressum\" \/>\n<meta name=\"robots\" content=\"noindex, follow\" \/>\n<meta property=\"og:locale\" content=\"de_DE\" \/>\n<meta property=\"og:type\" content=\"article\" \/>\n<meta property=\"og:title\" content=\"Impressum | Yeeply\" \/>\n<meta property=\"og:description\" content=\"Impressum\" \/>\n<meta property=\"og:url\" content=\"https:\/\/yeeply.com\/de\/impressum\/\" \/>\n<meta property=\"og:site_name\" content=\"Yeeply\" \/>\n<meta property=\"article:publisher\" content=\"https:\/\/www.facebook.com\/YeeplyMobile\/\" \/>\n<meta property=\"article:modified_time\" content=\"2025-04-09T10:01:49+00:00\" \/>\n<meta name=\"twitter:card\" content=\"summary_large_image\" \/>\n<meta name=\"twitter:site\" content=\"@Yeeply_EN\" \/>\n<meta name=\"twitter:label1\" content=\"Gesch\u00e4tzte Lesezeit\" \/>\n\t<meta name=\"twitter:data1\" content=\"4\u00a0Minuten\" \/>\n<script type=\"application\/ld+json\" class=\"yoast-schema-graph\">{\"@context\":\"https:\\\/\\\/schema.org\",\"@graph\":[{\"@type\":\"WebPage\",\"@id\":\"https:\\\/\\\/yeeply.com\\\/de\\\/impressum\\\/\",\"url\":\"https:\\\/\\\/yeeply.com\\\/de\\\/impressum\\\/\",\"name\":\"Impressum | Yeeply\",\"isPartOf\":{\"@id\":\"https:\\\/\\\/yeeply.com\\\/de\\\/#website\"},\"datePublished\":\"2019-06-12T23:02:21+00:00\",\"dateModified\":\"2025-04-09T10:01:49+00:00\",\"description\":\"Impressum\",\"breadcrumb\":{\"@id\":\"https:\\\/\\\/yeeply.com\\\/de\\\/impressum\\\/#breadcrumb\"},\"inLanguage\":\"de\",\"potentialAction\":[{\"@type\":\"ReadAction\",\"target\":[\"https:\\\/\\\/yeeply.com\\\/de\\\/impressum\\\/\"]}]},{\"@type\":\"BreadcrumbList\",\"@id\":\"https:\\\/\\\/yeeply.com\\\/de\\\/impressum\\\/#breadcrumb\",\"itemListElement\":[{\"@type\":\"ListItem\",\"position\":1,\"name\":\"Home\",\"item\":\"https:\\\/\\\/yeeply.com\\\/de\\\/\"},{\"@type\":\"ListItem\",\"position\":2,\"name\":\"Impressum | Yeeply\"}]},{\"@type\":\"WebSite\",\"@id\":\"https:\\\/\\\/yeeply.com\\\/de\\\/#website\",\"url\":\"https:\\\/\\\/yeeply.com\\\/de\\\/\",\"name\":\"Yeeply\",\"description\":\"A platform for the development of digital projects\",\"publisher\":{\"@id\":\"https:\\\/\\\/yeeply.com\\\/de\\\/#organization\"},\"potentialAction\":[{\"@type\":\"SearchAction\",\"target\":{\"@type\":\"EntryPoint\",\"urlTemplate\":\"https:\\\/\\\/yeeply.com\\\/de\\\/?s={search_term_string}\"},\"query-input\":{\"@type\":\"PropertyValueSpecification\",\"valueRequired\":true,\"valueName\":\"search_term_string\"}}],\"inLanguage\":\"de\"},{\"@type\":\"Organization\",\"@id\":\"https:\\\/\\\/yeeply.com\\\/de\\\/#organization\",\"name\":\"Yeeply\",\"url\":\"https:\\\/\\\/yeeply.com\\\/de\\\/\",\"logo\":{\"@type\":\"ImageObject\",\"inLanguage\":\"de\",\"@id\":\"https:\\\/\\\/yeeply.com\\\/de\\\/#\\\/schema\\\/logo\\\/image\\\/\",\"url\":\"https:\\\/\\\/yeeply.com\\\/de\\\/wp-content\\\/uploads\\\/2019\\\/05\\\/logo_yeeply_black@2x.png\",\"contentUrl\":\"https:\\\/\\\/yeeply.com\\\/de\\\/wp-content\\\/uploads\\\/2019\\\/05\\\/logo_yeeply_black@2x.png\",\"width\":360,\"height\":120,\"caption\":\"Yeeply\"},\"image\":{\"@id\":\"https:\\\/\\\/yeeply.com\\\/de\\\/#\\\/schema\\\/logo\\\/image\\\/\"},\"sameAs\":[\"https:\\\/\\\/www.facebook.com\\\/YeeplyMobile\\\/\",\"https:\\\/\\\/x.com\\\/Yeeply_EN\",\"https:\\\/\\\/www.linkedin.com\\\/company\\\/yeeply\"]}]}<\/script>\n<!-- \/ Yoast SEO plugin. -->","yoast_head_json":{"title":"Impressum | Yeeply","description":"Impressum","robots":{"index":"noindex","follow":"follow"},"og_locale":"de_DE","og_type":"article","og_title":"Impressum | Yeeply","og_description":"Impressum","og_url":"https:\/\/yeeply.com\/de\/impressum\/","og_site_name":"Yeeply","article_publisher":"https:\/\/www.facebook.com\/YeeplyMobile\/","article_modified_time":"2025-04-09T10:01:49+00:00","twitter_card":"summary_large_image","twitter_site":"@Yeeply_EN","twitter_misc":{"Gesch\u00e4tzte Lesezeit":"4\u00a0Minuten"},"schema":{"@context":"https:\/\/schema.org","@graph":[{"@type":"WebPage","@id":"https:\/\/yeeply.com\/de\/impressum\/","url":"https:\/\/yeeply.com\/de\/impressum\/","name":"Impressum | Yeeply","isPartOf":{"@id":"https:\/\/yeeply.com\/de\/#website"},"datePublished":"2019-06-12T23:02:21+00:00","dateModified":"2025-04-09T10:01:49+00:00","description":"Impressum","breadcrumb":{"@id":"https:\/\/yeeply.com\/de\/impressum\/#breadcrumb"},"inLanguage":"de","potentialAction":[{"@type":"ReadAction","target":["https:\/\/yeeply.com\/de\/impressum\/"]}]},{"@type":"BreadcrumbList","@id":"https:\/\/yeeply.com\/de\/impressum\/#breadcrumb","itemListElement":[{"@type":"ListItem","position":1,"name":"Home","item":"https:\/\/yeeply.com\/de\/"},{"@type":"ListItem","position":2,"name":"Impressum | Yeeply"}]},{"@type":"WebSite","@id":"https:\/\/yeeply.com\/de\/#website","url":"https:\/\/yeeply.com\/de\/","name":"Yeeply","description":"A platform for the development of digital projects","publisher":{"@id":"https:\/\/yeeply.com\/de\/#organization"},"potentialAction":[{"@type":"SearchAction","target":{"@type":"EntryPoint","urlTemplate":"https:\/\/yeeply.com\/de\/?s={search_term_string}"},"query-input":{"@type":"PropertyValueSpecification","valueRequired":true,"valueName":"search_term_string"}}],"inLanguage":"de"},{"@type":"Organization","@id":"https:\/\/yeeply.com\/de\/#organization","name":"Yeeply","url":"https:\/\/yeeply.com\/de\/","logo":{"@type":"ImageObject","inLanguage":"de","@id":"https:\/\/yeeply.com\/de\/#\/schema\/logo\/image\/","url":"https:\/\/yeeply.com\/de\/wp-content\/uploads\/2019\/05\/logo_yeeply_black@2x.png","contentUrl":"https:\/\/yeeply.com\/de\/wp-content\/uploads\/2019\/05\/logo_yeeply_black@2x.png","width":360,"height":120,"caption":"Yeeply"},"image":{"@id":"https:\/\/yeeply.com\/de\/#\/schema\/logo\/image\/"},"sameAs":["https:\/\/www.facebook.com\/YeeplyMobile\/","https:\/\/x.com\/Yeeply_EN","https:\/\/www.linkedin.com\/company\/yeeply"]}]}},"uagb_featured_image_src":{"full":false,"thumbnail":false,"medium":false,"medium_large":false,"large":false,"1536x1536":false,"2048x2048":false,"gform-image-choice-sm":false,"gform-image-choice-md":false,"gform-image-choice-lg":false},"uagb_author_info":{"display_name":"Lucia Bravo","author_link":"https:\/\/yeeply.com\/de\/author\/lucia\/"},"uagb_comment_info":0,"uagb_excerpt":null,"_links":{"self":[{"href":"https:\/\/yeeply.com\/de\/wp-json\/wp\/v2\/pages\/6478","targetHints":{"allow":["GET"]}}],"collection":[{"href":"https:\/\/yeeply.com\/de\/wp-json\/wp\/v2\/pages"}],"about":[{"href":"https:\/\/yeeply.com\/de\/wp-json\/wp\/v2\/types\/page"}],"author":[{"embeddable":true,"href":"https:\/\/yeeply.com\/de\/wp-json\/wp\/v2\/users\/37"}],"replies":[{"embeddable":true,"href":"https:\/\/yeeply.com\/de\/wp-json\/wp\/v2\/comments?post=6478"}],"version-history":[{"count":0,"href":"https:\/\/yeeply.com\/de\/wp-json\/wp\/v2\/pages\/6478\/revisions"}],"wp:attachment":[{"href":"https:\/\/yeeply.com\/de\/wp-json\/wp\/v2\/media?parent=6478"}],"wp:term":[{"taxonomy":"category","embeddable":true,"href":"https:\/\/yeeply.com\/de\/wp-json\/wp\/v2\/categories?post=6478"}],"curies":[{"name":"wp","href":"https:\/\/api.w.org\/{rel}","templated":true}]}}