{"id":6468,"date":"2019-06-12T22:18:07","date_gmt":"2019-06-12T22:18:07","guid":{"rendered":"https:\/\/en.yeeply.com\/?page_id=6468"},"modified":"2019-08-26T10:43:15","modified_gmt":"2019-08-26T10:43:15","slug":"guest-posting","status":"publish","type":"page","link":"https:\/\/yeeply.com\/de\/blog\/guest-posting\/","title":{"rendered":"Guest Posting"},"content":{"rendered":"\n<section class=\"wp-block-uagb-section uagb-section__wrap uagb-section__background-undefined guest-posting\" id=\"uagb-section-1b2d5fc8-ab21-45dc-b694-400ff19fbf79\"><div class=\"uagb-section__overlay\"><\/div><div class=\"uagb-section__inner-wrap\">\n<h1 class=\"wp-block-heading\" style=\"text-align:left\">Willkommen im Guest Posting Bereich auf unserem Blog!<\/h1>\n\n\n\n<p>Wussten Sie, dass Yeeply einer der am schnellsten wachsenden Tech-Blogs in Europa ist? Dies liegt daran, dass wir es f\u00fcr wichtig halten, authentische und wertvolle Inhalte mit unseren Lesern zu teilen.<\/p>\n\n\n\n<p>Wenn Sie also leidenschaftlich \u00fcber die neuesten Trends in der Technik schreiben, dann sind Sie hier richtig. Unser Ziel ist es, unsere Blog-Leserschaft zu vergr\u00f6\u00dfern, indem wir Wissen \u00fcber ein breites Spektrum austauschen. Deshalb sind wir auf der Suche nach Gastautoren, die zu den folgenden Themen einen Beitrag leisten wollen:<\/p>\n\n\n\n<ul class=\"wp-block-list\"><li>K\u00fcnstliche Intelligenz<\/li><li>Maschinelles Lernen<\/li><li>Robotergesteuerte Prozessautomatisierung<\/li><li>Codequalit\u00e4t<\/li><li>Sprachtrends<\/li><li>Progressive Web Apps<\/li><li>Cybersicherheit<\/li><li>Outsourcing<\/li><li>Low-Code Entwicklung<\/li><li>Das Internet der Dinge<\/li><li>Virtuelle Realit\u00e4t und Augmented Reality<\/li><li>Die gemischte Realit\u00e4t<\/li><li>Softwarebezogene Start-ups &amp; Unternehmen<\/li><li>Interviews mit Schl\u00fcsselpersonen in der Technologiebranche<\/li><\/ul>\n\n\n\n<p>Neue Ideen sind jedoch immer willkommen. Schicken Sie uns Ihren Themenvorschlag, damit wir sicherstellen k\u00f6nnen, dass er zu unserem Blog passt. Dar\u00fcber hinaus haben wir einige Richtlinien f\u00fcr Gastbeitr\u00e4ge, die f\u00fcr jeden Gastautor gelten \u2013 um unseren Blog intakt und relevant zu halten.<\/p>\n\n\n\n<h2 class=\"wp-block-heading\">Bedingungen und Richtlinien f\u00fcr Gastbeitr\u00e4ge<\/h2>\n\n\n\n<p>Die folgenden Aspekte sind f\u00fcr die Einreichung eines Gastbeitrags erforderlich:<\/p>\n\n\n\n<p>1. Der Artikel muss original und qualitativ hochwertig sein. Senden Sie daher keine ganz oder teilweise duplizierten Inhalte.<br>2. Der Artikel muss mindestens 800 W\u00f6rter enthalten. Er sollte auch frei von Rechtschreib- und Grammatikfehlern sein.<br>3. Wenn Sie dem Inhalt Bilder hinzuf\u00fcgen m\u00f6chten, achten Sie darauf, dass diese keine Urheberrechte enthalten.<br>4. Sie k\u00f6nnen bis zu 3 Nofollow-Links pro Artikel hinzuf\u00fcgen. Spam-Links oder Links mit anderen b\u00f6swilligen Absichten werden entfernt.<br>5. Yeeply kann, abh\u00e4ngig von verschiedenen Faktoren, einige der Nofollow-Links in Dofollow-Links \u00e4ndern.<br>6. Wir behalten uns das Recht vor, die notwendigen \u00c4nderungen am Artikel vorzunehmen.<br>7. Sobald Ihr Artikel ver\u00f6ffentlicht wird, geht er in das Eigentum von Yeeply.com \u00fcber und Sie d\u00fcrfen den gleichen Inhalt nicht an anderer Stelle ver\u00f6ffentlichen.<\/p>\n\n\n\n<h2 class=\"wp-block-heading\">Die Vorteile des Verfassens eines Gastbeitrags f\u00fcr Yeeply<\/h2>\n\n\n\n<p>Mit mehr als 150.000 monatlichen Lesern gewinnt unser Tech-Blog weiter stark an Popularit\u00e4t. Die Ver\u00f6ffentlichung von Artikeln in unserem Blog kann Ihnen daher helfen, Ihre Marke und Ihre Online-Pr\u00e4senz zu st\u00e4rken. Au\u00dferdem wird Ihr Artikel mit unseren Abonnenten und Social Media Followern geteilt, um seine Reichweite zu maximieren.<\/p>\n\n\n\n<h2 class=\"wp-block-heading\">Wie man einen Gastbeitrag einreicht<\/h2>\n\n\n\n<p>Wenn Sie unseren Richtlinien f\u00fcr Gastbeitr\u00e4ge zustimmen, k\u00f6nnen Sie Ihren Artikel an\u00a0<a href=\"mailto:guestpost@yeeply.com\" target=\"_blank\">guestpost@yeeply.com<\/a>. senden. Wir werden Ihren Artikel sichten und \u00fcberpr\u00fcfen, ob er die Anforderungen erf\u00fcllt, bevor wir ihn ver\u00f6ffentlichen. Dieser Vorgang dauert in der Regel einige Tage, aber wir werden Sie per E-Mail \u00fcber den Status Ihres Artikels informieren.<\/p>\n<\/div><\/section>\n","protected":false},"excerpt":{"rendered":"","protected":false},"author":37,"featured_media":0,"parent":6354,"menu_order":0,"comment_status":"closed","ping_status":"closed","template":"","meta":{"inline_featured_image":false,"_uag_custom_page_level_css":"","footnotes":""},"categories":[],"class_list":["post-6468","page","type-page","status-publish","hentry"],"yoast_head":"<!-- This site is optimized with the Yoast SEO plugin v27.4 - https:\/\/yoast.com\/product\/yoast-seo-wordpress\/ -->\n<title>Willkommen im Guest Posting Bereich auf unserem Blog! - Finden Sie Android, iOS und Windows Phone Entwickler - Blog<\/title>\n<meta name=\"description\" content=\"Wussten Sie, dass Yeeply einer der am schnellsten wachsenden Tech-Blogs in Europa ist? Dies liegt daran, dass wir es f\u00fcr wichtig halten, authentische und wertvolle Inhalte mit unseren Lesern zu teilen. Wenn Sie also leidenschaftlich \u00fcber die neuesten Trends in der Technik schreiben, dann sind Sie hier richtig. Unser Ziel ist es, unsere Blog-Leserschaft zu ...\" \/>\n<meta name=\"robots\" content=\"index, follow, max-snippet:-1, max-image-preview:large, max-video-preview:-1\" \/>\n<link rel=\"canonical\" href=\"https:\/\/yeeply.com\/de\/blog\/guest-posting\/\" \/>\n<meta property=\"og:locale\" content=\"de_DE\" \/>\n<meta property=\"og:type\" content=\"article\" \/>\n<meta property=\"og:title\" content=\"Willkommen im Guest Posting Bereich auf unserem Blog! - Finden Sie Android, iOS und Windows Phone Entwickler - Blog\" \/>\n<meta property=\"og:description\" content=\"Wussten Sie, dass Yeeply einer der am schnellsten wachsenden Tech-Blogs in Europa ist? Dies liegt daran, dass wir es f\u00fcr wichtig halten, authentische und wertvolle Inhalte mit unseren Lesern zu teilen. Wenn Sie also leidenschaftlich \u00fcber die neuesten Trends in der Technik schreiben, dann sind Sie hier richtig. Unser Ziel ist es, unsere Blog-Leserschaft zu ...\" \/>\n<meta property=\"og:url\" content=\"https:\/\/yeeply.com\/de\/blog\/guest-posting\/\" \/>\n<meta property=\"og:site_name\" content=\"Yeeply\" \/>\n<meta property=\"article:publisher\" content=\"https:\/\/www.facebook.com\/YeeplyMobile\/\" \/>\n<meta property=\"article:modified_time\" content=\"2019-08-26T10:43:15+00:00\" \/>\n<meta name=\"twitter:card\" content=\"summary_large_image\" \/>\n<meta name=\"twitter:site\" content=\"@Yeeply_EN\" \/>\n<meta name=\"twitter:label1\" content=\"Gesch\u00e4tzte Lesezeit\" \/>\n\t<meta name=\"twitter:data1\" content=\"2\u00a0Minuten\" \/>\n<script type=\"application\/ld+json\" class=\"yoast-schema-graph\">{\"@context\":\"https:\\\/\\\/schema.org\",\"@graph\":[{\"@type\":\"WebPage\",\"@id\":\"https:\\\/\\\/yeeply.com\\\/de\\\/blog\\\/guest-posting\\\/\",\"url\":\"https:\\\/\\\/yeeply.com\\\/de\\\/blog\\\/guest-posting\\\/\",\"name\":\"Willkommen im Guest Posting Bereich auf unserem Blog! - Finden Sie Android, iOS und Windows Phone Entwickler - Blog\",\"isPartOf\":{\"@id\":\"https:\\\/\\\/yeeply.com\\\/de\\\/#website\"},\"datePublished\":\"2019-06-12T22:18:07+00:00\",\"dateModified\":\"2019-08-26T10:43:15+00:00\",\"description\":\"Wussten Sie, dass Yeeply einer der am schnellsten wachsenden Tech-Blogs in Europa ist? Dies liegt daran, dass wir es f\u00fcr wichtig halten, authentische und wertvolle Inhalte mit unseren Lesern zu teilen. Wenn Sie also leidenschaftlich \u00fcber die neuesten Trends in der Technik schreiben, dann sind Sie hier richtig. Unser Ziel ist es, unsere Blog-Leserschaft zu ...\",\"breadcrumb\":{\"@id\":\"https:\\\/\\\/yeeply.com\\\/de\\\/blog\\\/guest-posting\\\/#breadcrumb\"},\"inLanguage\":\"de\",\"potentialAction\":[{\"@type\":\"ReadAction\",\"target\":[\"https:\\\/\\\/yeeply.com\\\/de\\\/blog\\\/guest-posting\\\/\"]}]},{\"@type\":\"BreadcrumbList\",\"@id\":\"https:\\\/\\\/yeeply.com\\\/de\\\/blog\\\/guest-posting\\\/#breadcrumb\",\"itemListElement\":[{\"@type\":\"ListItem\",\"position\":1,\"name\":\"Home\",\"item\":\"https:\\\/\\\/yeeply.com\\\/de\\\/\"},{\"@type\":\"ListItem\",\"position\":2,\"name\":\"Blog\",\"item\":\"https:\\\/\\\/yeeply.com\\\/de\\\/blog\\\/\"},{\"@type\":\"ListItem\",\"position\":3,\"name\":\"Guest Posting\"}]},{\"@type\":\"WebSite\",\"@id\":\"https:\\\/\\\/yeeply.com\\\/de\\\/#website\",\"url\":\"https:\\\/\\\/yeeply.com\\\/de\\\/\",\"name\":\"Yeeply\",\"description\":\"A platform for the development of digital projects\",\"publisher\":{\"@id\":\"https:\\\/\\\/yeeply.com\\\/de\\\/#organization\"},\"potentialAction\":[{\"@type\":\"SearchAction\",\"target\":{\"@type\":\"EntryPoint\",\"urlTemplate\":\"https:\\\/\\\/yeeply.com\\\/de\\\/?s={search_term_string}\"},\"query-input\":{\"@type\":\"PropertyValueSpecification\",\"valueRequired\":true,\"valueName\":\"search_term_string\"}}],\"inLanguage\":\"de\"},{\"@type\":\"Organization\",\"@id\":\"https:\\\/\\\/yeeply.com\\\/de\\\/#organization\",\"name\":\"Yeeply\",\"url\":\"https:\\\/\\\/yeeply.com\\\/de\\\/\",\"logo\":{\"@type\":\"ImageObject\",\"inLanguage\":\"de\",\"@id\":\"https:\\\/\\\/yeeply.com\\\/de\\\/#\\\/schema\\\/logo\\\/image\\\/\",\"url\":\"https:\\\/\\\/yeeply.com\\\/de\\\/wp-content\\\/uploads\\\/2019\\\/05\\\/logo_yeeply_black@2x.png\",\"contentUrl\":\"https:\\\/\\\/yeeply.com\\\/de\\\/wp-content\\\/uploads\\\/2019\\\/05\\\/logo_yeeply_black@2x.png\",\"width\":360,\"height\":120,\"caption\":\"Yeeply\"},\"image\":{\"@id\":\"https:\\\/\\\/yeeply.com\\\/de\\\/#\\\/schema\\\/logo\\\/image\\\/\"},\"sameAs\":[\"https:\\\/\\\/www.facebook.com\\\/YeeplyMobile\\\/\",\"https:\\\/\\\/x.com\\\/Yeeply_EN\",\"https:\\\/\\\/www.linkedin.com\\\/company\\\/yeeply\"]}]}<\/script>\n<!-- \/ Yoast SEO plugin. -->","yoast_head_json":{"title":"Willkommen im Guest Posting Bereich auf unserem Blog! - Finden Sie Android, iOS und Windows Phone Entwickler - Blog","description":"Wussten Sie, dass Yeeply einer der am schnellsten wachsenden Tech-Blogs in Europa ist? Dies liegt daran, dass wir es f\u00fcr wichtig halten, authentische und wertvolle Inhalte mit unseren Lesern zu teilen. Wenn Sie also leidenschaftlich \u00fcber die neuesten Trends in der Technik schreiben, dann sind Sie hier richtig. Unser Ziel ist es, unsere Blog-Leserschaft zu ...","robots":{"index":"index","follow":"follow","max-snippet":"max-snippet:-1","max-image-preview":"max-image-preview:large","max-video-preview":"max-video-preview:-1"},"canonical":"https:\/\/yeeply.com\/de\/blog\/guest-posting\/","og_locale":"de_DE","og_type":"article","og_title":"Willkommen im Guest Posting Bereich auf unserem Blog! - Finden Sie Android, iOS und Windows Phone Entwickler - Blog","og_description":"Wussten Sie, dass Yeeply einer der am schnellsten wachsenden Tech-Blogs in Europa ist? Dies liegt daran, dass wir es f\u00fcr wichtig halten, authentische und wertvolle Inhalte mit unseren Lesern zu teilen. Wenn Sie also leidenschaftlich \u00fcber die neuesten Trends in der Technik schreiben, dann sind Sie hier richtig. Unser Ziel ist es, unsere Blog-Leserschaft zu ...","og_url":"https:\/\/yeeply.com\/de\/blog\/guest-posting\/","og_site_name":"Yeeply","article_publisher":"https:\/\/www.facebook.com\/YeeplyMobile\/","article_modified_time":"2019-08-26T10:43:15+00:00","twitter_card":"summary_large_image","twitter_site":"@Yeeply_EN","twitter_misc":{"Gesch\u00e4tzte Lesezeit":"2\u00a0Minuten"},"schema":{"@context":"https:\/\/schema.org","@graph":[{"@type":"WebPage","@id":"https:\/\/yeeply.com\/de\/blog\/guest-posting\/","url":"https:\/\/yeeply.com\/de\/blog\/guest-posting\/","name":"Willkommen im Guest Posting Bereich auf unserem Blog! - Finden Sie Android, iOS und Windows Phone Entwickler - Blog","isPartOf":{"@id":"https:\/\/yeeply.com\/de\/#website"},"datePublished":"2019-06-12T22:18:07+00:00","dateModified":"2019-08-26T10:43:15+00:00","description":"Wussten Sie, dass Yeeply einer der am schnellsten wachsenden Tech-Blogs in Europa ist? Dies liegt daran, dass wir es f\u00fcr wichtig halten, authentische und wertvolle Inhalte mit unseren Lesern zu teilen. Wenn Sie also leidenschaftlich \u00fcber die neuesten Trends in der Technik schreiben, dann sind Sie hier richtig. Unser Ziel ist es, unsere Blog-Leserschaft zu ...","breadcrumb":{"@id":"https:\/\/yeeply.com\/de\/blog\/guest-posting\/#breadcrumb"},"inLanguage":"de","potentialAction":[{"@type":"ReadAction","target":["https:\/\/yeeply.com\/de\/blog\/guest-posting\/"]}]},{"@type":"BreadcrumbList","@id":"https:\/\/yeeply.com\/de\/blog\/guest-posting\/#breadcrumb","itemListElement":[{"@type":"ListItem","position":1,"name":"Home","item":"https:\/\/yeeply.com\/de\/"},{"@type":"ListItem","position":2,"name":"Blog","item":"https:\/\/yeeply.com\/de\/blog\/"},{"@type":"ListItem","position":3,"name":"Guest Posting"}]},{"@type":"WebSite","@id":"https:\/\/yeeply.com\/de\/#website","url":"https:\/\/yeeply.com\/de\/","name":"Yeeply","description":"A platform for the development of digital projects","publisher":{"@id":"https:\/\/yeeply.com\/de\/#organization"},"potentialAction":[{"@type":"SearchAction","target":{"@type":"EntryPoint","urlTemplate":"https:\/\/yeeply.com\/de\/?s={search_term_string}"},"query-input":{"@type":"PropertyValueSpecification","valueRequired":true,"valueName":"search_term_string"}}],"inLanguage":"de"},{"@type":"Organization","@id":"https:\/\/yeeply.com\/de\/#organization","name":"Yeeply","url":"https:\/\/yeeply.com\/de\/","logo":{"@type":"ImageObject","inLanguage":"de","@id":"https:\/\/yeeply.com\/de\/#\/schema\/logo\/image\/","url":"https:\/\/yeeply.com\/de\/wp-content\/uploads\/2019\/05\/logo_yeeply_black@2x.png","contentUrl":"https:\/\/yeeply.com\/de\/wp-content\/uploads\/2019\/05\/logo_yeeply_black@2x.png","width":360,"height":120,"caption":"Yeeply"},"image":{"@id":"https:\/\/yeeply.com\/de\/#\/schema\/logo\/image\/"},"sameAs":["https:\/\/www.facebook.com\/YeeplyMobile\/","https:\/\/x.com\/Yeeply_EN","https:\/\/www.linkedin.com\/company\/yeeply"]}]}},"uagb_featured_image_src":{"full":false,"thumbnail":false,"medium":false,"medium_large":false,"large":false,"1536x1536":false,"2048x2048":false,"gform-image-choice-sm":false,"gform-image-choice-md":false,"gform-image-choice-lg":false},"uagb_author_info":{"display_name":"Lucia Bravo","author_link":"https:\/\/yeeply.com\/de\/author\/lucia\/"},"uagb_comment_info":0,"uagb_excerpt":null,"_links":{"self":[{"href":"https:\/\/yeeply.com\/de\/wp-json\/wp\/v2\/pages\/6468","targetHints":{"allow":["GET"]}}],"collection":[{"href":"https:\/\/yeeply.com\/de\/wp-json\/wp\/v2\/pages"}],"about":[{"href":"https:\/\/yeeply.com\/de\/wp-json\/wp\/v2\/types\/page"}],"author":[{"embeddable":true,"href":"https:\/\/yeeply.com\/de\/wp-json\/wp\/v2\/users\/37"}],"replies":[{"embeddable":true,"href":"https:\/\/yeeply.com\/de\/wp-json\/wp\/v2\/comments?post=6468"}],"version-history":[{"count":0,"href":"https:\/\/yeeply.com\/de\/wp-json\/wp\/v2\/pages\/6468\/revisions"}],"up":[{"embeddable":true,"href":"https:\/\/yeeply.com\/de\/wp-json\/wp\/v2\/pages\/6354"}],"wp:attachment":[{"href":"https:\/\/yeeply.com\/de\/wp-json\/wp\/v2\/media?parent=6468"}],"wp:term":[{"taxonomy":"category","embeddable":true,"href":"https:\/\/yeeply.com\/de\/wp-json\/wp\/v2\/categories?post=6468"}],"curies":[{"name":"wp","href":"https:\/\/api.w.org\/{rel}","templated":true}]}}