{"id":6237,"date":"2019-05-27T14:43:57","date_gmt":"2019-05-27T14:43:57","guid":{"rendered":"https:\/\/en.yeeply.com\/?page_id=6237"},"modified":"2025-04-09T12:06:56","modified_gmt":"2025-04-09T10:06:56","slug":"datenschutz-bestimmungen","status":"publish","type":"page","link":"https:\/\/yeeply.com\/de\/datenschutz-bestimmungen\/","title":{"rendered":"AGBs"},"content":{"rendered":"\n<section class=\"wp-block-uagb-section uagb-section__wrap uagb-section__background-undefined alignfull uagb-block-2710fe02 hero-legal\"><div class=\"uagb-section__overlay\"><\/div><div class=\"uagb-section__inner-wrap\">\n<h1 class=\"wp-block-heading has-text-align-center\">Datenschutzerkl\u00e4rung<\/h1>\n<\/div><\/section>\n\n\n\n<section class=\"wp-block-uagb-section uagb-section__wrap uagb-section__background-undefined uagb-block-18762d7f section-full section-legal\"><div class=\"uagb-section__overlay\"><\/div><div class=\"uagb-section__inner-wrap\">\n<p>Yeeply Mobile, S.L. (nachstehend zusammen und unterschiedslos&nbsp;<strong>\u201eYeeply\u201c<\/strong>,&nbsp;<strong>\u201ewir\u201c<\/strong>,&nbsp;<strong>\u201eunser\u201c<\/strong>&nbsp;oder&nbsp;<strong>\u201euns\u201c<\/strong>&nbsp;genannt), ist eine Gesellschaft, deren Unternehmensgegenstand in der Suche und Auswahl des am besten geeigneten Fachmanns oder Leistungserbringers zur Durchf\u00fchrung der konkret von den Kunden beantragten Projekte liegt.<\/p>\n\n\n\n<p>Die Privatsph\u00e4re der Personen ist wichtig f\u00fcr uns, sowohl die der Besucher unserer Website&nbsp;<a href=\"https:\/\/www.yeeply.com\/\" target=\"_blank\">www.yeeply.com<\/a>(nachfolgend genannt die&nbsp;<strong>\u201eWebsite\u201c<\/strong>), als auch die eines jeglichen sonstigen Betroffenen, der uns Informationen \u00fcber die Website liefert und dessen Personendaten von Yeeply als Teil der Leistungserbringung verarbeitet werden (nachfolgend genannt&nbsp;<strong>\u201eSie\u201c<\/strong>&nbsp;oder&nbsp;<strong>\u201eder Nutzer\u201c<\/strong>&nbsp;und im Plural&nbsp;<strong>\u201eSie\u201c<\/strong>&nbsp;oder die&nbsp;<strong>\u201eNutzer\u201c<\/strong>). In diesem Sinne verpflichtet sich Yeeply einer Verarbeitung ihrer Personendaten in \u00dcbereinstimmung mit der jederzeit anwendbaren Datenschutzordnung. Ganz konkret erf\u00fcllt Yeeply die in folgenden Richtlinien vorgegebenen Bestimmungen: die Verordnung (EU) 2016\/679 des Europ\u00e4ischen Parlaments und des Rates vom 27. April 2016 zum Schutz nat\u00fcrlicher Personen bei der Verarbeitung personenbezogener Daten und zum freien Datenverkehr, durch das die Richtlinie 95\/46\/EG aufgehoben wird; das Rahmengesetz 3\/2019 vom 5. Dezember \u00fcber den Schutz personenbezogener Daten und die Gew\u00e4hrleistung digitaler Rechte, sowie all jene Bestimmungen und alle sonstigen Regelungen, die jeweils g\u00fcltig sind und zur Anwendung kommen.<\/p>\n\n\n\n<p>Auf der Grundlage dessen und mit dem Zweck, die Nutzer \u00fcber die Datenverarbeitung sowie \u00fcber die wesentlichen Grunds\u00e4tze bzgl. des von ihr zur Anwendung kommenden Datenschutzes zu informieren, weist Yeeply auf ihre Datenschutzerkl\u00e4rung hin. Trotz alledem k\u00f6nnten einige der bereits erbrachten oder der in der Zukunft auf der Website zu erbringenden Leistungen besondere Nutzungsbedingungen mit Vorsorgen in Sachen Datenschutz enthalten, die gegen\u00fcber der Datenschutzerkl\u00e4rung Vorrang haben.<\/p>\n\n\n\n<p>Entsprechend den vorangehenden Bestimmungen m\u00f6chten wir alle Nutzer bitten die Datenschutzerkl\u00e4rung sorgf\u00e4ltig zu lesen, um sich \u00fcber die Vorschriften und Praktiken zu informieren, die wir zum Schutz der personenbezogenen Daten entwickelt haben, und um sich \u00fcber unsere Beziehungen zu Drittpersonen zu informieren, die Zugang zu solchen Daten haben k\u00f6nnten.<\/p>\n\n\n\n<p>In jedem Falle ist der Nutzer allein f\u00fcr die Informationen verantwortlich, die er auf der Website anbietet, und, sollte Yeeply in der Zukunft die Daten zu anderen nicht angegebenen Zwecken verwenden wollen, werden wir Sie \u00fcber diese neuen Zwecke informieren und ihre Zustimmung einholen, falls erforderlich.<\/p>\n\n\n\n<p>Durch die Nutzung unserer Website erkennt der Nutzer an, diese Datenschutzerkl\u00e4rung, unseren Rechtlichen Hinweis sowie die Cookie-Richtlinien gelesen zu haben und damit einverstanden zu sein.<\/p>\n\n\n\n<h2 class=\"wp-block-heading\">1. Wer ist f\u00fcr die Datenverarbeitung verantwortlich?<\/h2>\n\n\n\n<p>Kontaktdaten des Verantwortlichen der Datenverarbeitung: Yeeply Mobile, S.L., mit Steuernr. B98487333 und Gesellschaftssitz in Calle Abetos, 39, 28223 Pozuelo de Alarc\u00f3n-Madrid (Spanien), E-Mail:\u00a0<a href=\"mailto:privacy@yeeply.com\" target=\"_blank\">privacy@yeeply.com<\/a><\/p>\n\n\n\n<h2 class=\"wp-block-heading\">2. \u00dcber welche Datenschutzrechte verf\u00fcgen die Nutzer?<\/h2>\n\n\n\n<p>Die Nutzer k\u00f6nnen folgende Rechte beantragen:<\/p>\n\n\n\n<ul class=\"wp-block-list\">\n<li>Das Recht auf Zugang zu den Personendaten: Sie k\u00f6nnen die Firma Yeeply fragen, ob sie Ihre Daten verarbeitet und wenn ja, Zugang zu diesen erhalten.<\/li>\n\n\n\n<li>Das Recht eine Berichtigung zu beantragen, wenn die Daten nicht der Wahrheit entsprechen, und k\u00f6nnen unvollst\u00e4ndige Daten vervollst\u00e4ndigen.<\/li>\n\n\n\n<li>Das Recht auf L\u00f6schung der Daten.<\/li>\n\n\n\n<li>Das Recht eine Einschr\u00e4nkung der Datenverarbeitung zu beantragen: in einem solchen Fall bewahren wir die Daten nur zur Aus\u00fcbung oder Verteidigung von Beschwerden auf.<\/li>\n\n\n\n<li>Das Recht sich der Datenverarbeitung zu widersetzen: Yeeply stoppt die Verarbeitung der Personendaten, mit Ausnahme der F\u00e4lle, in denen diese Daten aus rechtlichen Gr\u00fcnden weiter verarbeitet werden m\u00fcssen oder zur Aus\u00fcbung oder Verteidigung eventueller Beschwerden.<\/li>\n\n\n\n<li>Das Recht auf \u00dcbertragbarkeit der Daten: f\u00fcr den Fall, dass der Nutzer seine Personendaten von einem anderen Verantwortlichen verarbeiten lassen m\u00f6chte, erm\u00f6glicht Yeeply ihm die \u00dcbertragung der Daten an den neuen Verantwortlichen.<\/li>\n\n\n\n<li>Das Recht keiner Entscheidungsfindung zu unterliegen, die ausschlie\u00dflich auf einer automatisierten Verarbeitung personenbezogener Daten beruht.<\/li>\n<\/ul>\n\n\n\n<p>Sollte der Nutzer sein Einverst\u00e4ndnis f\u00fcr irgendeinen spezifischen Zweck erteilt haben, kann er dieses zur\u00fcckziehen, wenn er will, ohne dass eine solche Handlung, die auf einer vor der Zur\u00fccknahme beruhenden Zul\u00e4ssigkeit der Datenverarbeitung beeintr\u00e4chtigt.<\/p>\n\n\n\n<p>Zur Aus\u00fcbung ihrer Rechte m\u00fcssen die Nutzer eine schriftliche Mitteilung an den Gesellschaftssitz von Yeeply senden, oder an die unter Absatz 1 dieser Datenschutzerkl\u00e4rung aufgef\u00fchrte E-Mail-Adresse, einschlie\u03b2lich in beiden F\u00e4llen einer Fotokopie des Personalausweises oder eines sonstigen \u00e4quivalenten Ausweisdokuments.<\/p>\n\n\n\n<h2 class=\"wp-block-heading\">3. Wie k\u00f6nnen Sie eine Beschwerde bei der Spanischen Datenschutzagentur einlegen?<\/h2>\n\n\n\n<p>Der Inhaber der Daten kann die Modelle und Formulare bzgl. der im vorangehenden Absatz erw\u00e4hnten Rechte aus\u00fcben, indem er sich an die offizielle Website der Spanischen Datenschutzagentur wendet. (<a href=\"http:\/\/www.agpd.es\/portalwebAGPD\/CanalDelCiudadano\/ejercicio_derechos\/index-ides-idphp.php\" target=\"_blank\">http:\/\/www.agpd.es\/portalwebAGPD\/CanalDelCiudadano\/ejercicio_derechos\/index-ides-idphp.php<\/a>).<\/p>\n\n\n\n<h2 class=\"wp-block-heading\">4. In welchen F\u00e4llen sammeln wir personenbezogene Daten \u00fcber Sie und was sind das f\u00fcr Daten?<\/h2>\n\n\n\n<p>Auf der Grundlage der vorliegenden Datenschutzerkl\u00e4rung werden als \u201epersonenbezogene Daten\u201c alle Informationen betrachtet, die sich auf eine identifizierte oder identifizierbare nat\u00fcrliche Person beziehen, wie z.B. Name, Anschrift, Telefonnummer oder E-Mail-Adresse.<\/p>\n\n\n\n<p>Sollten Sie sich dazu entscheiden uns ihre Personendaten auszuh\u00e4ndigen, kann Yeeply \u00fcber alle Daten verf\u00fcgen, die auf den von Ihnen ausgef\u00fcllten Formularen enthalten sind oder \u00fcber die verschiedenen E-Mail-Adressen bereitgestellt wurden, die Yeeply Ihnen zur Verf\u00fcgung stellt, um sich mit uns in Verbindung zu setzen.<\/p>\n\n\n\n<p>Diese Daten werden verarbeitet, wenn Sie mit Yeeply interagieren; im Sinne einer Leistungserbringung, wenn Sie an den von Yeeply angebotenen Aktivit\u00e4ten teilnehmen oder beantragen an diesen teilzunehmen; wenn Sie mit der Website interagieren, und zwar dann, wenn wir Sie darum bitten personenbezogene Daten zur Verf\u00fcgung zu stellen, so wie es in dieser Datenschutzerkl\u00e4rung zum Ausdruck gebracht wird; bei einer Registrierung bzw. Anmeldung auf unserer Website.<\/p>\n\n\n\n<h2 class=\"wp-block-heading\">5. Wie benutzen wir die Personendaten der Benutzer?<\/h2>\n\n\n\n<p>Yeeply teilt den jeweilig betroffenen Nutzern mit, dass die uns bereitgestellten und erfassten Daten auf die Verantwortung und Haftung von Yeeply verarbeitet und zu nachfolgenden Zwecken verwendet werden:<\/p>\n\n\n\n<ul class=\"wp-block-list\">\n<li>Zur Beantwortung von Fragen oder Antr\u00e4gen, die von den Nutzern der Website gestellt werden;<\/li>\n\n\n\n<li>Zur Erbringung unserer Leistungen in \u00dcbereinstimmung mit den zwischen Yeeply und den Nutzern der Website jedes Mal festgelegten Bedingungen;<\/li>\n\n\n\n<li>F\u00fcr den Fall, dass Sie das entsprechende K\u00e4stchenfeld zu diesen Zwecken angekreuzt haben, um Sie durch den Versand von Mitteilungen\/Newslettern per E-Mail und \/oder sonstige elektronische Mittel \u00fcber die auf unserer Website gebotenen Leistungen und Aktivit\u00e4ten, Projekte, Aktualisierungen oder neuen Eigenschaften und Funktionen zu informieren.<\/li>\n\n\n\n<li>F\u00fcr den Fall, dass Sie uns ihren Lebenslauf (CV) zugesandt haben, um unsere Personalauswahlverfahren auf der Grundlage der uns von Ihnen zur Verf\u00fcgung gestellten Daten verwalten zu k\u00f6nnen.<\/li>\n\n\n\n<li>Wir k\u00f6nnen diese Daten ebenso zu jeglichem sonstigen Zweck verwenden, der von der anwendbaren Gesetzgebung zugelassen und abverlangt wird, oder f\u00fcr den Sie ihr ausdr\u00fcckliches Einverst\u00e4ndnis erteilt haben.<\/li>\n<\/ul>\n\n\n\n<h2 class=\"wp-block-heading\">6. Warum werden ihre personenbezogenen Daten von uns verarbeitet?<\/h2>\n\n\n\n<p>Yeeply kann Ihre personenbezogenen Daten auf der Grundlage einer jeglichen der nachfolgenden Rechtsgrundlagen verarbeiten: (a) zu rechtm\u00e4\u03b2igen kommerziellen Zwecken; (b) wenn Sie ihre Zustimmung erteilt haben; (c) wenn es f\u00fcr Yeeply zur Erf\u00fcllung der gesetzlichen Verpflichtungen erforderlich wird; und (d) wenn eine Verarbeitung zur Erf\u00fcllung eines Vertrages notwendig werden sollte, bei dem Sie als Vertragspartei auftreten.<\/p>\n\n\n\n<h2 class=\"wp-block-heading\">7. Wer kann Zugriff auf ihre personenbezogenen Daten nehmen?<\/h2>\n\n\n\n<p>Abh\u00e4ngig von den Zwecken, zu denen die pers\u00f6nlichen Informationen gesammelt werden, haben folgende Personen in gleicher Weise Zugriff auf die besagten Informationen:<\/p>\n\n\n\n<ul class=\"wp-block-list\">\n<li>Das von Yeeply oder ihren Vertretern, also diejenigen Personen, die im Namen von Yeeply handeln, berechtigte Personal, das den zur Anwendung kommenden Datenschutzgesetzen untersteht;<\/li>\n\n\n\n<li>Regulierungsbeh\u00f6rden oder sonstige Dritte in \u00dcbereinstimmung mit den anwendbaren Gesetzen;<\/li>\n\n\n\n<li>Drittpersonen (Leistungserbringer, die die Informationen in ihrer Eigenschaft als Beauftragte zur Datenverarbeitung gem\u00e4\u03b2 den Anweisungen von Yeeply verarbeiten). Vorher m\u00fcssen jedoch alle erforderlichen Mittel ergriffen werden, um zu gew\u00e4hrleisten, dass wir die besagten Informationen in \u00dcbereinstimmung mit den anwendbaren Datenschutzgesetzen teilen k\u00f6nnen.<\/li>\n<\/ul>\n\n\n\n<p>Yeeply gibt ihre personenbezogenen Daten in Erf\u00fcllung aller gesetzlichen Verpflichtungen weiter, die in jedem einzelnen Fall zur Anwendung kommen.<\/p>\n\n\n\n<h2 class=\"wp-block-heading\">8. Wo werden ihre Personendaten verarbeitet?<\/h2>\n\n\n\n<p>Yeeply \u00fcbertr\u00e4gt keine Personendaten au\u03b2erhalb des Europ\u00e4ischen Wirtschaftsraums (EWR). F\u00fcr den Fall, dass solche \u00dcbertragungen durchgef\u00fchrt werden, erfolgt dies stets unter Einhaltung der anwendbaren Datenschutzgesetze. Unabh\u00e4ngig von dem Ort, an dem Ihre Personendaten gesammelt oder verarbeitet werden, achtet Yeeply stets darauf und gew\u00e4hrleistet, dass die Leistungserbringer die verwaltungstechnischen, technischen und physischen Sicherheitsma\u03b2nahmen beibehalten, die f\u00fcr den Schutz der Sie betreffenden Personendaten als angemessen erscheinen.<\/p>\n\n\n\n<p>F\u00fcr sonstige Informationen \u00fcber die Nutzung der Vertragsformulare durch Yeeply setzen Sie sich bitte mit uns in Verbindung unter&nbsp;<a href=\"mailto:privacy@yeeply.com\" target=\"_blank\">privacy@yeeply.com<\/a>.<\/p>\n\n\n\n<h2 class=\"wp-block-heading\">9. Wie sch\u00fctzen wir Ihre personenbezogenen Daten?<\/h2>\n\n\n\n<p>Wir haben die erforderlichen technischen Mittel umgesetzt, um Ihre personenbezogenen Daten und Informationen vor unbeabsichtigten Verlusten, unrechtm\u00e4\u03b2igen Zugriffen, missbr\u00e4uchlicher Nutzung und Weitergabe zu sch\u00fctzen. Der Nutzer muss jedoch wissen, dass trotz sorgf\u00e4ltiger Umsetzung solcher Ma\u03b2nahmen, die Sicherheitsma\u03b2nahmen nicht unfehlbar sind. Yeeply haftet nicht f\u00fcr Handlungen Dritter, die durch Verletzung dieser Ma\u03b2nahmen, Zugriff auf die erw\u00e4hnten Daten und Informationen nehmen.<\/p>\n\n\n\n<h2 class=\"wp-block-heading\">10. Wie lange bewahren wir ihre personenbezogenen Daten auf?<\/h2>\n\n\n\n<p>Yeeply verarbeitet Ihre Personendaten solange dies zur Erf\u00fcllung der in dieser Datenschutzerkl\u00e4rung zum Ausdruck gebrachten Zwecke erforderlich ist, und bewahrt Ihre personenbezogenen Informationen in \u00dcbereinstimmung mit den Bestimmungen der sachdienlichen Gesetze und Vorschriften auf.<\/p>\n\n\n\n<p>Das dabei von uns angewandte Kriterium wird bestimmt durch:<\/p>\n\n\n\n<ul class=\"wp-block-list\">\n<li>Den Zweck der gesammelten Daten und die Erf\u00fcllung dieses Zwecks.<\/li>\n\n\n\n<li>Die Gr\u00fcnde, aufgrund derer die Daten gesammelt werden: z.B. bei einer Zustimmung k\u00f6nnen Sie eine solche jederzeit widerrufen.<\/li>\n\n\n\n<li>Die personenbezogenen Daten der sich im Auswahlverfahren befindlichen Kandidaten (Lebensl\u00e4ufe) werden f\u00fcr gew\u00f6hnlich f\u00fcr einen maximalen Zeitraum von zw\u00f6lf (12) Monaten aufbewahrt, gerechnet ab der Beendigung eines jeden Verfahrens, es sei denn der Betroffene erneuert seine Genehmigung, um die Daten f\u00fcr einen l\u00e4ngeren Zeitraum aufzubewahren.<\/li>\n\n\n\n<li>Obligatorische Speicherzeitr\u00e4ume gem\u00e4\u03b2 den vertraglichen oder gesetzlichen Anforderungen.<\/li>\n<\/ul>\n\n\n\n<p>Ber\u00fccksichtigen Sie bitte, dass Yeeply in manchen F\u00e4llen dazu verpflichtet ist gewisse Daten \u00fcber Sie aufzubewahren.<\/p>\n\n\n\n<h2 class=\"wp-block-heading\">11. Vertraulichkeit<\/h2>\n\n\n\n<p>Die mit Yeeply zusammenarbeitenden Fachkr\u00e4fte, die in irgendeiner Weise an der Leistungserbringung an den Kunden beteiligt sind, sind verpflichtet die ihnen zug\u00e4nglichen Informationen nicht weiterzugeben oder zu benutzen. Die vom Nutzer gelieferten Informationen werden in jedem Falle als vertraulich angesehen, ohne dass diese Informationen zu anderen Zwecken verwendet werden k\u00f6nnen, als die mit den Antr\u00e4gen und den an Yeeply beauftragten Leistungen in Verbindung stehenden Zwecken und Handlungen. In diesem Sinne verpflichten wir uns Nutzerinformationen weder weiterzugeben noch preiszugeben.<\/p>\n\n\n\n<h2 class=\"wp-block-heading\">12. Direktmarketing<\/h2>\n\n\n\n<p>Wir werden die personenbezogenen Daten von Nutzern ohne deren ausdr\u00fcckliche vorherige Zustimmung nicht zu direkten Marketingzwecken nutzen.<\/p>\n\n\n\n<p>Sollten Sie sich zu irgendeinem Zeitpunkt dazu entscheiden die kommerzielle oder im Rahmen von Verkaufsf\u00f6rderungsma\u03b2nahmen von Yeeply mitgeteilten Informationen nicht mehr erhalten zu wollen, k\u00f6nnen Sie v\u00f6llig kostenfrei und ohne sich daf\u00fcr rechtfertigen zu m\u00fcssen bei den Direktmarketingfirmen abmelden und sich einer k\u00fcnftigen Datenverarbeitung f\u00fcr die besagten Zwecke widersetzen, indem Sie uns eine E-Mail an&nbsp;<a href=\"mailto:privacy@yeeply.com\" target=\"_blank\">privacy@yeeply.com<\/a>&nbsp;senden, oder aber durch Anklicken des \u201eopt-out buttons\u201c (Abmeldung). Sie k\u00f6nnen ebenfalls das in jeglicher von Yeeply erhaltenen Werbemitteilung enthaltene Abmeldeverfahren nutzen.<\/p>\n\n\n\n<p>Ber\u00fccksichtigen Sie bitte, dass, auch wenn Sie sich dazu entscheiden sollten, die Newsletter oder Promotions-E-Mails nicht zu abonnieren bzw. sich von diesen abzumelden, es dennoch notwendig ist uns mit Ihnen in Verbindung zu setzen, bzgl. ganz wesentlicher Informationen nicht kommerzieller Art, wie z.B. die L\u00f6sung von Problemen, die Feststellung oder Vorbeugung von Fehlern.<\/p>\n\n\n\n<h2 class=\"wp-block-heading\">13. Automatisierte Entscheidungsfindung<\/h2>\n\n\n\n<p>Wir verwenden keine automatisierten Verfahren zur Entscheidungsfindung einschlie\u03b2lich Profiling, es sei denn Sie haben uns eine ausdr\u00fcckliche Genehmigung in diesem Sinne erteilt. In einem solchen Fall w\u00fcrden wir Sie \u00fcber die zur Entscheidungsfindung involvierte Logik sowie die Tragweite und die Auswirkungen f\u00fcr Sie einer solchen Datenverarbeitung in Kenntnis setzen.<\/p>\n\n\n\n<h2 class=\"wp-block-heading\">14. Links zu anderen Websites<\/h2>\n\n\n\n<p>Auf den Websites von Yeeply gibt es oder k\u00f6nnte es Links zu anderen Websites geben, die wir potenziell f\u00fcr n\u00fctzlich und interessant f\u00fcr Sie betrachten. Ber\u00fccksichtigen Sie jedoch bitte, dass wir weder die Inhalte, noch die Leistungen dieser Websites gew\u00e4hrleisten oder gar empfehlen, noch sind wir f\u00fcr die Datenschutzerkl\u00e4rung derselben verantwortlich. Wir raten Ihnen die Datenschutzerkl\u00e4rungen aller Websites, die Sie besuchen, zu ber\u00fccksichtigen und zu lesen. Bedenken Sie bitte, dass die in dieser Datenschutzpolitik aufgef\u00fchrten Darlegungen nur f\u00fcr die von Yeeply gesammelten und\/oder verarbeiteten Daten gelten.<\/p>\n\n\n\n<h2 class=\"wp-block-heading\">15. \u00c4nderungen und Integrit\u00e4t unserer Datenschutzerkl\u00e4rung<\/h2>\n\n\n\n<p>Wir verwenden ihre personenbezogenen Daten nur gem\u00e4\u03b2 den Bestimmungen der jeweils geltenden Datenschutzerkl\u00e4rung zu dem Zeitpunkt, an dem wir Ihre Personendaten erfassen. Yeeply beh\u00e4lt sich das Recht vor diese Datenschutzerkl\u00e4rung jederzeit zu \u00e4ndern, wobei diese \u00c4nderungen dann auf unserer Website ver\u00f6ffentlicht werden. Aus diesem Grund empfehlen wir Ihnen diese Datenschutzerkl\u00e4rung jedes Mal einzusehen, wenn Sie Zugriff auf die Website nehmen. Sollten wir uns zu irgendeinem Zeitpunkt dazu entschlie\u03b2en personenbezogene Daten anders zu nutzen, als bei ihrem Erhalt angegeben, werden wir Sie per E-Mail dar\u00fcber in Kenntnis setzen, vorausgesetzt wir verf\u00fcgen \u00fcber Ihre E-Mail-Adresse. In dieser E-Mail stellen wir Ihnen dann die Wahl, andere Zwecke oder Weitergaben der Personendaten zu genehmigen, die Sie uns vor \u00c4nderung der Datenschutzpolitik \u00fcberlassen haben.<\/p>\n\n\n\n<hr class=\"wp-block-separator has-css-opacity\"\/>\n\n\n\n<p>Last updated: M\u00e4rz 2025<\/p>\n<\/div><\/section>\n","protected":false},"excerpt":{"rendered":"","protected":false},"author":37,"featured_media":0,"parent":0,"menu_order":0,"comment_status":"closed","ping_status":"closed","template":"","meta":{"inline_featured_image":false,"_uag_custom_page_level_css":"","footnotes":""},"categories":[],"class_list":["post-6237","page","type-page","status-publish","hentry"],"yoast_head":"<!-- This site is optimized with the Yoast SEO plugin v27.3 - https:\/\/yoast.com\/product\/yoast-seo-wordpress\/ -->\n<title>Datenschutzbestimmungen - Yeeply<\/title>\n<meta name=\"description\" content=\"Datenschutzbestimmung der Yeeply Plattform.\" \/>\n<meta name=\"robots\" content=\"noindex, follow\" \/>\n<meta property=\"og:locale\" content=\"de_DE\" \/>\n<meta property=\"og:type\" content=\"article\" \/>\n<meta property=\"og:title\" content=\"Datenschutzbestimmungen - Yeeply\" \/>\n<meta property=\"og:description\" content=\"Datenschutzbestimmung der Yeeply Plattform.\" \/>\n<meta property=\"og:url\" content=\"https:\/\/yeeply.com\/de\/datenschutz-bestimmungen\/\" \/>\n<meta property=\"og:site_name\" content=\"Yeeply\" \/>\n<meta property=\"article:publisher\" content=\"https:\/\/www.facebook.com\/YeeplyMobile\/\" \/>\n<meta property=\"article:modified_time\" content=\"2025-04-09T10:06:56+00:00\" \/>\n<meta name=\"twitter:card\" content=\"summary_large_image\" \/>\n<meta name=\"twitter:site\" content=\"@Yeeply_EN\" \/>\n<meta name=\"twitter:label1\" content=\"Gesch\u00e4tzte Lesezeit\" \/>\n\t<meta name=\"twitter:data1\" content=\"12\u00a0Minuten\" \/>\n<script type=\"application\/ld+json\" class=\"yoast-schema-graph\">{\"@context\":\"https:\\\/\\\/schema.org\",\"@graph\":[{\"@type\":\"WebPage\",\"@id\":\"https:\\\/\\\/yeeply.com\\\/de\\\/datenschutz-bestimmungen\\\/\",\"url\":\"https:\\\/\\\/yeeply.com\\\/de\\\/datenschutz-bestimmungen\\\/\",\"name\":\"Datenschutzbestimmungen - Yeeply\",\"isPartOf\":{\"@id\":\"https:\\\/\\\/yeeply.com\\\/de\\\/#website\"},\"datePublished\":\"2019-05-27T14:43:57+00:00\",\"dateModified\":\"2025-04-09T10:06:56+00:00\",\"description\":\"Datenschutzbestimmung der Yeeply Plattform.\",\"breadcrumb\":{\"@id\":\"https:\\\/\\\/yeeply.com\\\/de\\\/datenschutz-bestimmungen\\\/#breadcrumb\"},\"inLanguage\":\"de\",\"potentialAction\":[{\"@type\":\"ReadAction\",\"target\":[\"https:\\\/\\\/yeeply.com\\\/de\\\/datenschutz-bestimmungen\\\/\"]}]},{\"@type\":\"BreadcrumbList\",\"@id\":\"https:\\\/\\\/yeeply.com\\\/de\\\/datenschutz-bestimmungen\\\/#breadcrumb\",\"itemListElement\":[{\"@type\":\"ListItem\",\"position\":1,\"name\":\"Home\",\"item\":\"https:\\\/\\\/yeeply.com\\\/de\\\/\"},{\"@type\":\"ListItem\",\"position\":2,\"name\":\"AGBs\"}]},{\"@type\":\"WebSite\",\"@id\":\"https:\\\/\\\/yeeply.com\\\/de\\\/#website\",\"url\":\"https:\\\/\\\/yeeply.com\\\/de\\\/\",\"name\":\"Yeeply\",\"description\":\"A platform for the development of digital projects\",\"publisher\":{\"@id\":\"https:\\\/\\\/yeeply.com\\\/de\\\/#organization\"},\"potentialAction\":[{\"@type\":\"SearchAction\",\"target\":{\"@type\":\"EntryPoint\",\"urlTemplate\":\"https:\\\/\\\/yeeply.com\\\/de\\\/?s={search_term_string}\"},\"query-input\":{\"@type\":\"PropertyValueSpecification\",\"valueRequired\":true,\"valueName\":\"search_term_string\"}}],\"inLanguage\":\"de\"},{\"@type\":\"Organization\",\"@id\":\"https:\\\/\\\/yeeply.com\\\/de\\\/#organization\",\"name\":\"Yeeply\",\"url\":\"https:\\\/\\\/yeeply.com\\\/de\\\/\",\"logo\":{\"@type\":\"ImageObject\",\"inLanguage\":\"de\",\"@id\":\"https:\\\/\\\/yeeply.com\\\/de\\\/#\\\/schema\\\/logo\\\/image\\\/\",\"url\":\"https:\\\/\\\/yeeply.com\\\/de\\\/wp-content\\\/uploads\\\/2019\\\/05\\\/logo_yeeply_black@2x.png\",\"contentUrl\":\"https:\\\/\\\/yeeply.com\\\/de\\\/wp-content\\\/uploads\\\/2019\\\/05\\\/logo_yeeply_black@2x.png\",\"width\":360,\"height\":120,\"caption\":\"Yeeply\"},\"image\":{\"@id\":\"https:\\\/\\\/yeeply.com\\\/de\\\/#\\\/schema\\\/logo\\\/image\\\/\"},\"sameAs\":[\"https:\\\/\\\/www.facebook.com\\\/YeeplyMobile\\\/\",\"https:\\\/\\\/x.com\\\/Yeeply_EN\",\"https:\\\/\\\/www.linkedin.com\\\/company\\\/yeeply\"]}]}<\/script>\n<!-- \/ Yoast SEO plugin. -->","yoast_head_json":{"title":"Datenschutzbestimmungen - Yeeply","description":"Datenschutzbestimmung der Yeeply Plattform.","robots":{"index":"noindex","follow":"follow"},"og_locale":"de_DE","og_type":"article","og_title":"Datenschutzbestimmungen - Yeeply","og_description":"Datenschutzbestimmung der Yeeply Plattform.","og_url":"https:\/\/yeeply.com\/de\/datenschutz-bestimmungen\/","og_site_name":"Yeeply","article_publisher":"https:\/\/www.facebook.com\/YeeplyMobile\/","article_modified_time":"2025-04-09T10:06:56+00:00","twitter_card":"summary_large_image","twitter_site":"@Yeeply_EN","twitter_misc":{"Gesch\u00e4tzte Lesezeit":"12\u00a0Minuten"},"schema":{"@context":"https:\/\/schema.org","@graph":[{"@type":"WebPage","@id":"https:\/\/yeeply.com\/de\/datenschutz-bestimmungen\/","url":"https:\/\/yeeply.com\/de\/datenschutz-bestimmungen\/","name":"Datenschutzbestimmungen - Yeeply","isPartOf":{"@id":"https:\/\/yeeply.com\/de\/#website"},"datePublished":"2019-05-27T14:43:57+00:00","dateModified":"2025-04-09T10:06:56+00:00","description":"Datenschutzbestimmung der Yeeply Plattform.","breadcrumb":{"@id":"https:\/\/yeeply.com\/de\/datenschutz-bestimmungen\/#breadcrumb"},"inLanguage":"de","potentialAction":[{"@type":"ReadAction","target":["https:\/\/yeeply.com\/de\/datenschutz-bestimmungen\/"]}]},{"@type":"BreadcrumbList","@id":"https:\/\/yeeply.com\/de\/datenschutz-bestimmungen\/#breadcrumb","itemListElement":[{"@type":"ListItem","position":1,"name":"Home","item":"https:\/\/yeeply.com\/de\/"},{"@type":"ListItem","position":2,"name":"AGBs"}]},{"@type":"WebSite","@id":"https:\/\/yeeply.com\/de\/#website","url":"https:\/\/yeeply.com\/de\/","name":"Yeeply","description":"A platform for the development of digital projects","publisher":{"@id":"https:\/\/yeeply.com\/de\/#organization"},"potentialAction":[{"@type":"SearchAction","target":{"@type":"EntryPoint","urlTemplate":"https:\/\/yeeply.com\/de\/?s={search_term_string}"},"query-input":{"@type":"PropertyValueSpecification","valueRequired":true,"valueName":"search_term_string"}}],"inLanguage":"de"},{"@type":"Organization","@id":"https:\/\/yeeply.com\/de\/#organization","name":"Yeeply","url":"https:\/\/yeeply.com\/de\/","logo":{"@type":"ImageObject","inLanguage":"de","@id":"https:\/\/yeeply.com\/de\/#\/schema\/logo\/image\/","url":"https:\/\/yeeply.com\/de\/wp-content\/uploads\/2019\/05\/logo_yeeply_black@2x.png","contentUrl":"https:\/\/yeeply.com\/de\/wp-content\/uploads\/2019\/05\/logo_yeeply_black@2x.png","width":360,"height":120,"caption":"Yeeply"},"image":{"@id":"https:\/\/yeeply.com\/de\/#\/schema\/logo\/image\/"},"sameAs":["https:\/\/www.facebook.com\/YeeplyMobile\/","https:\/\/x.com\/Yeeply_EN","https:\/\/www.linkedin.com\/company\/yeeply"]}]}},"uagb_featured_image_src":{"full":false,"thumbnail":false,"medium":false,"medium_large":false,"large":false,"1536x1536":false,"2048x2048":false,"gform-image-choice-sm":false,"gform-image-choice-md":false,"gform-image-choice-lg":false},"uagb_author_info":{"display_name":"Lucia Bravo","author_link":"https:\/\/yeeply.com\/de\/author\/lucia\/"},"uagb_comment_info":0,"uagb_excerpt":null,"_links":{"self":[{"href":"https:\/\/yeeply.com\/de\/wp-json\/wp\/v2\/pages\/6237","targetHints":{"allow":["GET"]}}],"collection":[{"href":"https:\/\/yeeply.com\/de\/wp-json\/wp\/v2\/pages"}],"about":[{"href":"https:\/\/yeeply.com\/de\/wp-json\/wp\/v2\/types\/page"}],"author":[{"embeddable":true,"href":"https:\/\/yeeply.com\/de\/wp-json\/wp\/v2\/users\/37"}],"replies":[{"embeddable":true,"href":"https:\/\/yeeply.com\/de\/wp-json\/wp\/v2\/comments?post=6237"}],"version-history":[{"count":0,"href":"https:\/\/yeeply.com\/de\/wp-json\/wp\/v2\/pages\/6237\/revisions"}],"wp:attachment":[{"href":"https:\/\/yeeply.com\/de\/wp-json\/wp\/v2\/media?parent=6237"}],"wp:term":[{"taxonomy":"category","embeddable":true,"href":"https:\/\/yeeply.com\/de\/wp-json\/wp\/v2\/categories?post=6237"}],"curies":[{"name":"wp","href":"https:\/\/api.w.org\/{rel}","templated":true}]}}