{"id":5437,"date":"2024-07-12T12:35:24","date_gmt":"2024-07-12T10:35:24","guid":{"rendered":"https:\/\/en.yeeply.com\/?page_id=5437"},"modified":"2024-07-12T12:35:28","modified_gmt":"2024-07-12T10:35:28","slug":"preise","status":"publish","type":"page","link":"https:\/\/yeeply.com\/de\/preise\/","title":{"rendered":"PREISE"},"content":{"rendered":"\n<div class=\"wp-block-cover alignfull is-light page-hero hero-prices\"><span aria-hidden=\"true\" class=\"wp-block-cover__background has-background-dim-0 has-background-dim\" style=\"background-color:#f3f5f9\"><\/span><img fetchpriority=\"high\" decoding=\"async\" width=\"1437\" height=\"600\" class=\"wp-block-cover__image-background wp-image-5905\" alt=\"Preise f\u00fcr Apps, Web und Design\" src=\"https:\/\/yeeply.com\/de\/wp-content\/uploads\/2019\/05\/img_bg_pricing.jpg\" style=\"object-position:50% 50%\" data-object-fit=\"cover\" data-object-position=\"50% 50%\" srcset=\"https:\/\/yeeply.com\/de\/wp-content\/uploads\/2019\/05\/img_bg_pricing.jpg 1437w, https:\/\/yeeply.com\/de\/wp-content\/uploads\/2019\/05\/img_bg_pricing-300x125-1.jpg 300w, https:\/\/yeeply.com\/de\/wp-content\/uploads\/2019\/05\/img_bg_pricing-768x321-1.jpg 768w, https:\/\/yeeply.com\/de\/wp-content\/uploads\/2019\/05\/img_bg_pricing-1024x428-1.jpg 1024w\" sizes=\"(max-width: 1437px) 100vw, 1437px\" \/><div class=\"wp-block-cover__inner-container is-layout-flow wp-block-cover-is-layout-flow\">\n<h1 class=\"wp-block-heading has-text-align-left\">PREISE<\/h1>\n\n\n\n<p>Sie finden bei Yeeply die L\u00f6sung f\u00fcr jede Idee und jedes Projekt, das Sie entwickeln m\u00f6chten, aber wie hoch sind die Kosten? Schauen Sie sich einige unserer Projekte an oder kalkulieren Sie den Preis selbst.<br><\/p>\n<\/div><\/div>\n\n\n\n<section class=\"wp-block-uagb-section uagb-section__wrap uagb-section__background-undefined uagb-block-11c78ae6 section-full\"><div class=\"uagb-section__overlay\"><\/div><div class=\"uagb-section__inner-wrap\">\n<h2 class=\"wp-block-heading has-text-align-center\">Eine&nbsp;<strong>Vielzahl an realisierten Projekten<\/strong><\/h2>\n\n\n\n<p>Zur Unterst\u00fctzung bei der Kalkulation der Kosten stellen wir Ihnen eine Auswahl an relevanten Projekten zur Verf\u00fcgung. Die Namen der Kunden k\u00f6nnen wir aus Gr\u00fcnden der Geheimhaltung nicht nennen. Sie erhalten Informationen \u00fcber relevante Plattformen, den Projekttyp, die Beschreibung, die Preise sowie \u00fcber die Lieferzeiten. So bekommen Sie eine erste Vorstellung von den Kosten.<\/p>\n\n\n<div class=\"wpv-view-output\" data-toolset-views-view-editor=\"e5480c51306f51be37c837401ed4be6b\">\n<div class=\"wp-block-toolset-views-view-editor wpv-gutenberg-view-wrapper-6202\">\n\n    <!-- Add Arrows -->\n<div class=\"prices-arrows\">\n    <div class=\"swiper-button-next\"><\/div>\n    <div class=\"swiper-button-prev\"><\/div>\n<\/div>\n\n<div class=\"projects-container\">\n  <div id=\"wpv-view-layout-6202\" class=\"js-wpv-view-layout js-wpv-layout-responsive js-wpv-view-layout-6202\" data-viewnumber=\"6202\" data-pagination=\"{&quot;id&quot;:&quot;6202&quot;,&quot;query&quot;:&quot;normal&quot;,&quot;type&quot;:&quot;disabled&quot;,&quot;effect&quot;:&quot;slideh&quot;,&quot;duration&quot;:500,&quot;speed&quot;:5,&quot;pause_on_hover&quot;:&quot;disabled&quot;,&quot;stop_rollover&quot;:&quot;false&quot;,&quot;cache_pages&quot;:&quot;enabled&quot;,&quot;preload_images&quot;:&quot;enabled&quot;,&quot;preload_pages&quot;:&quot;enabled&quot;,&quot;preload_reach&quot;:1,&quot;spinner&quot;:&quot;builtin&quot;,&quot;spinner_image&quot;:&quot;https:\/\/www.yeeply.com\/en\/wp-content\/plugins\/wp-views\/embedded\/res\/img\/ajax-loader.gif&quot;,&quot;callback_next&quot;:&quot;&quot;,&quot;manage_history&quot;:&quot;enabled&quot;,&quot;has_controls_in_form&quot;:&quot;disabled&quot;,&quot;infinite_tolerance&quot;:0,&quot;max_pages&quot;:0,&quot;page&quot;:1,&quot;base_permalink&quot;:&quot;\/de\/wp-json\/wp\/v2\/pages\/5437?wpv_view_count=6202&amp;wpv_paged=WPV_PAGE_NUM&quot;,&quot;loop&quot;:{&quot;type&quot;:&quot;&quot;,&quot;name&quot;:&quot;&quot;,&quot;data&quot;:[],&quot;id&quot;:0}}\" data-permalink=\"\/de\/wp-json\/wp\/v2\/pages\/5437?wpv_view_count=6202\">\n\n\t\n\t\n  <div class=\"swiper-container\">\n<div class=\"swiper-wrapper\">\n\t\n\t\t<div class=\"single-project swiper-slide\">\n  <p class=\"project-category\">App f\u00fcr Android + iOS<\/p>\n  <p class=\"project-title\">App f\u00fcr die interne Verwaltung<\/p>\n  <p class=\"project-price\">\u20ac8.000<\/p>\n  <p class=\"project-time\">8 Wochen<\/p>\n  <div class=\"project-description\">\n    <p>App zur \u00dcberwachung und zum Organisieren von Terminen f\u00fcr gro\u00dfe Einrichtungen.<\/p>\n\n  <\/div>\n<\/div>\n\t\n\t\t<div class=\"single-project swiper-slide\">\n  <p class=\"project-category\">Webseite<\/p>\n  <p class=\"project-title\">Ma\u00dfgeschneiderte Webseite<\/p>\n  <p class=\"project-price\">\u20ac8.500<\/p>\n  <p class=\"project-time\">16 Wochen<\/p>\n  <div class=\"project-description\">\n    <p>Unternehmen profitieren von der App, da leere Ladefl\u00e4chen zu 100% ausgelastet werden.<\/p>\n\n  <\/div>\n<\/div>\n\t\n\t\t<div class=\"single-project swiper-slide\">\n  <p class=\"project-category\">Multiplattform App<\/p>\n  <p class=\"project-title\">App f\u00fcr ein soziales Netzwerk<\/p>\n  <p class=\"project-price\">\u20ac9.000<\/p>\n  <p class=\"project-time\">16 Wochen<\/p>\n  <div class=\"project-description\">\n    <p>App, mit der bekannte \u00f6ffentliche Personen ihre Position an ihre Fans senden und schnell Events erstellen k\u00f6nnen.<\/p>\n\n  <\/div>\n<\/div>\n\t\n\t\t<div class=\"single-project swiper-slide\">\n  <p class=\"project-category\">Webseite<\/p>\n  <p class=\"project-title\">Ma\u00dfgeschneiderte Webseite<\/p>\n  <p class=\"project-price\">\u20ac12.000<\/p>\n  <p class=\"project-time\">12 Wochen<\/p>\n  <div class=\"project-description\">\n    <p>Webportal mit einem Verzeichnis von Fachleuten, um Kostensch\u00e4tzungen von Reparaturen im eigenen Heim anzufordern.<\/p>\n\n  <\/div>\n<\/div>\n\t\n\t\t<div class=\"single-project swiper-slide\">\n  <p class=\"project-category\">iOS App<\/p>\n  <p class=\"project-title\">Marktplatz-App<\/p>\n  <p class=\"project-price\">\u20ac12.000<\/p>\n  <p class=\"project-time\">10 Wochen<\/p>\n  <div class=\"project-description\">\n    <p>App in Form eines Forums f\u00fcr &#8222;Premium&#8220; Sportwetten, mit Push-Benachrichtigungen.<\/p>\n\n  <\/div>\n<\/div>\n\t\n\t\t<div class=\"single-project swiper-slide\">\n  <p class=\"project-category\">Multiplattform App<\/p>\n  <p class=\"project-title\">Reisef\u00fchrer<\/p>\n  <p class=\"project-price\">\u20ac16.000<\/p>\n  <p class=\"project-time\">12 Wochen<\/p>\n  <div class=\"project-description\">\n    <p>App f\u00fcr den Tourismus mit Routen, Informationen \u00fcber Sehensw\u00fcrdigkeiten, Favoriten und Push-Benachrichtigungen.<\/p>\n<p>&nbsp;<\/p>\n<p>&nbsp;<\/p>\n\n  <\/div>\n<\/div>\n\t\n\t\t<div class=\"single-project swiper-slide\">\n  <p class=\"project-category\">Multiplattform App<\/p>\n  <p class=\"project-title\">Marktplatz-App<\/p>\n  <p class=\"project-price\">\u20ac17.000<\/p>\n  <p class=\"project-time\">10 Wochen<\/p>\n  <div class=\"project-description\">\n    <p>App als Vermittlungsplattform zwischen Investoren und Unternehmen.<\/p>\n\n  <\/div>\n<\/div>\n\t\n\t\t<div class=\"single-project swiper-slide\">\n  <p class=\"project-category\">App f\u00fcr Android + iOS<\/p>\n  <p class=\"project-title\">Online-Shop-App<\/p>\n  <p class=\"project-price\">\u20ac17.000<\/p>\n  <p class=\"project-time\">12 Wochen<\/p>\n  <div class=\"project-description\">\n    <p>App mit dem Katalog einer Vertriebsgesellschaft, damit Profis ihre Bestellungen und Eink\u00e4ufe t\u00e4tigen k\u00f6nnen.<\/p>\n\n  <\/div>\n<\/div>\n\t\n\t\t<div class=\"single-project swiper-slide\">\n  <p class=\"project-category\">App f\u00fcr Android + iOS<\/p>\n  <p class=\"project-title\">App f\u00fcr Bestellungen<\/p>\n  <p class=\"project-price\">\u20ac20.000<\/p>\n  <p class=\"project-time\">16 Wochen<\/p>\n  <div class=\"project-description\">\n    <p>App f\u00fcr Bestellungen von Lebensmitteln nach Hause mit Geolokalisierung und In-App-Zahlungen.<\/p>\n\n  <\/div>\n<\/div>\n\t\n\t\t<div class=\"single-project swiper-slide\">\n  <p class=\"project-category\">App Android<\/p>\n  <p class=\"project-title\">App f\u00fcr Gutscheine<\/p>\n  <p class=\"project-price\">\u20ac27.000<\/p>\n  <p class=\"project-time\">20 Wochen<\/p>\n  <div class=\"project-description\">\n    <p>App zum Scannen von Promotion-Codes und f\u00fcr die Verteilung von Pr\u00e4mien in Form von Spielen.<\/p>\n\n  <\/div>\n<\/div>\n\t\n\t\t<div class=\"single-project swiper-slide\">\n  <p class=\"project-category\">App f\u00fcr Android + iOS<\/p>\n  <p class=\"project-title\">Marktplatz-App<\/p>\n  <p class=\"project-price\">\u20ac28.000<\/p>\n  <p class=\"project-time\">36 Wochen<\/p>\n  <div class=\"project-description\">\n    <p>App f\u00fcr selbstst\u00e4ndige Kosmetiker und deren Kunden. Mit der App k\u00f6nnen Sie einen Profi anheuern, der zu Ihnen nach Hause kommt.<\/p>\n\n  <\/div>\n<\/div>\n\t\n<\/div><\/div>\n\t\n\t\n\t\n<\/div>\n<\/div><\/div>\n<\/div>\n\n\n<p><\/p>\n<\/div><\/section>\n\n\n\n<section class=\"wp-block-uagb-section uagb-section__wrap uagb-section__background-undefined uagb-block-a1f394bc section-full grey-section\"><div class=\"uagb-section__overlay\"><\/div><div class=\"uagb-section__inner-wrap\">\n<h2 class=\"wp-block-heading has-text-align-center\" id=\"calculator\">Kalkulieren Sie einen&nbsp;<strong>unverbindlichen Preis<\/strong><\/h2>\n\n\n\n<p class=\"has-text-align-center\">Berechnen Sie einfach und schnell die Kosten f\u00fcr die Erstellung Ihrer App oder Ihre Website und erhalten Sie ein <strong>ungef\u00e4hres Budget<\/strong>.<\/p>\n\n\n\n<div class=\"wp-block-buttons calcular_btn is-content-justification-center is-nowrap is-layout-flex wp-container-core-buttons-is-layout-1fb9aab6 wp-block-buttons-is-layout-flex\">\n<div class=\"wp-block-button\"><a class=\"wp-block-button__link wp-element-button\" href=\"https:\/\/www.waskosteteinewebsite.eu\/\" target=\"_blank\" rel=\"noreferrer noopener\">Angebot Webentwicklung<\/a><\/div>\n\n\n\n<div class=\"wp-block-button\"><a class=\"wp-block-button__link wp-element-button\" href=\"https:\/\/www.waskosteteineapp.com\/\" target=\"_blank\" rel=\"noreferrer noopener\">Angebot App-Entwicklung<\/a><\/div>\n<\/div>\n<\/div><\/section>\n\n\n\n<div class=\"wp-block-cover aligncenter is-light has-parallax home-click-to-action\"><span aria-hidden=\"true\" class=\"wp-block-cover__background has-background-dim-0 has-background-dim\"><\/span><div class=\"wp-block-cover__image-background wp-image-5457 has-parallax\" style=\"background-position:50% 50%;background-image:url(https:\/\/yeeply.com\/de\/wp-content\/uploads\/2019\/05\/img_support.jpg)\"><\/div><div class=\"wp-block-cover__inner-container is-layout-flow wp-block-cover-is-layout-flow\">\n<h2 class=\"wp-block-heading has-text-align-center has-white-color has-text-color\">Sind Sie bereit f\u00fcr Ihr erstes Projekt?<\/h2>\n\n\n\n<div class=\"wp-block-button aligncenter btn-blue ypOpenPublishProjectModal ga-cta-bottom\"><a class=\"wp-block-button__link wp-element-button\" href=\"\">ICH M\u00d6CHTE EINE PREISSCH\u00c4TZUNG ERHALTEN<\/a><\/div>\n<\/div><\/div>\n","protected":false},"excerpt":{"rendered":"","protected":false},"author":37,"featured_media":0,"parent":0,"menu_order":0,"comment_status":"closed","ping_status":"closed","template":"","meta":{"inline_featured_image":false,"_uag_custom_page_level_css":"","footnotes":""},"categories":[],"class_list":["post-5437","page","type-page","status-publish","hentry"],"yoast_head":"<!-- This site is optimized with the Yoast SEO plugin v27.4 - https:\/\/yoast.com\/product\/yoast-seo-wordpress\/ -->\n<title>Preise - Yeeply<\/title>\n<meta name=\"description\" content=\"Ermittle den ungef\u00e4hren Preis deines digitalen Projektes f\u00fcr App- und Web-Entwicklung, Marketing und Design mit unserem 100% kostenlosen Online-Tool.\" \/>\n<meta name=\"robots\" content=\"index, follow, max-snippet:-1, max-image-preview:large, max-video-preview:-1\" \/>\n<link rel=\"canonical\" href=\"https:\/\/yeeply.com\/de\/preise\/\" \/>\n<meta property=\"og:locale\" content=\"de_DE\" \/>\n<meta property=\"og:type\" content=\"article\" \/>\n<meta property=\"og:title\" content=\"Preise - Yeeply\" \/>\n<meta property=\"og:description\" content=\"Ermittle den ungef\u00e4hren Preis deines digitalen Projektes f\u00fcr App- und Web-Entwicklung, Marketing und Design mit unserem 100% kostenlosen Online-Tool.\" \/>\n<meta property=\"og:url\" content=\"https:\/\/yeeply.com\/de\/preise\/\" \/>\n<meta property=\"og:site_name\" content=\"Yeeply\" \/>\n<meta property=\"article:publisher\" content=\"https:\/\/www.facebook.com\/YeeplyMobile\/\" \/>\n<meta property=\"article:modified_time\" content=\"2024-07-12T10:35:28+00:00\" \/>\n<meta property=\"og:image\" content=\"https:\/\/yeeply.com\/de\/wp-content\/uploads\/2019\/05\/img_bg_pricing.jpg\" \/>\n<meta name=\"twitter:card\" content=\"summary_large_image\" \/>\n<meta name=\"twitter:site\" content=\"@Yeeply_EN\" \/>\n<meta name=\"twitter:label1\" content=\"Gesch\u00e4tzte Lesezeit\" \/>\n\t<meta name=\"twitter:data1\" content=\"1\u00a0Minute\" \/>\n<script type=\"application\/ld+json\" class=\"yoast-schema-graph\">{\"@context\":\"https:\\\/\\\/schema.org\",\"@graph\":[{\"@type\":\"WebPage\",\"@id\":\"https:\\\/\\\/yeeply.com\\\/de\\\/preise\\\/\",\"url\":\"https:\\\/\\\/yeeply.com\\\/de\\\/preise\\\/\",\"name\":\"Preise - Yeeply\",\"isPartOf\":{\"@id\":\"https:\\\/\\\/yeeply.com\\\/de\\\/#website\"},\"primaryImageOfPage\":{\"@id\":\"https:\\\/\\\/yeeply.com\\\/de\\\/preise\\\/#primaryimage\"},\"image\":{\"@id\":\"https:\\\/\\\/yeeply.com\\\/de\\\/preise\\\/#primaryimage\"},\"thumbnailUrl\":\"https:\\\/\\\/yeeply.com\\\/de\\\/wp-content\\\/uploads\\\/2019\\\/05\\\/img_bg_pricing.jpg\",\"datePublished\":\"2024-07-12T10:35:24+00:00\",\"dateModified\":\"2024-07-12T10:35:28+00:00\",\"description\":\"Ermittle den ungef\u00e4hren Preis deines digitalen Projektes f\u00fcr App- und Web-Entwicklung, Marketing und Design mit unserem 100% kostenlosen Online-Tool.\",\"breadcrumb\":{\"@id\":\"https:\\\/\\\/yeeply.com\\\/de\\\/preise\\\/#breadcrumb\"},\"inLanguage\":\"de\",\"potentialAction\":[{\"@type\":\"ReadAction\",\"target\":[\"https:\\\/\\\/yeeply.com\\\/de\\\/preise\\\/\"]}]},{\"@type\":\"ImageObject\",\"inLanguage\":\"de\",\"@id\":\"https:\\\/\\\/yeeply.com\\\/de\\\/preise\\\/#primaryimage\",\"url\":\"https:\\\/\\\/yeeply.com\\\/de\\\/wp-content\\\/uploads\\\/2019\\\/05\\\/img_bg_pricing.jpg\",\"contentUrl\":\"https:\\\/\\\/yeeply.com\\\/de\\\/wp-content\\\/uploads\\\/2019\\\/05\\\/img_bg_pricing.jpg\",\"width\":1437,\"height\":600},{\"@type\":\"BreadcrumbList\",\"@id\":\"https:\\\/\\\/yeeply.com\\\/de\\\/preise\\\/#breadcrumb\",\"itemListElement\":[{\"@type\":\"ListItem\",\"position\":1,\"name\":\"Home\",\"item\":\"https:\\\/\\\/yeeply.com\\\/de\\\/\"},{\"@type\":\"ListItem\",\"position\":2,\"name\":\"PREISE\"}]},{\"@type\":\"WebSite\",\"@id\":\"https:\\\/\\\/yeeply.com\\\/de\\\/#website\",\"url\":\"https:\\\/\\\/yeeply.com\\\/de\\\/\",\"name\":\"Yeeply\",\"description\":\"A platform for the development of digital projects\",\"publisher\":{\"@id\":\"https:\\\/\\\/yeeply.com\\\/de\\\/#organization\"},\"potentialAction\":[{\"@type\":\"SearchAction\",\"target\":{\"@type\":\"EntryPoint\",\"urlTemplate\":\"https:\\\/\\\/yeeply.com\\\/de\\\/?s={search_term_string}\"},\"query-input\":{\"@type\":\"PropertyValueSpecification\",\"valueRequired\":true,\"valueName\":\"search_term_string\"}}],\"inLanguage\":\"de\"},{\"@type\":\"Organization\",\"@id\":\"https:\\\/\\\/yeeply.com\\\/de\\\/#organization\",\"name\":\"Yeeply\",\"url\":\"https:\\\/\\\/yeeply.com\\\/de\\\/\",\"logo\":{\"@type\":\"ImageObject\",\"inLanguage\":\"de\",\"@id\":\"https:\\\/\\\/yeeply.com\\\/de\\\/#\\\/schema\\\/logo\\\/image\\\/\",\"url\":\"https:\\\/\\\/yeeply.com\\\/de\\\/wp-content\\\/uploads\\\/2019\\\/05\\\/logo_yeeply_black@2x.png\",\"contentUrl\":\"https:\\\/\\\/yeeply.com\\\/de\\\/wp-content\\\/uploads\\\/2019\\\/05\\\/logo_yeeply_black@2x.png\",\"width\":360,\"height\":120,\"caption\":\"Yeeply\"},\"image\":{\"@id\":\"https:\\\/\\\/yeeply.com\\\/de\\\/#\\\/schema\\\/logo\\\/image\\\/\"},\"sameAs\":[\"https:\\\/\\\/www.facebook.com\\\/YeeplyMobile\\\/\",\"https:\\\/\\\/x.com\\\/Yeeply_EN\",\"https:\\\/\\\/www.linkedin.com\\\/company\\\/yeeply\"]}]}<\/script>\n<!-- \/ Yoast SEO plugin. -->","yoast_head_json":{"title":"Preise - Yeeply","description":"Ermittle den ungef\u00e4hren Preis deines digitalen Projektes f\u00fcr App- und Web-Entwicklung, Marketing und Design mit unserem 100% kostenlosen Online-Tool.","robots":{"index":"index","follow":"follow","max-snippet":"max-snippet:-1","max-image-preview":"max-image-preview:large","max-video-preview":"max-video-preview:-1"},"canonical":"https:\/\/yeeply.com\/de\/preise\/","og_locale":"de_DE","og_type":"article","og_title":"Preise - Yeeply","og_description":"Ermittle den ungef\u00e4hren Preis deines digitalen Projektes f\u00fcr App- und Web-Entwicklung, Marketing und Design mit unserem 100% kostenlosen Online-Tool.","og_url":"https:\/\/yeeply.com\/de\/preise\/","og_site_name":"Yeeply","article_publisher":"https:\/\/www.facebook.com\/YeeplyMobile\/","article_modified_time":"2024-07-12T10:35:28+00:00","og_image":[{"url":"https:\/\/yeeply.com\/de\/wp-content\/uploads\/2019\/05\/img_bg_pricing.jpg","type":"","width":"","height":""}],"twitter_card":"summary_large_image","twitter_site":"@Yeeply_EN","twitter_misc":{"Gesch\u00e4tzte Lesezeit":"1\u00a0Minute"},"schema":{"@context":"https:\/\/schema.org","@graph":[{"@type":"WebPage","@id":"https:\/\/yeeply.com\/de\/preise\/","url":"https:\/\/yeeply.com\/de\/preise\/","name":"Preise - Yeeply","isPartOf":{"@id":"https:\/\/yeeply.com\/de\/#website"},"primaryImageOfPage":{"@id":"https:\/\/yeeply.com\/de\/preise\/#primaryimage"},"image":{"@id":"https:\/\/yeeply.com\/de\/preise\/#primaryimage"},"thumbnailUrl":"https:\/\/yeeply.com\/de\/wp-content\/uploads\/2019\/05\/img_bg_pricing.jpg","datePublished":"2024-07-12T10:35:24+00:00","dateModified":"2024-07-12T10:35:28+00:00","description":"Ermittle den ungef\u00e4hren Preis deines digitalen Projektes f\u00fcr App- und Web-Entwicklung, Marketing und Design mit unserem 100% kostenlosen Online-Tool.","breadcrumb":{"@id":"https:\/\/yeeply.com\/de\/preise\/#breadcrumb"},"inLanguage":"de","potentialAction":[{"@type":"ReadAction","target":["https:\/\/yeeply.com\/de\/preise\/"]}]},{"@type":"ImageObject","inLanguage":"de","@id":"https:\/\/yeeply.com\/de\/preise\/#primaryimage","url":"https:\/\/yeeply.com\/de\/wp-content\/uploads\/2019\/05\/img_bg_pricing.jpg","contentUrl":"https:\/\/yeeply.com\/de\/wp-content\/uploads\/2019\/05\/img_bg_pricing.jpg","width":1437,"height":600},{"@type":"BreadcrumbList","@id":"https:\/\/yeeply.com\/de\/preise\/#breadcrumb","itemListElement":[{"@type":"ListItem","position":1,"name":"Home","item":"https:\/\/yeeply.com\/de\/"},{"@type":"ListItem","position":2,"name":"PREISE"}]},{"@type":"WebSite","@id":"https:\/\/yeeply.com\/de\/#website","url":"https:\/\/yeeply.com\/de\/","name":"Yeeply","description":"A platform for the development of digital projects","publisher":{"@id":"https:\/\/yeeply.com\/de\/#organization"},"potentialAction":[{"@type":"SearchAction","target":{"@type":"EntryPoint","urlTemplate":"https:\/\/yeeply.com\/de\/?s={search_term_string}"},"query-input":{"@type":"PropertyValueSpecification","valueRequired":true,"valueName":"search_term_string"}}],"inLanguage":"de"},{"@type":"Organization","@id":"https:\/\/yeeply.com\/de\/#organization","name":"Yeeply","url":"https:\/\/yeeply.com\/de\/","logo":{"@type":"ImageObject","inLanguage":"de","@id":"https:\/\/yeeply.com\/de\/#\/schema\/logo\/image\/","url":"https:\/\/yeeply.com\/de\/wp-content\/uploads\/2019\/05\/logo_yeeply_black@2x.png","contentUrl":"https:\/\/yeeply.com\/de\/wp-content\/uploads\/2019\/05\/logo_yeeply_black@2x.png","width":360,"height":120,"caption":"Yeeply"},"image":{"@id":"https:\/\/yeeply.com\/de\/#\/schema\/logo\/image\/"},"sameAs":["https:\/\/www.facebook.com\/YeeplyMobile\/","https:\/\/x.com\/Yeeply_EN","https:\/\/www.linkedin.com\/company\/yeeply"]}]}},"uagb_featured_image_src":{"full":false,"thumbnail":false,"medium":false,"medium_large":false,"large":false,"1536x1536":false,"2048x2048":false,"gform-image-choice-sm":false,"gform-image-choice-md":false,"gform-image-choice-lg":false},"uagb_author_info":{"display_name":"Lucia Bravo","author_link":"https:\/\/yeeply.com\/de\/author\/lucia\/"},"uagb_comment_info":0,"uagb_excerpt":null,"_links":{"self":[{"href":"https:\/\/yeeply.com\/de\/wp-json\/wp\/v2\/pages\/5437","targetHints":{"allow":["GET"]}}],"collection":[{"href":"https:\/\/yeeply.com\/de\/wp-json\/wp\/v2\/pages"}],"about":[{"href":"https:\/\/yeeply.com\/de\/wp-json\/wp\/v2\/types\/page"}],"author":[{"embeddable":true,"href":"https:\/\/yeeply.com\/de\/wp-json\/wp\/v2\/users\/37"}],"replies":[{"embeddable":true,"href":"https:\/\/yeeply.com\/de\/wp-json\/wp\/v2\/comments?post=5437"}],"version-history":[{"count":0,"href":"https:\/\/yeeply.com\/de\/wp-json\/wp\/v2\/pages\/5437\/revisions"}],"wp:attachment":[{"href":"https:\/\/yeeply.com\/de\/wp-json\/wp\/v2\/media?parent=5437"}],"wp:term":[{"taxonomy":"category","embeddable":true,"href":"https:\/\/yeeply.com\/de\/wp-json\/wp\/v2\/categories?post=5437"}],"curies":[{"name":"wp","href":"https:\/\/api.w.org\/{rel}","templated":true}]}}