{"id":12612,"date":"2020-11-19T12:13:27","date_gmt":"2020-11-19T12:13:27","guid":{"rendered":"https:\/\/yeeply.com\/de\/?page_id=12612"},"modified":"2020-11-19T12:13:30","modified_gmt":"2020-11-19T12:13:30","slug":"typ-ebook-bedeutung-app-prototyp","status":"publish","type":"page","link":"https:\/\/yeeply.com\/de\/landing\/typ-ebook-bedeutung-app-prototyp\/","title":{"rendered":"TYP \u2013 Ebook 7 Prototype"},"content":{"rendered":"\n<section class=\"wp-block-uagb-section uagb-section__wrap uagb-section__background-undefined uagb-block-9ea11d5b lp-template\"><div class=\"uagb-section__overlay\"><\/div><div class=\"uagb-section__inner-wrap\">\n<section class=\"wp-block-uagb-columns uagb-columns__wrap uagb-columns__background-undefined uagb-columns__stack-mobile uagb-columns__valign-undefined uagb-columns__gap-10 alignundefined uagb-block-1aae511d\"><div class=\"uagb-columns__overlay\"><\/div><div class=\"uagb-columns__inner-wrap uagb-columns__columns-2\">\n<div class=\"wp-block-uagb-column uagb-column__wrap uagb-column__background-undefined uagb-block-089b0ed8\"><div class=\"uagb-column__overlay\"><\/div><div class=\"uagb-column__inner-wrap\">\n<div class=\"wp-block-image\"><figure class=\"aligncenter size-large\"><a href=\"https:\/\/mautic.yeeply.com\/asset\/54:de-ebook-7-prototypepdf?stream=1\" target=\"_blank\"><img fetchpriority=\"high\" decoding=\"async\" width=\"806\" height=\"1024\" src=\"https:\/\/yeeply.com\/de\/wp-content\/uploads\/2020\/11\/DE-TYP-Ebook-7-Miniatura-806x1024.png\" alt=\"DE - TYP - Ebook 7 - Miniatura\" class=\"wp-image-12606\" srcset=\"https:\/\/yeeply.com\/de\/wp-content\/uploads\/2020\/11\/DE-TYP-Ebook-7-Miniatura-806x1024.png 806w, https:\/\/yeeply.com\/de\/wp-content\/uploads\/2020\/11\/DE-TYP-Ebook-7-Miniatura-236x300.png 236w, https:\/\/yeeply.com\/de\/wp-content\/uploads\/2020\/11\/DE-TYP-Ebook-7-Miniatura-768x976.png 768w, https:\/\/yeeply.com\/de\/wp-content\/uploads\/2020\/11\/DE-TYP-Ebook-7-Miniatura.png 1180w\" sizes=\"(max-width: 806px) 100vw, 806px\" \/><\/a><\/figure><\/div>\n<\/div><\/div>\n\n\n\n<div class=\"wp-block-uagb-column uagb-column__wrap uagb-column__background-undefined uagb-block-99682fa3\"><div class=\"uagb-column__overlay\"><\/div><div class=\"uagb-column__inner-wrap\">\n<h2 class=\"wp-block-heading\">Hier ist Ihr eBook! K\u00f6nnen wir Ihnen bei etwas anderem helfen?<\/h2>\n\n\n\n<p>Herzlichen Gl\u00fcckwunsch, Sie sind Ihrem Prototyp einen Schritt n\u00e4her! Wir hoffen, dieses eBook wird Ihnen behilflich sein.  <\/p>\n\n\n\n<p><strong>\u00bfBrauchen Sie einen Designer, um Ihren Prototyp zum Leben zu erwecken?<\/strong> Ver\u00f6ffentlichen Sie Ihr Projekt auf unserer Plattform, und wir werden Sie mit dem geeignetsten Experten in Kontakt bringen. <\/p>\n\n\n\n<section class=\"wp-block-uagb-columns uagb-columns__wrap uagb-columns__background-undefined uagb-columns__stack-mobile uagb-columns__valign-undefined uagb-columns__gap-10 alignundefined uagb-block-b5af26db\"><div class=\"uagb-columns__overlay\"><\/div><div class=\"uagb-columns__inner-wrap uagb-columns__columns-2\">\n<div class=\"wp-block-uagb-column uagb-column__wrap uagb-column__background-undefined uagb-block-60cf9eec\"><div class=\"uagb-column__overlay\"><\/div><div class=\"uagb-column__inner-wrap\">\n<div class=\"wp-block-button btn-typ-white-outline\"><a class=\"wp-block-button__link\" href=\"https:\/\/mautic.yeeply.com\/asset\/54:de-ebook-7-prototypepdf?stream=1\" target=\"_blank\">HERUNTERLADEN<\/a><\/div>\n<\/div><\/div>\n\n\n\n<div class=\"wp-block-uagb-column uagb-column__wrap uagb-column__background-undefined uagb-block-04230fbb\"><div class=\"uagb-column__overlay\"><\/div><div class=\"uagb-column__inner-wrap\">\n<div class=\"wp-block-button btn-typ-blue\"><a class=\"wp-block-button__link\" href=\"https:\/\/yeeply.com\/de\/app-entwicklung\/#publish-project\" target=\"_blank\">PROJEKT VER\u00d6FFENTLICHEN<\/a><\/div>\n<\/div><\/div>\n<\/div><\/section>\n\n\n\n<p>\u00dcberpr\u00fcfen Sie Ihr E-Mails! Wir haben Ihnen eine E-Mail mit dem eBook geschickt, damit Sie jederzeit darauf zugreifen k\u00f6nnen. \u00dcberpr\u00fcfen Sie Ihr Postfach und stellen Sie sicher, dass sie nicht im SPAM-Ordner gelandet ist.<\/p>\n<\/div><\/div>\n<\/div><\/section>\n<\/div><\/section>\n\n\n\n<p><\/p>\n","protected":false},"excerpt":{"rendered":"","protected":false},"author":37,"featured_media":12609,"parent":11239,"menu_order":0,"comment_status":"closed","ping_status":"closed","template":"","meta":{"inline_featured_image":false,"_uag_custom_page_level_css":"","footnotes":""},"categories":[],"class_list":["post-12612","page","type-page","status-publish","has-post-thumbnail","hentry"],"yoast_head":"<!-- This site is optimized with the Yoast SEO plugin v27.4 - https:\/\/yoast.com\/product\/yoast-seo-wordpress\/ -->\n<title>Vielen Dank f\u00fcr den Download unseres eBooks \u00fcber App Prototyping!<\/title>\n<meta name=\"description\" content=\"Sie sind kurz davor, die Bedeutung der Erstellung eines Prototyps f\u00fcr Ihre n\u00e4chste App-Idee zu entdecken. Fangen Sie jetzt an zu lesen!\" \/>\n<meta name=\"robots\" content=\"noindex, follow\" \/>\n<meta property=\"og:locale\" content=\"de_DE\" \/>\n<meta property=\"og:type\" content=\"article\" \/>\n<meta property=\"og:title\" content=\"Vielen Dank f\u00fcr den Download unseres eBooks \u00fcber App Prototyping!\" \/>\n<meta property=\"og:description\" content=\"Sie sind kurz davor, die Bedeutung der Erstellung eines Prototyps f\u00fcr Ihre n\u00e4chste App-Idee zu entdecken. Fangen Sie jetzt an zu lesen!\" \/>\n<meta property=\"og:url\" content=\"https:\/\/yeeply.com\/de\/landing\/typ-ebook-bedeutung-app-prototyp\/\" \/>\n<meta property=\"og:site_name\" content=\"Yeeply\" \/>\n<meta property=\"article:publisher\" content=\"https:\/\/www.facebook.com\/YeeplyMobile\/\" \/>\n<meta property=\"article:modified_time\" content=\"2020-11-19T12:13:30+00:00\" \/>\n<meta property=\"og:image\" content=\"https:\/\/yeeply.com\/de\/wp-content\/uploads\/2020\/11\/DE-E7-Banner-FB-1020x629-1.png\" \/>\n\t<meta property=\"og:image:width\" content=\"1200\" \/>\n\t<meta property=\"og:image:height\" content=\"629\" \/>\n\t<meta property=\"og:image:type\" content=\"image\/png\" \/>\n<meta name=\"twitter:card\" content=\"summary_large_image\" \/>\n<meta name=\"twitter:title\" content=\"Vielen Dank f\u00fcr den Download unseres eBooks \u00fcber App Prototyping!\" \/>\n<meta name=\"twitter:description\" content=\"Sie sind kurz davor, die Bedeutung der Erstellung eines Prototyps f\u00fcr Ihre n\u00e4chste App-Idee zu entdecken. Fangen Sie jetzt an zu lesen!\" \/>\n<meta name=\"twitter:image\" content=\"https:\/\/yeeply.com\/de\/wp-content\/uploads\/2020\/11\/DE-E7-Banner-TW-1020x600-1.png\" \/>\n<meta name=\"twitter:site\" content=\"@Yeeply_EN\" \/>\n<meta name=\"twitter:label1\" content=\"Gesch\u00e4tzte Lesezeit\" \/>\n\t<meta name=\"twitter:data1\" content=\"1\u00a0Minute\" \/>\n<script type=\"application\/ld+json\" class=\"yoast-schema-graph\">{\"@context\":\"https:\\\/\\\/schema.org\",\"@graph\":[{\"@type\":\"WebPage\",\"@id\":\"https:\\\/\\\/yeeply.com\\\/de\\\/landing\\\/typ-ebook-bedeutung-app-prototyp\\\/\",\"url\":\"https:\\\/\\\/yeeply.com\\\/de\\\/landing\\\/typ-ebook-bedeutung-app-prototyp\\\/\",\"name\":\"Vielen Dank f\u00fcr den Download unseres eBooks \u00fcber App Prototyping!\",\"isPartOf\":{\"@id\":\"https:\\\/\\\/yeeply.com\\\/de\\\/#website\"},\"primaryImageOfPage\":{\"@id\":\"https:\\\/\\\/yeeply.com\\\/de\\\/landing\\\/typ-ebook-bedeutung-app-prototyp\\\/#primaryimage\"},\"image\":{\"@id\":\"https:\\\/\\\/yeeply.com\\\/de\\\/landing\\\/typ-ebook-bedeutung-app-prototyp\\\/#primaryimage\"},\"thumbnailUrl\":\"https:\\\/\\\/yeeply.com\\\/de\\\/wp-content\\\/uploads\\\/2020\\\/11\\\/DE-E7-Banner-TW-1020x600-1.png\",\"datePublished\":\"2020-11-19T12:13:27+00:00\",\"dateModified\":\"2020-11-19T12:13:30+00:00\",\"description\":\"Sie sind kurz davor, die Bedeutung der Erstellung eines Prototyps f\u00fcr Ihre n\u00e4chste App-Idee zu entdecken. Fangen Sie jetzt an zu lesen!\",\"breadcrumb\":{\"@id\":\"https:\\\/\\\/yeeply.com\\\/de\\\/landing\\\/typ-ebook-bedeutung-app-prototyp\\\/#breadcrumb\"},\"inLanguage\":\"de\",\"potentialAction\":[{\"@type\":\"ReadAction\",\"target\":[\"https:\\\/\\\/yeeply.com\\\/de\\\/landing\\\/typ-ebook-bedeutung-app-prototyp\\\/\"]}]},{\"@type\":\"ImageObject\",\"inLanguage\":\"de\",\"@id\":\"https:\\\/\\\/yeeply.com\\\/de\\\/landing\\\/typ-ebook-bedeutung-app-prototyp\\\/#primaryimage\",\"url\":\"https:\\\/\\\/yeeply.com\\\/de\\\/wp-content\\\/uploads\\\/2020\\\/11\\\/DE-E7-Banner-TW-1020x600-1.png\",\"contentUrl\":\"https:\\\/\\\/yeeply.com\\\/de\\\/wp-content\\\/uploads\\\/2020\\\/11\\\/DE-E7-Banner-TW-1020x600-1.png\",\"width\":1200,\"height\":600,\"caption\":\"Banner Bedeutung Erstellung Prototyp f\u00fcr App\"},{\"@type\":\"BreadcrumbList\",\"@id\":\"https:\\\/\\\/yeeply.com\\\/de\\\/landing\\\/typ-ebook-bedeutung-app-prototyp\\\/#breadcrumb\",\"itemListElement\":[{\"@type\":\"ListItem\",\"position\":1,\"name\":\"Home\",\"item\":\"https:\\\/\\\/yeeply.com\\\/de\\\/\"},{\"@type\":\"ListItem\",\"position\":2,\"name\":\"Landing [NO BORRAR]\",\"item\":\"https:\\\/\\\/yeeply.com\\\/de\\\/landing\\\/\"},{\"@type\":\"ListItem\",\"position\":3,\"name\":\"TYP \u2013 Ebook 7 Prototype\"}]},{\"@type\":\"WebSite\",\"@id\":\"https:\\\/\\\/yeeply.com\\\/de\\\/#website\",\"url\":\"https:\\\/\\\/yeeply.com\\\/de\\\/\",\"name\":\"Yeeply\",\"description\":\"A platform for the development of digital projects\",\"publisher\":{\"@id\":\"https:\\\/\\\/yeeply.com\\\/de\\\/#organization\"},\"potentialAction\":[{\"@type\":\"SearchAction\",\"target\":{\"@type\":\"EntryPoint\",\"urlTemplate\":\"https:\\\/\\\/yeeply.com\\\/de\\\/?s={search_term_string}\"},\"query-input\":{\"@type\":\"PropertyValueSpecification\",\"valueRequired\":true,\"valueName\":\"search_term_string\"}}],\"inLanguage\":\"de\"},{\"@type\":\"Organization\",\"@id\":\"https:\\\/\\\/yeeply.com\\\/de\\\/#organization\",\"name\":\"Yeeply\",\"url\":\"https:\\\/\\\/yeeply.com\\\/de\\\/\",\"logo\":{\"@type\":\"ImageObject\",\"inLanguage\":\"de\",\"@id\":\"https:\\\/\\\/yeeply.com\\\/de\\\/#\\\/schema\\\/logo\\\/image\\\/\",\"url\":\"https:\\\/\\\/yeeply.com\\\/de\\\/wp-content\\\/uploads\\\/2019\\\/05\\\/logo_yeeply_black@2x.png\",\"contentUrl\":\"https:\\\/\\\/yeeply.com\\\/de\\\/wp-content\\\/uploads\\\/2019\\\/05\\\/logo_yeeply_black@2x.png\",\"width\":360,\"height\":120,\"caption\":\"Yeeply\"},\"image\":{\"@id\":\"https:\\\/\\\/yeeply.com\\\/de\\\/#\\\/schema\\\/logo\\\/image\\\/\"},\"sameAs\":[\"https:\\\/\\\/www.facebook.com\\\/YeeplyMobile\\\/\",\"https:\\\/\\\/x.com\\\/Yeeply_EN\",\"https:\\\/\\\/www.linkedin.com\\\/company\\\/yeeply\"]}]}<\/script>\n<!-- \/ Yoast SEO plugin. -->","yoast_head_json":{"title":"Vielen Dank f\u00fcr den Download unseres eBooks \u00fcber App Prototyping!","description":"Sie sind kurz davor, die Bedeutung der Erstellung eines Prototyps f\u00fcr Ihre n\u00e4chste App-Idee zu entdecken. Fangen Sie jetzt an zu lesen!","robots":{"index":"noindex","follow":"follow"},"og_locale":"de_DE","og_type":"article","og_title":"Vielen Dank f\u00fcr den Download unseres eBooks \u00fcber App Prototyping!","og_description":"Sie sind kurz davor, die Bedeutung der Erstellung eines Prototyps f\u00fcr Ihre n\u00e4chste App-Idee zu entdecken. Fangen Sie jetzt an zu lesen!","og_url":"https:\/\/yeeply.com\/de\/landing\/typ-ebook-bedeutung-app-prototyp\/","og_site_name":"Yeeply","article_publisher":"https:\/\/www.facebook.com\/YeeplyMobile\/","article_modified_time":"2020-11-19T12:13:30+00:00","og_image":[{"width":1200,"height":629,"url":"https:\/\/yeeply.com\/de\/wp-content\/uploads\/2020\/11\/DE-E7-Banner-FB-1020x629-1.png","type":"image\/png"}],"twitter_card":"summary_large_image","twitter_title":"Vielen Dank f\u00fcr den Download unseres eBooks \u00fcber App Prototyping!","twitter_description":"Sie sind kurz davor, die Bedeutung der Erstellung eines Prototyps f\u00fcr Ihre n\u00e4chste App-Idee zu entdecken. Fangen Sie jetzt an zu lesen!","twitter_image":"https:\/\/yeeply.com\/de\/wp-content\/uploads\/2020\/11\/DE-E7-Banner-TW-1020x600-1.png","twitter_site":"@Yeeply_EN","twitter_misc":{"Gesch\u00e4tzte Lesezeit":"1\u00a0Minute"},"schema":{"@context":"https:\/\/schema.org","@graph":[{"@type":"WebPage","@id":"https:\/\/yeeply.com\/de\/landing\/typ-ebook-bedeutung-app-prototyp\/","url":"https:\/\/yeeply.com\/de\/landing\/typ-ebook-bedeutung-app-prototyp\/","name":"Vielen Dank f\u00fcr den Download unseres eBooks \u00fcber App Prototyping!","isPartOf":{"@id":"https:\/\/yeeply.com\/de\/#website"},"primaryImageOfPage":{"@id":"https:\/\/yeeply.com\/de\/landing\/typ-ebook-bedeutung-app-prototyp\/#primaryimage"},"image":{"@id":"https:\/\/yeeply.com\/de\/landing\/typ-ebook-bedeutung-app-prototyp\/#primaryimage"},"thumbnailUrl":"https:\/\/yeeply.com\/de\/wp-content\/uploads\/2020\/11\/DE-E7-Banner-TW-1020x600-1.png","datePublished":"2020-11-19T12:13:27+00:00","dateModified":"2020-11-19T12:13:30+00:00","description":"Sie sind kurz davor, die Bedeutung der Erstellung eines Prototyps f\u00fcr Ihre n\u00e4chste App-Idee zu entdecken. Fangen Sie jetzt an zu lesen!","breadcrumb":{"@id":"https:\/\/yeeply.com\/de\/landing\/typ-ebook-bedeutung-app-prototyp\/#breadcrumb"},"inLanguage":"de","potentialAction":[{"@type":"ReadAction","target":["https:\/\/yeeply.com\/de\/landing\/typ-ebook-bedeutung-app-prototyp\/"]}]},{"@type":"ImageObject","inLanguage":"de","@id":"https:\/\/yeeply.com\/de\/landing\/typ-ebook-bedeutung-app-prototyp\/#primaryimage","url":"https:\/\/yeeply.com\/de\/wp-content\/uploads\/2020\/11\/DE-E7-Banner-TW-1020x600-1.png","contentUrl":"https:\/\/yeeply.com\/de\/wp-content\/uploads\/2020\/11\/DE-E7-Banner-TW-1020x600-1.png","width":1200,"height":600,"caption":"Banner Bedeutung Erstellung Prototyp f\u00fcr App"},{"@type":"BreadcrumbList","@id":"https:\/\/yeeply.com\/de\/landing\/typ-ebook-bedeutung-app-prototyp\/#breadcrumb","itemListElement":[{"@type":"ListItem","position":1,"name":"Home","item":"https:\/\/yeeply.com\/de\/"},{"@type":"ListItem","position":2,"name":"Landing [NO BORRAR]","item":"https:\/\/yeeply.com\/de\/landing\/"},{"@type":"ListItem","position":3,"name":"TYP \u2013 Ebook 7 Prototype"}]},{"@type":"WebSite","@id":"https:\/\/yeeply.com\/de\/#website","url":"https:\/\/yeeply.com\/de\/","name":"Yeeply","description":"A platform for the development of digital projects","publisher":{"@id":"https:\/\/yeeply.com\/de\/#organization"},"potentialAction":[{"@type":"SearchAction","target":{"@type":"EntryPoint","urlTemplate":"https:\/\/yeeply.com\/de\/?s={search_term_string}"},"query-input":{"@type":"PropertyValueSpecification","valueRequired":true,"valueName":"search_term_string"}}],"inLanguage":"de"},{"@type":"Organization","@id":"https:\/\/yeeply.com\/de\/#organization","name":"Yeeply","url":"https:\/\/yeeply.com\/de\/","logo":{"@type":"ImageObject","inLanguage":"de","@id":"https:\/\/yeeply.com\/de\/#\/schema\/logo\/image\/","url":"https:\/\/yeeply.com\/de\/wp-content\/uploads\/2019\/05\/logo_yeeply_black@2x.png","contentUrl":"https:\/\/yeeply.com\/de\/wp-content\/uploads\/2019\/05\/logo_yeeply_black@2x.png","width":360,"height":120,"caption":"Yeeply"},"image":{"@id":"https:\/\/yeeply.com\/de\/#\/schema\/logo\/image\/"},"sameAs":["https:\/\/www.facebook.com\/YeeplyMobile\/","https:\/\/x.com\/Yeeply_EN","https:\/\/www.linkedin.com\/company\/yeeply"]}]}},"uagb_featured_image_src":{"full":["https:\/\/yeeply.com\/de\/wp-content\/uploads\/2020\/11\/DE-E7-Banner-TW-1020x600-1.png",1200,600,false],"thumbnail":["https:\/\/yeeply.com\/de\/wp-content\/uploads\/2020\/11\/DE-E7-Banner-TW-1020x600-1-150x150.png",150,150,true],"medium":["https:\/\/yeeply.com\/de\/wp-content\/uploads\/2020\/11\/DE-E7-Banner-TW-1020x600-1-300x150.png",300,150,true],"medium_large":["https:\/\/yeeply.com\/de\/wp-content\/uploads\/2020\/11\/DE-E7-Banner-TW-1020x600-1-768x384.png",640,320,true],"large":["https:\/\/yeeply.com\/de\/wp-content\/uploads\/2020\/11\/DE-E7-Banner-TW-1020x600-1-1024x512.png",640,320,true],"1536x1536":["https:\/\/yeeply.com\/de\/wp-content\/uploads\/2020\/11\/DE-E7-Banner-TW-1020x600-1.png",1200,600,false],"2048x2048":["https:\/\/yeeply.com\/de\/wp-content\/uploads\/2020\/11\/DE-E7-Banner-TW-1020x600-1.png",1200,600,false],"gform-image-choice-sm":["https:\/\/yeeply.com\/de\/wp-content\/uploads\/2020\/11\/DE-E7-Banner-TW-1020x600-1.png",300,150,false],"gform-image-choice-md":["https:\/\/yeeply.com\/de\/wp-content\/uploads\/2020\/11\/DE-E7-Banner-TW-1020x600-1.png",400,200,false],"gform-image-choice-lg":["https:\/\/yeeply.com\/de\/wp-content\/uploads\/2020\/11\/DE-E7-Banner-TW-1020x600-1.png",600,300,false]},"uagb_author_info":{"display_name":"Lucia Bravo","author_link":"https:\/\/yeeply.com\/de\/author\/lucia\/"},"uagb_comment_info":0,"uagb_excerpt":null,"_links":{"self":[{"href":"https:\/\/yeeply.com\/de\/wp-json\/wp\/v2\/pages\/12612","targetHints":{"allow":["GET"]}}],"collection":[{"href":"https:\/\/yeeply.com\/de\/wp-json\/wp\/v2\/pages"}],"about":[{"href":"https:\/\/yeeply.com\/de\/wp-json\/wp\/v2\/types\/page"}],"author":[{"embeddable":true,"href":"https:\/\/yeeply.com\/de\/wp-json\/wp\/v2\/users\/37"}],"replies":[{"embeddable":true,"href":"https:\/\/yeeply.com\/de\/wp-json\/wp\/v2\/comments?post=12612"}],"version-history":[{"count":0,"href":"https:\/\/yeeply.com\/de\/wp-json\/wp\/v2\/pages\/12612\/revisions"}],"up":[{"embeddable":true,"href":"https:\/\/yeeply.com\/de\/wp-json\/wp\/v2\/pages\/11239"}],"wp:featuredmedia":[{"embeddable":true,"href":"https:\/\/yeeply.com\/de\/wp-json\/wp\/v2\/media\/12609"}],"wp:attachment":[{"href":"https:\/\/yeeply.com\/de\/wp-json\/wp\/v2\/media?parent=12612"}],"wp:term":[{"taxonomy":"category","embeddable":true,"href":"https:\/\/yeeply.com\/de\/wp-json\/wp\/v2\/categories?post=12612"}],"curies":[{"name":"wp","href":"https:\/\/api.w.org\/{rel}","templated":true}]}}