{"id":11765,"date":"2020-06-15T11:43:10","date_gmt":"2020-06-15T11:43:10","guid":{"rendered":"https:\/\/yeeply.com\/de\/?page_id=11765"},"modified":"2020-07-21T14:25:43","modified_gmt":"2020-07-21T14:25:43","slug":"typ-ebook-digitale-transformation","status":"publish","type":"page","link":"https:\/\/yeeply.com\/de\/landing\/typ-ebook-digitale-transformation\/","title":{"rendered":"TYP \u2013 eBook 6 Digitale Transformation"},"content":{"rendered":"\n<section class=\"wp-block-uagb-section uagb-section__wrap uagb-section__background-undefined uagb-block-2026c487-2eef-40f6-98a5-a863b07ecb0a lp-template\"><div class=\"uagb-section__overlay\"><\/div><div class=\"uagb-section__inner-wrap\">\n<section class=\"wp-block-uagb-columns uagb-columns__wrap uagb-columns__background-undefined uagb-columns__stack-mobile uagb-columns__valign-undefined uagb-columns__gap-10 alignundefined uagb-block-c613454c-3349-40f1-a8cb-5b590d658eeb\"><div class=\"uagb-columns__overlay\"><\/div><div class=\"uagb-columns__inner-wrap uagb-columns__columns-2\">\n<div class=\"wp-block-uagb-column uagb-column__wrap uagb-column__background-undefined uagb-block-7969c206-cb4e-47d6-ba69-0bab4212f095\"><div class=\"uagb-column__overlay\"><\/div><div class=\"uagb-column__inner-wrap\">\n<div class=\"wp-block-image\"><figure class=\"aligncenter size-large\"><a href=\"https:\/\/mautic.yeeply.com\/asset\/42:de-ebook-6-digital-transformationpdf?stream=1\" target=\"_blank\" rel=\"noreferrer noopener\"><img fetchpriority=\"high\" decoding=\"async\" width=\"591\" height=\"750\" src=\"https:\/\/yeeply.com\/de\/wp-content\/uploads\/2020\/06\/DE-TYP-Ebook-6-Miniatura.png\" alt=\"\" class=\"wp-image-11775\" srcset=\"https:\/\/yeeply.com\/de\/wp-content\/uploads\/2020\/06\/DE-TYP-Ebook-6-Miniatura.png 591w, https:\/\/yeeply.com\/de\/wp-content\/uploads\/2020\/06\/DE-TYP-Ebook-6-Miniatura-236x300.png 236w\" sizes=\"(max-width: 591px) 100vw, 591px\" \/><\/a><\/figure><\/div>\n<\/div><\/div>\n\n\n\n<div class=\"wp-block-uagb-column uagb-column__wrap uagb-column__background-undefined uagb-block-072cd727-c1e9-4e2f-8819-f4590bd4df7c\"><div class=\"uagb-column__overlay\"><\/div><div class=\"uagb-column__inner-wrap\">\n<h2 class=\"wp-block-heading\">Hier ist Ihr eBook! Brauchen Sie Unterst\u00fctzung bei Ihrer Digitalisierung?<\/h2>\n\n\n\n<p>Sie werden bald herausfinden, wie Sie 6 wichtige Bereiche Ihres Unternehmens digitalisieren k\u00f6nnen. Wir hoffen, dass die vorgeschlagenen Werkzeuge f\u00fcr Sie von Nutzen sein werden!<\/p>\n\n\n\n<p><strong>Sind Sie auf der Suche nach einem strategischen Partner zur Unterst\u00fctzung Ihrer digitalen Transformation? <\/strong>Erz\u00e4hlen Sie uns ein wenig \u00fcber Ihr Projekt: Es dauert nur eine Minute und Sie erhalten bald ein pers\u00f6nliches, unverbindliches Angebot.<\/p>\n\n\n\n<section class=\"wp-block-uagb-columns uagb-columns__wrap uagb-columns__background-undefined uagb-columns__stack-mobile uagb-columns__valign-undefined uagb-columns__gap-10 alignundefined uagb-block-16ab4a9e-7569-434b-901b-940b1d9cef49\"><div class=\"uagb-columns__overlay\"><\/div><div class=\"uagb-columns__inner-wrap uagb-columns__columns-2\">\n<div class=\"wp-block-uagb-column uagb-column__wrap uagb-column__background-undefined uagb-block-0fc40e6f-4855-4d0e-a0ad-3780ed65384f\"><div class=\"uagb-column__overlay\"><\/div><div class=\"uagb-column__inner-wrap\">\n<div class=\"wp-block-button btn-typ-white-outline\"><a class=\"wp-block-button__link\" href=\"https:\/\/mautic.yeeply.com\/asset\/49:de-ebook-6-digital-transformation-v2pdf?stream=1\" target=\"_blank\" rel=\"noopener noreferrer\">HERUNTERladen<\/a><\/div>\n<\/div><\/div>\n\n\n\n<div class=\"wp-block-uagb-column uagb-column__wrap uagb-column__background-undefined uagb-block-673942b1-a4d1-415c-acef-5fe45bea5016\"><div class=\"uagb-column__overlay\"><\/div><div class=\"uagb-column__inner-wrap\">\n<div class=\"wp-block-button btn-typ-blue\"><a class=\"wp-block-button__link\" href=\"https:\/\/yeeply.com\/de\/#publish-project\" target=\"_blank\">PROJEKT VER\u00d6FFENTLICHEN<\/a><\/div>\n<\/div><\/div>\n<\/div><\/section>\n\n\n\n<p>\u00dcberpr\u00fcfen Sie Ihre E-Mails! Wir haben Ihnen eine E-Mail mit dem eBook zugeschickt, damit Sie jederzeit darauf zugreifen k\u00f6nnen. \u00dcberpr\u00fcfen Sie Ihr Postfach und stellen Sie sicher, dass sie nicht im SPAM-Ordner gelandet ist.<\/p>\n<\/div><\/div>\n<\/div><\/section>\n<\/div><\/section>\n\n\n\n<p><\/p>\n","protected":false},"excerpt":{"rendered":"","protected":false},"author":37,"featured_media":11778,"parent":11239,"menu_order":0,"comment_status":"closed","ping_status":"closed","template":"","meta":{"inline_featured_image":false,"_uag_custom_page_level_css":"","footnotes":""},"categories":[],"class_list":["post-11765","page","type-page","status-publish","has-post-thumbnail","hentry"],"yoast_head":"<!-- This site is optimized with the Yoast SEO plugin v27.4 - https:\/\/yoast.com\/product\/yoast-seo-wordpress\/ -->\n<title>Danke f\u00fcr den Download von unserem eBook \u00fcber digitale Transformation!<\/title>\n<meta name=\"description\" content=\"Entdecken Sie, wie Sie 6 wichtige Bereiche Ihres Unternehmens digitalisieren k\u00f6nnen. Wir hoffen, dass Ihnen die vorgeschlagenen Werkzeuge dabei helfen!\" \/>\n<meta name=\"robots\" content=\"noindex, follow\" \/>\n<meta property=\"og:locale\" content=\"de_DE\" \/>\n<meta property=\"og:type\" content=\"article\" \/>\n<meta property=\"og:title\" content=\"Danke f\u00fcr den Download von unserem eBook \u00fcber digitale Transformation!\" \/>\n<meta property=\"og:description\" content=\"Entdecken Sie, wie Sie 6 wichtige Bereiche Ihres Unternehmens digitalisieren k\u00f6nnen. Wir hoffen, dass Ihnen die vorgeschlagenen Werkzeuge dabei helfen!\" \/>\n<meta property=\"og:url\" content=\"https:\/\/yeeply.com\/de\/landing\/typ-ebook-digitale-transformation\/\" \/>\n<meta property=\"og:site_name\" content=\"Yeeply\" \/>\n<meta property=\"article:publisher\" content=\"https:\/\/www.facebook.com\/YeeplyMobile\/\" \/>\n<meta property=\"article:modified_time\" content=\"2020-07-21T14:25:43+00:00\" \/>\n<meta property=\"og:image\" content=\"https:\/\/yeeply.com\/de\/wp-content\/uploads\/2020\/06\/DE-E6-Banner-FR-1020x629-1.png\" \/>\n\t<meta property=\"og:image:width\" content=\"1200\" \/>\n\t<meta property=\"og:image:height\" content=\"629\" \/>\n\t<meta property=\"og:image:type\" content=\"image\/png\" \/>\n<meta name=\"twitter:card\" content=\"summary_large_image\" \/>\n<meta name=\"twitter:image\" content=\"https:\/\/yeeply.com\/de\/wp-content\/uploads\/2020\/06\/DE-E6-Banner-TW-1020x600-1.png\" \/>\n<meta name=\"twitter:site\" content=\"@Yeeply_EN\" \/>\n<meta name=\"twitter:label1\" content=\"Gesch\u00e4tzte Lesezeit\" \/>\n\t<meta name=\"twitter:data1\" content=\"1\u00a0Minute\" \/>\n<script type=\"application\/ld+json\" class=\"yoast-schema-graph\">{\"@context\":\"https:\\\/\\\/schema.org\",\"@graph\":[{\"@type\":\"WebPage\",\"@id\":\"https:\\\/\\\/yeeply.com\\\/de\\\/landing\\\/typ-ebook-digitale-transformation\\\/\",\"url\":\"https:\\\/\\\/yeeply.com\\\/de\\\/landing\\\/typ-ebook-digitale-transformation\\\/\",\"name\":\"Danke f\u00fcr den Download von unserem eBook \u00fcber digitale Transformation!\",\"isPartOf\":{\"@id\":\"https:\\\/\\\/yeeply.com\\\/de\\\/#website\"},\"primaryImageOfPage\":{\"@id\":\"https:\\\/\\\/yeeply.com\\\/de\\\/landing\\\/typ-ebook-digitale-transformation\\\/#primaryimage\"},\"image\":{\"@id\":\"https:\\\/\\\/yeeply.com\\\/de\\\/landing\\\/typ-ebook-digitale-transformation\\\/#primaryimage\"},\"thumbnailUrl\":\"https:\\\/\\\/yeeply.com\\\/de\\\/wp-content\\\/uploads\\\/2020\\\/06\\\/DE-E6-Banner-TW-1020x600-1.png\",\"datePublished\":\"2020-06-15T11:43:10+00:00\",\"dateModified\":\"2020-07-21T14:25:43+00:00\",\"description\":\"Entdecken Sie, wie Sie 6 wichtige Bereiche Ihres Unternehmens digitalisieren k\u00f6nnen. Wir hoffen, dass Ihnen die vorgeschlagenen Werkzeuge dabei helfen!\",\"breadcrumb\":{\"@id\":\"https:\\\/\\\/yeeply.com\\\/de\\\/landing\\\/typ-ebook-digitale-transformation\\\/#breadcrumb\"},\"inLanguage\":\"de\",\"potentialAction\":[{\"@type\":\"ReadAction\",\"target\":[\"https:\\\/\\\/yeeply.com\\\/de\\\/landing\\\/typ-ebook-digitale-transformation\\\/\"]}]},{\"@type\":\"ImageObject\",\"inLanguage\":\"de\",\"@id\":\"https:\\\/\\\/yeeply.com\\\/de\\\/landing\\\/typ-ebook-digitale-transformation\\\/#primaryimage\",\"url\":\"https:\\\/\\\/yeeply.com\\\/de\\\/wp-content\\\/uploads\\\/2020\\\/06\\\/DE-E6-Banner-TW-1020x600-1.png\",\"contentUrl\":\"https:\\\/\\\/yeeply.com\\\/de\\\/wp-content\\\/uploads\\\/2020\\\/06\\\/DE-E6-Banner-TW-1020x600-1.png\",\"width\":1200,\"height\":600},{\"@type\":\"BreadcrumbList\",\"@id\":\"https:\\\/\\\/yeeply.com\\\/de\\\/landing\\\/typ-ebook-digitale-transformation\\\/#breadcrumb\",\"itemListElement\":[{\"@type\":\"ListItem\",\"position\":1,\"name\":\"Home\",\"item\":\"https:\\\/\\\/yeeply.com\\\/de\\\/\"},{\"@type\":\"ListItem\",\"position\":2,\"name\":\"Landing [NO BORRAR]\",\"item\":\"https:\\\/\\\/yeeply.com\\\/de\\\/landing\\\/\"},{\"@type\":\"ListItem\",\"position\":3,\"name\":\"TYP \u2013 eBook 6 Digitale Transformation\"}]},{\"@type\":\"WebSite\",\"@id\":\"https:\\\/\\\/yeeply.com\\\/de\\\/#website\",\"url\":\"https:\\\/\\\/yeeply.com\\\/de\\\/\",\"name\":\"Yeeply\",\"description\":\"A platform for the development of digital projects\",\"publisher\":{\"@id\":\"https:\\\/\\\/yeeply.com\\\/de\\\/#organization\"},\"potentialAction\":[{\"@type\":\"SearchAction\",\"target\":{\"@type\":\"EntryPoint\",\"urlTemplate\":\"https:\\\/\\\/yeeply.com\\\/de\\\/?s={search_term_string}\"},\"query-input\":{\"@type\":\"PropertyValueSpecification\",\"valueRequired\":true,\"valueName\":\"search_term_string\"}}],\"inLanguage\":\"de\"},{\"@type\":\"Organization\",\"@id\":\"https:\\\/\\\/yeeply.com\\\/de\\\/#organization\",\"name\":\"Yeeply\",\"url\":\"https:\\\/\\\/yeeply.com\\\/de\\\/\",\"logo\":{\"@type\":\"ImageObject\",\"inLanguage\":\"de\",\"@id\":\"https:\\\/\\\/yeeply.com\\\/de\\\/#\\\/schema\\\/logo\\\/image\\\/\",\"url\":\"https:\\\/\\\/yeeply.com\\\/de\\\/wp-content\\\/uploads\\\/2019\\\/05\\\/logo_yeeply_black@2x.png\",\"contentUrl\":\"https:\\\/\\\/yeeply.com\\\/de\\\/wp-content\\\/uploads\\\/2019\\\/05\\\/logo_yeeply_black@2x.png\",\"width\":360,\"height\":120,\"caption\":\"Yeeply\"},\"image\":{\"@id\":\"https:\\\/\\\/yeeply.com\\\/de\\\/#\\\/schema\\\/logo\\\/image\\\/\"},\"sameAs\":[\"https:\\\/\\\/www.facebook.com\\\/YeeplyMobile\\\/\",\"https:\\\/\\\/x.com\\\/Yeeply_EN\",\"https:\\\/\\\/www.linkedin.com\\\/company\\\/yeeply\"]}]}<\/script>\n<!-- \/ Yoast SEO plugin. -->","yoast_head_json":{"title":"Danke f\u00fcr den Download von unserem eBook \u00fcber digitale Transformation!","description":"Entdecken Sie, wie Sie 6 wichtige Bereiche Ihres Unternehmens digitalisieren k\u00f6nnen. Wir hoffen, dass Ihnen die vorgeschlagenen Werkzeuge dabei helfen!","robots":{"index":"noindex","follow":"follow"},"og_locale":"de_DE","og_type":"article","og_title":"Danke f\u00fcr den Download von unserem eBook \u00fcber digitale Transformation!","og_description":"Entdecken Sie, wie Sie 6 wichtige Bereiche Ihres Unternehmens digitalisieren k\u00f6nnen. Wir hoffen, dass Ihnen die vorgeschlagenen Werkzeuge dabei helfen!","og_url":"https:\/\/yeeply.com\/de\/landing\/typ-ebook-digitale-transformation\/","og_site_name":"Yeeply","article_publisher":"https:\/\/www.facebook.com\/YeeplyMobile\/","article_modified_time":"2020-07-21T14:25:43+00:00","og_image":[{"width":1200,"height":629,"url":"https:\/\/yeeply.com\/de\/wp-content\/uploads\/2020\/06\/DE-E6-Banner-FR-1020x629-1.png","type":"image\/png"}],"twitter_card":"summary_large_image","twitter_image":"https:\/\/yeeply.com\/de\/wp-content\/uploads\/2020\/06\/DE-E6-Banner-TW-1020x600-1.png","twitter_site":"@Yeeply_EN","twitter_misc":{"Gesch\u00e4tzte Lesezeit":"1\u00a0Minute"},"schema":{"@context":"https:\/\/schema.org","@graph":[{"@type":"WebPage","@id":"https:\/\/yeeply.com\/de\/landing\/typ-ebook-digitale-transformation\/","url":"https:\/\/yeeply.com\/de\/landing\/typ-ebook-digitale-transformation\/","name":"Danke f\u00fcr den Download von unserem eBook \u00fcber digitale Transformation!","isPartOf":{"@id":"https:\/\/yeeply.com\/de\/#website"},"primaryImageOfPage":{"@id":"https:\/\/yeeply.com\/de\/landing\/typ-ebook-digitale-transformation\/#primaryimage"},"image":{"@id":"https:\/\/yeeply.com\/de\/landing\/typ-ebook-digitale-transformation\/#primaryimage"},"thumbnailUrl":"https:\/\/yeeply.com\/de\/wp-content\/uploads\/2020\/06\/DE-E6-Banner-TW-1020x600-1.png","datePublished":"2020-06-15T11:43:10+00:00","dateModified":"2020-07-21T14:25:43+00:00","description":"Entdecken Sie, wie Sie 6 wichtige Bereiche Ihres Unternehmens digitalisieren k\u00f6nnen. Wir hoffen, dass Ihnen die vorgeschlagenen Werkzeuge dabei helfen!","breadcrumb":{"@id":"https:\/\/yeeply.com\/de\/landing\/typ-ebook-digitale-transformation\/#breadcrumb"},"inLanguage":"de","potentialAction":[{"@type":"ReadAction","target":["https:\/\/yeeply.com\/de\/landing\/typ-ebook-digitale-transformation\/"]}]},{"@type":"ImageObject","inLanguage":"de","@id":"https:\/\/yeeply.com\/de\/landing\/typ-ebook-digitale-transformation\/#primaryimage","url":"https:\/\/yeeply.com\/de\/wp-content\/uploads\/2020\/06\/DE-E6-Banner-TW-1020x600-1.png","contentUrl":"https:\/\/yeeply.com\/de\/wp-content\/uploads\/2020\/06\/DE-E6-Banner-TW-1020x600-1.png","width":1200,"height":600},{"@type":"BreadcrumbList","@id":"https:\/\/yeeply.com\/de\/landing\/typ-ebook-digitale-transformation\/#breadcrumb","itemListElement":[{"@type":"ListItem","position":1,"name":"Home","item":"https:\/\/yeeply.com\/de\/"},{"@type":"ListItem","position":2,"name":"Landing [NO BORRAR]","item":"https:\/\/yeeply.com\/de\/landing\/"},{"@type":"ListItem","position":3,"name":"TYP \u2013 eBook 6 Digitale Transformation"}]},{"@type":"WebSite","@id":"https:\/\/yeeply.com\/de\/#website","url":"https:\/\/yeeply.com\/de\/","name":"Yeeply","description":"A platform for the development of digital projects","publisher":{"@id":"https:\/\/yeeply.com\/de\/#organization"},"potentialAction":[{"@type":"SearchAction","target":{"@type":"EntryPoint","urlTemplate":"https:\/\/yeeply.com\/de\/?s={search_term_string}"},"query-input":{"@type":"PropertyValueSpecification","valueRequired":true,"valueName":"search_term_string"}}],"inLanguage":"de"},{"@type":"Organization","@id":"https:\/\/yeeply.com\/de\/#organization","name":"Yeeply","url":"https:\/\/yeeply.com\/de\/","logo":{"@type":"ImageObject","inLanguage":"de","@id":"https:\/\/yeeply.com\/de\/#\/schema\/logo\/image\/","url":"https:\/\/yeeply.com\/de\/wp-content\/uploads\/2019\/05\/logo_yeeply_black@2x.png","contentUrl":"https:\/\/yeeply.com\/de\/wp-content\/uploads\/2019\/05\/logo_yeeply_black@2x.png","width":360,"height":120,"caption":"Yeeply"},"image":{"@id":"https:\/\/yeeply.com\/de\/#\/schema\/logo\/image\/"},"sameAs":["https:\/\/www.facebook.com\/YeeplyMobile\/","https:\/\/x.com\/Yeeply_EN","https:\/\/www.linkedin.com\/company\/yeeply"]}]}},"uagb_featured_image_src":{"full":["https:\/\/yeeply.com\/de\/wp-content\/uploads\/2020\/06\/DE-E6-Banner-TW-1020x600-1.png",1200,600,false],"thumbnail":["https:\/\/yeeply.com\/de\/wp-content\/uploads\/2020\/06\/DE-E6-Banner-TW-1020x600-1-150x150.png",150,150,true],"medium":["https:\/\/yeeply.com\/de\/wp-content\/uploads\/2020\/06\/DE-E6-Banner-TW-1020x600-1-300x150.png",300,150,true],"medium_large":["https:\/\/yeeply.com\/de\/wp-content\/uploads\/2020\/06\/DE-E6-Banner-TW-1020x600-1-768x384.png",640,320,true],"large":["https:\/\/yeeply.com\/de\/wp-content\/uploads\/2020\/06\/DE-E6-Banner-TW-1020x600-1-1024x512.png",640,320,true],"1536x1536":["https:\/\/yeeply.com\/de\/wp-content\/uploads\/2020\/06\/DE-E6-Banner-TW-1020x600-1.png",1200,600,false],"2048x2048":["https:\/\/yeeply.com\/de\/wp-content\/uploads\/2020\/06\/DE-E6-Banner-TW-1020x600-1.png",1200,600,false],"gform-image-choice-sm":["https:\/\/yeeply.com\/de\/wp-content\/uploads\/2020\/06\/DE-E6-Banner-TW-1020x600-1.png",300,150,false],"gform-image-choice-md":["https:\/\/yeeply.com\/de\/wp-content\/uploads\/2020\/06\/DE-E6-Banner-TW-1020x600-1.png",400,200,false],"gform-image-choice-lg":["https:\/\/yeeply.com\/de\/wp-content\/uploads\/2020\/06\/DE-E6-Banner-TW-1020x600-1.png",600,300,false]},"uagb_author_info":{"display_name":"Lucia Bravo","author_link":"https:\/\/yeeply.com\/de\/author\/lucia\/"},"uagb_comment_info":0,"uagb_excerpt":null,"_links":{"self":[{"href":"https:\/\/yeeply.com\/de\/wp-json\/wp\/v2\/pages\/11765","targetHints":{"allow":["GET"]}}],"collection":[{"href":"https:\/\/yeeply.com\/de\/wp-json\/wp\/v2\/pages"}],"about":[{"href":"https:\/\/yeeply.com\/de\/wp-json\/wp\/v2\/types\/page"}],"author":[{"embeddable":true,"href":"https:\/\/yeeply.com\/de\/wp-json\/wp\/v2\/users\/37"}],"replies":[{"embeddable":true,"href":"https:\/\/yeeply.com\/de\/wp-json\/wp\/v2\/comments?post=11765"}],"version-history":[{"count":0,"href":"https:\/\/yeeply.com\/de\/wp-json\/wp\/v2\/pages\/11765\/revisions"}],"up":[{"embeddable":true,"href":"https:\/\/yeeply.com\/de\/wp-json\/wp\/v2\/pages\/11239"}],"wp:featuredmedia":[{"embeddable":true,"href":"https:\/\/yeeply.com\/de\/wp-json\/wp\/v2\/media\/11778"}],"wp:attachment":[{"href":"https:\/\/yeeply.com\/de\/wp-json\/wp\/v2\/media?parent=11765"}],"wp:term":[{"taxonomy":"category","embeddable":true,"href":"https:\/\/yeeply.com\/de\/wp-json\/wp\/v2\/categories?post=11765"}],"curies":[{"name":"wp","href":"https:\/\/api.w.org\/{rel}","templated":true}]}}