{"id":11428,"date":"2020-05-11T09:30:45","date_gmt":"2020-05-11T09:30:45","guid":{"rendered":"https:\/\/yeeply.com\/de\/?page_id=11428"},"modified":"2020-05-12T10:42:35","modified_gmt":"2020-05-12T10:42:35","slug":"typ-erfolgsgeschichte-herunterladen","status":"publish","type":"page","link":"https:\/\/yeeply.com\/de\/landing\/typ-erfolgsgeschichte-herunterladen\/","title":{"rendered":"TYP &#8211; CS 2 Credexia"},"content":{"rendered":"\n<section class=\"wp-block-uagb-section uagb-section__wrap uagb-section__background-undefined uagb-block-ab4313cb-ca3b-46e2-a90d-98ab3c60ae77 lp-template\"><div class=\"uagb-section__overlay\"><\/div><div class=\"uagb-section__inner-wrap\">\n<section class=\"wp-block-uagb-columns uagb-columns__wrap uagb-columns__background-undefined uagb-columns__stack-mobile uagb-columns__valign-undefined uagb-columns__gap-10 alignundefined uagb-block-69ed9f26-da09-4809-9d9f-66e4b95206f0\"><div class=\"uagb-columns__overlay\"><\/div><div class=\"uagb-columns__inner-wrap uagb-columns__columns-2\">\n<div class=\"wp-block-uagb-column uagb-column__wrap uagb-column__background-undefined uagb-block-7969c206-cb4e-47d6-ba69-0bab4212f095\"><div class=\"uagb-column__overlay\"><\/div><div class=\"uagb-column__inner-wrap\">\n<div class=\"wp-block-image\"><figure class=\"aligncenter size-large\"><a href=\"https:\/\/mautic.yeeply.com\/asset\/35:de-cs-2-credexiacompressedpdf?stream=1\" target=\"_blank\"><img fetchpriority=\"high\" decoding=\"async\" width=\"748\" height=\"951\" src=\"https:\/\/yeeply.com\/de\/wp-content\/uploads\/2020\/05\/DE-TYP-CS2-Miniatura.jpg\" alt=\"DE - TYP - CS2 - Miniatura\" class=\"wp-image-11516\" srcset=\"https:\/\/yeeply.com\/de\/wp-content\/uploads\/2020\/05\/DE-TYP-CS2-Miniatura.jpg 748w, https:\/\/yeeply.com\/de\/wp-content\/uploads\/2020\/05\/DE-TYP-CS2-Miniatura-236x300.jpg 236w\" sizes=\"(max-width: 748px) 100vw, 748px\" \/><\/a><\/figure><\/div>\n<\/div><\/div>\n\n\n\n<div class=\"wp-block-uagb-column uagb-column__wrap uagb-column__background-undefined uagb-block-072cd727-c1e9-4e2f-8819-f4590bd4df7c\"><div class=\"uagb-column__overlay\"><\/div><div class=\"uagb-column__inner-wrap\">\n<h2 class=\"wp-block-heading\">Hier ist Ihre Erfolgsgeschichte! M\u00f6chten Sie, dass Ihr Projekt genauso gut l\u00e4uft? <\/h2>\n\n\n\n<p>Wir hoffen, dass Sie die Geschichte, wie wir Credexia bei der Definition, Entwicklung und Einf\u00fchrung ihres Produktes geholfen haben, inspirieren wird.<\/p>\n\n\n\n<p><strong>Wissen Sie, dass Yeeply Ihnen auch bei Ihrem Projekt helfen kann?&nbsp;<\/strong>Erz\u00e4hlen Sie uns ein wenig dar\u00fcber, was sie ben\u00f6tigen: Es dauert nur eine Minute und Sie werden bald ein pers\u00f6nliches und unverbindliches Angebot erhalten.&nbsp;<\/p>\n\n\n\n<section class=\"wp-block-uagb-columns uagb-columns__wrap uagb-columns__background-undefined uagb-columns__stack-mobile uagb-columns__valign-undefined uagb-columns__gap-10 alignundefined uagb-block-16ab4a9e-7569-434b-901b-940b1d9cef49\"><div class=\"uagb-columns__overlay\"><\/div><div class=\"uagb-columns__inner-wrap uagb-columns__columns-2\">\n<div class=\"wp-block-uagb-column uagb-column__wrap uagb-column__background-undefined uagb-block-84955d7b-5812-4fe9-ab9f-42b6aac0a25d\"><div class=\"uagb-column__overlay\"><\/div><div class=\"uagb-column__inner-wrap\">\n<div class=\"wp-block-button btn-typ-white-outline\"><a class=\"wp-block-button__link\" href=\"https:\/\/mautic.yeeply.com\/asset\/35:de-cs-2-credexiacompressedpdf?stream=1\" target=\"_blank\">HERUNTERladen<\/a><\/div>\n<\/div><\/div>\n\n\n\n<div class=\"wp-block-uagb-column uagb-column__wrap uagb-column__background-undefined uagb-block-dcd5b8e1-2e41-4b1e-8df1-f69922552636\"><div class=\"uagb-column__overlay\"><\/div><div class=\"uagb-column__inner-wrap\">\n<div class=\"wp-block-button btn-typ-blue\"><a class=\"wp-block-button__link\" href=\"https:\/\/yeeply.com\/de\/#publish-project\" target=\"_blank\">PROJEKT VER\u00d6FFENTLICHEN<\/a><\/div>\n<\/div><\/div>\n<\/div><\/section>\n\n\n\n<p>Wir haben Ihnen eine Email mit der Erfolgsgeschichte geschickt, sodass Sie jederzeit darauf zugreifen k\u00f6nnen. \u00dcberpr\u00fcfen Sie Ihre Email und stellen Sie sicher, dass sie nicht in Ihrem SPAM Ordner gelandet ist. <\/p>\n<\/div><\/div>\n<\/div><\/section>\n<\/div><\/section>\n\n\n\n<p><\/p>\n","protected":false},"excerpt":{"rendered":"","protected":false},"author":37,"featured_media":11500,"parent":11239,"menu_order":0,"comment_status":"closed","ping_status":"closed","template":"","meta":{"inline_featured_image":false,"_uag_custom_page_level_css":"","footnotes":""},"categories":[],"class_list":["post-11428","page","type-page","status-publish","has-post-thumbnail","hentry"],"yoast_head":"<!-- This site is optimized with the Yoast SEO plugin v27.4 - https:\/\/yoast.com\/product\/yoast-seo-wordpress\/ -->\n<title>Sie geh\u00f6rt Ihnen: Hier ist Ihre Erfolgsgeschichte von Credexia!<\/title>\n<meta name=\"description\" content=\"Sie k\u00f6nnen sie hier herunterladen und wir haben sie Ihnen au\u00dferdem per Email geschickt. Wollen Sie, dass Ihr Projekt ein Erfolg wird? Wir k\u00f6nnen helfen!\" \/>\n<meta name=\"robots\" content=\"noindex, follow\" \/>\n<meta property=\"og:locale\" content=\"de_DE\" \/>\n<meta property=\"og:type\" content=\"article\" \/>\n<meta property=\"og:title\" content=\"Sie geh\u00f6rt Ihnen: Hier ist Ihre Erfolgsgeschichte von Credexia!\" \/>\n<meta property=\"og:description\" content=\"Sie k\u00f6nnen sie hier herunterladen und wir haben sie Ihnen au\u00dferdem per Email geschickt. Wollen Sie, dass Ihr Projekt ein Erfolg wird? Wir k\u00f6nnen helfen!\" \/>\n<meta property=\"og:url\" content=\"https:\/\/yeeply.com\/de\/landing\/typ-erfolgsgeschichte-herunterladen\/\" \/>\n<meta property=\"og:site_name\" content=\"Yeeply\" \/>\n<meta property=\"article:publisher\" content=\"https:\/\/www.facebook.com\/YeeplyMobile\/\" \/>\n<meta property=\"article:modified_time\" content=\"2020-05-12T10:42:35+00:00\" \/>\n<meta property=\"og:image\" content=\"https:\/\/yeeply.com\/de\/wp-content\/uploads\/2020\/05\/DE-CS2-Credexia-Imagen-destacada.jpg\" \/>\n\t<meta property=\"og:image:width\" content=\"748\" \/>\n\t<meta property=\"og:image:height\" content=\"374\" \/>\n\t<meta property=\"og:image:type\" content=\"image\/jpeg\" \/>\n<meta name=\"twitter:card\" content=\"summary_large_image\" \/>\n<meta name=\"twitter:site\" content=\"@Yeeply_EN\" \/>\n<meta name=\"twitter:label1\" content=\"Gesch\u00e4tzte Lesezeit\" \/>\n\t<meta name=\"twitter:data1\" content=\"1\u00a0Minute\" \/>\n<script type=\"application\/ld+json\" class=\"yoast-schema-graph\">{\"@context\":\"https:\\\/\\\/schema.org\",\"@graph\":[{\"@type\":\"WebPage\",\"@id\":\"https:\\\/\\\/yeeply.com\\\/de\\\/landing\\\/typ-erfolgsgeschichte-herunterladen\\\/\",\"url\":\"https:\\\/\\\/yeeply.com\\\/de\\\/landing\\\/typ-erfolgsgeschichte-herunterladen\\\/\",\"name\":\"Sie geh\u00f6rt Ihnen: Hier ist Ihre Erfolgsgeschichte von Credexia!\",\"isPartOf\":{\"@id\":\"https:\\\/\\\/yeeply.com\\\/de\\\/#website\"},\"primaryImageOfPage\":{\"@id\":\"https:\\\/\\\/yeeply.com\\\/de\\\/landing\\\/typ-erfolgsgeschichte-herunterladen\\\/#primaryimage\"},\"image\":{\"@id\":\"https:\\\/\\\/yeeply.com\\\/de\\\/landing\\\/typ-erfolgsgeschichte-herunterladen\\\/#primaryimage\"},\"thumbnailUrl\":\"https:\\\/\\\/yeeply.com\\\/de\\\/wp-content\\\/uploads\\\/2020\\\/05\\\/DE-CS2-Credexia-Imagen-destacada.jpg\",\"datePublished\":\"2020-05-11T09:30:45+00:00\",\"dateModified\":\"2020-05-12T10:42:35+00:00\",\"description\":\"Sie k\u00f6nnen sie hier herunterladen und wir haben sie Ihnen au\u00dferdem per Email geschickt. Wollen Sie, dass Ihr Projekt ein Erfolg wird? Wir k\u00f6nnen helfen!\",\"breadcrumb\":{\"@id\":\"https:\\\/\\\/yeeply.com\\\/de\\\/landing\\\/typ-erfolgsgeschichte-herunterladen\\\/#breadcrumb\"},\"inLanguage\":\"de\",\"potentialAction\":[{\"@type\":\"ReadAction\",\"target\":[\"https:\\\/\\\/yeeply.com\\\/de\\\/landing\\\/typ-erfolgsgeschichte-herunterladen\\\/\"]}]},{\"@type\":\"ImageObject\",\"inLanguage\":\"de\",\"@id\":\"https:\\\/\\\/yeeply.com\\\/de\\\/landing\\\/typ-erfolgsgeschichte-herunterladen\\\/#primaryimage\",\"url\":\"https:\\\/\\\/yeeply.com\\\/de\\\/wp-content\\\/uploads\\\/2020\\\/05\\\/DE-CS2-Credexia-Imagen-destacada.jpg\",\"contentUrl\":\"https:\\\/\\\/yeeply.com\\\/de\\\/wp-content\\\/uploads\\\/2020\\\/05\\\/DE-CS2-Credexia-Imagen-destacada.jpg\",\"width\":748,\"height\":374,\"caption\":\"DE CS2 Credexia - Imagen destacada\"},{\"@type\":\"BreadcrumbList\",\"@id\":\"https:\\\/\\\/yeeply.com\\\/de\\\/landing\\\/typ-erfolgsgeschichte-herunterladen\\\/#breadcrumb\",\"itemListElement\":[{\"@type\":\"ListItem\",\"position\":1,\"name\":\"Home\",\"item\":\"https:\\\/\\\/yeeply.com\\\/de\\\/\"},{\"@type\":\"ListItem\",\"position\":2,\"name\":\"Landing [NO BORRAR]\",\"item\":\"https:\\\/\\\/yeeply.com\\\/de\\\/landing\\\/\"},{\"@type\":\"ListItem\",\"position\":3,\"name\":\"TYP &#8211; CS 2 Credexia\"}]},{\"@type\":\"WebSite\",\"@id\":\"https:\\\/\\\/yeeply.com\\\/de\\\/#website\",\"url\":\"https:\\\/\\\/yeeply.com\\\/de\\\/\",\"name\":\"Yeeply\",\"description\":\"A platform for the development of digital projects\",\"publisher\":{\"@id\":\"https:\\\/\\\/yeeply.com\\\/de\\\/#organization\"},\"potentialAction\":[{\"@type\":\"SearchAction\",\"target\":{\"@type\":\"EntryPoint\",\"urlTemplate\":\"https:\\\/\\\/yeeply.com\\\/de\\\/?s={search_term_string}\"},\"query-input\":{\"@type\":\"PropertyValueSpecification\",\"valueRequired\":true,\"valueName\":\"search_term_string\"}}],\"inLanguage\":\"de\"},{\"@type\":\"Organization\",\"@id\":\"https:\\\/\\\/yeeply.com\\\/de\\\/#organization\",\"name\":\"Yeeply\",\"url\":\"https:\\\/\\\/yeeply.com\\\/de\\\/\",\"logo\":{\"@type\":\"ImageObject\",\"inLanguage\":\"de\",\"@id\":\"https:\\\/\\\/yeeply.com\\\/de\\\/#\\\/schema\\\/logo\\\/image\\\/\",\"url\":\"https:\\\/\\\/yeeply.com\\\/de\\\/wp-content\\\/uploads\\\/2019\\\/05\\\/logo_yeeply_black@2x.png\",\"contentUrl\":\"https:\\\/\\\/yeeply.com\\\/de\\\/wp-content\\\/uploads\\\/2019\\\/05\\\/logo_yeeply_black@2x.png\",\"width\":360,\"height\":120,\"caption\":\"Yeeply\"},\"image\":{\"@id\":\"https:\\\/\\\/yeeply.com\\\/de\\\/#\\\/schema\\\/logo\\\/image\\\/\"},\"sameAs\":[\"https:\\\/\\\/www.facebook.com\\\/YeeplyMobile\\\/\",\"https:\\\/\\\/x.com\\\/Yeeply_EN\",\"https:\\\/\\\/www.linkedin.com\\\/company\\\/yeeply\"]}]}<\/script>\n<!-- \/ Yoast SEO plugin. -->","yoast_head_json":{"title":"Sie geh\u00f6rt Ihnen: Hier ist Ihre Erfolgsgeschichte von Credexia!","description":"Sie k\u00f6nnen sie hier herunterladen und wir haben sie Ihnen au\u00dferdem per Email geschickt. Wollen Sie, dass Ihr Projekt ein Erfolg wird? Wir k\u00f6nnen helfen!","robots":{"index":"noindex","follow":"follow"},"og_locale":"de_DE","og_type":"article","og_title":"Sie geh\u00f6rt Ihnen: Hier ist Ihre Erfolgsgeschichte von Credexia!","og_description":"Sie k\u00f6nnen sie hier herunterladen und wir haben sie Ihnen au\u00dferdem per Email geschickt. Wollen Sie, dass Ihr Projekt ein Erfolg wird? Wir k\u00f6nnen helfen!","og_url":"https:\/\/yeeply.com\/de\/landing\/typ-erfolgsgeschichte-herunterladen\/","og_site_name":"Yeeply","article_publisher":"https:\/\/www.facebook.com\/YeeplyMobile\/","article_modified_time":"2020-05-12T10:42:35+00:00","og_image":[{"width":748,"height":374,"url":"https:\/\/yeeply.com\/de\/wp-content\/uploads\/2020\/05\/DE-CS2-Credexia-Imagen-destacada.jpg","type":"image\/jpeg"}],"twitter_card":"summary_large_image","twitter_site":"@Yeeply_EN","twitter_misc":{"Gesch\u00e4tzte Lesezeit":"1\u00a0Minute"},"schema":{"@context":"https:\/\/schema.org","@graph":[{"@type":"WebPage","@id":"https:\/\/yeeply.com\/de\/landing\/typ-erfolgsgeschichte-herunterladen\/","url":"https:\/\/yeeply.com\/de\/landing\/typ-erfolgsgeschichte-herunterladen\/","name":"Sie geh\u00f6rt Ihnen: Hier ist Ihre Erfolgsgeschichte von Credexia!","isPartOf":{"@id":"https:\/\/yeeply.com\/de\/#website"},"primaryImageOfPage":{"@id":"https:\/\/yeeply.com\/de\/landing\/typ-erfolgsgeschichte-herunterladen\/#primaryimage"},"image":{"@id":"https:\/\/yeeply.com\/de\/landing\/typ-erfolgsgeschichte-herunterladen\/#primaryimage"},"thumbnailUrl":"https:\/\/yeeply.com\/de\/wp-content\/uploads\/2020\/05\/DE-CS2-Credexia-Imagen-destacada.jpg","datePublished":"2020-05-11T09:30:45+00:00","dateModified":"2020-05-12T10:42:35+00:00","description":"Sie k\u00f6nnen sie hier herunterladen und wir haben sie Ihnen au\u00dferdem per Email geschickt. Wollen Sie, dass Ihr Projekt ein Erfolg wird? Wir k\u00f6nnen helfen!","breadcrumb":{"@id":"https:\/\/yeeply.com\/de\/landing\/typ-erfolgsgeschichte-herunterladen\/#breadcrumb"},"inLanguage":"de","potentialAction":[{"@type":"ReadAction","target":["https:\/\/yeeply.com\/de\/landing\/typ-erfolgsgeschichte-herunterladen\/"]}]},{"@type":"ImageObject","inLanguage":"de","@id":"https:\/\/yeeply.com\/de\/landing\/typ-erfolgsgeschichte-herunterladen\/#primaryimage","url":"https:\/\/yeeply.com\/de\/wp-content\/uploads\/2020\/05\/DE-CS2-Credexia-Imagen-destacada.jpg","contentUrl":"https:\/\/yeeply.com\/de\/wp-content\/uploads\/2020\/05\/DE-CS2-Credexia-Imagen-destacada.jpg","width":748,"height":374,"caption":"DE CS2 Credexia - Imagen destacada"},{"@type":"BreadcrumbList","@id":"https:\/\/yeeply.com\/de\/landing\/typ-erfolgsgeschichte-herunterladen\/#breadcrumb","itemListElement":[{"@type":"ListItem","position":1,"name":"Home","item":"https:\/\/yeeply.com\/de\/"},{"@type":"ListItem","position":2,"name":"Landing [NO BORRAR]","item":"https:\/\/yeeply.com\/de\/landing\/"},{"@type":"ListItem","position":3,"name":"TYP &#8211; CS 2 Credexia"}]},{"@type":"WebSite","@id":"https:\/\/yeeply.com\/de\/#website","url":"https:\/\/yeeply.com\/de\/","name":"Yeeply","description":"A platform for the development of digital projects","publisher":{"@id":"https:\/\/yeeply.com\/de\/#organization"},"potentialAction":[{"@type":"SearchAction","target":{"@type":"EntryPoint","urlTemplate":"https:\/\/yeeply.com\/de\/?s={search_term_string}"},"query-input":{"@type":"PropertyValueSpecification","valueRequired":true,"valueName":"search_term_string"}}],"inLanguage":"de"},{"@type":"Organization","@id":"https:\/\/yeeply.com\/de\/#organization","name":"Yeeply","url":"https:\/\/yeeply.com\/de\/","logo":{"@type":"ImageObject","inLanguage":"de","@id":"https:\/\/yeeply.com\/de\/#\/schema\/logo\/image\/","url":"https:\/\/yeeply.com\/de\/wp-content\/uploads\/2019\/05\/logo_yeeply_black@2x.png","contentUrl":"https:\/\/yeeply.com\/de\/wp-content\/uploads\/2019\/05\/logo_yeeply_black@2x.png","width":360,"height":120,"caption":"Yeeply"},"image":{"@id":"https:\/\/yeeply.com\/de\/#\/schema\/logo\/image\/"},"sameAs":["https:\/\/www.facebook.com\/YeeplyMobile\/","https:\/\/x.com\/Yeeply_EN","https:\/\/www.linkedin.com\/company\/yeeply"]}]}},"uagb_featured_image_src":{"full":["https:\/\/yeeply.com\/de\/wp-content\/uploads\/2020\/05\/DE-CS2-Credexia-Imagen-destacada.jpg",748,374,false],"thumbnail":["https:\/\/yeeply.com\/de\/wp-content\/uploads\/2020\/05\/DE-CS2-Credexia-Imagen-destacada-150x150.jpg",150,150,true],"medium":["https:\/\/yeeply.com\/de\/wp-content\/uploads\/2020\/05\/DE-CS2-Credexia-Imagen-destacada-300x150.jpg",300,150,true],"medium_large":["https:\/\/yeeply.com\/de\/wp-content\/uploads\/2020\/05\/DE-CS2-Credexia-Imagen-destacada.jpg",640,320,false],"large":["https:\/\/yeeply.com\/de\/wp-content\/uploads\/2020\/05\/DE-CS2-Credexia-Imagen-destacada.jpg",640,320,false],"1536x1536":["https:\/\/yeeply.com\/de\/wp-content\/uploads\/2020\/05\/DE-CS2-Credexia-Imagen-destacada.jpg",748,374,false],"2048x2048":["https:\/\/yeeply.com\/de\/wp-content\/uploads\/2020\/05\/DE-CS2-Credexia-Imagen-destacada.jpg",748,374,false],"gform-image-choice-sm":["https:\/\/yeeply.com\/de\/wp-content\/uploads\/2020\/05\/DE-CS2-Credexia-Imagen-destacada.jpg",300,150,false],"gform-image-choice-md":["https:\/\/yeeply.com\/de\/wp-content\/uploads\/2020\/05\/DE-CS2-Credexia-Imagen-destacada.jpg",400,200,false],"gform-image-choice-lg":["https:\/\/yeeply.com\/de\/wp-content\/uploads\/2020\/05\/DE-CS2-Credexia-Imagen-destacada.jpg",600,300,false]},"uagb_author_info":{"display_name":"Lucia Bravo","author_link":"https:\/\/yeeply.com\/de\/author\/lucia\/"},"uagb_comment_info":0,"uagb_excerpt":null,"_links":{"self":[{"href":"https:\/\/yeeply.com\/de\/wp-json\/wp\/v2\/pages\/11428","targetHints":{"allow":["GET"]}}],"collection":[{"href":"https:\/\/yeeply.com\/de\/wp-json\/wp\/v2\/pages"}],"about":[{"href":"https:\/\/yeeply.com\/de\/wp-json\/wp\/v2\/types\/page"}],"author":[{"embeddable":true,"href":"https:\/\/yeeply.com\/de\/wp-json\/wp\/v2\/users\/37"}],"replies":[{"embeddable":true,"href":"https:\/\/yeeply.com\/de\/wp-json\/wp\/v2\/comments?post=11428"}],"version-history":[{"count":0,"href":"https:\/\/yeeply.com\/de\/wp-json\/wp\/v2\/pages\/11428\/revisions"}],"up":[{"embeddable":true,"href":"https:\/\/yeeply.com\/de\/wp-json\/wp\/v2\/pages\/11239"}],"wp:featuredmedia":[{"embeddable":true,"href":"https:\/\/yeeply.com\/de\/wp-json\/wp\/v2\/media\/11500"}],"wp:attachment":[{"href":"https:\/\/yeeply.com\/de\/wp-json\/wp\/v2\/media?parent=11428"}],"wp:term":[{"taxonomy":"category","embeddable":true,"href":"https:\/\/yeeply.com\/de\/wp-json\/wp\/v2\/categories?post=11428"}],"curies":[{"name":"wp","href":"https:\/\/api.w.org\/{rel}","templated":true}]}}