{"id":11424,"date":"2020-05-11T09:30:45","date_gmt":"2020-05-11T09:30:45","guid":{"rendered":"https:\/\/yeeply.com\/de\/?page_id=11424"},"modified":"2020-05-12T10:43:10","modified_gmt":"2020-05-12T10:43:10","slug":"typ-download-ebook-mobile-game","status":"publish","type":"page","link":"https:\/\/yeeply.com\/de\/landing\/typ-download-ebook-mobile-game\/","title":{"rendered":"TYP &#8211; Ebook 3 Juego"},"content":{"rendered":"\n<section class=\"wp-block-uagb-section uagb-section__wrap uagb-section__background-undefined uagb-block-efc262c5-5e52-4709-ad3c-a7f6cc9b75b4 lp-template\"><div class=\"uagb-section__overlay\"><\/div><div class=\"uagb-section__inner-wrap\">\n<section class=\"wp-block-uagb-columns uagb-columns__wrap uagb-columns__background-undefined uagb-columns__stack-mobile uagb-columns__valign-undefined uagb-columns__gap-10 alignundefined uagb-block-50cfe3e2-a04b-419c-89f7-e4987b66f914\"><div class=\"uagb-columns__overlay\"><\/div><div class=\"uagb-columns__inner-wrap uagb-columns__columns-2\">\n<div class=\"wp-block-uagb-column uagb-column__wrap uagb-column__background-undefined uagb-block-7969c206-cb4e-47d6-ba69-0bab4212f095\"><div class=\"uagb-column__overlay\"><\/div><div class=\"uagb-column__inner-wrap\">\n<div class=\"wp-block-image\"><figure class=\"aligncenter size-large\"><a href=\"https:\/\/mautic.yeeply.com\/asset\/15:yeeplyebook3juegomovildepdf?stream=1\" target=\"_blank\"><img fetchpriority=\"high\" decoding=\"async\" width=\"590\" height=\"750\" src=\"https:\/\/yeeply.com\/de\/wp-content\/uploads\/2020\/05\/DE-ebook3-typ.png\" alt=\"DE-ebook3-typ\" class=\"wp-image-11507\" srcset=\"https:\/\/yeeply.com\/de\/wp-content\/uploads\/2020\/05\/DE-ebook3-typ.png 590w, https:\/\/yeeply.com\/de\/wp-content\/uploads\/2020\/05\/DE-ebook3-typ-236x300.png 236w\" sizes=\"(max-width: 590px) 100vw, 590px\" \/><\/a><\/figure><\/div>\n<\/div><\/div>\n\n\n\n<div class=\"wp-block-uagb-column uagb-column__wrap uagb-column__background-undefined uagb-block-072cd727-c1e9-4e2f-8819-f4590bd4df7c\"><div class=\"uagb-column__overlay\"><\/div><div class=\"uagb-column__inner-wrap\">\n<h2 class=\"wp-block-heading\">Ihr E-Book ist bereit! <\/h2>\n\n\n\n<p>Sie sind der Verwirklichung Ihrer Idee einen Schritt n\u00e4her gekommen. Wir hoffen, dass dieses E-Book Ihnen dabei helfen wird!<\/p>\n\n\n\n<p><strong>M\u00f6chten Sie, dass wir Ihnen helfen, das richtige Entwicklungsteam zu finden?<\/strong>&nbsp;Erz\u00e4hlen Sie uns von Ihrem Projekt und erhalten Sie ein individuelles Angebot &#8211; unverbindlich!<\/p>\n\n\n\n<section class=\"wp-block-uagb-columns uagb-columns__wrap uagb-columns__background-undefined uagb-columns__stack-mobile uagb-columns__valign-undefined uagb-columns__gap-10 alignundefined uagb-block-16ab4a9e-7569-434b-901b-940b1d9cef49\"><div class=\"uagb-columns__overlay\"><\/div><div class=\"uagb-columns__inner-wrap uagb-columns__columns-2\">\n<div class=\"wp-block-uagb-column uagb-column__wrap uagb-column__background-undefined uagb-block-35cd3292-2fe6-42a7-9fc2-106086b87340\"><div class=\"uagb-column__overlay\"><\/div><div class=\"uagb-column__inner-wrap\">\n<div class=\"wp-block-button btn-typ-white-outline\"><a class=\"wp-block-button__link\" href=\"https:\/\/mautic.yeeply.com\/asset\/15:yeeplyebook3juegomovildepdf?stream=1\" target=\"_blank\">HERUNTERladen<\/a><\/div>\n<\/div><\/div>\n\n\n\n<div class=\"wp-block-uagb-column uagb-column__wrap uagb-column__background-undefined uagb-block-9a184943-a1f4-4166-b448-0ef83e178f15\"><div class=\"uagb-column__overlay\"><\/div><div class=\"uagb-column__inner-wrap\">\n<div class=\"wp-block-button btn-typ-blue\"><a class=\"wp-block-button__link\" href=\"https:\/\/yeeply.com\/de\/#publish-project\" target=\"_blank\">PROJEKT VER\u00d6FFENTLICHEN<\/a><\/div>\n<\/div><\/div>\n<\/div><\/section>\n\n\n\n<p>\u00dcberpr\u00fcfen Sie Ihre E-Mails! Wir haben Ihnen eine E-Mail mit dem E-Book geschickt, damit Sie jederzeit darauf zugreifen k\u00f6nnen. \u00dcberpr\u00fcfen Sie Ihr Postfach und stellen Sie sicher, dass sie nicht im SPAM-Ordner gelandet ist.<\/p>\n<\/div><\/div>\n<\/div><\/section>\n<\/div><\/section>\n\n\n\n<p><\/p>\n","protected":false},"excerpt":{"rendered":"","protected":false},"author":37,"featured_media":11473,"parent":11239,"menu_order":0,"comment_status":"closed","ping_status":"closed","template":"","meta":{"inline_featured_image":false,"_uag_custom_page_level_css":"","footnotes":""},"categories":[],"class_list":["post-11424","page","type-page","status-publish","has-post-thumbnail","hentry"],"yoast_head":"<!-- This site is optimized with the Yoast SEO plugin v27.4 - https:\/\/yoast.com\/product\/yoast-seo-wordpress\/ -->\n<title>Vielen Dank f\u00fcr das Herunterladen des E-Books<\/title>\n<meta name=\"description\" content=\"Sie k\u00f6nnen Ihr E-Book \u00fcber diesen Link herunterladen. Wir haben auch eine Kopie an Ihre E-Mail-Adresse geschickt, damit Sie immer darauf zugreifen k\u00f6nnen.\" \/>\n<meta name=\"robots\" content=\"noindex, follow\" \/>\n<meta property=\"og:locale\" content=\"de_DE\" \/>\n<meta property=\"og:type\" content=\"article\" \/>\n<meta property=\"og:title\" content=\"Vielen Dank f\u00fcr das Herunterladen des E-Books\" \/>\n<meta property=\"og:description\" content=\"Sie k\u00f6nnen Ihr E-Book \u00fcber diesen Link herunterladen. Wir haben auch eine Kopie an Ihre E-Mail-Adresse geschickt, damit Sie immer darauf zugreifen k\u00f6nnen.\" \/>\n<meta property=\"og:url\" content=\"https:\/\/yeeply.com\/de\/landing\/typ-download-ebook-mobile-game\/\" \/>\n<meta property=\"og:site_name\" content=\"Yeeply\" \/>\n<meta property=\"article:publisher\" content=\"https:\/\/www.facebook.com\/YeeplyMobile\/\" \/>\n<meta property=\"article:modified_time\" content=\"2020-05-12T10:43:10+00:00\" \/>\n<meta property=\"og:image\" content=\"https:\/\/yeeply.com\/de\/wp-content\/uploads\/2020\/05\/CTAs_YEEPLY_eBook_3_ADS_DE.jpg\" \/>\n\t<meta property=\"og:image:width\" content=\"748\" \/>\n\t<meta property=\"og:image:height\" content=\"374\" \/>\n\t<meta property=\"og:image:type\" content=\"image\/jpeg\" \/>\n<meta name=\"twitter:card\" content=\"summary_large_image\" \/>\n<meta name=\"twitter:site\" content=\"@Yeeply_EN\" \/>\n<script type=\"application\/ld+json\" class=\"yoast-schema-graph\">{\"@context\":\"https:\\\/\\\/schema.org\",\"@graph\":[{\"@type\":\"WebPage\",\"@id\":\"https:\\\/\\\/yeeply.com\\\/de\\\/landing\\\/typ-download-ebook-mobile-game\\\/\",\"url\":\"https:\\\/\\\/yeeply.com\\\/de\\\/landing\\\/typ-download-ebook-mobile-game\\\/\",\"name\":\"Vielen Dank f\u00fcr das Herunterladen des E-Books\",\"isPartOf\":{\"@id\":\"https:\\\/\\\/yeeply.com\\\/de\\\/#website\"},\"primaryImageOfPage\":{\"@id\":\"https:\\\/\\\/yeeply.com\\\/de\\\/landing\\\/typ-download-ebook-mobile-game\\\/#primaryimage\"},\"image\":{\"@id\":\"https:\\\/\\\/yeeply.com\\\/de\\\/landing\\\/typ-download-ebook-mobile-game\\\/#primaryimage\"},\"thumbnailUrl\":\"https:\\\/\\\/yeeply.com\\\/de\\\/wp-content\\\/uploads\\\/2020\\\/05\\\/CTAs_YEEPLY_eBook_3_ADS_DE.jpg\",\"datePublished\":\"2020-05-11T09:30:45+00:00\",\"dateModified\":\"2020-05-12T10:43:10+00:00\",\"description\":\"Sie k\u00f6nnen Ihr E-Book \u00fcber diesen Link herunterladen. Wir haben auch eine Kopie an Ihre E-Mail-Adresse geschickt, damit Sie immer darauf zugreifen k\u00f6nnen.\",\"breadcrumb\":{\"@id\":\"https:\\\/\\\/yeeply.com\\\/de\\\/landing\\\/typ-download-ebook-mobile-game\\\/#breadcrumb\"},\"inLanguage\":\"de\",\"potentialAction\":[{\"@type\":\"ReadAction\",\"target\":[\"https:\\\/\\\/yeeply.com\\\/de\\\/landing\\\/typ-download-ebook-mobile-game\\\/\"]}]},{\"@type\":\"ImageObject\",\"inLanguage\":\"de\",\"@id\":\"https:\\\/\\\/yeeply.com\\\/de\\\/landing\\\/typ-download-ebook-mobile-game\\\/#primaryimage\",\"url\":\"https:\\\/\\\/yeeply.com\\\/de\\\/wp-content\\\/uploads\\\/2020\\\/05\\\/CTAs_YEEPLY_eBook_3_ADS_DE.jpg\",\"contentUrl\":\"https:\\\/\\\/yeeply.com\\\/de\\\/wp-content\\\/uploads\\\/2020\\\/05\\\/CTAs_YEEPLY_eBook_3_ADS_DE.jpg\",\"width\":748,\"height\":374,\"caption\":\"CTAs_YEEPLY_eBook_3_ADS_DE\"},{\"@type\":\"BreadcrumbList\",\"@id\":\"https:\\\/\\\/yeeply.com\\\/de\\\/landing\\\/typ-download-ebook-mobile-game\\\/#breadcrumb\",\"itemListElement\":[{\"@type\":\"ListItem\",\"position\":1,\"name\":\"Home\",\"item\":\"https:\\\/\\\/yeeply.com\\\/de\\\/\"},{\"@type\":\"ListItem\",\"position\":2,\"name\":\"Landing [NO BORRAR]\",\"item\":\"https:\\\/\\\/yeeply.com\\\/de\\\/landing\\\/\"},{\"@type\":\"ListItem\",\"position\":3,\"name\":\"TYP &#8211; Ebook 3 Juego\"}]},{\"@type\":\"WebSite\",\"@id\":\"https:\\\/\\\/yeeply.com\\\/de\\\/#website\",\"url\":\"https:\\\/\\\/yeeply.com\\\/de\\\/\",\"name\":\"Yeeply\",\"description\":\"A platform for the development of digital projects\",\"publisher\":{\"@id\":\"https:\\\/\\\/yeeply.com\\\/de\\\/#organization\"},\"potentialAction\":[{\"@type\":\"SearchAction\",\"target\":{\"@type\":\"EntryPoint\",\"urlTemplate\":\"https:\\\/\\\/yeeply.com\\\/de\\\/?s={search_term_string}\"},\"query-input\":{\"@type\":\"PropertyValueSpecification\",\"valueRequired\":true,\"valueName\":\"search_term_string\"}}],\"inLanguage\":\"de\"},{\"@type\":\"Organization\",\"@id\":\"https:\\\/\\\/yeeply.com\\\/de\\\/#organization\",\"name\":\"Yeeply\",\"url\":\"https:\\\/\\\/yeeply.com\\\/de\\\/\",\"logo\":{\"@type\":\"ImageObject\",\"inLanguage\":\"de\",\"@id\":\"https:\\\/\\\/yeeply.com\\\/de\\\/#\\\/schema\\\/logo\\\/image\\\/\",\"url\":\"https:\\\/\\\/yeeply.com\\\/de\\\/wp-content\\\/uploads\\\/2019\\\/05\\\/logo_yeeply_black@2x.png\",\"contentUrl\":\"https:\\\/\\\/yeeply.com\\\/de\\\/wp-content\\\/uploads\\\/2019\\\/05\\\/logo_yeeply_black@2x.png\",\"width\":360,\"height\":120,\"caption\":\"Yeeply\"},\"image\":{\"@id\":\"https:\\\/\\\/yeeply.com\\\/de\\\/#\\\/schema\\\/logo\\\/image\\\/\"},\"sameAs\":[\"https:\\\/\\\/www.facebook.com\\\/YeeplyMobile\\\/\",\"https:\\\/\\\/x.com\\\/Yeeply_EN\",\"https:\\\/\\\/www.linkedin.com\\\/company\\\/yeeply\"]}]}<\/script>\n<!-- \/ Yoast SEO plugin. -->","yoast_head_json":{"title":"Vielen Dank f\u00fcr das Herunterladen des E-Books","description":"Sie k\u00f6nnen Ihr E-Book \u00fcber diesen Link herunterladen. Wir haben auch eine Kopie an Ihre E-Mail-Adresse geschickt, damit Sie immer darauf zugreifen k\u00f6nnen.","robots":{"index":"noindex","follow":"follow"},"og_locale":"de_DE","og_type":"article","og_title":"Vielen Dank f\u00fcr das Herunterladen des E-Books","og_description":"Sie k\u00f6nnen Ihr E-Book \u00fcber diesen Link herunterladen. Wir haben auch eine Kopie an Ihre E-Mail-Adresse geschickt, damit Sie immer darauf zugreifen k\u00f6nnen.","og_url":"https:\/\/yeeply.com\/de\/landing\/typ-download-ebook-mobile-game\/","og_site_name":"Yeeply","article_publisher":"https:\/\/www.facebook.com\/YeeplyMobile\/","article_modified_time":"2020-05-12T10:43:10+00:00","og_image":[{"width":748,"height":374,"url":"https:\/\/yeeply.com\/de\/wp-content\/uploads\/2020\/05\/CTAs_YEEPLY_eBook_3_ADS_DE.jpg","type":"image\/jpeg"}],"twitter_card":"summary_large_image","twitter_site":"@Yeeply_EN","schema":{"@context":"https:\/\/schema.org","@graph":[{"@type":"WebPage","@id":"https:\/\/yeeply.com\/de\/landing\/typ-download-ebook-mobile-game\/","url":"https:\/\/yeeply.com\/de\/landing\/typ-download-ebook-mobile-game\/","name":"Vielen Dank f\u00fcr das Herunterladen des E-Books","isPartOf":{"@id":"https:\/\/yeeply.com\/de\/#website"},"primaryImageOfPage":{"@id":"https:\/\/yeeply.com\/de\/landing\/typ-download-ebook-mobile-game\/#primaryimage"},"image":{"@id":"https:\/\/yeeply.com\/de\/landing\/typ-download-ebook-mobile-game\/#primaryimage"},"thumbnailUrl":"https:\/\/yeeply.com\/de\/wp-content\/uploads\/2020\/05\/CTAs_YEEPLY_eBook_3_ADS_DE.jpg","datePublished":"2020-05-11T09:30:45+00:00","dateModified":"2020-05-12T10:43:10+00:00","description":"Sie k\u00f6nnen Ihr E-Book \u00fcber diesen Link herunterladen. Wir haben auch eine Kopie an Ihre E-Mail-Adresse geschickt, damit Sie immer darauf zugreifen k\u00f6nnen.","breadcrumb":{"@id":"https:\/\/yeeply.com\/de\/landing\/typ-download-ebook-mobile-game\/#breadcrumb"},"inLanguage":"de","potentialAction":[{"@type":"ReadAction","target":["https:\/\/yeeply.com\/de\/landing\/typ-download-ebook-mobile-game\/"]}]},{"@type":"ImageObject","inLanguage":"de","@id":"https:\/\/yeeply.com\/de\/landing\/typ-download-ebook-mobile-game\/#primaryimage","url":"https:\/\/yeeply.com\/de\/wp-content\/uploads\/2020\/05\/CTAs_YEEPLY_eBook_3_ADS_DE.jpg","contentUrl":"https:\/\/yeeply.com\/de\/wp-content\/uploads\/2020\/05\/CTAs_YEEPLY_eBook_3_ADS_DE.jpg","width":748,"height":374,"caption":"CTAs_YEEPLY_eBook_3_ADS_DE"},{"@type":"BreadcrumbList","@id":"https:\/\/yeeply.com\/de\/landing\/typ-download-ebook-mobile-game\/#breadcrumb","itemListElement":[{"@type":"ListItem","position":1,"name":"Home","item":"https:\/\/yeeply.com\/de\/"},{"@type":"ListItem","position":2,"name":"Landing [NO BORRAR]","item":"https:\/\/yeeply.com\/de\/landing\/"},{"@type":"ListItem","position":3,"name":"TYP &#8211; Ebook 3 Juego"}]},{"@type":"WebSite","@id":"https:\/\/yeeply.com\/de\/#website","url":"https:\/\/yeeply.com\/de\/","name":"Yeeply","description":"A platform for the development of digital projects","publisher":{"@id":"https:\/\/yeeply.com\/de\/#organization"},"potentialAction":[{"@type":"SearchAction","target":{"@type":"EntryPoint","urlTemplate":"https:\/\/yeeply.com\/de\/?s={search_term_string}"},"query-input":{"@type":"PropertyValueSpecification","valueRequired":true,"valueName":"search_term_string"}}],"inLanguage":"de"},{"@type":"Organization","@id":"https:\/\/yeeply.com\/de\/#organization","name":"Yeeply","url":"https:\/\/yeeply.com\/de\/","logo":{"@type":"ImageObject","inLanguage":"de","@id":"https:\/\/yeeply.com\/de\/#\/schema\/logo\/image\/","url":"https:\/\/yeeply.com\/de\/wp-content\/uploads\/2019\/05\/logo_yeeply_black@2x.png","contentUrl":"https:\/\/yeeply.com\/de\/wp-content\/uploads\/2019\/05\/logo_yeeply_black@2x.png","width":360,"height":120,"caption":"Yeeply"},"image":{"@id":"https:\/\/yeeply.com\/de\/#\/schema\/logo\/image\/"},"sameAs":["https:\/\/www.facebook.com\/YeeplyMobile\/","https:\/\/x.com\/Yeeply_EN","https:\/\/www.linkedin.com\/company\/yeeply"]}]}},"uagb_featured_image_src":{"full":["https:\/\/yeeply.com\/de\/wp-content\/uploads\/2020\/05\/CTAs_YEEPLY_eBook_3_ADS_DE.jpg",748,374,false],"thumbnail":["https:\/\/yeeply.com\/de\/wp-content\/uploads\/2020\/05\/CTAs_YEEPLY_eBook_3_ADS_DE-150x150.jpg",150,150,true],"medium":["https:\/\/yeeply.com\/de\/wp-content\/uploads\/2020\/05\/CTAs_YEEPLY_eBook_3_ADS_DE-300x150.jpg",300,150,true],"medium_large":["https:\/\/yeeply.com\/de\/wp-content\/uploads\/2020\/05\/CTAs_YEEPLY_eBook_3_ADS_DE.jpg",640,320,false],"large":["https:\/\/yeeply.com\/de\/wp-content\/uploads\/2020\/05\/CTAs_YEEPLY_eBook_3_ADS_DE.jpg",640,320,false],"1536x1536":["https:\/\/yeeply.com\/de\/wp-content\/uploads\/2020\/05\/CTAs_YEEPLY_eBook_3_ADS_DE.jpg",748,374,false],"2048x2048":["https:\/\/yeeply.com\/de\/wp-content\/uploads\/2020\/05\/CTAs_YEEPLY_eBook_3_ADS_DE.jpg",748,374,false],"gform-image-choice-sm":["https:\/\/yeeply.com\/de\/wp-content\/uploads\/2020\/05\/CTAs_YEEPLY_eBook_3_ADS_DE.jpg",300,150,false],"gform-image-choice-md":["https:\/\/yeeply.com\/de\/wp-content\/uploads\/2020\/05\/CTAs_YEEPLY_eBook_3_ADS_DE.jpg",400,200,false],"gform-image-choice-lg":["https:\/\/yeeply.com\/de\/wp-content\/uploads\/2020\/05\/CTAs_YEEPLY_eBook_3_ADS_DE.jpg",600,300,false]},"uagb_author_info":{"display_name":"Lucia Bravo","author_link":"https:\/\/yeeply.com\/de\/author\/lucia\/"},"uagb_comment_info":0,"uagb_excerpt":null,"_links":{"self":[{"href":"https:\/\/yeeply.com\/de\/wp-json\/wp\/v2\/pages\/11424","targetHints":{"allow":["GET"]}}],"collection":[{"href":"https:\/\/yeeply.com\/de\/wp-json\/wp\/v2\/pages"}],"about":[{"href":"https:\/\/yeeply.com\/de\/wp-json\/wp\/v2\/types\/page"}],"author":[{"embeddable":true,"href":"https:\/\/yeeply.com\/de\/wp-json\/wp\/v2\/users\/37"}],"replies":[{"embeddable":true,"href":"https:\/\/yeeply.com\/de\/wp-json\/wp\/v2\/comments?post=11424"}],"version-history":[{"count":0,"href":"https:\/\/yeeply.com\/de\/wp-json\/wp\/v2\/pages\/11424\/revisions"}],"up":[{"embeddable":true,"href":"https:\/\/yeeply.com\/de\/wp-json\/wp\/v2\/pages\/11239"}],"wp:featuredmedia":[{"embeddable":true,"href":"https:\/\/yeeply.com\/de\/wp-json\/wp\/v2\/media\/11473"}],"wp:attachment":[{"href":"https:\/\/yeeply.com\/de\/wp-json\/wp\/v2\/media?parent=11424"}],"wp:term":[{"taxonomy":"category","embeddable":true,"href":"https:\/\/yeeply.com\/de\/wp-json\/wp\/v2\/categories?post=11424"}],"curies":[{"name":"wp","href":"https:\/\/api.w.org\/{rel}","templated":true}]}}