{"id":11305,"date":"2020-04-30T10:52:52","date_gmt":"2020-04-30T10:52:52","guid":{"rendered":"https:\/\/yeeply.com\/de\/?page_id=11305"},"modified":"2020-05-12T10:42:48","modified_gmt":"2020-05-12T10:42:48","slug":"typ-ebook-apps","status":"publish","type":"page","link":"https:\/\/yeeply.com\/de\/landing\/typ-ebook-apps\/","title":{"rendered":"TYP &#8211; Ebook 1 App"},"content":{"rendered":"\n<section class=\"wp-block-uagb-section uagb-section__wrap uagb-section__background-undefined uagb-block-2893409a-0b6b-4f89-bea4-9069980c096c lp-template\"><div class=\"uagb-section__overlay\"><\/div><div class=\"uagb-section__inner-wrap\">\n<section class=\"wp-block-uagb-columns uagb-columns__wrap uagb-columns__background-undefined uagb-columns__stack-mobile uagb-columns__valign-undefined uagb-columns__gap-10 alignundefined uagb-block-b96a90d7-f5b4-4df7-9341-62613eabe707\"><div class=\"uagb-columns__overlay\"><\/div><div class=\"uagb-columns__inner-wrap uagb-columns__columns-2\">\n<div class=\"wp-block-uagb-column uagb-column__wrap uagb-column__background-undefined uagb-block-7969c206-cb4e-47d6-ba69-0bab4212f095\"><div class=\"uagb-column__overlay\"><\/div><div class=\"uagb-column__inner-wrap\">\n<div class=\"wp-block-image\"><figure class=\"aligncenter size-large\"><a href=\"https:\/\/mautic.yeeply.com\/asset\/5:yeeplyebookguiaappsdepdf?stream=1\" target=\"_blank\" rel=\"noreferrer noopener\"><img fetchpriority=\"high\" decoding=\"async\" width=\"748\" height=\"951\" src=\"https:\/\/yeeply.com\/de\/wp-content\/uploads\/2020\/05\/DE-ebook-1-app-typ.jpg\" alt=\"DE-ebook-1-app-typ\" class=\"wp-image-11502\" srcset=\"https:\/\/yeeply.com\/de\/wp-content\/uploads\/2020\/05\/DE-ebook-1-app-typ.jpg 748w, https:\/\/yeeply.com\/de\/wp-content\/uploads\/2020\/05\/DE-ebook-1-app-typ-236x300.jpg 236w\" sizes=\"(max-width: 748px) 100vw, 748px\" \/><\/a><\/figure><\/div>\n<\/div><\/div>\n\n\n\n<div class=\"wp-block-uagb-column uagb-column__wrap uagb-column__background-undefined uagb-block-072cd727-c1e9-4e2f-8819-f4590bd4df7c\"><div class=\"uagb-column__overlay\"><\/div><div class=\"uagb-column__inner-wrap\">\n<h2 class=\"wp-block-heading\">Ihr E-Book ist bereit! K\u00f6nnen wir Ihnen bei etwas anderem helfen? <\/h2>\n\n\n\n<p>Vielen Dank, dass Sie die ultimative Anleitung zum Erstellen einer App f\u00fcr Ihr Unternehmen heruntergeladen haben! Wir hoffen, dass Sie sich damit erfolgreich der Entwicklung Ihrer n\u00e4chsten App stellen k\u00f6nnen. <\/p>\n\n\n\n<p><strong>Wollen Sie, dass wir f\u00fcr Sie ein Entwicklungsteam finden, das es realisiert?<\/strong> Ver\u00f6ffentlichen Sie Ihr Projekt auf Yeeply &#8211; es dauert nur eine Minute &#8211; um ein individuelles und unverbindliches Angebot zu erhalten. <\/p>\n\n\n\n<section class=\"wp-block-uagb-columns uagb-columns__wrap uagb-columns__background-undefined uagb-columns__stack-mobile uagb-columns__valign-undefined uagb-columns__gap-10 alignundefined uagb-block-16ab4a9e-7569-434b-901b-940b1d9cef49\"><div class=\"uagb-columns__overlay\"><\/div><div class=\"uagb-columns__inner-wrap uagb-columns__columns-2\">\n<div class=\"wp-block-uagb-column uagb-column__wrap uagb-column__background-undefined uagb-block-a526cd55-7ee3-4c22-b7de-1460a1da0344\"><div class=\"uagb-column__overlay\"><\/div><div class=\"uagb-column__inner-wrap\">\n<div class=\"wp-block-button btn-typ-white-outline\"><a class=\"wp-block-button__link\" href=\"https:\/\/mautic.yeeply.com\/asset\/5:yeeplyebookguiaappsdepdf?stream=1\" target=\"_blank\" rel=\"noopener noreferrer\">HERUNTERladen<\/a><\/div>\n<\/div><\/div>\n\n\n\n<div class=\"wp-block-uagb-column uagb-column__wrap uagb-column__background-undefined uagb-block-25d66208-a921-48a8-ae7b-e36f5f712d21\"><div class=\"uagb-column__overlay\"><\/div><div class=\"uagb-column__inner-wrap\">\n<div class=\"wp-block-button btn-typ-blue\"><a class=\"wp-block-button__link\" href=\"https:\/\/yeeply.com\/de\/#publish-project\" target=\"_blank\">PROJEKT VER\u00d6FFENTLICHEN<\/a><\/div>\n<\/div><\/div>\n<\/div><\/section>\n\n\n\n<p>\u00dcberpr\u00fcfen Sie Ihre E-Mails! Wir haben Ihnen eine E-Mail mit dem E-Book zugeschickt, damit Sie jederzeit darauf zugreifen k\u00f6nnen. \u00dcberpr\u00fcfen Sie Ihr Postfach und stellen Sie sicher, dass sie nicht im SPAM-Ordner gelandet ist.<\/p>\n<\/div><\/div>\n<\/div><\/section>\n<\/div><\/section>\n\n\n\n<p><\/p>\n","protected":false},"excerpt":{"rendered":"","protected":false},"author":37,"featured_media":11462,"parent":11239,"menu_order":0,"comment_status":"closed","ping_status":"closed","template":"","meta":{"inline_featured_image":false,"_uag_custom_page_level_css":"","footnotes":""},"categories":[],"class_list":["post-11305","page","type-page","status-publish","has-post-thumbnail","hentry"],"yoast_head":"<!-- This site is optimized with the Yoast SEO plugin v27.4 - https:\/\/yoast.com\/product\/yoast-seo-wordpress\/ -->\n<title>Hier haben Sie Ihr E-Book zur Erstellung Ihrer App<\/title>\n<meta name=\"description\" content=\"Hier ist die ultimative Anleitung zur Erstellung Ihrer App von Yeeply! Laden Sie sie herunter, um sie immer zur Hand zu haben!\" \/>\n<meta name=\"robots\" content=\"noindex, follow\" \/>\n<meta property=\"og:locale\" content=\"de_DE\" \/>\n<meta property=\"og:type\" content=\"article\" \/>\n<meta property=\"og:title\" content=\"Hier haben Sie Ihr E-Book zur Erstellung Ihrer App\" \/>\n<meta property=\"og:description\" content=\"Hier ist die ultimative Anleitung zur Erstellung Ihrer App von Yeeply! Laden Sie sie herunter, um sie immer zur Hand zu haben!\" \/>\n<meta property=\"og:url\" content=\"https:\/\/yeeply.com\/de\/landing\/typ-ebook-apps\/\" \/>\n<meta property=\"og:site_name\" content=\"Yeeply\" \/>\n<meta property=\"article:publisher\" content=\"https:\/\/www.facebook.com\/YeeplyMobile\/\" \/>\n<meta property=\"article:modified_time\" content=\"2020-05-12T10:42:48+00:00\" \/>\n<meta property=\"og:image\" content=\"https:\/\/yeeply.com\/de\/wp-content\/uploads\/2020\/05\/CTA_YEEPLY_RRSS_DE.jpg\" \/>\n\t<meta property=\"og:image:width\" content=\"748\" \/>\n\t<meta property=\"og:image:height\" content=\"374\" \/>\n\t<meta property=\"og:image:type\" content=\"image\/jpeg\" \/>\n<meta name=\"twitter:card\" content=\"summary_large_image\" \/>\n<meta name=\"twitter:site\" content=\"@Yeeply_EN\" \/>\n<meta name=\"twitter:label1\" content=\"Gesch\u00e4tzte Lesezeit\" \/>\n\t<meta name=\"twitter:data1\" content=\"1\u00a0Minute\" \/>\n<script type=\"application\/ld+json\" class=\"yoast-schema-graph\">{\"@context\":\"https:\\\/\\\/schema.org\",\"@graph\":[{\"@type\":\"WebPage\",\"@id\":\"https:\\\/\\\/yeeply.com\\\/de\\\/landing\\\/typ-ebook-apps\\\/\",\"url\":\"https:\\\/\\\/yeeply.com\\\/de\\\/landing\\\/typ-ebook-apps\\\/\",\"name\":\"Hier haben Sie Ihr E-Book zur Erstellung Ihrer App\",\"isPartOf\":{\"@id\":\"https:\\\/\\\/yeeply.com\\\/de\\\/#website\"},\"primaryImageOfPage\":{\"@id\":\"https:\\\/\\\/yeeply.com\\\/de\\\/landing\\\/typ-ebook-apps\\\/#primaryimage\"},\"image\":{\"@id\":\"https:\\\/\\\/yeeply.com\\\/de\\\/landing\\\/typ-ebook-apps\\\/#primaryimage\"},\"thumbnailUrl\":\"https:\\\/\\\/yeeply.com\\\/de\\\/wp-content\\\/uploads\\\/2020\\\/05\\\/CTA_YEEPLY_RRSS_DE.jpg\",\"datePublished\":\"2020-04-30T10:52:52+00:00\",\"dateModified\":\"2020-05-12T10:42:48+00:00\",\"description\":\"Hier ist die ultimative Anleitung zur Erstellung Ihrer App von Yeeply! Laden Sie sie herunter, um sie immer zur Hand zu haben!\",\"breadcrumb\":{\"@id\":\"https:\\\/\\\/yeeply.com\\\/de\\\/landing\\\/typ-ebook-apps\\\/#breadcrumb\"},\"inLanguage\":\"de\",\"potentialAction\":[{\"@type\":\"ReadAction\",\"target\":[\"https:\\\/\\\/yeeply.com\\\/de\\\/landing\\\/typ-ebook-apps\\\/\"]}]},{\"@type\":\"ImageObject\",\"inLanguage\":\"de\",\"@id\":\"https:\\\/\\\/yeeply.com\\\/de\\\/landing\\\/typ-ebook-apps\\\/#primaryimage\",\"url\":\"https:\\\/\\\/yeeply.com\\\/de\\\/wp-content\\\/uploads\\\/2020\\\/05\\\/CTA_YEEPLY_RRSS_DE.jpg\",\"contentUrl\":\"https:\\\/\\\/yeeply.com\\\/de\\\/wp-content\\\/uploads\\\/2020\\\/05\\\/CTA_YEEPLY_RRSS_DE.jpg\",\"width\":748,\"height\":374,\"caption\":\"CTA_YEEPLY_RRSS_DE\"},{\"@type\":\"BreadcrumbList\",\"@id\":\"https:\\\/\\\/yeeply.com\\\/de\\\/landing\\\/typ-ebook-apps\\\/#breadcrumb\",\"itemListElement\":[{\"@type\":\"ListItem\",\"position\":1,\"name\":\"Home\",\"item\":\"https:\\\/\\\/yeeply.com\\\/de\\\/\"},{\"@type\":\"ListItem\",\"position\":2,\"name\":\"Landing [NO BORRAR]\",\"item\":\"https:\\\/\\\/yeeply.com\\\/de\\\/landing\\\/\"},{\"@type\":\"ListItem\",\"position\":3,\"name\":\"TYP &#8211; Ebook 1 App\"}]},{\"@type\":\"WebSite\",\"@id\":\"https:\\\/\\\/yeeply.com\\\/de\\\/#website\",\"url\":\"https:\\\/\\\/yeeply.com\\\/de\\\/\",\"name\":\"Yeeply\",\"description\":\"A platform for the development of digital projects\",\"publisher\":{\"@id\":\"https:\\\/\\\/yeeply.com\\\/de\\\/#organization\"},\"potentialAction\":[{\"@type\":\"SearchAction\",\"target\":{\"@type\":\"EntryPoint\",\"urlTemplate\":\"https:\\\/\\\/yeeply.com\\\/de\\\/?s={search_term_string}\"},\"query-input\":{\"@type\":\"PropertyValueSpecification\",\"valueRequired\":true,\"valueName\":\"search_term_string\"}}],\"inLanguage\":\"de\"},{\"@type\":\"Organization\",\"@id\":\"https:\\\/\\\/yeeply.com\\\/de\\\/#organization\",\"name\":\"Yeeply\",\"url\":\"https:\\\/\\\/yeeply.com\\\/de\\\/\",\"logo\":{\"@type\":\"ImageObject\",\"inLanguage\":\"de\",\"@id\":\"https:\\\/\\\/yeeply.com\\\/de\\\/#\\\/schema\\\/logo\\\/image\\\/\",\"url\":\"https:\\\/\\\/yeeply.com\\\/de\\\/wp-content\\\/uploads\\\/2019\\\/05\\\/logo_yeeply_black@2x.png\",\"contentUrl\":\"https:\\\/\\\/yeeply.com\\\/de\\\/wp-content\\\/uploads\\\/2019\\\/05\\\/logo_yeeply_black@2x.png\",\"width\":360,\"height\":120,\"caption\":\"Yeeply\"},\"image\":{\"@id\":\"https:\\\/\\\/yeeply.com\\\/de\\\/#\\\/schema\\\/logo\\\/image\\\/\"},\"sameAs\":[\"https:\\\/\\\/www.facebook.com\\\/YeeplyMobile\\\/\",\"https:\\\/\\\/x.com\\\/Yeeply_EN\",\"https:\\\/\\\/www.linkedin.com\\\/company\\\/yeeply\"]}]}<\/script>\n<!-- \/ Yoast SEO plugin. -->","yoast_head_json":{"title":"Hier haben Sie Ihr E-Book zur Erstellung Ihrer App","description":"Hier ist die ultimative Anleitung zur Erstellung Ihrer App von Yeeply! Laden Sie sie herunter, um sie immer zur Hand zu haben!","robots":{"index":"noindex","follow":"follow"},"og_locale":"de_DE","og_type":"article","og_title":"Hier haben Sie Ihr E-Book zur Erstellung Ihrer App","og_description":"Hier ist die ultimative Anleitung zur Erstellung Ihrer App von Yeeply! Laden Sie sie herunter, um sie immer zur Hand zu haben!","og_url":"https:\/\/yeeply.com\/de\/landing\/typ-ebook-apps\/","og_site_name":"Yeeply","article_publisher":"https:\/\/www.facebook.com\/YeeplyMobile\/","article_modified_time":"2020-05-12T10:42:48+00:00","og_image":[{"width":748,"height":374,"url":"https:\/\/yeeply.com\/de\/wp-content\/uploads\/2020\/05\/CTA_YEEPLY_RRSS_DE.jpg","type":"image\/jpeg"}],"twitter_card":"summary_large_image","twitter_site":"@Yeeply_EN","twitter_misc":{"Gesch\u00e4tzte Lesezeit":"1\u00a0Minute"},"schema":{"@context":"https:\/\/schema.org","@graph":[{"@type":"WebPage","@id":"https:\/\/yeeply.com\/de\/landing\/typ-ebook-apps\/","url":"https:\/\/yeeply.com\/de\/landing\/typ-ebook-apps\/","name":"Hier haben Sie Ihr E-Book zur Erstellung Ihrer App","isPartOf":{"@id":"https:\/\/yeeply.com\/de\/#website"},"primaryImageOfPage":{"@id":"https:\/\/yeeply.com\/de\/landing\/typ-ebook-apps\/#primaryimage"},"image":{"@id":"https:\/\/yeeply.com\/de\/landing\/typ-ebook-apps\/#primaryimage"},"thumbnailUrl":"https:\/\/yeeply.com\/de\/wp-content\/uploads\/2020\/05\/CTA_YEEPLY_RRSS_DE.jpg","datePublished":"2020-04-30T10:52:52+00:00","dateModified":"2020-05-12T10:42:48+00:00","description":"Hier ist die ultimative Anleitung zur Erstellung Ihrer App von Yeeply! Laden Sie sie herunter, um sie immer zur Hand zu haben!","breadcrumb":{"@id":"https:\/\/yeeply.com\/de\/landing\/typ-ebook-apps\/#breadcrumb"},"inLanguage":"de","potentialAction":[{"@type":"ReadAction","target":["https:\/\/yeeply.com\/de\/landing\/typ-ebook-apps\/"]}]},{"@type":"ImageObject","inLanguage":"de","@id":"https:\/\/yeeply.com\/de\/landing\/typ-ebook-apps\/#primaryimage","url":"https:\/\/yeeply.com\/de\/wp-content\/uploads\/2020\/05\/CTA_YEEPLY_RRSS_DE.jpg","contentUrl":"https:\/\/yeeply.com\/de\/wp-content\/uploads\/2020\/05\/CTA_YEEPLY_RRSS_DE.jpg","width":748,"height":374,"caption":"CTA_YEEPLY_RRSS_DE"},{"@type":"BreadcrumbList","@id":"https:\/\/yeeply.com\/de\/landing\/typ-ebook-apps\/#breadcrumb","itemListElement":[{"@type":"ListItem","position":1,"name":"Home","item":"https:\/\/yeeply.com\/de\/"},{"@type":"ListItem","position":2,"name":"Landing [NO BORRAR]","item":"https:\/\/yeeply.com\/de\/landing\/"},{"@type":"ListItem","position":3,"name":"TYP &#8211; Ebook 1 App"}]},{"@type":"WebSite","@id":"https:\/\/yeeply.com\/de\/#website","url":"https:\/\/yeeply.com\/de\/","name":"Yeeply","description":"A platform for the development of digital projects","publisher":{"@id":"https:\/\/yeeply.com\/de\/#organization"},"potentialAction":[{"@type":"SearchAction","target":{"@type":"EntryPoint","urlTemplate":"https:\/\/yeeply.com\/de\/?s={search_term_string}"},"query-input":{"@type":"PropertyValueSpecification","valueRequired":true,"valueName":"search_term_string"}}],"inLanguage":"de"},{"@type":"Organization","@id":"https:\/\/yeeply.com\/de\/#organization","name":"Yeeply","url":"https:\/\/yeeply.com\/de\/","logo":{"@type":"ImageObject","inLanguage":"de","@id":"https:\/\/yeeply.com\/de\/#\/schema\/logo\/image\/","url":"https:\/\/yeeply.com\/de\/wp-content\/uploads\/2019\/05\/logo_yeeply_black@2x.png","contentUrl":"https:\/\/yeeply.com\/de\/wp-content\/uploads\/2019\/05\/logo_yeeply_black@2x.png","width":360,"height":120,"caption":"Yeeply"},"image":{"@id":"https:\/\/yeeply.com\/de\/#\/schema\/logo\/image\/"},"sameAs":["https:\/\/www.facebook.com\/YeeplyMobile\/","https:\/\/x.com\/Yeeply_EN","https:\/\/www.linkedin.com\/company\/yeeply"]}]}},"uagb_featured_image_src":{"full":["https:\/\/yeeply.com\/de\/wp-content\/uploads\/2020\/05\/CTA_YEEPLY_RRSS_DE.jpg",748,374,false],"thumbnail":["https:\/\/yeeply.com\/de\/wp-content\/uploads\/2020\/05\/CTA_YEEPLY_RRSS_DE-150x150.jpg",150,150,true],"medium":["https:\/\/yeeply.com\/de\/wp-content\/uploads\/2020\/05\/CTA_YEEPLY_RRSS_DE-300x150.jpg",300,150,true],"medium_large":["https:\/\/yeeply.com\/de\/wp-content\/uploads\/2020\/05\/CTA_YEEPLY_RRSS_DE.jpg",640,320,false],"large":["https:\/\/yeeply.com\/de\/wp-content\/uploads\/2020\/05\/CTA_YEEPLY_RRSS_DE.jpg",640,320,false],"1536x1536":["https:\/\/yeeply.com\/de\/wp-content\/uploads\/2020\/05\/CTA_YEEPLY_RRSS_DE.jpg",748,374,false],"2048x2048":["https:\/\/yeeply.com\/de\/wp-content\/uploads\/2020\/05\/CTA_YEEPLY_RRSS_DE.jpg",748,374,false],"gform-image-choice-sm":["https:\/\/yeeply.com\/de\/wp-content\/uploads\/2020\/05\/CTA_YEEPLY_RRSS_DE.jpg",300,150,false],"gform-image-choice-md":["https:\/\/yeeply.com\/de\/wp-content\/uploads\/2020\/05\/CTA_YEEPLY_RRSS_DE.jpg",400,200,false],"gform-image-choice-lg":["https:\/\/yeeply.com\/de\/wp-content\/uploads\/2020\/05\/CTA_YEEPLY_RRSS_DE.jpg",600,300,false]},"uagb_author_info":{"display_name":"Lucia Bravo","author_link":"https:\/\/yeeply.com\/de\/author\/lucia\/"},"uagb_comment_info":0,"uagb_excerpt":null,"_links":{"self":[{"href":"https:\/\/yeeply.com\/de\/wp-json\/wp\/v2\/pages\/11305","targetHints":{"allow":["GET"]}}],"collection":[{"href":"https:\/\/yeeply.com\/de\/wp-json\/wp\/v2\/pages"}],"about":[{"href":"https:\/\/yeeply.com\/de\/wp-json\/wp\/v2\/types\/page"}],"author":[{"embeddable":true,"href":"https:\/\/yeeply.com\/de\/wp-json\/wp\/v2\/users\/37"}],"replies":[{"embeddable":true,"href":"https:\/\/yeeply.com\/de\/wp-json\/wp\/v2\/comments?post=11305"}],"version-history":[{"count":0,"href":"https:\/\/yeeply.com\/de\/wp-json\/wp\/v2\/pages\/11305\/revisions"}],"up":[{"embeddable":true,"href":"https:\/\/yeeply.com\/de\/wp-json\/wp\/v2\/pages\/11239"}],"wp:featuredmedia":[{"embeddable":true,"href":"https:\/\/yeeply.com\/de\/wp-json\/wp\/v2\/media\/11462"}],"wp:attachment":[{"href":"https:\/\/yeeply.com\/de\/wp-json\/wp\/v2\/media?parent=11305"}],"wp:term":[{"taxonomy":"category","embeddable":true,"href":"https:\/\/yeeply.com\/de\/wp-json\/wp\/v2\/categories?post=11305"}],"curies":[{"name":"wp","href":"https:\/\/api.w.org\/{rel}","templated":true}]}}